{"id":9390,"date":"2026-04-07T08:39:49","date_gmt":"2026-04-07T06:39:49","guid":{"rendered":"https:\/\/traxbike.com\/?post_type=product&#038;p=9390"},"modified":"2026-04-07T09:22:30","modified_gmt":"2026-04-07T07:22:30","slug":"accessoire-sg-pour-trax-pro-copy","status":"publish","type":"product","link":"https:\/\/traxbike.com\/fr\/produit\/accessoire-sg-pour-trax-pro-copy\/","title":{"rendered":"Crochet NOBOLT &#8211; Accessoire pour TRAX PRO"},"content":{"rendered":"<p>Ce crochet est un accessoire pour le TRAX PRO. Il est utile lorsque la potence du v\u00e9lo remorqu\u00e9 ne comporte ni vis ni emplacement permettant d&#8217;accrocher la boucle du c\u00e2ble du TRAX PRO.<\/p>\n<p>Dans ce cas, ce crochet permet de cr\u00e9er une boucle apr\u00e8s avoir fait passer le c\u00e2ble par le guidon, comme le montrent les images.<\/p>\n","protected":false},"excerpt":{"rendered":"<p>Ce crochet est un accessoire pour le TRAX PRO. Il est utile lorsque la potence du v\u00e9lo remorqu\u00e9 ne comporte ni vis ni emplacement permettant d&#8217;accrocher la boucle du c\u00e2ble du TRAX PRO.<\/p>\n<p>Dans ce cas, ce crochet permet de cr\u00e9er une boucle apr\u00e8s avoir fait passer le c\u00e2ble par le guidon, comme le montrent les images.<\/p>\n","protected":false},"featured_media":9405,"template":"","meta":[],"product_brand":[],"product_cat":[150],"product_tag":[],"class_list":{"0":"post-9390","1":"product","2":"type-product","3":"status-publish","4":"has-post-thumbnail","6":"product_cat-non-classifiee","8":"first","9":"instock","10":"taxable","11":"shipping-taxable","12":"purchasable","13":"product-type-simple","14":"add-to-wishlist-after_add_to_cart"},"yoast_head":"<!-- This site is optimized with the Yoast SEO plugin v27.3 - https:\/\/yoast.com\/product\/yoast-seo-wordpress\/ -->\n<title>Crochet NOBOLT - Accessoire pour TRAX PRO - TraxBike<\/title>\n<meta name=\"robots\" content=\"index, follow, max-snippet:-1, max-image-preview:large, max-video-preview:-1\" \/>\n<link rel=\"canonical\" href=\"https:\/\/traxbike.com\/fr\/produit\/accessoire-sg-pour-trax-pro-copy\/\" \/>\n<meta property=\"og:locale\" content=\"fr_FR\" \/>\n<meta property=\"og:type\" content=\"article\" \/>\n<meta property=\"og:title\" content=\"Crochet NOBOLT - Accessoire pour TRAX PRO - TraxBike\" \/>\n<meta property=\"og:description\" content=\"Ce crochet est un accessoire pour le TRAX PRO. Il est utile lorsque la potence du v\u00e9lo remorqu\u00e9 ne comporte ni vis ni emplacement permettant d&#039;accrocher la boucle du c\u00e2ble du TRAX PRO.  Dans ce cas, ce crochet permet de cr\u00e9er une boucle apr\u00e8s avoir fait passer le c\u00e2ble par le guidon, comme le montrent les images.\" \/>\n<meta property=\"og:url\" content=\"https:\/\/traxbike.com\/fr\/produit\/accessoire-sg-pour-trax-pro-copy\/\" \/>\n<meta property=\"og:site_name\" content=\"TraxBike\" \/>\n<meta property=\"article:modified_time\" content=\"2026-04-07T07:22:30+00:00\" \/>\n<meta property=\"og:image\" content=\"https:\/\/traxbike.com\/wp-content\/uploads\/2026\/04\/NOBOLT-FOTO.jpg\" \/>\n\t<meta property=\"og:image:width\" content=\"436\" \/>\n\t<meta property=\"og:image:height\" content=\"566\" \/>\n\t<meta property=\"og:image:type\" content=\"image\/jpeg\" \/>\n<meta name=\"twitter:card\" content=\"summary_large_image\" \/>\n<meta name=\"twitter:label1\" content=\"Dur\u00e9e de lecture estim\u00e9e\" \/>\n\t<meta name=\"twitter:data1\" content=\"1 minute\" \/>\n<script type=\"application\/ld+json\" class=\"yoast-schema-graph\">{\"@context\":\"https:\\\/\\\/schema.org\",\"@graph\":[{\"@type\":\"WebPage\",\"@id\":\"https:\\\/\\\/traxbike.com\\\/fr\\\/produit\\\/accessoire-sg-pour-trax-pro-copy\\\/\",\"url\":\"https:\\\/\\\/traxbike.com\\\/fr\\\/produit\\\/accessoire-sg-pour-trax-pro-copy\\\/\",\"name\":\"Crochet NOBOLT - Accessoire pour TRAX PRO - TraxBike\",\"isPartOf\":{\"@id\":\"https:\\\/\\\/traxbike.com\\\/#website\"},\"primaryImageOfPage\":{\"@id\":\"https:\\\/\\\/traxbike.com\\\/fr\\\/produit\\\/accessoire-sg-pour-trax-pro-copy\\\/#primaryimage\"},\"image\":{\"@id\":\"https:\\\/\\\/traxbike.com\\\/fr\\\/produit\\\/accessoire-sg-pour-trax-pro-copy\\\/#primaryimage\"},\"thumbnailUrl\":\"https:\\\/\\\/traxbike.com\\\/wp-content\\\/uploads\\\/2026\\\/04\\\/NOBOLT-FOTO-PER-WEB.jpg\",\"datePublished\":\"2026-04-07T06:39:49+00:00\",\"dateModified\":\"2026-04-07T07:22:30+00:00\",\"breadcrumb\":{\"@id\":\"https:\\\/\\\/traxbike.com\\\/fr\\\/produit\\\/accessoire-sg-pour-trax-pro-copy\\\/#breadcrumb\"},\"inLanguage\":\"fr-FR\",\"potentialAction\":[{\"@type\":\"ReadAction\",\"target\":[\"https:\\\/\\\/traxbike.com\\\/fr\\\/produit\\\/accessoire-sg-pour-trax-pro-copy\\\/\"]}]},{\"@type\":\"ImageObject\",\"inLanguage\":\"fr-FR\",\"@id\":\"https:\\\/\\\/traxbike.com\\\/fr\\\/produit\\\/accessoire-sg-pour-trax-pro-copy\\\/#primaryimage\",\"url\":\"https:\\\/\\\/traxbike.com\\\/wp-content\\\/uploads\\\/2026\\\/04\\\/NOBOLT-FOTO-PER-WEB.jpg\",\"contentUrl\":\"https:\\\/\\\/traxbike.com\\\/wp-content\\\/uploads\\\/2026\\\/04\\\/NOBOLT-FOTO-PER-WEB.jpg\",\"width\":709,\"height\":992},{\"@type\":\"BreadcrumbList\",\"@id\":\"https:\\\/\\\/traxbike.com\\\/fr\\\/produit\\\/accessoire-sg-pour-trax-pro-copy\\\/#breadcrumb\",\"itemListElement\":[{\"@type\":\"ListItem\",\"position\":1,\"name\":\"Portada\",\"item\":\"https:\\\/\\\/traxbike.com\\\/\"},{\"@type\":\"ListItem\",\"position\":2,\"name\":\"Boutique\",\"item\":\"https:\\\/\\\/traxbike.com\\\/shop-2\\\/\"},{\"@type\":\"ListItem\",\"position\":3,\"name\":\"Crochet NOBOLT &#8211; Accessoire pour TRAX PRO\"}]},{\"@type\":\"WebSite\",\"@id\":\"https:\\\/\\\/traxbike.com\\\/#website\",\"url\":\"https:\\\/\\\/traxbike.com\\\/\",\"name\":\"TraxBike\",\"description\":\"Experts in bicycle towing systems and family sports\",\"potentialAction\":[{\"@type\":\"SearchAction\",\"target\":{\"@type\":\"EntryPoint\",\"urlTemplate\":\"https:\\\/\\\/traxbike.com\\\/?s={search_term_string}\"},\"query-input\":{\"@type\":\"PropertyValueSpecification\",\"valueRequired\":true,\"valueName\":\"search_term_string\"}}],\"inLanguage\":\"fr-FR\"}]}<\/script>\n<!-- \/ Yoast SEO plugin. -->","yoast_head_json":{"title":"Crochet NOBOLT - Accessoire pour TRAX PRO - TraxBike","robots":{"index":"index","follow":"follow","max-snippet":"max-snippet:-1","max-image-preview":"max-image-preview:large","max-video-preview":"max-video-preview:-1"},"canonical":"https:\/\/traxbike.com\/fr\/produit\/accessoire-sg-pour-trax-pro-copy\/","og_locale":"fr_FR","og_type":"article","og_title":"Crochet NOBOLT - Accessoire pour TRAX PRO - TraxBike","og_description":"Ce crochet est un accessoire pour le TRAX PRO. Il est utile lorsque la potence du v\u00e9lo remorqu\u00e9 ne comporte ni vis ni emplacement permettant d'accrocher la boucle du c\u00e2ble du TRAX PRO.  Dans ce cas, ce crochet permet de cr\u00e9er une boucle apr\u00e8s avoir fait passer le c\u00e2ble par le guidon, comme le montrent les images.","og_url":"https:\/\/traxbike.com\/fr\/produit\/accessoire-sg-pour-trax-pro-copy\/","og_site_name":"TraxBike","article_modified_time":"2026-04-07T07:22:30+00:00","og_image":[{"width":436,"height":566,"url":"https:\/\/traxbike.com\/wp-content\/uploads\/2026\/04\/NOBOLT-FOTO.jpg","type":"image\/jpeg"}],"twitter_card":"summary_large_image","twitter_misc":{"Dur\u00e9e de lecture estim\u00e9e":"1 minute"},"schema":{"@context":"https:\/\/schema.org","@graph":[{"@type":"WebPage","@id":"https:\/\/traxbike.com\/fr\/produit\/accessoire-sg-pour-trax-pro-copy\/","url":"https:\/\/traxbike.com\/fr\/produit\/accessoire-sg-pour-trax-pro-copy\/","name":"Crochet NOBOLT - Accessoire pour TRAX PRO - TraxBike","isPartOf":{"@id":"https:\/\/traxbike.com\/#website"},"primaryImageOfPage":{"@id":"https:\/\/traxbike.com\/fr\/produit\/accessoire-sg-pour-trax-pro-copy\/#primaryimage"},"image":{"@id":"https:\/\/traxbike.com\/fr\/produit\/accessoire-sg-pour-trax-pro-copy\/#primaryimage"},"thumbnailUrl":"https:\/\/traxbike.com\/wp-content\/uploads\/2026\/04\/NOBOLT-FOTO-PER-WEB.jpg","datePublished":"2026-04-07T06:39:49+00:00","dateModified":"2026-04-07T07:22:30+00:00","breadcrumb":{"@id":"https:\/\/traxbike.com\/fr\/produit\/accessoire-sg-pour-trax-pro-copy\/#breadcrumb"},"inLanguage":"fr-FR","potentialAction":[{"@type":"ReadAction","target":["https:\/\/traxbike.com\/fr\/produit\/accessoire-sg-pour-trax-pro-copy\/"]}]},{"@type":"ImageObject","inLanguage":"fr-FR","@id":"https:\/\/traxbike.com\/fr\/produit\/accessoire-sg-pour-trax-pro-copy\/#primaryimage","url":"https:\/\/traxbike.com\/wp-content\/uploads\/2026\/04\/NOBOLT-FOTO-PER-WEB.jpg","contentUrl":"https:\/\/traxbike.com\/wp-content\/uploads\/2026\/04\/NOBOLT-FOTO-PER-WEB.jpg","width":709,"height":992},{"@type":"BreadcrumbList","@id":"https:\/\/traxbike.com\/fr\/produit\/accessoire-sg-pour-trax-pro-copy\/#breadcrumb","itemListElement":[{"@type":"ListItem","position":1,"name":"Portada","item":"https:\/\/traxbike.com\/"},{"@type":"ListItem","position":2,"name":"Boutique","item":"https:\/\/traxbike.com\/shop-2\/"},{"@type":"ListItem","position":3,"name":"Crochet NOBOLT &#8211; Accessoire pour TRAX PRO"}]},{"@type":"WebSite","@id":"https:\/\/traxbike.com\/#website","url":"https:\/\/traxbike.com\/","name":"TraxBike","description":"Experts in bicycle towing systems and family sports","potentialAction":[{"@type":"SearchAction","target":{"@type":"EntryPoint","urlTemplate":"https:\/\/traxbike.com\/?s={search_term_string}"},"query-input":{"@type":"PropertyValueSpecification","valueRequired":true,"valueName":"search_term_string"}}],"inLanguage":"fr-FR"}]}},"_links":{"self":[{"href":"https:\/\/traxbike.com\/fr\/wp-json\/wp\/v2\/product\/9390","targetHints":{"allow":["GET"]}}],"collection":[{"href":"https:\/\/traxbike.com\/fr\/wp-json\/wp\/v2\/product"}],"about":[{"href":"https:\/\/traxbike.com\/fr\/wp-json\/wp\/v2\/types\/product"}],"wp:featuredmedia":[{"embeddable":true,"href":"https:\/\/traxbike.com\/fr\/wp-json\/wp\/v2\/media\/9405"}],"wp:attachment":[{"href":"https:\/\/traxbike.com\/fr\/wp-json\/wp\/v2\/media?parent=9390"}],"wp:term":[{"taxonomy":"product_brand","embeddable":true,"href":"https:\/\/traxbike.com\/fr\/wp-json\/wp\/v2\/product_brand?post=9390"},{"taxonomy":"product_cat","embeddable":true,"href":"https:\/\/traxbike.com\/fr\/wp-json\/wp\/v2\/product_cat?post=9390"},{"taxonomy":"product_tag","embeddable":true,"href":"https:\/\/traxbike.com\/fr\/wp-json\/wp\/v2\/product_tag?post=9390"}],"curies":[{"name":"wp","href":"https:\/\/api.w.org\/{rel}","templated":true}]}}