{"id":9108,"date":"2026-03-30T19:37:47","date_gmt":"2026-03-30T17:37:47","guid":{"rendered":"https:\/\/traxbike.com\/product\/trax-balance\/"},"modified":"2026-04-02T13:22:23","modified_gmt":"2026-04-02T11:22:23","slug":"trax-balance","status":"publish","type":"product","link":"https:\/\/traxbike.com\/fr\/produit\/trax-balance\/","title":{"rendered":"TRAX BALANCE"},"content":{"rendered":"<h2>As-tu d\u00e9j\u00e0 r\u00eav\u00e9 de redevenir enfant ?<\/h2>\n<p><b><i>L&#8217;\u00e9quipe de TRAX BIKE aussi, et nous avons con\u00e7u le TRAX BALANCE \u00e0 l&#8217;aube de ce r\u00eave!<\/i><\/b><\/p>\n<p><span style=\"font-weight: 400;\">\u00c0 premi\u00e8re vue, le design du <strong>TRAX BALANCE<\/strong> peut sembler d\u00e9contract\u00e9 ou simplement esth\u00e9tique. Mais lors que nous parlons de soigner chaque d\u00e9tail, nous faisons r\u00e9f\u00e9rence \u00e0 tous les principes que nous sommes fix\u00e9s pour r\u00e9aliser \u201cle v\u00e9lo d&#8217;\u00e9quilibre dont nous r\u00eavions quand nous \u00e9tions enfants\u201d \ud83d\ude09<\/span><\/p>\n<p><img decoding=\"async\" class=\"aligncenter\" style=\"text-align: -webkit-right;\" src=\"https:\/\/traxbike.com\/wp-content\/uploads\/2026\/03\/Gemini_Generated_Image_bmkc4fbmkc4fbmkc-1.png\" alt=\"TRAX BALANCE\" width=\"600\" \/><\/p>\n<table border=\"0\" width=\"100%\" cellpadding=\"6\">\n<tbody>\n<tr>\n<td bgcolor=\"#dddddd\"><b>CONCEPTION DU CADRE ET DE LA FOURCHE<br \/>\n<\/b><\/td>\n<\/tr>\n<\/tbody>\n<\/table>\n<p>Lors de la conception du cadre, outre la recherche des g\u00e9om\u00e9tries optimales pour rendre le <strong>TRAX BALANCE<\/strong> aussi fonctionnel que possible, nous avons cherch\u00e9 \u00e0 cr\u00e9er un style qui rappelle celui d&#8217;un v\u00e9lo pour adulte, car en plus d&#8217;\u00eatre esth\u00e9tiquement IMPRESSIONNANT, tous les enfants aiment rouler sur un v\u00e9lo comme celui de leurs mod\u00e8les.<\/p>\n<p>Par ailleurs, le projet a \u00e9t\u00e9 d\u00e9velopp\u00e9 selon les principes suivants, justifi\u00e9s par les points ci-dessous : poids d&#8217;environ 3 kg, passage de roue adapt\u00e9 \u00e0 des pneus d&#8217;une largeur maximale de 2,3 cm, possibilit\u00e9 d&#8217;installer un frein arri\u00e8re V-Brake, c\u00e2blage interne du c\u00e2ble de frein, support pour repose-pieds et direction \u00e0-headset avec syst\u00e8me anti-croisement.<\/p>\n<p><img decoding=\"async\" class=\"aligncenter\" style=\"text-align: -webkit-right;\" src=\"https:\/\/traxbike.com\/wp-content\/uploads\/2026\/03\/Gemini_Generated_Image_9li0uc9li0uc9li0-1.png\" alt=\"Frame and fork design\" width=\"600\" \/><\/p>\n<table border=\"0\" width=\"100%\" cellpadding=\"6\">\n<tbody>\n<tr>\n<td bgcolor=\"#dddddd\"><b>ROUES DE 2,25 POUCES AVEC CHAMBRE \u00c0 AIR<\/b><\/td>\n<\/tr>\n<\/tbody>\n<\/table>\n<p><span style=\"font-weight: 400;\">Le choix de cette largeur de pneu n&#8217;est pas seulement une question d&#8217;esth\u00e9tique (m\u00eame si c&#8217;est aussi le cas), mais il r\u00e9pond \u00e0 d&#8217;autres raisons bien plus importantes :<\/span><\/p>\n<p><span style=\"font-weight: 400;\">&gt; <\/span><b>M\u00e9decin<\/b><span style=\"font-weight: 400;\"> : Sur un v\u00e9lo d&#8217;\u00e9quilibre, il n&#8217;y a que deux points de contact entre le v\u00e9lo et l&#8217;enfant : le guidon et la selle. Et lors de l&#8217;\u00e9tude pr\u00e9alable \u00e0 la conception, nous avons constat\u00e9 l&#8217;existence de cas o\u00f9 des probl\u00e8mes d\u00e9coulent du contact intensif de l&#8217;enfant avec la selle. Dans certains cas, il s&#8217;agit simplement d&#8217;une g\u00eane, mais dans d&#8217;autres, le m\u00e9decin prescrit d&#8217;interrompre temporairement l&#8217;utilisation du \u201cv\u00e9lo d&#8217;\u00e9quilibre\u201d pour soigner une blessure provoqu\u00e9e \u00e0 cet endroit.<\/span><\/p>\n<p><span style=\"font-weight: 400;\">Avec des pneus de 2,25 pouces et en les gonflant \u00e0 la pression recommand\u00e9e, on obtient un effet d&#8217;amortissement qui contribue \u00e0 pr\u00e9venir ce type de douleurs et de blessures.<\/span><\/p>\n<p><span style=\"font-weight: 400;\">&gt; <\/span><b>Fonctionnel <\/b><span style=\"font-weight: 400;\">: Le <\/span><b>TRAX BALANCE<\/b><span style=\"font-weight: 400;\"> a \u00e9t\u00e9 con\u00e7u pour les enfants qui souhaitent \u00e9largir leur champ d&#8217;apprentissage lors de la premi\u00e8re phase de familiarisation avec les deux roues. Le pneu de 2,25 pouces, gonfl\u00e9 \u00e0 la pression ad\u00e9quate, permet \u00e0 la roue de 12 pouces de rouler beaucoup mieux sur tous les terrains. Surtout lorsque l&#8217;on commence \u00e0 affronter le <\/span><span style=\"font-weight: 400;\">terrain tout-terrain ou les marches\/bordures des parcours <\/span><span style=\"font-weight: 400;\">quotidiens.<\/span><\/p>\n<p><img decoding=\"async\" class=\"aligncenter\" style=\"text-align: -webkit-right;\" src=\"https:\/\/traxbike.com\/wp-content\/uploads\/2026\/03\/Gemini_Generated_Image_gzit9wgzit9wgzit-1.png\" alt=\"2.25-inch tyre\" width=\"600\" \/><\/p>\n<table border=\"0\" width=\"100%\" cellpadding=\"6\">\n<tbody>\n<tr>\n<td bgcolor=\"#dddddd\"><b>FREIN ARRI\u00c8RE<\/b><\/td>\n<\/tr>\n<\/tbody>\n<\/table>\n<p>Nous avons \u00e9quip\u00e9 le <strong>TRAX BALANCE<\/strong> d&#8217;un frein arri\u00e8re pour deux raisons principales :<\/p>\n<p>&gt;<b>\u00a0Introduction au freinage\u00a0<\/b>: \u00c0 partir de 3 ans environ, les enfants comprennent d\u00e9j\u00e0 le concept de \u201cfreinage\u201d et peuvent donc commencer \u00e0 int\u00e9grer le geste consistant \u00e0 actionner le frein pour arr\u00eater la balan\u00e7oire. Il s\u2019agit l\u00e0 d\u2019un nouvel apprentissage qu\u2019ils peuvent acqu\u00e9rir avant de passer au v\u00e9lo \u00e0 p\u00e9dales.<\/p>\n<p>&gt;\u00a0<b>Nouvelles aventures\u00a0<\/b>: de plus, gr\u00e2ce \u00e0 sa conception et \u00e0 ses pneus, le <strong>TRAX BALANCE<\/strong> vous permet de vous lancer dans des descentes tout-terrain, et dans ce cas, le frein arri\u00e8re devient votre alli\u00e9 id\u00e9al.<\/p>\n<p>Le choix s&#8217;est port\u00e9 sur un syst\u00e8me de freinage V-Brake pour son compromis entre puissance de freinage et s\u00e9curit\u00e9. Lors de la phase de conception, l&#8217;int\u00e9gration d&#8217;un frein \u00e0 disque a \u00e9t\u00e9 envisag\u00e9e, mais elle a \u00e9t\u00e9 \u00e9cart\u00e9e en raison du risque de cisaillement des doigts lorsque les enfants jouent aux m\u00e9caniciens avec le Balance.<\/p>\n<p><img decoding=\"async\" class=\"aligncenter\" style=\"text-align: -webkit-right;\" src=\"https:\/\/traxbike.com\/wp-content\/uploads\/2026\/03\/Rear-brake.png\" alt=\"Rear brake\" width=\"600\" \/><\/p>\n<table border=\"0\" width=\"100%\" cellpadding=\"6\">\n<tbody>\n<tr>\n<td bgcolor=\"#dddddd\"><b>C\u00c2BLAGE INTERNE<\/b><\/td>\n<\/tr>\n<\/tbody>\n<\/table>\n<p><span style=\"font-weight: 400;\">Un v\u00e9lo d&#8217;\u00e9quilibre avec un c\u00e2ble interne peut donner l&#8217;impression que nous sommes all\u00e9s trop loin lors de la conception, et c&#8217;est en partie vrai ; nous l&#8217;avons surtout fait parce que nous avons trouv\u00e9 \u00e7a \u201ccool\u201d, mais une fois int\u00e9gr\u00e9, nous sommes rendu compte qu&#8217;il remplissait tr\u00e8s bien sa fonction en maintenant le c\u00e2ble et les composants du frein en place et \u00e0 l&#8217;abri de toute manipulation inattendue.<\/span><\/p>\n<p><img fetchpriority=\"high\" decoding=\"async\" class=\"aligncenter\" style=\"text-align: -webkit-right;\" src=\"https:\/\/traxbike.com\/wp-content\/uploads\/2026\/03\/internal-cable-routing.png\" alt=\"Internal cable routing\" width=\"485\" height=\"493\" \/><\/p>\n<p>&nbsp;<\/p>\n<table border=\"0\" width=\"100%\" cellpadding=\"6\">\n<tbody>\n<tr>\n<td bgcolor=\"#dddddd\"><b>DIRECTION A-HEADSET<\/b><\/td>\n<\/tr>\n<\/tbody>\n<\/table>\n<p><span style=\"font-weight: 400;\">Nous avons opt\u00e9 pour un syst\u00e8me de direction A-headset, comme sur les v\u00e9los pour adultes, afin de garantir le bon fonctionnement et la durabilit\u00e9 de la direction. De plus, cela conf\u00e8re une grande rigidit\u00e9 au v\u00e9lo, ce qui permet m\u00eame aux parents les plus audacieux de monter dessus et de montrer leurs talents \u00e0 leurs enfants!<\/span><\/p>\n<table border=\"0\" width=\"100%\" cellpadding=\"6\">\n<tbody>\n<tr>\n<td bgcolor=\"#dddddd\"><b>REPOSE-PIEDS<\/b><\/td>\n<\/tr>\n<\/tbody>\n<\/table>\n<p><span style=\"font-weight: 400;\">Nous consid\u00e9rons les repose-pieds du <strong>TRAX BALANCE<\/strong> comme un \u00e9l\u00e9ment indispensable, car d\u00e8s que les tout-petits commencent \u00e0 ma\u00eetriser leur \u00e9quilibre (vers 2 ans), ils peuvent imm\u00e9diatement commencer \u00e0 poser leurs pieds et m\u00eame \u00e0 se tenir debout sur le BALANCE. C&#8217;est une comp\u00e9tence essentielle dont les futurs v\u00e9t\u00e9tistes tireront tr\u00e8s certainement parti!<\/span><\/p>\n<p><img decoding=\"async\" class=\"aligncenter\" style=\"text-align: -webkit-right;\" src=\"https:\/\/traxbike.com\/wp-content\/uploads\/2026\/03\/footrests.png\" alt=\"Footrests\" width=\"473\" height=\"280\" \/><\/p>\n<table border=\"0\" width=\"100%\" cellpadding=\"6\">\n<tbody>\n<tr>\n<td bgcolor=\"#dddddd\"><b>SYST\u00c8ME ANTI-D\u00c9PASSEMENT<\/b><\/td>\n<\/tr>\n<\/tbody>\n<\/table>\n<p><span style=\"font-weight: 400;\">Nous avons int\u00e9gr\u00e9 un syst\u00e8me au niveau de la direction afin d&#8217;emp\u00eacher le guidon de pivoter de plus de 90\u00b0. Ce syst\u00e8me \u00e9vite que le c\u00e2ble de frein ne s&#8217;emm\u00eale dans la direction.<\/span><\/p>\n<table border=\"0\" width=\"100%\" cellpadding=\"6\">\n<tbody>\n<tr>\n<td bgcolor=\"#dddddd\"><b>SELLE EXTRA-MOELLEUSE<\/b><\/td>\n<\/tr>\n<\/tbody>\n<\/table>\n<p><span style=\"font-weight: 400;\">Nous avons choisi la mousse la plus moelleuse possible pour la selle, car sur ce type de v\u00e9lo, les principaux points de contact entre les enfants et le v\u00e9lo sont le guidon et la selle. Tout comme pour le premier crit\u00e8re de choix des pneus \u00e0 grand volume et \u00e0 chambre \u00e0 air, nous avons jug\u00e9 opportun, pour des raisons m\u00e9dicales et de s\u00e9curit\u00e9, de prendre ce point tr\u00e8s au s\u00e9rieux.<\/span><\/p>\n<p><img decoding=\"async\" class=\"aligncenter\" style=\"text-align: -webkit-right;\" src=\"https:\/\/traxbike.com\/wp-content\/uploads\/2026\/03\/anti-crossing-system.png\" alt=\"Xtra-soft saddle\" width=\"472\" height=\"365\" \/><\/p>\n<table border=\"0\" width=\"100%\" cellpadding=\"6\">\n<tbody>\n<tr>\n<td bgcolor=\"#dddddd\"><b>POIGN\u00c9ES AVEC PROTECTION LAT\u00c9RALE<\/b><\/td>\n<\/tr>\n<\/tbody>\n<\/table>\n<p>Les prot\u00e8ge-poignets choisis sont \u00e9galement sp\u00e9cialement adapt\u00e9s aux tout-petits. La protection lat\u00e9rale emp\u00eache la main de heurter le sol lors de la premi\u00e8re chute, avant que le r\u00e9flexe de l\u00e2cher le guidon en cas de chute ne se soit d\u00e9velopp\u00e9.<\/p>\n<p><img loading=\"lazy\" decoding=\"async\" class=\"aligncenter\" style=\"text-align: -webkit-right;\" src=\"https:\/\/traxbike.com\/wp-content\/uploads\/2026\/03\/handlebar-grips-with-side-protection.png\" alt=\"Handlebar grips with side protection\" width=\"518\" height=\"343\" \/><\/p>\n<h2>Que comprend le TRAX BALANCE ?<\/h2>\n<p>\u00b7 V\u00e9lo sans l&#8217;une des roues mont\u00e9es.<br \/>\n\u00b7 Cl\u00e9 Allen pour le montage de la roue avant.<br \/>\n\u00b7 Livre de coloriage Trax Balance World.<br \/>\n\u00b7 Protection antichoc pour enfants au niveau de la potence.<\/p>\n<table border=\"0\" width=\"100%\" cellspacing=\"0\" cellpadding=\"6\">\n<tbody>\n<tr>\n<td colspan=\"2\" bgcolor=\"#dddddd\"><b>CARACT\u00c9RISTIQUES TECHNIQUES<\/b><\/td>\n<\/tr>\n<tr>\n<td colspan=\"2\">\n<hr \/>\n<\/td>\n<\/tr>\n<tr>\n<td width=\"40%\"><b>\u00b7 Cadre et fourche<\/b><\/td>\n<td width=\"60%\">AL6061 tr\u00e8s l\u00e9gers, avec un passage de roue allant jusqu&#8217;\u00e0 2,3 cm<\/td>\n<\/tr>\n<tr>\n<td colspan=\"2\">\n<hr \/>\n<\/td>\n<\/tr>\n<tr>\n<td><b>\u00b7 Repose-pieds<\/b><\/td>\n<td>ABS TRAX Grip.<\/td>\n<\/tr>\n<tr>\n<td colspan=\"2\">\n<hr \/>\n<\/td>\n<\/tr>\n<tr>\n<td><b>\u00b7 Hauteur minimale de la selle<\/b><\/td>\n<td>33cm (au sol)<\/td>\n<\/tr>\n<tr>\n<td colspan=\"2\">\n<hr \/>\n<\/td>\n<\/tr>\n<tr>\n<td><b>\u00b7 Selle<\/b><\/td>\n<td>TRAX \u00ab extra soft foam \u00bb<\/td>\n<\/tr>\n<tr>\n<td colspan=\"2\">\n<hr \/>\n<\/td>\n<\/tr>\n<tr>\n<td><b>\u00b7 Frein arri\u00e8re<\/b><\/td>\n<td>V-brake avec levier ergonomique pour enfants<\/td>\n<\/tr>\n<tr>\n<td colspan=\"2\">\n<hr \/>\n<\/td>\n<\/tr>\n<tr>\n<td><b>\u00b7 Roues<\/b><\/td>\n<td>12 pouces avec moyeux et jantes en aluminium<\/td>\n<\/tr>\n<tr>\n<td colspan=\"2\">\n<hr \/>\n<\/td>\n<\/tr>\n<tr>\n<td><b>\u00b7 Pneus<\/b><\/td>\n<td>VTT de 12&#215;2,25<\/td>\n<\/tr>\n<tr>\n<td colspan=\"2\">\n<hr \/>\n<\/td>\n<\/tr>\n<tr>\n<td><b>\u00b7 Direction\u00a0<\/b><\/td>\n<td>A-headset avec syst\u00e8me anti-croisement<\/td>\n<\/tr>\n<tr>\n<td colspan=\"2\">\n<hr \/>\n<\/td>\n<\/tr>\n<tr>\n<td><b>\u00b7 Poign\u00e9es<\/b><\/td>\n<td>avec protection lat\u00e9rale<\/td>\n<\/tr>\n<tr>\n<td colspan=\"2\">\n<hr \/>\n<\/td>\n<\/tr>\n<\/tbody>\n<\/table>\n<p>&nbsp;<\/p>\n","protected":false},"excerpt":{"rendered":"<p><span style=\"font-weight: 400;\">Le v\u00e9lo d&#8217;\u00e9quilibre <\/span><b>TRAX BALANCE<\/b><span style=\"font-weight: 400;\"> n&#8217;est pas un \u00ab balance bike \u00bb comme les autres. Il est con\u00e7u avec l&#8217;<\/span><b>ADN TRAX<\/b><span style=\"font-weight: 400;\">, dans le but d&#8217;aller encore plus loin dans l&#8217;apprentissage des tout-petits sur deux roues.<\/span><\/p>\n<p><span style=\"font-weight: 400;\">Les v\u00e9los d&#8217;\u00e9quilibre sans p\u00e9dales, ou \u201cbalance bikes\u201d , ont marqu\u00e9 le d\u00e9but d&#8217;une nouvelle \u00e8re dans le processus d&#8217;apprentissage du v\u00e9lo et ont pratiquement rendu inutile l&#8217;utilisation des classiques \u201croulettes \u201c.<\/span><\/p>\n<p><span style=\"font-weight: 400;\">Actuellement, ce type de v\u00e9lo s&#8217;adresse \u00e0 des enfants \u00e2g\u00e9s d&#8217;environ 2 ans \u00e0 5 ans. \u00c0 2 ans, on commence \u00e0 comprendre le sens de l&#8217;\u00e9quilibre sur deux roues et c&#8217;est entre 4 et 5 ans que l&#8217;on commence \u00e0 combiner le v\u00e9lo d&#8217;\u00e9quilibre avec le v\u00e9lo \u00e0 p\u00e9dales, m\u00eame si pendant assez longtemps, les enfants continuent \u00e0 appr\u00e9cier le v\u00e9lo d&#8217;\u00e9quilibre pour la confiance suppl\u00e9mentaire qu&#8217;il leur procure.<\/span><\/p>\n<p>La TRAX BALANCE est livr\u00e9e \u00e0 95 % assembl\u00e9e et enti\u00e8rement r\u00e9gl\u00e9e par notre \u00e9quipe. Vous pourrez commencer \u00e0 l&#8217;utiliser en moins d&#8217;une minute d\u00e8s l&#8217;ouverture du carton ! D\u00e9couvrez-la en cliquant sur le lien suivant : <strong><span style=\"text-decoration: underline;\"><a href=\"https:\/\/youtu.be\/jodQo3JSMaI\">UNBOXING TRAX BALANCE<\/a><\/span><\/strong><\/p>\n","protected":false},"featured_media":9000,"template":"","meta":[],"product_brand":[],"product_cat":[150],"product_tag":[],"class_list":{"0":"post-9108","1":"product","2":"type-product","3":"status-publish","4":"has-post-thumbnail","6":"product_cat-non-classifiee","8":"first","9":"instock","10":"taxable","11":"shipping-taxable","12":"purchasable","13":"product-type-simple","14":"add-to-wishlist-after_add_to_cart"},"yoast_head":"<!-- This site is optimized with the Yoast SEO plugin v27.4 - https:\/\/yoast.com\/product\/yoast-seo-wordpress\/ -->\n<title>TRAX BALANCE - TraxBike<\/title>\n<meta name=\"robots\" content=\"index, follow, max-snippet:-1, max-image-preview:large, max-video-preview:-1\" \/>\n<link rel=\"canonical\" href=\"https:\/\/traxbike.com\/fr\/produit\/trax-balance\/\" \/>\n<meta property=\"og:locale\" content=\"fr_FR\" \/>\n<meta property=\"og:type\" content=\"article\" \/>\n<meta property=\"og:title\" content=\"TRAX BALANCE - TraxBike\" \/>\n<meta property=\"og:description\" content=\"Le v\u00e9lo d&#039;\u00e9quilibre TRAX BALANCE n&#039;est pas un \u00ab balance bike \u00bb comme les autres. Il est con\u00e7u avec l&#039;ADN TRAX, dans le but d&#039;aller encore plus loin dans l&#039;apprentissage des tout-petits sur deux roues.  Les v\u00e9los d&#039;\u00e9quilibre sans p\u00e9dales, ou \u201cbalance bikes\u201d , ont marqu\u00e9 le d\u00e9but d&#039;une nouvelle \u00e8re dans le processus d&#039;apprentissage du v\u00e9lo et ont pratiquement rendu inutile l&#039;utilisation des classiques \u201croulettes \u201c.  Actuellement, ce type de v\u00e9lo s&#039;adresse \u00e0 des enfants \u00e2g\u00e9s d&#039;environ 2 ans \u00e0 5 ans. \u00c0 2 ans, on commence \u00e0 comprendre le sens de l&#039;\u00e9quilibre sur deux roues et c&#039;est entre 4 et 5 ans que l&#039;on commence \u00e0 combiner le v\u00e9lo d&#039;\u00e9quilibre avec le v\u00e9lo \u00e0 p\u00e9dales, m\u00eame si pendant assez longtemps, les enfants continuent \u00e0 appr\u00e9cier le v\u00e9lo d&#039;\u00e9quilibre pour la confiance suppl\u00e9mentaire qu&#039;il leur procure.  La TRAX BALANCE est livr\u00e9e \u00e0 95 % assembl\u00e9e et enti\u00e8rement r\u00e9gl\u00e9e par notre \u00e9quipe. Vous pourrez commencer \u00e0 l&#039;utiliser en moins d&#039;une minute d\u00e8s l&#039;ouverture du carton ! D\u00e9couvrez-la en cliquant sur le lien suivant : UNBOXING TRAX BALANCE\" \/>\n<meta property=\"og:url\" content=\"https:\/\/traxbike.com\/fr\/produit\/trax-balance\/\" \/>\n<meta property=\"og:site_name\" content=\"TraxBike\" \/>\n<meta property=\"article:modified_time\" content=\"2026-04-02T11:22:23+00:00\" \/>\n<meta property=\"og:image\" content=\"https:\/\/traxbike.com\/wp-content\/uploads\/2026\/03\/1.png\" \/>\n\t<meta property=\"og:image:width\" content=\"1080\" \/>\n\t<meta property=\"og:image:height\" content=\"1350\" \/>\n\t<meta property=\"og:image:type\" content=\"image\/png\" \/>\n<meta name=\"twitter:card\" content=\"summary_large_image\" \/>\n<meta name=\"twitter:label1\" content=\"Dur\u00e9e de lecture estim\u00e9e\" \/>\n\t<meta name=\"twitter:data1\" content=\"7 minutes\" \/>\n<script type=\"application\/ld+json\" class=\"yoast-schema-graph\">{\"@context\":\"https:\\\/\\\/schema.org\",\"@graph\":[{\"@type\":\"WebPage\",\"@id\":\"https:\\\/\\\/traxbike.com\\\/fr\\\/produit\\\/trax-balance\\\/\",\"url\":\"https:\\\/\\\/traxbike.com\\\/fr\\\/produit\\\/trax-balance\\\/\",\"name\":\"TRAX BALANCE - TraxBike\",\"isPartOf\":{\"@id\":\"https:\\\/\\\/traxbike.com\\\/#website\"},\"primaryImageOfPage\":{\"@id\":\"https:\\\/\\\/traxbike.com\\\/fr\\\/produit\\\/trax-balance\\\/#primaryimage\"},\"image\":{\"@id\":\"https:\\\/\\\/traxbike.com\\\/fr\\\/produit\\\/trax-balance\\\/#primaryimage\"},\"thumbnailUrl\":\"https:\\\/\\\/traxbike.com\\\/wp-content\\\/uploads\\\/2026\\\/03\\\/1.png\",\"datePublished\":\"2026-03-30T17:37:47+00:00\",\"dateModified\":\"2026-04-02T11:22:23+00:00\",\"breadcrumb\":{\"@id\":\"https:\\\/\\\/traxbike.com\\\/fr\\\/produit\\\/trax-balance\\\/#breadcrumb\"},\"inLanguage\":\"fr-FR\",\"potentialAction\":[{\"@type\":\"ReadAction\",\"target\":[\"https:\\\/\\\/traxbike.com\\\/fr\\\/produit\\\/trax-balance\\\/\"]}]},{\"@type\":\"ImageObject\",\"inLanguage\":\"fr-FR\",\"@id\":\"https:\\\/\\\/traxbike.com\\\/fr\\\/produit\\\/trax-balance\\\/#primaryimage\",\"url\":\"https:\\\/\\\/traxbike.com\\\/wp-content\\\/uploads\\\/2026\\\/03\\\/1.png\",\"contentUrl\":\"https:\\\/\\\/traxbike.com\\\/wp-content\\\/uploads\\\/2026\\\/03\\\/1.png\",\"width\":1080,\"height\":1350},{\"@type\":\"BreadcrumbList\",\"@id\":\"https:\\\/\\\/traxbike.com\\\/fr\\\/produit\\\/trax-balance\\\/#breadcrumb\",\"itemListElement\":[{\"@type\":\"ListItem\",\"position\":1,\"name\":\"Portada\",\"item\":\"https:\\\/\\\/traxbike.com\\\/\"},{\"@type\":\"ListItem\",\"position\":2,\"name\":\"Boutique\",\"item\":\"https:\\\/\\\/traxbike.com\\\/shop-2\\\/\"},{\"@type\":\"ListItem\",\"position\":3,\"name\":\"TRAX BALANCE\"}]},{\"@type\":\"WebSite\",\"@id\":\"https:\\\/\\\/traxbike.com\\\/#website\",\"url\":\"https:\\\/\\\/traxbike.com\\\/\",\"name\":\"TraxBike\",\"description\":\"Experts in bicycle towing systems and family sports\",\"potentialAction\":[{\"@type\":\"SearchAction\",\"target\":{\"@type\":\"EntryPoint\",\"urlTemplate\":\"https:\\\/\\\/traxbike.com\\\/?s={search_term_string}\"},\"query-input\":{\"@type\":\"PropertyValueSpecification\",\"valueRequired\":true,\"valueName\":\"search_term_string\"}}],\"inLanguage\":\"fr-FR\"}]}<\/script>\n<!-- \/ Yoast SEO plugin. -->","yoast_head_json":{"title":"TRAX BALANCE - TraxBike","robots":{"index":"index","follow":"follow","max-snippet":"max-snippet:-1","max-image-preview":"max-image-preview:large","max-video-preview":"max-video-preview:-1"},"canonical":"https:\/\/traxbike.com\/fr\/produit\/trax-balance\/","og_locale":"fr_FR","og_type":"article","og_title":"TRAX BALANCE - TraxBike","og_description":"Le v\u00e9lo d'\u00e9quilibre TRAX BALANCE n'est pas un \u00ab balance bike \u00bb comme les autres. Il est con\u00e7u avec l'ADN TRAX, dans le but d'aller encore plus loin dans l'apprentissage des tout-petits sur deux roues.  Les v\u00e9los d'\u00e9quilibre sans p\u00e9dales, ou \u201cbalance bikes\u201d , ont marqu\u00e9 le d\u00e9but d'une nouvelle \u00e8re dans le processus d'apprentissage du v\u00e9lo et ont pratiquement rendu inutile l'utilisation des classiques \u201croulettes \u201c.  Actuellement, ce type de v\u00e9lo s'adresse \u00e0 des enfants \u00e2g\u00e9s d'environ 2 ans \u00e0 5 ans. \u00c0 2 ans, on commence \u00e0 comprendre le sens de l'\u00e9quilibre sur deux roues et c'est entre 4 et 5 ans que l'on commence \u00e0 combiner le v\u00e9lo d'\u00e9quilibre avec le v\u00e9lo \u00e0 p\u00e9dales, m\u00eame si pendant assez longtemps, les enfants continuent \u00e0 appr\u00e9cier le v\u00e9lo d'\u00e9quilibre pour la confiance suppl\u00e9mentaire qu'il leur procure.  La TRAX BALANCE est livr\u00e9e \u00e0 95 % assembl\u00e9e et enti\u00e8rement r\u00e9gl\u00e9e par notre \u00e9quipe. Vous pourrez commencer \u00e0 l'utiliser en moins d'une minute d\u00e8s l'ouverture du carton ! D\u00e9couvrez-la en cliquant sur le lien suivant : UNBOXING TRAX BALANCE","og_url":"https:\/\/traxbike.com\/fr\/produit\/trax-balance\/","og_site_name":"TraxBike","article_modified_time":"2026-04-02T11:22:23+00:00","og_image":[{"width":1080,"height":1350,"url":"https:\/\/traxbike.com\/wp-content\/uploads\/2026\/03\/1.png","type":"image\/png"}],"twitter_card":"summary_large_image","twitter_misc":{"Dur\u00e9e de lecture estim\u00e9e":"7 minutes"},"schema":{"@context":"https:\/\/schema.org","@graph":[{"@type":"WebPage","@id":"https:\/\/traxbike.com\/fr\/produit\/trax-balance\/","url":"https:\/\/traxbike.com\/fr\/produit\/trax-balance\/","name":"TRAX BALANCE - TraxBike","isPartOf":{"@id":"https:\/\/traxbike.com\/#website"},"primaryImageOfPage":{"@id":"https:\/\/traxbike.com\/fr\/produit\/trax-balance\/#primaryimage"},"image":{"@id":"https:\/\/traxbike.com\/fr\/produit\/trax-balance\/#primaryimage"},"thumbnailUrl":"https:\/\/traxbike.com\/wp-content\/uploads\/2026\/03\/1.png","datePublished":"2026-03-30T17:37:47+00:00","dateModified":"2026-04-02T11:22:23+00:00","breadcrumb":{"@id":"https:\/\/traxbike.com\/fr\/produit\/trax-balance\/#breadcrumb"},"inLanguage":"fr-FR","potentialAction":[{"@type":"ReadAction","target":["https:\/\/traxbike.com\/fr\/produit\/trax-balance\/"]}]},{"@type":"ImageObject","inLanguage":"fr-FR","@id":"https:\/\/traxbike.com\/fr\/produit\/trax-balance\/#primaryimage","url":"https:\/\/traxbike.com\/wp-content\/uploads\/2026\/03\/1.png","contentUrl":"https:\/\/traxbike.com\/wp-content\/uploads\/2026\/03\/1.png","width":1080,"height":1350},{"@type":"BreadcrumbList","@id":"https:\/\/traxbike.com\/fr\/produit\/trax-balance\/#breadcrumb","itemListElement":[{"@type":"ListItem","position":1,"name":"Portada","item":"https:\/\/traxbike.com\/"},{"@type":"ListItem","position":2,"name":"Boutique","item":"https:\/\/traxbike.com\/shop-2\/"},{"@type":"ListItem","position":3,"name":"TRAX BALANCE"}]},{"@type":"WebSite","@id":"https:\/\/traxbike.com\/#website","url":"https:\/\/traxbike.com\/","name":"TraxBike","description":"Experts in bicycle towing systems and family sports","potentialAction":[{"@type":"SearchAction","target":{"@type":"EntryPoint","urlTemplate":"https:\/\/traxbike.com\/?s={search_term_string}"},"query-input":{"@type":"PropertyValueSpecification","valueRequired":true,"valueName":"search_term_string"}}],"inLanguage":"fr-FR"}]}},"_links":{"self":[{"href":"https:\/\/traxbike.com\/fr\/wp-json\/wp\/v2\/product\/9108","targetHints":{"allow":["GET"]}}],"collection":[{"href":"https:\/\/traxbike.com\/fr\/wp-json\/wp\/v2\/product"}],"about":[{"href":"https:\/\/traxbike.com\/fr\/wp-json\/wp\/v2\/types\/product"}],"wp:featuredmedia":[{"embeddable":true,"href":"https:\/\/traxbike.com\/fr\/wp-json\/wp\/v2\/media\/9000"}],"wp:attachment":[{"href":"https:\/\/traxbike.com\/fr\/wp-json\/wp\/v2\/media?parent=9108"}],"wp:term":[{"taxonomy":"product_brand","embeddable":true,"href":"https:\/\/traxbike.com\/fr\/wp-json\/wp\/v2\/product_brand?post=9108"},{"taxonomy":"product_cat","embeddable":true,"href":"https:\/\/traxbike.com\/fr\/wp-json\/wp\/v2\/product_cat?post=9108"},{"taxonomy":"product_tag","embeddable":true,"href":"https:\/\/traxbike.com\/fr\/wp-json\/wp\/v2\/product_tag?post=9108"}],"curies":[{"name":"wp","href":"https:\/\/api.w.org\/{rel}","templated":true}]}}