{"id":7332,"date":"2024-09-22T20:01:08","date_gmt":"2024-09-22T18:01:08","guid":{"rendered":"https:\/\/traxbike.com\/product\/t-shirt-technique-haute-performance-trax-modele-vulcan\/"},"modified":"2024-12-08T16:46:11","modified_gmt":"2024-12-08T15:46:11","slug":"t-shirt-technique-haute-performance-trax-modele-vulcan","status":"publish","type":"product","link":"https:\/\/traxbike.com\/fr\/produit\/t-shirt-technique-haute-performance-trax-modele-vulcan\/","title":{"rendered":"T-shirt technique haute performance TRAX mod\u00e8le Vulcan"},"content":{"rendered":"","protected":false},"excerpt":{"rendered":"<p>Tissu et motifs de la plus haute qualit\u00e9 qui recherchent un maximum de confort pour la pratique du sport.<\/p>\n<p>Le tissu utilis\u00e9 provient de fils de polyester 100 % recycl\u00e9s provenant de bouteilles en plastique, recherchant un engagement maximal envers l&#8217;environnement et en m\u00eame temps obtenant un tissu extr\u00eamement l\u00e9ger et respirant qui donne une sensation de fra\u00eecheur et maintient l&#8217;athl\u00e8te au frais et au sec m\u00eame pendant l&#8217;entra\u00eenement. intensit\u00e9.<\/p>\n<p>Autres d\u00e9tails importants : Coutures anti-frottements, Coupe athl\u00e9tique, jambe anti-frottement 100% recycl\u00e9e.<\/p>\n","protected":false},"featured_media":7244,"template":"","meta":[],"product_brand":[],"product_cat":[150],"product_tag":[],"class_list":{"0":"post-7332","1":"product","2":"type-product","3":"status-publish","4":"has-post-thumbnail","6":"product_cat-non-classifiee","8":"first","9":"instock","10":"taxable","11":"shipping-taxable","12":"purchasable","13":"product-type-variable","14":"add-to-wishlist-after_add_to_cart"},"yoast_head":"<!-- This site is optimized with the Yoast SEO plugin v27.3 - https:\/\/yoast.com\/product\/yoast-seo-wordpress\/ -->\n<title>T-shirt technique haute performance TRAX mod\u00e8le Vulcan - TraxBike<\/title>\n<meta name=\"robots\" content=\"index, follow, max-snippet:-1, max-image-preview:large, max-video-preview:-1\" \/>\n<link rel=\"canonical\" href=\"https:\/\/traxbike.com\/fr\/produit\/t-shirt-technique-haute-performance-trax-modele-vulcan\/\" \/>\n<meta property=\"og:locale\" content=\"fr_FR\" \/>\n<meta property=\"og:type\" content=\"article\" \/>\n<meta property=\"og:title\" content=\"T-shirt technique haute performance TRAX mod\u00e8le Vulcan - TraxBike\" \/>\n<meta property=\"og:description\" content=\"Tissu et motifs de la plus haute qualit\u00e9 qui recherchent un maximum de confort pour la pratique du sport.  Le tissu utilis\u00e9 provient de fils de polyester 100 % recycl\u00e9s provenant de bouteilles en plastique, recherchant un engagement maximal envers l&#039;environnement et en m\u00eame temps obtenant un tissu extr\u00eamement l\u00e9ger et respirant qui donne une sensation de fra\u00eecheur et maintient l&#039;athl\u00e8te au frais et au sec m\u00eame pendant l&#039;entra\u00eenement. intensit\u00e9.  Autres d\u00e9tails importants : Coutures anti-frottements, Coupe athl\u00e9tique, jambe anti-frottement 100% recycl\u00e9e.\" \/>\n<meta property=\"og:url\" content=\"https:\/\/traxbike.com\/fr\/produit\/t-shirt-technique-haute-performance-trax-modele-vulcan\/\" \/>\n<meta property=\"og:site_name\" content=\"TraxBike\" \/>\n<meta property=\"article:modified_time\" content=\"2024-12-08T15:46:11+00:00\" \/>\n<meta property=\"og:image\" content=\"https:\/\/traxbike.com\/wp-content\/uploads\/2024\/09\/1.jpg\" \/>\n\t<meta property=\"og:image:width\" content=\"1080\" \/>\n\t<meta property=\"og:image:height\" content=\"1080\" \/>\n\t<meta property=\"og:image:type\" content=\"image\/jpeg\" \/>\n<meta name=\"twitter:card\" content=\"summary_large_image\" \/>\n<script type=\"application\/ld+json\" class=\"yoast-schema-graph\">{\"@context\":\"https:\\\/\\\/schema.org\",\"@graph\":[{\"@type\":\"WebPage\",\"@id\":\"https:\\\/\\\/traxbike.com\\\/fr\\\/produit\\\/t-shirt-technique-haute-performance-trax-modele-vulcan\\\/\",\"url\":\"https:\\\/\\\/traxbike.com\\\/fr\\\/produit\\\/t-shirt-technique-haute-performance-trax-modele-vulcan\\\/\",\"name\":\"T-shirt technique haute performance TRAX mod\u00e8le Vulcan - TraxBike\",\"isPartOf\":{\"@id\":\"https:\\\/\\\/traxbike.com\\\/#website\"},\"primaryImageOfPage\":{\"@id\":\"https:\\\/\\\/traxbike.com\\\/fr\\\/produit\\\/t-shirt-technique-haute-performance-trax-modele-vulcan\\\/#primaryimage\"},\"image\":{\"@id\":\"https:\\\/\\\/traxbike.com\\\/fr\\\/produit\\\/t-shirt-technique-haute-performance-trax-modele-vulcan\\\/#primaryimage\"},\"thumbnailUrl\":\"https:\\\/\\\/traxbike.com\\\/wp-content\\\/uploads\\\/2024\\\/09\\\/1.jpg\",\"datePublished\":\"2024-09-22T18:01:08+00:00\",\"dateModified\":\"2024-12-08T15:46:11+00:00\",\"breadcrumb\":{\"@id\":\"https:\\\/\\\/traxbike.com\\\/fr\\\/produit\\\/t-shirt-technique-haute-performance-trax-modele-vulcan\\\/#breadcrumb\"},\"inLanguage\":\"fr-FR\",\"potentialAction\":[{\"@type\":\"ReadAction\",\"target\":[\"https:\\\/\\\/traxbike.com\\\/fr\\\/produit\\\/t-shirt-technique-haute-performance-trax-modele-vulcan\\\/\"]}]},{\"@type\":\"ImageObject\",\"inLanguage\":\"fr-FR\",\"@id\":\"https:\\\/\\\/traxbike.com\\\/fr\\\/produit\\\/t-shirt-technique-haute-performance-trax-modele-vulcan\\\/#primaryimage\",\"url\":\"https:\\\/\\\/traxbike.com\\\/wp-content\\\/uploads\\\/2024\\\/09\\\/1.jpg\",\"contentUrl\":\"https:\\\/\\\/traxbike.com\\\/wp-content\\\/uploads\\\/2024\\\/09\\\/1.jpg\",\"width\":1080,\"height\":1080},{\"@type\":\"BreadcrumbList\",\"@id\":\"https:\\\/\\\/traxbike.com\\\/fr\\\/produit\\\/t-shirt-technique-haute-performance-trax-modele-vulcan\\\/#breadcrumb\",\"itemListElement\":[{\"@type\":\"ListItem\",\"position\":1,\"name\":\"Portada\",\"item\":\"https:\\\/\\\/traxbike.com\\\/\"},{\"@type\":\"ListItem\",\"position\":2,\"name\":\"Boutique\",\"item\":\"https:\\\/\\\/traxbike.com\\\/shop-2\\\/\"},{\"@type\":\"ListItem\",\"position\":3,\"name\":\"T-shirt technique haute performance TRAX mod\u00e8le Vulcan\"}]},{\"@type\":\"WebSite\",\"@id\":\"https:\\\/\\\/traxbike.com\\\/#website\",\"url\":\"https:\\\/\\\/traxbike.com\\\/\",\"name\":\"TraxBike\",\"description\":\"Experts in bicycle towing systems and family sports\",\"potentialAction\":[{\"@type\":\"SearchAction\",\"target\":{\"@type\":\"EntryPoint\",\"urlTemplate\":\"https:\\\/\\\/traxbike.com\\\/?s={search_term_string}\"},\"query-input\":{\"@type\":\"PropertyValueSpecification\",\"valueRequired\":true,\"valueName\":\"search_term_string\"}}],\"inLanguage\":\"fr-FR\"}]}<\/script>\n<!-- \/ Yoast SEO plugin. -->","yoast_head_json":{"title":"T-shirt technique haute performance TRAX mod\u00e8le Vulcan - TraxBike","robots":{"index":"index","follow":"follow","max-snippet":"max-snippet:-1","max-image-preview":"max-image-preview:large","max-video-preview":"max-video-preview:-1"},"canonical":"https:\/\/traxbike.com\/fr\/produit\/t-shirt-technique-haute-performance-trax-modele-vulcan\/","og_locale":"fr_FR","og_type":"article","og_title":"T-shirt technique haute performance TRAX mod\u00e8le Vulcan - TraxBike","og_description":"Tissu et motifs de la plus haute qualit\u00e9 qui recherchent un maximum de confort pour la pratique du sport.  Le tissu utilis\u00e9 provient de fils de polyester 100 % recycl\u00e9s provenant de bouteilles en plastique, recherchant un engagement maximal envers l'environnement et en m\u00eame temps obtenant un tissu extr\u00eamement l\u00e9ger et respirant qui donne une sensation de fra\u00eecheur et maintient l'athl\u00e8te au frais et au sec m\u00eame pendant l'entra\u00eenement. intensit\u00e9.  Autres d\u00e9tails importants : Coutures anti-frottements, Coupe athl\u00e9tique, jambe anti-frottement 100% recycl\u00e9e.","og_url":"https:\/\/traxbike.com\/fr\/produit\/t-shirt-technique-haute-performance-trax-modele-vulcan\/","og_site_name":"TraxBike","article_modified_time":"2024-12-08T15:46:11+00:00","og_image":[{"width":1080,"height":1080,"url":"https:\/\/traxbike.com\/wp-content\/uploads\/2024\/09\/1.jpg","type":"image\/jpeg"}],"twitter_card":"summary_large_image","schema":{"@context":"https:\/\/schema.org","@graph":[{"@type":"WebPage","@id":"https:\/\/traxbike.com\/fr\/produit\/t-shirt-technique-haute-performance-trax-modele-vulcan\/","url":"https:\/\/traxbike.com\/fr\/produit\/t-shirt-technique-haute-performance-trax-modele-vulcan\/","name":"T-shirt technique haute performance TRAX mod\u00e8le Vulcan - TraxBike","isPartOf":{"@id":"https:\/\/traxbike.com\/#website"},"primaryImageOfPage":{"@id":"https:\/\/traxbike.com\/fr\/produit\/t-shirt-technique-haute-performance-trax-modele-vulcan\/#primaryimage"},"image":{"@id":"https:\/\/traxbike.com\/fr\/produit\/t-shirt-technique-haute-performance-trax-modele-vulcan\/#primaryimage"},"thumbnailUrl":"https:\/\/traxbike.com\/wp-content\/uploads\/2024\/09\/1.jpg","datePublished":"2024-09-22T18:01:08+00:00","dateModified":"2024-12-08T15:46:11+00:00","breadcrumb":{"@id":"https:\/\/traxbike.com\/fr\/produit\/t-shirt-technique-haute-performance-trax-modele-vulcan\/#breadcrumb"},"inLanguage":"fr-FR","potentialAction":[{"@type":"ReadAction","target":["https:\/\/traxbike.com\/fr\/produit\/t-shirt-technique-haute-performance-trax-modele-vulcan\/"]}]},{"@type":"ImageObject","inLanguage":"fr-FR","@id":"https:\/\/traxbike.com\/fr\/produit\/t-shirt-technique-haute-performance-trax-modele-vulcan\/#primaryimage","url":"https:\/\/traxbike.com\/wp-content\/uploads\/2024\/09\/1.jpg","contentUrl":"https:\/\/traxbike.com\/wp-content\/uploads\/2024\/09\/1.jpg","width":1080,"height":1080},{"@type":"BreadcrumbList","@id":"https:\/\/traxbike.com\/fr\/produit\/t-shirt-technique-haute-performance-trax-modele-vulcan\/#breadcrumb","itemListElement":[{"@type":"ListItem","position":1,"name":"Portada","item":"https:\/\/traxbike.com\/"},{"@type":"ListItem","position":2,"name":"Boutique","item":"https:\/\/traxbike.com\/shop-2\/"},{"@type":"ListItem","position":3,"name":"T-shirt technique haute performance TRAX mod\u00e8le Vulcan"}]},{"@type":"WebSite","@id":"https:\/\/traxbike.com\/#website","url":"https:\/\/traxbike.com\/","name":"TraxBike","description":"Experts in bicycle towing systems and family sports","potentialAction":[{"@type":"SearchAction","target":{"@type":"EntryPoint","urlTemplate":"https:\/\/traxbike.com\/?s={search_term_string}"},"query-input":{"@type":"PropertyValueSpecification","valueRequired":true,"valueName":"search_term_string"}}],"inLanguage":"fr-FR"}]}},"_links":{"self":[{"href":"https:\/\/traxbike.com\/fr\/wp-json\/wp\/v2\/product\/7332","targetHints":{"allow":["GET"]}}],"collection":[{"href":"https:\/\/traxbike.com\/fr\/wp-json\/wp\/v2\/product"}],"about":[{"href":"https:\/\/traxbike.com\/fr\/wp-json\/wp\/v2\/types\/product"}],"wp:featuredmedia":[{"embeddable":true,"href":"https:\/\/traxbike.com\/fr\/wp-json\/wp\/v2\/media\/7244"}],"wp:attachment":[{"href":"https:\/\/traxbike.com\/fr\/wp-json\/wp\/v2\/media?parent=7332"}],"wp:term":[{"taxonomy":"product_brand","embeddable":true,"href":"https:\/\/traxbike.com\/fr\/wp-json\/wp\/v2\/product_brand?post=7332"},{"taxonomy":"product_cat","embeddable":true,"href":"https:\/\/traxbike.com\/fr\/wp-json\/wp\/v2\/product_cat?post=7332"},{"taxonomy":"product_tag","embeddable":true,"href":"https:\/\/traxbike.com\/fr\/wp-json\/wp\/v2\/product_tag?post=7332"}],"curies":[{"name":"wp","href":"https:\/\/api.w.org\/{rel}","templated":true}]}}