{"id":7309,"date":"2024-09-22T20:08:30","date_gmt":"2024-09-22T18:08:30","guid":{"rendered":"https:\/\/traxbike.com\/product\/t-shirt-technique-haute-performance-trax-modele-motion\/"},"modified":"2024-09-22T20:08:30","modified_gmt":"2024-09-22T18:08:30","slug":"t-shirt-technique-haute-performance-trax-modele-motion","status":"publish","type":"product","link":"https:\/\/traxbike.com\/fr\/produit\/t-shirt-technique-haute-performance-trax-modele-motion\/","title":{"rendered":"T-shirt technique haute performance TRAX mod\u00e8le Motion"},"content":{"rendered":"","protected":false},"excerpt":{"rendered":"<p>Des tissus et des motifs de qualit\u00e9 sup\u00e9rieure qui recherchent un maximum de confort pour la pratique du sport.<\/p>\n<p>Le tissu utilis\u00e9 provient de fils de polyester 100 % recycl\u00e9s \u00e0 partir de bouteilles en plastique, ce qui permet de respecter au maximum l&#8217;environnement tout en obtenant un tissu extr\u00eamement l\u00e9ger et respirant qui donne une sensation de fra\u00eecheur et garde l&#8217;athl\u00e8te au frais et au sec, m\u00eame lors d&#8217;entra\u00eenements de haute intensit\u00e9.<\/p>\n<p>Autres d\u00e9tails importants : Coutures anti-frottement, Coupe athl\u00e9tique, Cullo anti-frottement 100 % recycl\u00e9.<\/p>\n","protected":false},"featured_media":7269,"template":"","meta":[],"product_brand":[],"product_cat":[150],"product_tag":[],"class_list":{"0":"post-7309","1":"product","2":"type-product","3":"status-publish","4":"has-post-thumbnail","6":"product_cat-non-classifiee","8":"first","9":"instock","10":"taxable","11":"shipping-taxable","12":"purchasable","13":"product-type-variable","14":"add-to-wishlist-after_add_to_cart"},"yoast_head":"<!-- This site is optimized with the Yoast SEO plugin v27.3 - https:\/\/yoast.com\/product\/yoast-seo-wordpress\/ -->\n<title>T-shirt technique haute performance TRAX mod\u00e8le Motion - TraxBike<\/title>\n<meta name=\"robots\" content=\"index, follow, max-snippet:-1, max-image-preview:large, max-video-preview:-1\" \/>\n<link rel=\"canonical\" href=\"https:\/\/traxbike.com\/fr\/produit\/t-shirt-technique-haute-performance-trax-modele-motion\/\" \/>\n<meta property=\"og:locale\" content=\"fr_FR\" \/>\n<meta property=\"og:type\" content=\"article\" \/>\n<meta property=\"og:title\" content=\"T-shirt technique haute performance TRAX mod\u00e8le Motion - TraxBike\" \/>\n<meta property=\"og:description\" content=\"Des tissus et des motifs de qualit\u00e9 sup\u00e9rieure qui recherchent un maximum de confort pour la pratique du sport.  Le tissu utilis\u00e9 provient de fils de polyester 100 % recycl\u00e9s \u00e0 partir de bouteilles en plastique, ce qui permet de respecter au maximum l&#039;environnement tout en obtenant un tissu extr\u00eamement l\u00e9ger et respirant qui donne une sensation de fra\u00eecheur et garde l&#039;athl\u00e8te au frais et au sec, m\u00eame lors d&#039;entra\u00eenements de haute intensit\u00e9.  Autres d\u00e9tails importants : Coutures anti-frottement, Coupe athl\u00e9tique, Cullo anti-frottement 100 % recycl\u00e9.\" \/>\n<meta property=\"og:url\" content=\"https:\/\/traxbike.com\/fr\/produit\/t-shirt-technique-haute-performance-trax-modele-motion\/\" \/>\n<meta property=\"og:site_name\" content=\"TraxBike\" \/>\n<meta property=\"og:image\" content=\"https:\/\/traxbike.com\/wp-content\/uploads\/2024\/09\/3.jpg\" \/>\n\t<meta property=\"og:image:width\" content=\"1080\" \/>\n\t<meta property=\"og:image:height\" content=\"1080\" \/>\n\t<meta property=\"og:image:type\" content=\"image\/jpeg\" \/>\n<meta name=\"twitter:card\" content=\"summary_large_image\" \/>\n<script type=\"application\/ld+json\" class=\"yoast-schema-graph\">{\"@context\":\"https:\\\/\\\/schema.org\",\"@graph\":[{\"@type\":\"WebPage\",\"@id\":\"https:\\\/\\\/traxbike.com\\\/fr\\\/produit\\\/t-shirt-technique-haute-performance-trax-modele-motion\\\/\",\"url\":\"https:\\\/\\\/traxbike.com\\\/fr\\\/produit\\\/t-shirt-technique-haute-performance-trax-modele-motion\\\/\",\"name\":\"T-shirt technique haute performance TRAX mod\u00e8le Motion - TraxBike\",\"isPartOf\":{\"@id\":\"https:\\\/\\\/traxbike.com\\\/#website\"},\"primaryImageOfPage\":{\"@id\":\"https:\\\/\\\/traxbike.com\\\/fr\\\/produit\\\/t-shirt-technique-haute-performance-trax-modele-motion\\\/#primaryimage\"},\"image\":{\"@id\":\"https:\\\/\\\/traxbike.com\\\/fr\\\/produit\\\/t-shirt-technique-haute-performance-trax-modele-motion\\\/#primaryimage\"},\"thumbnailUrl\":\"https:\\\/\\\/traxbike.com\\\/wp-content\\\/uploads\\\/2024\\\/09\\\/3.jpg\",\"datePublished\":\"2024-09-22T18:08:30+00:00\",\"breadcrumb\":{\"@id\":\"https:\\\/\\\/traxbike.com\\\/fr\\\/produit\\\/t-shirt-technique-haute-performance-trax-modele-motion\\\/#breadcrumb\"},\"inLanguage\":\"fr-FR\",\"potentialAction\":[{\"@type\":\"ReadAction\",\"target\":[\"https:\\\/\\\/traxbike.com\\\/fr\\\/produit\\\/t-shirt-technique-haute-performance-trax-modele-motion\\\/\"]}]},{\"@type\":\"ImageObject\",\"inLanguage\":\"fr-FR\",\"@id\":\"https:\\\/\\\/traxbike.com\\\/fr\\\/produit\\\/t-shirt-technique-haute-performance-trax-modele-motion\\\/#primaryimage\",\"url\":\"https:\\\/\\\/traxbike.com\\\/wp-content\\\/uploads\\\/2024\\\/09\\\/3.jpg\",\"contentUrl\":\"https:\\\/\\\/traxbike.com\\\/wp-content\\\/uploads\\\/2024\\\/09\\\/3.jpg\",\"width\":1080,\"height\":1080},{\"@type\":\"BreadcrumbList\",\"@id\":\"https:\\\/\\\/traxbike.com\\\/fr\\\/produit\\\/t-shirt-technique-haute-performance-trax-modele-motion\\\/#breadcrumb\",\"itemListElement\":[{\"@type\":\"ListItem\",\"position\":1,\"name\":\"Portada\",\"item\":\"https:\\\/\\\/traxbike.com\\\/\"},{\"@type\":\"ListItem\",\"position\":2,\"name\":\"Boutique\",\"item\":\"https:\\\/\\\/traxbike.com\\\/shop-2\\\/\"},{\"@type\":\"ListItem\",\"position\":3,\"name\":\"T-shirt technique haute performance TRAX mod\u00e8le Motion\"}]},{\"@type\":\"WebSite\",\"@id\":\"https:\\\/\\\/traxbike.com\\\/#website\",\"url\":\"https:\\\/\\\/traxbike.com\\\/\",\"name\":\"TraxBike\",\"description\":\"Experts in bicycle towing systems and family sports\",\"potentialAction\":[{\"@type\":\"SearchAction\",\"target\":{\"@type\":\"EntryPoint\",\"urlTemplate\":\"https:\\\/\\\/traxbike.com\\\/?s={search_term_string}\"},\"query-input\":{\"@type\":\"PropertyValueSpecification\",\"valueRequired\":true,\"valueName\":\"search_term_string\"}}],\"inLanguage\":\"fr-FR\"}]}<\/script>\n<!-- \/ Yoast SEO plugin. -->","yoast_head_json":{"title":"T-shirt technique haute performance TRAX mod\u00e8le Motion - TraxBike","robots":{"index":"index","follow":"follow","max-snippet":"max-snippet:-1","max-image-preview":"max-image-preview:large","max-video-preview":"max-video-preview:-1"},"canonical":"https:\/\/traxbike.com\/fr\/produit\/t-shirt-technique-haute-performance-trax-modele-motion\/","og_locale":"fr_FR","og_type":"article","og_title":"T-shirt technique haute performance TRAX mod\u00e8le Motion - TraxBike","og_description":"Des tissus et des motifs de qualit\u00e9 sup\u00e9rieure qui recherchent un maximum de confort pour la pratique du sport.  Le tissu utilis\u00e9 provient de fils de polyester 100 % recycl\u00e9s \u00e0 partir de bouteilles en plastique, ce qui permet de respecter au maximum l'environnement tout en obtenant un tissu extr\u00eamement l\u00e9ger et respirant qui donne une sensation de fra\u00eecheur et garde l'athl\u00e8te au frais et au sec, m\u00eame lors d'entra\u00eenements de haute intensit\u00e9.  Autres d\u00e9tails importants : Coutures anti-frottement, Coupe athl\u00e9tique, Cullo anti-frottement 100 % recycl\u00e9.","og_url":"https:\/\/traxbike.com\/fr\/produit\/t-shirt-technique-haute-performance-trax-modele-motion\/","og_site_name":"TraxBike","og_image":[{"width":1080,"height":1080,"url":"https:\/\/traxbike.com\/wp-content\/uploads\/2024\/09\/3.jpg","type":"image\/jpeg"}],"twitter_card":"summary_large_image","schema":{"@context":"https:\/\/schema.org","@graph":[{"@type":"WebPage","@id":"https:\/\/traxbike.com\/fr\/produit\/t-shirt-technique-haute-performance-trax-modele-motion\/","url":"https:\/\/traxbike.com\/fr\/produit\/t-shirt-technique-haute-performance-trax-modele-motion\/","name":"T-shirt technique haute performance TRAX mod\u00e8le Motion - TraxBike","isPartOf":{"@id":"https:\/\/traxbike.com\/#website"},"primaryImageOfPage":{"@id":"https:\/\/traxbike.com\/fr\/produit\/t-shirt-technique-haute-performance-trax-modele-motion\/#primaryimage"},"image":{"@id":"https:\/\/traxbike.com\/fr\/produit\/t-shirt-technique-haute-performance-trax-modele-motion\/#primaryimage"},"thumbnailUrl":"https:\/\/traxbike.com\/wp-content\/uploads\/2024\/09\/3.jpg","datePublished":"2024-09-22T18:08:30+00:00","breadcrumb":{"@id":"https:\/\/traxbike.com\/fr\/produit\/t-shirt-technique-haute-performance-trax-modele-motion\/#breadcrumb"},"inLanguage":"fr-FR","potentialAction":[{"@type":"ReadAction","target":["https:\/\/traxbike.com\/fr\/produit\/t-shirt-technique-haute-performance-trax-modele-motion\/"]}]},{"@type":"ImageObject","inLanguage":"fr-FR","@id":"https:\/\/traxbike.com\/fr\/produit\/t-shirt-technique-haute-performance-trax-modele-motion\/#primaryimage","url":"https:\/\/traxbike.com\/wp-content\/uploads\/2024\/09\/3.jpg","contentUrl":"https:\/\/traxbike.com\/wp-content\/uploads\/2024\/09\/3.jpg","width":1080,"height":1080},{"@type":"BreadcrumbList","@id":"https:\/\/traxbike.com\/fr\/produit\/t-shirt-technique-haute-performance-trax-modele-motion\/#breadcrumb","itemListElement":[{"@type":"ListItem","position":1,"name":"Portada","item":"https:\/\/traxbike.com\/"},{"@type":"ListItem","position":2,"name":"Boutique","item":"https:\/\/traxbike.com\/shop-2\/"},{"@type":"ListItem","position":3,"name":"T-shirt technique haute performance TRAX mod\u00e8le Motion"}]},{"@type":"WebSite","@id":"https:\/\/traxbike.com\/#website","url":"https:\/\/traxbike.com\/","name":"TraxBike","description":"Experts in bicycle towing systems and family sports","potentialAction":[{"@type":"SearchAction","target":{"@type":"EntryPoint","urlTemplate":"https:\/\/traxbike.com\/?s={search_term_string}"},"query-input":{"@type":"PropertyValueSpecification","valueRequired":true,"valueName":"search_term_string"}}],"inLanguage":"fr-FR"}]}},"_links":{"self":[{"href":"https:\/\/traxbike.com\/fr\/wp-json\/wp\/v2\/product\/7309","targetHints":{"allow":["GET"]}}],"collection":[{"href":"https:\/\/traxbike.com\/fr\/wp-json\/wp\/v2\/product"}],"about":[{"href":"https:\/\/traxbike.com\/fr\/wp-json\/wp\/v2\/types\/product"}],"wp:featuredmedia":[{"embeddable":true,"href":"https:\/\/traxbike.com\/fr\/wp-json\/wp\/v2\/media\/7269"}],"wp:attachment":[{"href":"https:\/\/traxbike.com\/fr\/wp-json\/wp\/v2\/media?parent=7309"}],"wp:term":[{"taxonomy":"product_brand","embeddable":true,"href":"https:\/\/traxbike.com\/fr\/wp-json\/wp\/v2\/product_brand?post=7309"},{"taxonomy":"product_cat","embeddable":true,"href":"https:\/\/traxbike.com\/fr\/wp-json\/wp\/v2\/product_cat?post=7309"},{"taxonomy":"product_tag","embeddable":true,"href":"https:\/\/traxbike.com\/fr\/wp-json\/wp\/v2\/product_tag?post=7309"}],"curies":[{"name":"wp","href":"https:\/\/api.w.org\/{rel}","templated":true}]}}