{"id":7016,"date":"2023-06-10T15:44:22","date_gmt":"2023-06-10T08:44:22","guid":{"rendered":"http:\/\/nova2024.traxbike.com\/product\/trax-pro\/"},"modified":"2026-03-04T18:17:35","modified_gmt":"2026-03-04T17:17:35","slug":"trax-pro","status":"publish","type":"product","link":"https:\/\/traxbike.com\/fr\/produit\/trax-pro\/","title":{"rendered":"TRAX PRO"},"content":{"rendered":"<h3><strong>TRAX PRO est un dispositif con\u00e7u pour tracter un v\u00e9lo sur un autre v\u00e9lo.<\/strong><\/h3>\n<p>La traction est r\u00e9alis\u00e9e par un c\u00e2ble en poly\u00e9thyl\u00e8ne haute densit\u00e9 recouvert de polyester et un syst\u00e8me m\u00e9canique qui le r\u00e9cup\u00e8re automatiquement et en m\u00eame temps \u00e9vite qu&#8217;il ne s&#8217;emm\u00eale dans les roues lorsqu&#8217;il perd sa tension.<\/p>\n<p>Le TRAX PRO est l&#8217;\u00e9volution de son pr\u00e9d\u00e9cesseur TRAX MTB. Il est con\u00e7u pour les sorties \u00e0 v\u00e9lo avec des enfants, en famille ou entre amis, quelle que soit la diff\u00e9rence de niveau de forme physique. Il peut \u00eatre utilis\u00e9 aussi bien avec des enfants qu&#8217;avec des adultes et m\u00eame des v\u00e9los \u00e9lectriques. Le poids maximum de remorquage est de 130 kg.<\/p>\n<p><strong>INSTALLATION :<\/strong><\/p>\n<p>Le TRAX PRO est con\u00e7u pour \u00eatre install\u00e9 sur diff\u00e9rentes parties du v\u00e9lo sans utiliser d&#8217;outils, au moyen d&#8217;un syst\u00e8me de sangles textiles avec boucle. Il peut \u00eatre install\u00e9 :<\/p>\n<p>Sur le v\u00e9lo avant : sur la potence de selle ou sur la selle.<br \/>\nSur le v\u00e9lo arri\u00e8re : sur la potence, sur le guidon ou sur le c\u00f4t\u00e9 du cadre.<\/p>\n<p><strong>ORIGINE :<\/strong><\/p>\n<p>TRAX PRO est la deuxi\u00e8me version du TRAX MTB. Une \u00e9volution obtenue gr\u00e2ce aux retours des clients qui nous ont fait confiance et nous ont fait part de leurs exp\u00e9riences. TRAX vous offre des possibilit\u00e9s infinies auxquelles vous n&#8217;auriez jamais pens\u00e9 auparavant avec votre v\u00e9lo et vos proches.<\/p>\n<p>La simplicit\u00e9 du syst\u00e8me TRAX PRO se traduit par un poids de seulement 130 g. Ce poids le rend imperceptible lors de la conduite du v\u00e9lo, ou vous permet de le transporter dans votre sac \u00e0 dos ou votre maillot en cas d&#8217;urgence.<\/p>\n<p><strong>CARACT\u00c9RISTIQUES TECHNIQUES:<\/strong><\/p>\n<ul>\n<li>Poids de l&#8217;appareil : 130 g<\/li>\n<li>Longueur du c\u00e2ble : 2,2 m<\/li>\n<li>Poids de remorquage maximum : 130 kg \u2013 265 livres<\/li>\n<li>Convient aux v\u00e9los \u00e9lectriques : Oui<\/li>\n<li>Syst\u00e8me de fixation : Sangle textile avec boucle<\/li>\n<li>Convient \u00e0 tous les v\u00e9los Dimensions : 65 cm x 65 cm x 45 cm<\/li>\n<li>Vitesse maximale recommand\u00e9e : 10 km\/h \u2013 6 mph<\/li>\n<\/ul>\n","protected":false},"excerpt":{"rendered":"<p>TRAX PRO est le meilleur remorqueur de v\u00e9lo du march\u00e9. Le meilleur choix pour remorquer un v\u00e9lo avec un autre dans toutes les situations, con\u00e7u pour \u00eatre utilis\u00e9 aussi bien avec des v\u00e9los \u00e9lectriques que des v\u00e9los normaux et pour remorquer aussi bien des adultes que des enfants !<\/p>\n<p><strong>Le syst\u00e8me le plus confortable, efficace et pratique pour remorquer un v\u00e9lo avec un autre v\u00e9lo, aussi bien pour les v\u00e9los \u00e9lectriques que pour les v\u00e9los normaux, pour adultes et enfants !<\/strong><br \/>\n<span style=\"display:inline-block; margin:0; padding:0; line-height:1;\"><br \/>\n  <a href=\"https:\/\/traxbike.com\/wp-content\/uploads\/2026\/03\/DIGITAL-MANUAL-TRAX-PRO_LR.pdf\" target=\"_blank\" style=\"\n    display:inline-block !important;\n    width:auto !important;\n    min-width:0 !important;\n    max-width:none !important;\n    height:auto !important;\n    min-height:0 !important;\n    margin:0 !important;\n    padding:15px 15px !important;\n    background:#000 !important;\n    color:#fff !important;\n    text-decoration:none !important;\n    font-family:Default !important;\n    font-size:18px !important;\n    font-weight:400 !important;\n    line-height:1.1 !important;\n    border:1px solid #000 !important;\n    border-radius:0 !important;\n    box-sizing:border-box !important;\n    text-align:center !important;\n    white-space:nowrap !important;\n    vertical-align:middle !important;\n  \">T\u00e9l\u00e9chargez le manuel Trax Pro<\/a><br \/>\n<\/span><\/p>\n","protected":false},"featured_media":6747,"template":"","meta":[],"product_brand":[],"product_cat":[168],"product_tag":[],"class_list":{"0":"post-7016","1":"product","2":"type-product","3":"status-publish","4":"has-post-thumbnail","6":"product_cat-trax-fr","8":"first","9":"instock","10":"taxable","11":"shipping-taxable","12":"purchasable","13":"product-type-simple","14":"add-to-wishlist-after_add_to_cart"},"yoast_head":"<!-- This site is optimized with the Yoast SEO plugin v27.4 - https:\/\/yoast.com\/product\/yoast-seo-wordpress\/ -->\n<title>TRAX PRO | Les meilleurs syst\u00e8mes de remorquage de v\u00e9los | TraxBike<\/title>\n<meta name=\"description\" content=\"Trax bike le meilleur des syst\u00e8mes de remorquage de bicyclettes. D\u00e9couvrez notre gamme de remorqueurs de haute qualit\u00e9 et profitez de vos voyages sans complications.\" \/>\n<meta name=\"robots\" content=\"index, follow, max-snippet:-1, max-image-preview:large, max-video-preview:-1\" \/>\n<link rel=\"canonical\" href=\"https:\/\/traxbike.com\/fr\/produit\/trax-pro\/\" \/>\n<meta property=\"og:locale\" content=\"fr_FR\" \/>\n<meta property=\"og:type\" content=\"article\" \/>\n<meta property=\"og:title\" content=\"TRAX PRO | Les meilleurs syst\u00e8mes de remorquage de v\u00e9los | TraxBike\" \/>\n<meta property=\"og:description\" content=\"Trax bike le meilleur des syst\u00e8mes de remorquage de bicyclettes. D\u00e9couvrez notre gamme de remorqueurs de haute qualit\u00e9 et profitez de vos voyages sans complications.\" \/>\n<meta property=\"og:url\" content=\"https:\/\/traxbike.com\/fr\/produit\/trax-pro\/\" \/>\n<meta property=\"og:site_name\" content=\"TraxBike\" \/>\n<meta property=\"article:modified_time\" content=\"2026-03-04T17:17:35+00:00\" \/>\n<meta property=\"og:image\" content=\"https:\/\/traxbike.com\/wp-content\/uploads\/2023\/06\/Traxpro-oficial-2.png\" \/>\n\t<meta property=\"og:image:width\" content=\"1080\" \/>\n\t<meta property=\"og:image:height\" content=\"1080\" \/>\n\t<meta property=\"og:image:type\" content=\"image\/png\" \/>\n<meta name=\"twitter:card\" content=\"summary_large_image\" \/>\n<meta name=\"twitter:label1\" content=\"Dur\u00e9e de lecture estim\u00e9e\" \/>\n\t<meta name=\"twitter:data1\" content=\"2 minutes\" \/>\n<script type=\"application\/ld+json\" class=\"yoast-schema-graph\">{\"@context\":\"https:\\\/\\\/schema.org\",\"@graph\":[{\"@type\":\"WebPage\",\"@id\":\"https:\\\/\\\/traxbike.com\\\/fr\\\/produit\\\/trax-pro\\\/\",\"url\":\"https:\\\/\\\/traxbike.com\\\/fr\\\/produit\\\/trax-pro\\\/\",\"name\":\"TRAX PRO | Les meilleurs syst\u00e8mes de remorquage de v\u00e9los | TraxBike\",\"isPartOf\":{\"@id\":\"https:\\\/\\\/traxbike.com\\\/#website\"},\"primaryImageOfPage\":{\"@id\":\"https:\\\/\\\/traxbike.com\\\/fr\\\/produit\\\/trax-pro\\\/#primaryimage\"},\"image\":{\"@id\":\"https:\\\/\\\/traxbike.com\\\/fr\\\/produit\\\/trax-pro\\\/#primaryimage\"},\"thumbnailUrl\":\"https:\\\/\\\/traxbike.com\\\/wp-content\\\/uploads\\\/2023\\\/06\\\/Traxpro-oficial-2.png\",\"datePublished\":\"2023-06-10T08:44:22+00:00\",\"dateModified\":\"2026-03-04T17:17:35+00:00\",\"description\":\"Trax bike le meilleur des syst\u00e8mes de remorquage de bicyclettes. D\u00e9couvrez notre gamme de remorqueurs de haute qualit\u00e9 et profitez de vos voyages sans complications.\",\"breadcrumb\":{\"@id\":\"https:\\\/\\\/traxbike.com\\\/fr\\\/produit\\\/trax-pro\\\/#breadcrumb\"},\"inLanguage\":\"fr-FR\",\"potentialAction\":[{\"@type\":\"ReadAction\",\"target\":[\"https:\\\/\\\/traxbike.com\\\/fr\\\/produit\\\/trax-pro\\\/\"]}]},{\"@type\":\"ImageObject\",\"inLanguage\":\"fr-FR\",\"@id\":\"https:\\\/\\\/traxbike.com\\\/fr\\\/produit\\\/trax-pro\\\/#primaryimage\",\"url\":\"https:\\\/\\\/traxbike.com\\\/wp-content\\\/uploads\\\/2023\\\/06\\\/Traxpro-oficial-2.png\",\"contentUrl\":\"https:\\\/\\\/traxbike.com\\\/wp-content\\\/uploads\\\/2023\\\/06\\\/Traxpro-oficial-2.png\",\"width\":1080,\"height\":1080},{\"@type\":\"BreadcrumbList\",\"@id\":\"https:\\\/\\\/traxbike.com\\\/fr\\\/produit\\\/trax-pro\\\/#breadcrumb\",\"itemListElement\":[{\"@type\":\"ListItem\",\"position\":1,\"name\":\"Portada\",\"item\":\"https:\\\/\\\/traxbike.com\\\/\"},{\"@type\":\"ListItem\",\"position\":2,\"name\":\"Boutique\",\"item\":\"https:\\\/\\\/traxbike.com\\\/shop-2\\\/\"},{\"@type\":\"ListItem\",\"position\":3,\"name\":\"TRAX PRO\"}]},{\"@type\":\"WebSite\",\"@id\":\"https:\\\/\\\/traxbike.com\\\/#website\",\"url\":\"https:\\\/\\\/traxbike.com\\\/\",\"name\":\"TraxBike\",\"description\":\"Experts in bicycle towing systems and family sports\",\"potentialAction\":[{\"@type\":\"SearchAction\",\"target\":{\"@type\":\"EntryPoint\",\"urlTemplate\":\"https:\\\/\\\/traxbike.com\\\/?s={search_term_string}\"},\"query-input\":{\"@type\":\"PropertyValueSpecification\",\"valueRequired\":true,\"valueName\":\"search_term_string\"}}],\"inLanguage\":\"fr-FR\"}]}<\/script>\n<!-- \/ Yoast SEO plugin. -->","yoast_head_json":{"title":"TRAX PRO | Les meilleurs syst\u00e8mes de remorquage de v\u00e9los | TraxBike","description":"Trax bike le meilleur des syst\u00e8mes de remorquage de bicyclettes. D\u00e9couvrez notre gamme de remorqueurs de haute qualit\u00e9 et profitez de vos voyages sans complications.","robots":{"index":"index","follow":"follow","max-snippet":"max-snippet:-1","max-image-preview":"max-image-preview:large","max-video-preview":"max-video-preview:-1"},"canonical":"https:\/\/traxbike.com\/fr\/produit\/trax-pro\/","og_locale":"fr_FR","og_type":"article","og_title":"TRAX PRO | Les meilleurs syst\u00e8mes de remorquage de v\u00e9los | TraxBike","og_description":"Trax bike le meilleur des syst\u00e8mes de remorquage de bicyclettes. D\u00e9couvrez notre gamme de remorqueurs de haute qualit\u00e9 et profitez de vos voyages sans complications.","og_url":"https:\/\/traxbike.com\/fr\/produit\/trax-pro\/","og_site_name":"TraxBike","article_modified_time":"2026-03-04T17:17:35+00:00","og_image":[{"width":1080,"height":1080,"url":"https:\/\/traxbike.com\/wp-content\/uploads\/2023\/06\/Traxpro-oficial-2.png","type":"image\/png"}],"twitter_card":"summary_large_image","twitter_misc":{"Dur\u00e9e de lecture estim\u00e9e":"2 minutes"},"schema":{"@context":"https:\/\/schema.org","@graph":[{"@type":"WebPage","@id":"https:\/\/traxbike.com\/fr\/produit\/trax-pro\/","url":"https:\/\/traxbike.com\/fr\/produit\/trax-pro\/","name":"TRAX PRO | Les meilleurs syst\u00e8mes de remorquage de v\u00e9los | TraxBike","isPartOf":{"@id":"https:\/\/traxbike.com\/#website"},"primaryImageOfPage":{"@id":"https:\/\/traxbike.com\/fr\/produit\/trax-pro\/#primaryimage"},"image":{"@id":"https:\/\/traxbike.com\/fr\/produit\/trax-pro\/#primaryimage"},"thumbnailUrl":"https:\/\/traxbike.com\/wp-content\/uploads\/2023\/06\/Traxpro-oficial-2.png","datePublished":"2023-06-10T08:44:22+00:00","dateModified":"2026-03-04T17:17:35+00:00","description":"Trax bike le meilleur des syst\u00e8mes de remorquage de bicyclettes. D\u00e9couvrez notre gamme de remorqueurs de haute qualit\u00e9 et profitez de vos voyages sans complications.","breadcrumb":{"@id":"https:\/\/traxbike.com\/fr\/produit\/trax-pro\/#breadcrumb"},"inLanguage":"fr-FR","potentialAction":[{"@type":"ReadAction","target":["https:\/\/traxbike.com\/fr\/produit\/trax-pro\/"]}]},{"@type":"ImageObject","inLanguage":"fr-FR","@id":"https:\/\/traxbike.com\/fr\/produit\/trax-pro\/#primaryimage","url":"https:\/\/traxbike.com\/wp-content\/uploads\/2023\/06\/Traxpro-oficial-2.png","contentUrl":"https:\/\/traxbike.com\/wp-content\/uploads\/2023\/06\/Traxpro-oficial-2.png","width":1080,"height":1080},{"@type":"BreadcrumbList","@id":"https:\/\/traxbike.com\/fr\/produit\/trax-pro\/#breadcrumb","itemListElement":[{"@type":"ListItem","position":1,"name":"Portada","item":"https:\/\/traxbike.com\/"},{"@type":"ListItem","position":2,"name":"Boutique","item":"https:\/\/traxbike.com\/shop-2\/"},{"@type":"ListItem","position":3,"name":"TRAX PRO"}]},{"@type":"WebSite","@id":"https:\/\/traxbike.com\/#website","url":"https:\/\/traxbike.com\/","name":"TraxBike","description":"Experts in bicycle towing systems and family sports","potentialAction":[{"@type":"SearchAction","target":{"@type":"EntryPoint","urlTemplate":"https:\/\/traxbike.com\/?s={search_term_string}"},"query-input":{"@type":"PropertyValueSpecification","valueRequired":true,"valueName":"search_term_string"}}],"inLanguage":"fr-FR"}]}},"_links":{"self":[{"href":"https:\/\/traxbike.com\/fr\/wp-json\/wp\/v2\/product\/7016","targetHints":{"allow":["GET"]}}],"collection":[{"href":"https:\/\/traxbike.com\/fr\/wp-json\/wp\/v2\/product"}],"about":[{"href":"https:\/\/traxbike.com\/fr\/wp-json\/wp\/v2\/types\/product"}],"wp:featuredmedia":[{"embeddable":true,"href":"https:\/\/traxbike.com\/fr\/wp-json\/wp\/v2\/media\/6747"}],"wp:attachment":[{"href":"https:\/\/traxbike.com\/fr\/wp-json\/wp\/v2\/media?parent=7016"}],"wp:term":[{"taxonomy":"product_brand","embeddable":true,"href":"https:\/\/traxbike.com\/fr\/wp-json\/wp\/v2\/product_brand?post=7016"},{"taxonomy":"product_cat","embeddable":true,"href":"https:\/\/traxbike.com\/fr\/wp-json\/wp\/v2\/product_cat?post=7016"},{"taxonomy":"product_tag","embeddable":true,"href":"https:\/\/traxbike.com\/fr\/wp-json\/wp\/v2\/product_tag?post=7016"}],"curies":[{"name":"wp","href":"https:\/\/api.w.org\/{rel}","templated":true}]}}