{"id":7013,"date":"2024-06-14T18:07:42","date_gmt":"2024-06-14T16:07:42","guid":{"rendered":"http:\/\/nova2024.traxbike.com\/product\/trax-flex\/"},"modified":"2024-10-14T11:45:51","modified_gmt":"2024-10-14T09:45:51","slug":"trax-flex","status":"publish","type":"product","link":"https:\/\/traxbike.com\/fr\/produit\/trax-flex\/","title":{"rendered":"TRAX FLEX"},"content":{"rendered":"<h3 class=\"wpb_wrapper\">TRAX FLEX est une sangle \u00e9lastique con\u00e7ue pour remorquer un v\u00e9lo avec un autre.<\/h3>\n<p class=\"wpb_wrapper\">\nLe produit est un cordon \u00e9lastique avec deux boucles (une \u00e0 chaque extr\u00e9mit\u00e9), une \u00e0 attacher \u00e0 la selle du v\u00e9lo tract\u00e9 et l&#8217;autre \u00e0 la potence ou au guidon du v\u00e9lo tract\u00e9, afin de pouvoir l&#8217;adapter \u00e0 n&#8217;importe quel mod\u00e8le de v\u00e9lo.<\/p>\n<p class=\"wpb_wrapper\"><strong>TRAX FLEX<\/strong> est compos\u00e9 de fibres de haute technologie qui le rendent tr\u00e8s l\u00e9ger et compact. \u00c0 tel point qu\u2019il peut \u00eatre rang\u00e9 dans n\u2019importe quelle poche de chemise ou de pantalon sans se faire remarquer. Ne p\u00e8se que 50g.<\/p>\n<p class=\"wpb_wrapper\"><strong>TRAX FLEX<\/strong> mesure environ 1 m\u00e8tre de long lorsqu&#8217;il n&#8217;est pas utilis\u00e9 et s&#8217;\u00e9tend jusqu&#8217;\u00e0 2,5 m\u00e8tres lorsqu&#8217;il est sous tension. Cela l&#8217;emp\u00eache compl\u00e8tement de coller aux roues ou \u00e0 d&#8217;autres pi\u00e8ces mobiles du v\u00e9lo pendant son utilisation.<\/p>\n<h2 class=\"yikes-custom-woo-tab-title yikes-custom-woo-tab-title-technical-features\">Caract\u00e9ristiques techniques<\/h2>\n<ul>\n<li>Poids de l&#8217;appareil : 50g<\/li>\n<li>Longueur du c\u00e2ble : 1m \u00e0 2,5m<\/li>\n<li>Poids maximum \u00e0 remorquer : 200 kg \u2013 450 lb<\/li>\n<li>Convient aux v\u00e9los \u00e9lectriques : Oui<\/li>\n<li>Convient \u00e0 n&#8217;importe quel v\u00e9lo<\/li>\n<li>Mesures : Tient dans une tr\u00e8s petite poche<\/li>\n<li>Vitesse maximale recommand\u00e9e : 10 km\/h \u2013 6 mph<\/li>\n<\/ul>\n","protected":false},"excerpt":{"rendered":"<p>Sangle \u00e9lastique con\u00e7ue pour remorquer un v\u00e9lo avec un autre. Aussi bien pour les adultes que pour les enfants, ainsi que pour les v\u00e9los \u00e9lectriques.<br \/>\n<strong>Emportez toujours le TRAX FLEX avec vous et remorquez qui vous voulez et quand vous le souhaitez avec votre v\u00e9lo. Un syst\u00e8me infaillible, polyvalent et tr\u00e8s simple \u00e0 utiliser !<\/strong><\/p>\n","protected":false},"featured_media":6789,"template":"","meta":[],"product_brand":[],"product_cat":[168],"product_tag":[],"class_list":{"0":"post-7013","1":"product","2":"type-product","3":"status-publish","4":"has-post-thumbnail","6":"product_cat-trax-fr","8":"first","9":"instock","10":"taxable","11":"shipping-taxable","12":"purchasable","13":"product-type-simple","14":"add-to-wishlist-after_add_to_cart"},"yoast_head":"<!-- This site is optimized with the Yoast SEO plugin v27.3 - https:\/\/yoast.com\/product\/yoast-seo-wordpress\/ -->\n<title>TRAX FLEX - TraxBike<\/title>\n<meta name=\"robots\" content=\"index, follow, max-snippet:-1, max-image-preview:large, max-video-preview:-1\" \/>\n<link rel=\"canonical\" href=\"https:\/\/traxbike.com\/fr\/produit\/trax-flex\/\" \/>\n<meta property=\"og:locale\" content=\"fr_FR\" \/>\n<meta property=\"og:type\" content=\"article\" \/>\n<meta property=\"og:title\" content=\"TRAX FLEX - TraxBike\" \/>\n<meta property=\"og:description\" content=\"Sangle \u00e9lastique con\u00e7ue pour remorquer un v\u00e9lo avec un autre. Aussi bien pour les adultes que pour les enfants, ainsi que pour les v\u00e9los \u00e9lectriques. Emportez toujours le TRAX FLEX avec vous et remorquez qui vous voulez et quand vous le souhaitez avec votre v\u00e9lo. Un syst\u00e8me infaillible, polyvalent et tr\u00e8s simple \u00e0 utiliser !\" \/>\n<meta property=\"og:url\" content=\"https:\/\/traxbike.com\/fr\/produit\/trax-flex\/\" \/>\n<meta property=\"og:site_name\" content=\"TraxBike\" \/>\n<meta property=\"article:modified_time\" content=\"2024-10-14T09:45:51+00:00\" \/>\n<meta property=\"og:image\" content=\"https:\/\/traxbike.com\/wp-content\/uploads\/2024\/06\/TraxFLEXoficial.png\" \/>\n\t<meta property=\"og:image:width\" content=\"1080\" \/>\n\t<meta property=\"og:image:height\" content=\"1080\" \/>\n\t<meta property=\"og:image:type\" content=\"image\/png\" \/>\n<meta name=\"twitter:card\" content=\"summary_large_image\" \/>\n<meta name=\"twitter:label1\" content=\"Dur\u00e9e de lecture estim\u00e9e\" \/>\n\t<meta name=\"twitter:data1\" content=\"1 minute\" \/>\n<script type=\"application\/ld+json\" class=\"yoast-schema-graph\">{\"@context\":\"https:\\\/\\\/schema.org\",\"@graph\":[{\"@type\":\"WebPage\",\"@id\":\"https:\\\/\\\/traxbike.com\\\/fr\\\/produit\\\/trax-flex\\\/\",\"url\":\"https:\\\/\\\/traxbike.com\\\/fr\\\/produit\\\/trax-flex\\\/\",\"name\":\"TRAX FLEX - TraxBike\",\"isPartOf\":{\"@id\":\"https:\\\/\\\/traxbike.com\\\/#website\"},\"primaryImageOfPage\":{\"@id\":\"https:\\\/\\\/traxbike.com\\\/fr\\\/produit\\\/trax-flex\\\/#primaryimage\"},\"image\":{\"@id\":\"https:\\\/\\\/traxbike.com\\\/fr\\\/produit\\\/trax-flex\\\/#primaryimage\"},\"thumbnailUrl\":\"https:\\\/\\\/traxbike.com\\\/wp-content\\\/uploads\\\/2024\\\/06\\\/TraxFLEXoficial.png\",\"datePublished\":\"2024-06-14T16:07:42+00:00\",\"dateModified\":\"2024-10-14T09:45:51+00:00\",\"breadcrumb\":{\"@id\":\"https:\\\/\\\/traxbike.com\\\/fr\\\/produit\\\/trax-flex\\\/#breadcrumb\"},\"inLanguage\":\"fr-FR\",\"potentialAction\":[{\"@type\":\"ReadAction\",\"target\":[\"https:\\\/\\\/traxbike.com\\\/fr\\\/produit\\\/trax-flex\\\/\"]}]},{\"@type\":\"ImageObject\",\"inLanguage\":\"fr-FR\",\"@id\":\"https:\\\/\\\/traxbike.com\\\/fr\\\/produit\\\/trax-flex\\\/#primaryimage\",\"url\":\"https:\\\/\\\/traxbike.com\\\/wp-content\\\/uploads\\\/2024\\\/06\\\/TraxFLEXoficial.png\",\"contentUrl\":\"https:\\\/\\\/traxbike.com\\\/wp-content\\\/uploads\\\/2024\\\/06\\\/TraxFLEXoficial.png\",\"width\":1080,\"height\":1080},{\"@type\":\"BreadcrumbList\",\"@id\":\"https:\\\/\\\/traxbike.com\\\/fr\\\/produit\\\/trax-flex\\\/#breadcrumb\",\"itemListElement\":[{\"@type\":\"ListItem\",\"position\":1,\"name\":\"Portada\",\"item\":\"https:\\\/\\\/traxbike.com\\\/\"},{\"@type\":\"ListItem\",\"position\":2,\"name\":\"Boutique\",\"item\":\"https:\\\/\\\/traxbike.com\\\/shop-2\\\/\"},{\"@type\":\"ListItem\",\"position\":3,\"name\":\"TRAX FLEX\"}]},{\"@type\":\"WebSite\",\"@id\":\"https:\\\/\\\/traxbike.com\\\/#website\",\"url\":\"https:\\\/\\\/traxbike.com\\\/\",\"name\":\"TraxBike\",\"description\":\"Experts in bicycle towing systems and family sports\",\"potentialAction\":[{\"@type\":\"SearchAction\",\"target\":{\"@type\":\"EntryPoint\",\"urlTemplate\":\"https:\\\/\\\/traxbike.com\\\/?s={search_term_string}\"},\"query-input\":{\"@type\":\"PropertyValueSpecification\",\"valueRequired\":true,\"valueName\":\"search_term_string\"}}],\"inLanguage\":\"fr-FR\"}]}<\/script>\n<!-- \/ Yoast SEO plugin. -->","yoast_head_json":{"title":"TRAX FLEX - TraxBike","robots":{"index":"index","follow":"follow","max-snippet":"max-snippet:-1","max-image-preview":"max-image-preview:large","max-video-preview":"max-video-preview:-1"},"canonical":"https:\/\/traxbike.com\/fr\/produit\/trax-flex\/","og_locale":"fr_FR","og_type":"article","og_title":"TRAX FLEX - TraxBike","og_description":"Sangle \u00e9lastique con\u00e7ue pour remorquer un v\u00e9lo avec un autre. Aussi bien pour les adultes que pour les enfants, ainsi que pour les v\u00e9los \u00e9lectriques. Emportez toujours le TRAX FLEX avec vous et remorquez qui vous voulez et quand vous le souhaitez avec votre v\u00e9lo. Un syst\u00e8me infaillible, polyvalent et tr\u00e8s simple \u00e0 utiliser !","og_url":"https:\/\/traxbike.com\/fr\/produit\/trax-flex\/","og_site_name":"TraxBike","article_modified_time":"2024-10-14T09:45:51+00:00","og_image":[{"width":1080,"height":1080,"url":"https:\/\/traxbike.com\/wp-content\/uploads\/2024\/06\/TraxFLEXoficial.png","type":"image\/png"}],"twitter_card":"summary_large_image","twitter_misc":{"Dur\u00e9e de lecture estim\u00e9e":"1 minute"},"schema":{"@context":"https:\/\/schema.org","@graph":[{"@type":"WebPage","@id":"https:\/\/traxbike.com\/fr\/produit\/trax-flex\/","url":"https:\/\/traxbike.com\/fr\/produit\/trax-flex\/","name":"TRAX FLEX - TraxBike","isPartOf":{"@id":"https:\/\/traxbike.com\/#website"},"primaryImageOfPage":{"@id":"https:\/\/traxbike.com\/fr\/produit\/trax-flex\/#primaryimage"},"image":{"@id":"https:\/\/traxbike.com\/fr\/produit\/trax-flex\/#primaryimage"},"thumbnailUrl":"https:\/\/traxbike.com\/wp-content\/uploads\/2024\/06\/TraxFLEXoficial.png","datePublished":"2024-06-14T16:07:42+00:00","dateModified":"2024-10-14T09:45:51+00:00","breadcrumb":{"@id":"https:\/\/traxbike.com\/fr\/produit\/trax-flex\/#breadcrumb"},"inLanguage":"fr-FR","potentialAction":[{"@type":"ReadAction","target":["https:\/\/traxbike.com\/fr\/produit\/trax-flex\/"]}]},{"@type":"ImageObject","inLanguage":"fr-FR","@id":"https:\/\/traxbike.com\/fr\/produit\/trax-flex\/#primaryimage","url":"https:\/\/traxbike.com\/wp-content\/uploads\/2024\/06\/TraxFLEXoficial.png","contentUrl":"https:\/\/traxbike.com\/wp-content\/uploads\/2024\/06\/TraxFLEXoficial.png","width":1080,"height":1080},{"@type":"BreadcrumbList","@id":"https:\/\/traxbike.com\/fr\/produit\/trax-flex\/#breadcrumb","itemListElement":[{"@type":"ListItem","position":1,"name":"Portada","item":"https:\/\/traxbike.com\/"},{"@type":"ListItem","position":2,"name":"Boutique","item":"https:\/\/traxbike.com\/shop-2\/"},{"@type":"ListItem","position":3,"name":"TRAX FLEX"}]},{"@type":"WebSite","@id":"https:\/\/traxbike.com\/#website","url":"https:\/\/traxbike.com\/","name":"TraxBike","description":"Experts in bicycle towing systems and family sports","potentialAction":[{"@type":"SearchAction","target":{"@type":"EntryPoint","urlTemplate":"https:\/\/traxbike.com\/?s={search_term_string}"},"query-input":{"@type":"PropertyValueSpecification","valueRequired":true,"valueName":"search_term_string"}}],"inLanguage":"fr-FR"}]}},"_links":{"self":[{"href":"https:\/\/traxbike.com\/fr\/wp-json\/wp\/v2\/product\/7013","targetHints":{"allow":["GET"]}}],"collection":[{"href":"https:\/\/traxbike.com\/fr\/wp-json\/wp\/v2\/product"}],"about":[{"href":"https:\/\/traxbike.com\/fr\/wp-json\/wp\/v2\/types\/product"}],"wp:featuredmedia":[{"embeddable":true,"href":"https:\/\/traxbike.com\/fr\/wp-json\/wp\/v2\/media\/6789"}],"wp:attachment":[{"href":"https:\/\/traxbike.com\/fr\/wp-json\/wp\/v2\/media?parent=7013"}],"wp:term":[{"taxonomy":"product_brand","embeddable":true,"href":"https:\/\/traxbike.com\/fr\/wp-json\/wp\/v2\/product_brand?post=7013"},{"taxonomy":"product_cat","embeddable":true,"href":"https:\/\/traxbike.com\/fr\/wp-json\/wp\/v2\/product_cat?post=7013"},{"taxonomy":"product_tag","embeddable":true,"href":"https:\/\/traxbike.com\/fr\/wp-json\/wp\/v2\/product_tag?post=7013"}],"curies":[{"name":"wp","href":"https:\/\/api.w.org\/{rel}","templated":true}]}}