{"id":7010,"date":"2024-06-14T18:14:04","date_gmt":"2024-06-14T16:14:04","guid":{"rendered":"http:\/\/nova2024.traxbike.com\/product\/kit-de-remplacement-de-cables-pour-mtb-trax\/"},"modified":"2024-06-14T18:14:04","modified_gmt":"2024-06-14T16:14:04","slug":"kit-de-remplacement-de-cables-pour-mtb-trax","status":"publish","type":"product","link":"https:\/\/traxbike.com\/fr\/produit\/kit-de-remplacement-de-cables-pour-mtb-trax\/","title":{"rendered":"Kit de remplacement de c\u00e2bles pour MTB TRAX"},"content":{"rendered":"<div class=\"woocommerce-tabs wc-tabs-wrapper\">\n<div id=\"tab-description\" class=\"woocommerce-Tabs-panel woocommerce-Tabs-panel--description panel entry-content wc-tab\" role=\"tabpanel\" aria-labelledby=\"tab-title-description\">\n<div class=\"wpb-content-wrapper\">\n<div class=\"vc_row wpb_row vc_row-fluid\">\n<div class=\"wpb_column vc_column_container vc_col-sm-12\">\n<div class=\"vc_column-inner\">\n<div class=\"wpb_wrapper\">\n<div class=\"wpb_text_column wpb_content_element \">\n<div class=\"wpb_wrapper\">\n<p>C\u00e2ble de remplacement POUR MTB TRAX avec 2 autocollants lat\u00e9raux.<\/p>\n<\/div><\/div>\n<\/p><\/div>\n<\/p><\/div>\n<\/p><\/div>\n<\/p><\/div>\n<\/p><\/div>\n<\/p><\/div>\n<\/p><\/div>\n<section class=\"related products\"><\/section>\n","protected":false},"excerpt":{"rendered":"<p>Compatible avec les produits : TRAX MTB<\/p>\n<p><strong>Comprend :<\/strong><\/p>\n<ul>\n<li>C\u00e2ble de remplacement POUR MTB TRAX<\/li>\n<li>2 autocollants lat\u00e9raux<\/li>\n<li>Instructions de montage<\/li>\n<\/ul>\n<p><strong>Didacticiel vid\u00e9o:<\/strong> <a href=\"https:\/\/www.youtube.com\/watch?v=WycCjpIsa9U\" target=\"_blank\" rel=\"noopener\">https:\/\/www.youtube.com\/watch?v=WycCjpIsa9U<\/a><\/p>\n","protected":false},"featured_media":6792,"template":"","meta":[],"product_brand":[],"product_cat":[165],"product_tag":[],"class_list":{"0":"post-7010","1":"product","2":"type-product","3":"status-publish","4":"has-post-thumbnail","6":"product_cat-accessoires","8":"first","9":"instock","10":"taxable","11":"shipping-taxable","12":"purchasable","13":"product-type-simple","14":"add-to-wishlist-after_add_to_cart"},"yoast_head":"<!-- This site is optimized with the Yoast SEO plugin v27.3 - https:\/\/yoast.com\/product\/yoast-seo-wordpress\/ -->\n<title>Kit de remplacement de c\u00e2bles pour MTB TRAX - TraxBike<\/title>\n<meta name=\"robots\" content=\"index, follow, max-snippet:-1, max-image-preview:large, max-video-preview:-1\" \/>\n<link rel=\"canonical\" href=\"https:\/\/traxbike.com\/produit\/cable-replacement-kit-for-trax-mtb\/\" \/>\n<meta property=\"og:locale\" content=\"fr_FR\" \/>\n<meta property=\"og:type\" content=\"article\" \/>\n<meta property=\"og:title\" content=\"Kit de remplacement de c\u00e2bles pour MTB TRAX - TraxBike\" \/>\n<meta property=\"og:description\" content=\"Compatible avec les produits : TRAX MTB Comprend :  C\u00e2ble de remplacement POUR MTB TRAX  2 autocollants lat\u00e9raux  Instructions de montage Didacticiel vid\u00e9o: https:\/\/www.youtube.com\/watch?v=WycCjpIsa9U\" \/>\n<meta property=\"og:url\" content=\"https:\/\/traxbike.com\/produit\/cable-replacement-kit-for-trax-mtb\/\" \/>\n<meta property=\"og:site_name\" content=\"TraxBike\" \/>\n<meta property=\"og:image\" content=\"https:\/\/traxbike.com\/wp-content\/uploads\/2024\/06\/Trax-REPLACEMENT.png\" \/>\n\t<meta property=\"og:image:width\" content=\"1080\" \/>\n\t<meta property=\"og:image:height\" content=\"1080\" \/>\n\t<meta property=\"og:image:type\" content=\"image\/png\" \/>\n<meta name=\"twitter:card\" content=\"summary_large_image\" \/>\n<script type=\"application\/ld+json\" class=\"yoast-schema-graph\">{\"@context\":\"https:\\\/\\\/schema.org\",\"@graph\":[{\"@type\":\"WebPage\",\"@id\":\"https:\\\/\\\/traxbike.com\\\/produit\\\/cable-replacement-kit-for-trax-mtb\\\/\",\"url\":\"https:\\\/\\\/traxbike.com\\\/produit\\\/cable-replacement-kit-for-trax-mtb\\\/\",\"name\":\"Kit de remplacement de c\u00e2bles pour MTB TRAX - TraxBike\",\"isPartOf\":{\"@id\":\"https:\\\/\\\/traxbike.com\\\/#website\"},\"primaryImageOfPage\":{\"@id\":\"https:\\\/\\\/traxbike.com\\\/produit\\\/cable-replacement-kit-for-trax-mtb\\\/#primaryimage\"},\"image\":{\"@id\":\"https:\\\/\\\/traxbike.com\\\/produit\\\/cable-replacement-kit-for-trax-mtb\\\/#primaryimage\"},\"thumbnailUrl\":\"https:\\\/\\\/traxbike.com\\\/wp-content\\\/uploads\\\/2024\\\/06\\\/Trax-REPLACEMENT.png\",\"datePublished\":\"2024-06-14T16:14:04+00:00\",\"breadcrumb\":{\"@id\":\"https:\\\/\\\/traxbike.com\\\/produit\\\/cable-replacement-kit-for-trax-mtb\\\/#breadcrumb\"},\"inLanguage\":\"fr-FR\",\"potentialAction\":[{\"@type\":\"ReadAction\",\"target\":[\"https:\\\/\\\/traxbike.com\\\/produit\\\/cable-replacement-kit-for-trax-mtb\\\/\"]}]},{\"@type\":\"ImageObject\",\"inLanguage\":\"fr-FR\",\"@id\":\"https:\\\/\\\/traxbike.com\\\/produit\\\/cable-replacement-kit-for-trax-mtb\\\/#primaryimage\",\"url\":\"https:\\\/\\\/traxbike.com\\\/wp-content\\\/uploads\\\/2024\\\/06\\\/Trax-REPLACEMENT.png\",\"contentUrl\":\"https:\\\/\\\/traxbike.com\\\/wp-content\\\/uploads\\\/2024\\\/06\\\/Trax-REPLACEMENT.png\",\"width\":1080,\"height\":1080},{\"@type\":\"BreadcrumbList\",\"@id\":\"https:\\\/\\\/traxbike.com\\\/produit\\\/cable-replacement-kit-for-trax-mtb\\\/#breadcrumb\",\"itemListElement\":[{\"@type\":\"ListItem\",\"position\":1,\"name\":\"Portada\",\"item\":\"https:\\\/\\\/traxbike.com\\\/\"},{\"@type\":\"ListItem\",\"position\":2,\"name\":\"Boutique\",\"item\":\"https:\\\/\\\/traxbike.com\\\/shop-2\\\/\"},{\"@type\":\"ListItem\",\"position\":3,\"name\":\"Kit de remplacement de c\u00e2bles pour MTB TRAX\"}]},{\"@type\":\"WebSite\",\"@id\":\"https:\\\/\\\/traxbike.com\\\/#website\",\"url\":\"https:\\\/\\\/traxbike.com\\\/\",\"name\":\"TraxBike\",\"description\":\"Experts in bicycle towing systems and family sports\",\"potentialAction\":[{\"@type\":\"SearchAction\",\"target\":{\"@type\":\"EntryPoint\",\"urlTemplate\":\"https:\\\/\\\/traxbike.com\\\/?s={search_term_string}\"},\"query-input\":{\"@type\":\"PropertyValueSpecification\",\"valueRequired\":true,\"valueName\":\"search_term_string\"}}],\"inLanguage\":\"fr-FR\"}]}<\/script>\n<!-- \/ Yoast SEO plugin. -->","yoast_head_json":{"title":"Kit de remplacement de c\u00e2bles pour MTB TRAX - TraxBike","robots":{"index":"index","follow":"follow","max-snippet":"max-snippet:-1","max-image-preview":"max-image-preview:large","max-video-preview":"max-video-preview:-1"},"canonical":"https:\/\/traxbike.com\/produit\/cable-replacement-kit-for-trax-mtb\/","og_locale":"fr_FR","og_type":"article","og_title":"Kit de remplacement de c\u00e2bles pour MTB TRAX - TraxBike","og_description":"Compatible avec les produits : TRAX MTB Comprend :  C\u00e2ble de remplacement POUR MTB TRAX  2 autocollants lat\u00e9raux  Instructions de montage Didacticiel vid\u00e9o: https:\/\/www.youtube.com\/watch?v=WycCjpIsa9U","og_url":"https:\/\/traxbike.com\/produit\/cable-replacement-kit-for-trax-mtb\/","og_site_name":"TraxBike","og_image":[{"width":1080,"height":1080,"url":"https:\/\/traxbike.com\/wp-content\/uploads\/2024\/06\/Trax-REPLACEMENT.png","type":"image\/png"}],"twitter_card":"summary_large_image","schema":{"@context":"https:\/\/schema.org","@graph":[{"@type":"WebPage","@id":"https:\/\/traxbike.com\/produit\/cable-replacement-kit-for-trax-mtb\/","url":"https:\/\/traxbike.com\/produit\/cable-replacement-kit-for-trax-mtb\/","name":"Kit de remplacement de c\u00e2bles pour MTB TRAX - TraxBike","isPartOf":{"@id":"https:\/\/traxbike.com\/#website"},"primaryImageOfPage":{"@id":"https:\/\/traxbike.com\/produit\/cable-replacement-kit-for-trax-mtb\/#primaryimage"},"image":{"@id":"https:\/\/traxbike.com\/produit\/cable-replacement-kit-for-trax-mtb\/#primaryimage"},"thumbnailUrl":"https:\/\/traxbike.com\/wp-content\/uploads\/2024\/06\/Trax-REPLACEMENT.png","datePublished":"2024-06-14T16:14:04+00:00","breadcrumb":{"@id":"https:\/\/traxbike.com\/produit\/cable-replacement-kit-for-trax-mtb\/#breadcrumb"},"inLanguage":"fr-FR","potentialAction":[{"@type":"ReadAction","target":["https:\/\/traxbike.com\/produit\/cable-replacement-kit-for-trax-mtb\/"]}]},{"@type":"ImageObject","inLanguage":"fr-FR","@id":"https:\/\/traxbike.com\/produit\/cable-replacement-kit-for-trax-mtb\/#primaryimage","url":"https:\/\/traxbike.com\/wp-content\/uploads\/2024\/06\/Trax-REPLACEMENT.png","contentUrl":"https:\/\/traxbike.com\/wp-content\/uploads\/2024\/06\/Trax-REPLACEMENT.png","width":1080,"height":1080},{"@type":"BreadcrumbList","@id":"https:\/\/traxbike.com\/produit\/cable-replacement-kit-for-trax-mtb\/#breadcrumb","itemListElement":[{"@type":"ListItem","position":1,"name":"Portada","item":"https:\/\/traxbike.com\/"},{"@type":"ListItem","position":2,"name":"Boutique","item":"https:\/\/traxbike.com\/shop-2\/"},{"@type":"ListItem","position":3,"name":"Kit de remplacement de c\u00e2bles pour MTB TRAX"}]},{"@type":"WebSite","@id":"https:\/\/traxbike.com\/#website","url":"https:\/\/traxbike.com\/","name":"TraxBike","description":"Experts in bicycle towing systems and family sports","potentialAction":[{"@type":"SearchAction","target":{"@type":"EntryPoint","urlTemplate":"https:\/\/traxbike.com\/?s={search_term_string}"},"query-input":{"@type":"PropertyValueSpecification","valueRequired":true,"valueName":"search_term_string"}}],"inLanguage":"fr-FR"}]}},"_links":{"self":[{"href":"https:\/\/traxbike.com\/fr\/wp-json\/wp\/v2\/product\/7010","targetHints":{"allow":["GET"]}}],"collection":[{"href":"https:\/\/traxbike.com\/fr\/wp-json\/wp\/v2\/product"}],"about":[{"href":"https:\/\/traxbike.com\/fr\/wp-json\/wp\/v2\/types\/product"}],"wp:featuredmedia":[{"embeddable":true,"href":"https:\/\/traxbike.com\/fr\/wp-json\/wp\/v2\/media\/6792"}],"wp:attachment":[{"href":"https:\/\/traxbike.com\/fr\/wp-json\/wp\/v2\/media?parent=7010"}],"wp:term":[{"taxonomy":"product_brand","embeddable":true,"href":"https:\/\/traxbike.com\/fr\/wp-json\/wp\/v2\/product_brand?post=7010"},{"taxonomy":"product_cat","embeddable":true,"href":"https:\/\/traxbike.com\/fr\/wp-json\/wp\/v2\/product_cat?post=7010"},{"taxonomy":"product_tag","embeddable":true,"href":"https:\/\/traxbike.com\/fr\/wp-json\/wp\/v2\/product_tag?post=7010"}],"curies":[{"name":"wp","href":"https:\/\/api.w.org\/{rel}","templated":true}]}}