{"id":7763,"date":"2024-06-14T18:33:04","date_gmt":"2024-06-14T16:33:04","guid":{"rendered":"https:\/\/traxbike.com\/politique-de-cookies\/"},"modified":"2024-10-18T17:49:35","modified_gmt":"2024-10-18T15:49:35","slug":"politique-de-cookies","status":"publish","type":"page","link":"https:\/\/traxbike.com\/fr\/politique-de-cookies\/","title":{"rendered":"POLITIQUE DE COOKIES"},"content":{"rendered":"\n<h1 class=\"wp-block-heading\">POLITIQUE DE COOKIES<\/h1>\n\n<p>Un cookie est un petit fichier texte qui est stock\u00e9 dans votre navigateur lorsque vous visitez presque n&#8217;importe quelle page Web. Son utilit\u00e9 est que le Web est capable de se souvenir de votre visite lorsque vous revenez sur cette page. Les cookies stockent g\u00e9n\u00e9ralement des informations de nature technique, des pr\u00e9f\u00e9rences personnelles, la personnalisation du contenu, des statistiques d&#8217;utilisation, des liens vers les r\u00e9seaux sociaux, l&#8217;acc\u00e8s aux comptes d&#8217;utilisateurs, etc. Le but du cookie est d&#8217;adapter le contenu du Web \u00e0 votre profil et \u00e0 vos besoins, sans cookies les services offerts par n&#8217;importe quelle page seraient consid\u00e9rablement r\u00e9duits. Si vous souhaitez consulter plus d&#8217;informations sur ce que sont les cookies, ce qu&#8217;ils stockent, comment les \u00e9liminer, les d\u00e9sactiver, etc.,\u00a0<a href=\"https:\/\/traxbike.com\/more-information-about-cookies\/\">veuillez cliquer sur ce lien.<\/a><\/p>\n\n<h2 class=\"wp-block-heading\">Cookies utilis\u00e9s sur ce site<\/h2>\n\n<p>Conform\u00e9ment aux directives de l&#8217;Agence Espagnole de Protection des Donn\u00e9es, nous proc\u00e9dons \u00e0 d\u00e9tailler l&#8217;utilisation des cookies r\u00e9alis\u00e9s par ce site Web afin de vous informer le plus pr\u00e9cis\u00e9ment possible.<\/p>\n\n<p>Ce site Web utilise les cookies suivants\u00a0:<\/p>\n\n<ul class=\"wp-block-list\">\n<li>Cookies de session, pour garantir que les utilisateurs qui \u00e9crivent des commentaires sur le blog sont des humains et non des applications automatis\u00e9es. De cette fa\u00e7on, le spam est combattu.<\/li>\n<\/ul>\n\n<p>Ce site Web utilise les cookies tiers suivants\u00a0:<\/p>\n\n<ul class=\"wp-block-list\">\n<li>Google Analytics : stocke des cookies pour pouvoir \u00e9tablir des statistiques sur le trafic et le volume des visites sur ce site Web. En utilisant ce site Web, vous consentez au traitement des informations vous concernant par Google. Par cons\u00e9quent, l&#8217;exercice de tout droit en ce sens doit se faire en communiquant directement avec Google.<\/li>\n\n\n\n<li>R\u00e9seaux sociaux : Chaque r\u00e9seau social utilise ses propres cookies afin que vous puissiez cliquer sur les boutons J&#8217;aime ou Partager.<\/li>\n<\/ul>\n\n<h2 class=\"wp-block-heading\">D\u00e9sactivation ou \u00e9limination des cookies<\/h2>\n\n<p>\u00c0 tout moment, vous pouvez exercer votre droit de d\u00e9sactiver ou d&#8217;\u00e9liminer les cookies de ce site Web. Ces actions sont effectu\u00e9es diff\u00e9remment selon le navigateur que vous utilisez. <a href=\"https:\/\/traxbike.com\/more-information-about-cookies\/\">Voici un guide rapide pour les navigateurs les plus populaires.<\/a><\/p>\n\n<h2 class=\"wp-block-heading\">Notes compl\u00e9mentaires<\/h2>\n\n<ul class=\"wp-block-list\">\n<li>Ni ce site Web ni ses repr\u00e9sentants l\u00e9gaux ne sont responsables du contenu ou de la v\u00e9racit\u00e9 des politiques de confidentialit\u00e9 qui peuvent \u00eatre d\u00e9tenues par les tiers mentionn\u00e9s dans cette politique de cookies.<\/li>\n\n\n\n<li>Les navigateurs Web sont les outils charg\u00e9s de stocker les cookies et c&#8217;est \u00e0 partir de l\u00e0 que vous devez exercer votre droit de les \u00e9liminer ou de les d\u00e9sactiver. Ni ce site Web ni ses repr\u00e9sentants l\u00e9gaux ne peuvent garantir la manipulation correcte ou incorrecte des cookies par les navigateurs susmentionn\u00e9s.<\/li>\n\n\n\n<li>Dans certains cas, il est n\u00e9cessaire d\u2019installer des\u00a0<em>cookies<\/em>\u00a0afin que le navigateur n\u2019oublie pas sa d\u00e9cision de ne pas les accepter.<\/li>\n\n\n\n<li>Dans le cas des cookies de Google Analytics, cette soci\u00e9t\u00e9 stocke les cookies sur des serveurs situ\u00e9s aux \u00c9tats-Unis et s&#8217;engage \u00e0 ne pas les partager avec des tiers, sauf dans les cas o\u00f9 cela est n\u00e9cessaire au fonctionnement du syst\u00e8me ou lorsque la loi l&#8217;exige. Selon Google, elle n&#8217;enregistre pas votre adresse IP. Google Inc. est une soci\u00e9t\u00e9 adh\u00e9rant \u00e0 l&#8217;accord Safe Harbor qui garantit que toutes les donn\u00e9es transf\u00e9r\u00e9es seront trait\u00e9es avec un niveau de protection conforme \u00e0 la r\u00e9glementation europ\u00e9enne. Vous pouvez consulter des informations d\u00e9taill\u00e9es \u00e0 ce sujet <a href=\"http:\/\/safeharbor.export.gov\/companyinfo.aspx?id=16626\">sur ce lien<\/a>. Si vous souhaitez des informations sur l&#8217;utilisation que Google donne aux cookies <a href=\"https:\/\/developers.google.com\/analytics\/devguides\/collection\/analyticsjs\/cookie-usage?hl=es&amp;csw=1\">nous joignons cet autre lien<\/a>.<\/li>\n\n\n\n<li>Pour toute question ou demande concernant cette politique de cookies, n&#8217;h\u00e9sitez pas \u00e0 nous contacter via la rubrique contact.<\/li>\n<\/ul>\n","protected":false},"excerpt":{"rendered":"<p>POLITIQUE DE COOKIES Un cookie est un petit fichier texte qui est stock\u00e9 dans votre navigateur lorsque vous visitez presque n&#8217;importe quelle page Web. Son utilit\u00e9 est que le Web est capable de se souvenir de votre visite lorsque vous revenez sur cette page. Les cookies stockent g\u00e9n\u00e9ralement des informations de nature technique, des pr\u00e9f\u00e9rences [&hellip;]<\/p>\n","protected":false},"author":1,"featured_media":0,"parent":0,"menu_order":0,"comment_status":"closed","ping_status":"closed","template":"","meta":{"footnotes":""},"class_list":["post-7763","page","type-page","status-publish","hentry"],"yoast_head":"<!-- This site is optimized with the Yoast SEO plugin v27.3 - https:\/\/yoast.com\/product\/yoast-seo-wordpress\/ -->\n<title>POLITIQUE DE COOKIES - TraxBike<\/title>\n<meta name=\"robots\" content=\"index, follow, max-snippet:-1, max-image-preview:large, max-video-preview:-1\" \/>\n<link rel=\"canonical\" href=\"https:\/\/traxbike.com\/fr\/politique-de-cookies\/\" \/>\n<meta property=\"og:locale\" content=\"fr_FR\" \/>\n<meta property=\"og:type\" content=\"article\" \/>\n<meta property=\"og:title\" content=\"POLITIQUE DE COOKIES - TraxBike\" \/>\n<meta property=\"og:description\" content=\"POLITIQUE DE COOKIES Un cookie est un petit fichier texte qui est stock\u00e9 dans votre navigateur lorsque vous visitez presque n&#8217;importe quelle page Web. Son utilit\u00e9 est que le Web est capable de se souvenir de votre visite lorsque vous revenez sur cette page. Les cookies stockent g\u00e9n\u00e9ralement des informations de nature technique, des pr\u00e9f\u00e9rences [&hellip;]\" \/>\n<meta property=\"og:url\" content=\"https:\/\/traxbike.com\/fr\/politique-de-cookies\/\" \/>\n<meta property=\"og:site_name\" content=\"TraxBike\" \/>\n<meta property=\"article:modified_time\" content=\"2024-10-18T15:49:35+00:00\" \/>\n<meta name=\"twitter:card\" content=\"summary_large_image\" \/>\n<meta name=\"twitter:label1\" content=\"Dur\u00e9e de lecture estim\u00e9e\" \/>\n\t<meta name=\"twitter:data1\" content=\"3 minutes\" \/>\n<script type=\"application\/ld+json\" class=\"yoast-schema-graph\">{\"@context\":\"https:\\\/\\\/schema.org\",\"@graph\":[{\"@type\":\"WebPage\",\"@id\":\"https:\\\/\\\/traxbike.com\\\/fr\\\/politique-de-cookies\\\/\",\"url\":\"https:\\\/\\\/traxbike.com\\\/fr\\\/politique-de-cookies\\\/\",\"name\":\"POLITIQUE DE COOKIES - TraxBike\",\"isPartOf\":{\"@id\":\"https:\\\/\\\/traxbike.com\\\/#website\"},\"datePublished\":\"2024-06-14T16:33:04+00:00\",\"dateModified\":\"2024-10-18T15:49:35+00:00\",\"breadcrumb\":{\"@id\":\"https:\\\/\\\/traxbike.com\\\/fr\\\/politique-de-cookies\\\/#breadcrumb\"},\"inLanguage\":\"fr-FR\",\"potentialAction\":[{\"@type\":\"ReadAction\",\"target\":[\"https:\\\/\\\/traxbike.com\\\/fr\\\/politique-de-cookies\\\/\"]}]},{\"@type\":\"BreadcrumbList\",\"@id\":\"https:\\\/\\\/traxbike.com\\\/fr\\\/politique-de-cookies\\\/#breadcrumb\",\"itemListElement\":[{\"@type\":\"ListItem\",\"position\":1,\"name\":\"Portada\",\"item\":\"https:\\\/\\\/traxbike.com\\\/\"},{\"@type\":\"ListItem\",\"position\":2,\"name\":\"POLITIQUE DE COOKIES\"}]},{\"@type\":\"WebSite\",\"@id\":\"https:\\\/\\\/traxbike.com\\\/#website\",\"url\":\"https:\\\/\\\/traxbike.com\\\/\",\"name\":\"TraxBike\",\"description\":\"Experts in bicycle towing systems and family sports\",\"potentialAction\":[{\"@type\":\"SearchAction\",\"target\":{\"@type\":\"EntryPoint\",\"urlTemplate\":\"https:\\\/\\\/traxbike.com\\\/?s={search_term_string}\"},\"query-input\":{\"@type\":\"PropertyValueSpecification\",\"valueRequired\":true,\"valueName\":\"search_term_string\"}}],\"inLanguage\":\"fr-FR\"}]}<\/script>\n<!-- \/ Yoast SEO plugin. -->","yoast_head_json":{"title":"POLITIQUE DE COOKIES - TraxBike","robots":{"index":"index","follow":"follow","max-snippet":"max-snippet:-1","max-image-preview":"max-image-preview:large","max-video-preview":"max-video-preview:-1"},"canonical":"https:\/\/traxbike.com\/fr\/politique-de-cookies\/","og_locale":"fr_FR","og_type":"article","og_title":"POLITIQUE DE COOKIES - TraxBike","og_description":"POLITIQUE DE COOKIES Un cookie est un petit fichier texte qui est stock\u00e9 dans votre navigateur lorsque vous visitez presque n&#8217;importe quelle page Web. Son utilit\u00e9 est que le Web est capable de se souvenir de votre visite lorsque vous revenez sur cette page. Les cookies stockent g\u00e9n\u00e9ralement des informations de nature technique, des pr\u00e9f\u00e9rences [&hellip;]","og_url":"https:\/\/traxbike.com\/fr\/politique-de-cookies\/","og_site_name":"TraxBike","article_modified_time":"2024-10-18T15:49:35+00:00","twitter_card":"summary_large_image","twitter_misc":{"Dur\u00e9e de lecture estim\u00e9e":"3 minutes"},"schema":{"@context":"https:\/\/schema.org","@graph":[{"@type":"WebPage","@id":"https:\/\/traxbike.com\/fr\/politique-de-cookies\/","url":"https:\/\/traxbike.com\/fr\/politique-de-cookies\/","name":"POLITIQUE DE COOKIES - TraxBike","isPartOf":{"@id":"https:\/\/traxbike.com\/#website"},"datePublished":"2024-06-14T16:33:04+00:00","dateModified":"2024-10-18T15:49:35+00:00","breadcrumb":{"@id":"https:\/\/traxbike.com\/fr\/politique-de-cookies\/#breadcrumb"},"inLanguage":"fr-FR","potentialAction":[{"@type":"ReadAction","target":["https:\/\/traxbike.com\/fr\/politique-de-cookies\/"]}]},{"@type":"BreadcrumbList","@id":"https:\/\/traxbike.com\/fr\/politique-de-cookies\/#breadcrumb","itemListElement":[{"@type":"ListItem","position":1,"name":"Portada","item":"https:\/\/traxbike.com\/"},{"@type":"ListItem","position":2,"name":"POLITIQUE DE COOKIES"}]},{"@type":"WebSite","@id":"https:\/\/traxbike.com\/#website","url":"https:\/\/traxbike.com\/","name":"TraxBike","description":"Experts in bicycle towing systems and family sports","potentialAction":[{"@type":"SearchAction","target":{"@type":"EntryPoint","urlTemplate":"https:\/\/traxbike.com\/?s={search_term_string}"},"query-input":{"@type":"PropertyValueSpecification","valueRequired":true,"valueName":"search_term_string"}}],"inLanguage":"fr-FR"}]}},"_links":{"self":[{"href":"https:\/\/traxbike.com\/fr\/wp-json\/wp\/v2\/pages\/7763","targetHints":{"allow":["GET"]}}],"collection":[{"href":"https:\/\/traxbike.com\/fr\/wp-json\/wp\/v2\/pages"}],"about":[{"href":"https:\/\/traxbike.com\/fr\/wp-json\/wp\/v2\/types\/page"}],"author":[{"embeddable":true,"href":"https:\/\/traxbike.com\/fr\/wp-json\/wp\/v2\/users\/1"}],"replies":[{"embeddable":true,"href":"https:\/\/traxbike.com\/fr\/wp-json\/wp\/v2\/comments?post=7763"}],"version-history":[{"count":1,"href":"https:\/\/traxbike.com\/fr\/wp-json\/wp\/v2\/pages\/7763\/revisions"}],"predecessor-version":[{"id":7764,"href":"https:\/\/traxbike.com\/fr\/wp-json\/wp\/v2\/pages\/7763\/revisions\/7764"}],"wp:attachment":[{"href":"https:\/\/traxbike.com\/fr\/wp-json\/wp\/v2\/media?parent=7763"}],"curies":[{"name":"wp","href":"https:\/\/api.w.org\/{rel}","templated":true}]}}