{"id":6978,"date":"2022-11-04T15:36:36","date_gmt":"2022-11-04T14:36:36","guid":{"rendered":"http:\/\/nova2024.traxbike.com\/a-propos-de-nous\/"},"modified":"2026-02-10T10:37:29","modified_gmt":"2026-02-10T09:37:29","slug":"a-propos-de-nous","status":"publish","type":"page","link":"https:\/\/traxbike.com\/fr\/a-propos-de-nous\/","title":{"rendered":"A propos de nous"},"content":{"rendered":"\t\t<div data-elementor-type=\"wp-page\" data-elementor-id=\"6978\" class=\"elementor elementor-6978 elementor-5093\" data-elementor-post-type=\"page\">\n\t\t\t\t<div class=\"elementor-element elementor-element-19df130 e-flex e-con-boxed e-con e-parent\" data-id=\"19df130\" data-element_type=\"container\" data-e-type=\"container\">\n\t\t\t\t\t<div class=\"e-con-inner\">\n\t\t\t\t<div class=\"elementor-element elementor-element-6b26eee elementor-widget elementor-widget-heading\" data-id=\"6b26eee\" data-element_type=\"widget\" data-e-type=\"widget\" data-widget_type=\"heading.default\">\n\t\t\t\t<div class=\"elementor-widget-container\">\n\t\t\t\t\t<h2 class=\"elementor-heading-title elementor-size-default\">\u00c0 propos de TRAX BIKE SOLUTIONS<\/h2>\t\t\t\t<\/div>\n\t\t\t\t<\/div>\n\t\t\t\t<div class=\"elementor-element elementor-element-4a96844 elementor-widget__width-initial elementor-widget elementor-widget-text-editor\" data-id=\"4a96844\" data-element_type=\"widget\" data-e-type=\"widget\" data-widget_type=\"text-editor.default\">\n\t\t\t\t<div class=\"elementor-widget-container\">\n\t\t\t\t\t\t\t\t\t<p style=\"text-align: JUSTIFY;\">Tout a commenc\u00e9 en 2018 \u00e0 Barcelone sur un parcours de VTT ensemble, normal, comme toujours&#8230; Ce jour-l\u00e0, nous avons r\u00e9alis\u00e9 que le temps que nous avons pass\u00e9 ensemble \u00e0 pratiquer le sport en plein air nous a rempli de positivit\u00e9 et d&#8217;exp\u00e9riences que nous n&#8217;oublierons jamais&#8230;.<\/p>\t\t\t\t\t\t\t\t<\/div>\n\t\t\t\t<\/div>\n\t\t\t\t\t<\/div>\n\t\t\t\t<\/div>\n\t\t<div class=\"elementor-element elementor-element-84d6d60 e-flex e-con-boxed e-con e-parent\" data-id=\"84d6d60\" data-element_type=\"container\" data-e-type=\"container\">\n\t\t\t\t\t<div class=\"e-con-inner\">\n\t\t<div class=\"elementor-element elementor-element-df5da85 e-con-full e-flex e-con e-child\" data-id=\"df5da85\" data-element_type=\"container\" data-e-type=\"container\">\n\t\t\t\t<div class=\"elementor-element elementor-element-68d8c83 elementor-widget elementor-widget-image\" data-id=\"68d8c83\" data-element_type=\"widget\" data-e-type=\"widget\" data-widget_type=\"image.default\">\n\t\t\t\t<div class=\"elementor-widget-container\">\n\t\t\t\t\t\t\t\t\t\t\t\t\t\t\t<img fetchpriority=\"high\" decoding=\"async\" width=\"1024\" height=\"683\" src=\"https:\/\/traxbike.com\/wp-content\/uploads\/2024\/06\/equip-1024x683.jpg\" class=\"attachment-large size-large wp-image-6780\" alt=\"\" srcset=\"https:\/\/traxbike.com\/wp-content\/uploads\/2024\/06\/equip-1024x683.jpg 1024w, https:\/\/traxbike.com\/wp-content\/uploads\/2024\/06\/equip-300x200.jpg 300w, https:\/\/traxbike.com\/wp-content\/uploads\/2024\/06\/equip-768x512.jpg 768w, https:\/\/traxbike.com\/wp-content\/uploads\/2024\/06\/equip-1536x1024.jpg 1536w, https:\/\/traxbike.com\/wp-content\/uploads\/2024\/06\/equip-1000x667.jpg 1000w, https:\/\/traxbike.com\/wp-content\/uploads\/2024\/06\/equip.jpg 1600w\" sizes=\"(max-width: 1024px) 100vw, 1024px\" \/>\t\t\t\t\t\t\t\t\t\t\t\t\t\t\t<\/div>\n\t\t\t\t<\/div>\n\t\t\t\t<\/div>\n\t\t<div class=\"elementor-element elementor-element-bbeab9c e-con-full e-flex e-con e-child\" data-id=\"bbeab9c\" data-element_type=\"container\" data-e-type=\"container\">\n\t\t\t\t<div class=\"elementor-element elementor-element-9ef3237 elementor-widget elementor-widget-spacer\" data-id=\"9ef3237\" data-element_type=\"widget\" data-e-type=\"widget\" data-widget_type=\"spacer.default\">\n\t\t\t\t<div class=\"elementor-widget-container\">\n\t\t\t\t\t\t\t<div class=\"elementor-spacer\">\n\t\t\t<div class=\"elementor-spacer-inner\"><\/div>\n\t\t<\/div>\n\t\t\t\t\t\t<\/div>\n\t\t\t\t<\/div>\n\t\t\t\t<div class=\"elementor-element elementor-element-f9a1bb9 elementor-widget-tablet__width-initial elementor-widget elementor-widget-text-editor\" data-id=\"f9a1bb9\" data-element_type=\"widget\" data-e-type=\"widget\" data-widget_type=\"text-editor.default\">\n\t\t\t\t<div class=\"elementor-widget-container\">\n\t\t\t\t\t\t\t\t\t<p style=\"text-align: justify;\">Ce sentiment nous a fait r\u00e9fl\u00e9chir \u00e0 un syst\u00e8me pour partager des exp\u00e9riences sur deux roues avec les personnes que nous aimons le plus au monde et qui, jusque-l\u00e0, nous n&#8217;avions pas pens\u00e9 pouvoir le faire avec nous par manque d&#8217;exp\u00e9rience ou de forme physique&#8230; Filles , fils, parents, m\u00e8res, amis ?<\/p>\n<p style=\"text-align: justify;\">Eh bien, nous y sommes, un r\u00eave devenu r\u00e9alit\u00e9. Nous sommes Merc\u00e8 et Guillem et nous sommes ravis de pouvoir apporter notre grain de sable \u00e0 la mission de rendre les sports de plein air accessibles \u00e0 tous et que ces bons moments puissent \u00eatre partag\u00e9s avec ceux que nous aimons le plus. Nous esp\u00e9rons que tout le monde pourra profiter de nos produits autant que nous aimons les utiliser et faire de ce projet une r\u00e9alit\u00e9.<\/p>\n<p style=\"text-align: justify;\">L&#8217;\u00e9quipe TRAX BIKE SOLUTIONS con\u00e7oit, d\u00e9veloppe et teste nos produits avec soin et expertise en ing\u00e9nierie, nous fabriquons tous les v\u00eatements aupr\u00e8s des meilleurs fabricants locaux disponibles et testons chaque produit individuellement.<\/p>\n<p style=\"text-align: justify;\">Mais nous le faisons avant tout par passion des sports de plein air et par envie de partager ces moments fantastiques de la vie avec nos proches.<\/p>\n<p style=\"text-align: justify;\"><em>&#8220;Le plaisir de toute activit\u00e9 est doubl\u00e9 lorsque l&#8217;on vit avec une autre personne qui partage la m\u00eame exp\u00e9rience&#8221;<\/em><\/p>\t\t\t\t\t\t\t\t<\/div>\n\t\t\t\t<\/div>\n\t\t\t\t<div class=\"elementor-element elementor-element-2e2366c elementor-widget elementor-widget-spacer\" data-id=\"2e2366c\" data-element_type=\"widget\" data-e-type=\"widget\" data-widget_type=\"spacer.default\">\n\t\t\t\t<div class=\"elementor-widget-container\">\n\t\t\t\t\t\t\t<div class=\"elementor-spacer\">\n\t\t\t<div class=\"elementor-spacer-inner\"><\/div>\n\t\t<\/div>\n\t\t\t\t\t\t<\/div>\n\t\t\t\t<\/div>\n\t\t\t\t<\/div>\n\t\t\t\t\t<\/div>\n\t\t\t\t<\/div>\n\t\t<div class=\"elementor-element elementor-element-3f0b34a e-flex e-con-boxed e-con e-parent\" data-id=\"3f0b34a\" data-element_type=\"container\" data-e-type=\"container\">\n\t\t\t\t\t<div class=\"e-con-inner\">\n\t\t<div class=\"elementor-element elementor-element-e0864eb e-con-full e-flex e-con e-child\" data-id=\"e0864eb\" data-element_type=\"container\" data-e-type=\"container\">\n\t\t\t\t<div class=\"elementor-element elementor-element-ce0112e elementor-widget-tablet__width-initial elementor-widget elementor-widget-text-editor\" data-id=\"ce0112e\" data-element_type=\"widget\" data-e-type=\"widget\" data-widget_type=\"text-editor.default\">\n\t\t\t\t<div class=\"elementor-widget-container\">\n\t\t\t\t\t\t\t\t\t<p style=\"text-align: justify;\">Si vous recevez un produit d\u00e9fectueux, ne paniquez pas. Voici notre politique de garantie claire : Nous sommes tr\u00e8s stricts dans nos contr\u00f4les de qualit\u00e9, mais parfois les choses peuvent mal tourner. Si vous recevez un produit d\u00e9fectueux, m\u00eame des mois apr\u00e8s l&#8217;installation, veuillez nous envoyer un e-mail et nous trouverons une solution. Oui, nous travaillons pour un taux de satisfaction de 100%.<\/p>\n<p style=\"text-align: justify;\">Si vous avez command\u00e9 le mauvais produit ou si le produit ne correspond pas \u00e0 vos attentes, ne vous inqui\u00e9tez pas. Les articles peuvent \u00eatre retourn\u00e9s dans les 30 jours suivant leur r\u00e9ception et rembours\u00e9s.<\/p>\n<p style=\"text-align: justify;\">Aucun article ne peut \u00eatre retourn\u00e9 apr\u00e8s 30 jours (sauf si le produit est d\u00e9fectueux). Les retours doivent \u00eatre dans un \u00e9tat neuf et non utilis\u00e9, avec l&#8217;emballage d&#8217;origine, les \u00e9tiquettes et les \u00e9tiquettes de fabrication attach\u00e9es.<\/p>\n<p style=\"text-align: justify;\">Le client paiera les frais d&#8217;exp\u00e9dition de l&#8217;article retourn\u00e9. Ils sont responsables si l&#8217;article n&#8217;arrive pas dans nos locaux, nous vous recommandons donc d&#8217;utiliser une option d&#8217;exp\u00e9dition suivie si vous devez retourner un produit.<\/p>\t\t\t\t\t\t\t\t<\/div>\n\t\t\t\t<\/div>\n\t\t\t\t<\/div>\n\t\t<div class=\"elementor-element elementor-element-ce611c1 e-con-full e-flex e-con e-child\" data-id=\"ce611c1\" data-element_type=\"container\" data-e-type=\"container\">\n\t\t\t\t<div class=\"elementor-element elementor-element-72366d3 elementor-widget elementor-widget-spacer\" data-id=\"72366d3\" data-element_type=\"widget\" data-e-type=\"widget\" data-widget_type=\"spacer.default\">\n\t\t\t\t<div class=\"elementor-widget-container\">\n\t\t\t\t\t\t\t<div class=\"elementor-spacer\">\n\t\t\t<div class=\"elementor-spacer-inner\"><\/div>\n\t\t<\/div>\n\t\t\t\t\t\t<\/div>\n\t\t\t\t<\/div>\n\t\t\t\t<div class=\"elementor-element elementor-element-fdedca8 elementor-widget elementor-widget-spacer\" data-id=\"fdedca8\" data-element_type=\"widget\" data-e-type=\"widget\" data-widget_type=\"spacer.default\">\n\t\t\t\t<div class=\"elementor-widget-container\">\n\t\t\t\t\t\t\t<div class=\"elementor-spacer\">\n\t\t\t<div class=\"elementor-spacer-inner\"><\/div>\n\t\t<\/div>\n\t\t\t\t\t\t<\/div>\n\t\t\t\t<\/div>\n\t\t\t\t<div class=\"elementor-element elementor-element-25a94ff elementor-widget elementor-widget-image\" data-id=\"25a94ff\" data-element_type=\"widget\" data-e-type=\"widget\" data-widget_type=\"image.default\">\n\t\t\t\t<div class=\"elementor-widget-container\">\n\t\t\t\t\t\t\t\t\t\t\t\t\t\t\t<img decoding=\"async\" width=\"1024\" height=\"768\" src=\"https:\/\/traxbike.com\/wp-content\/uploads\/2024\/06\/TRAX-PRO-IN-USE-3-scaled-1-1-1024x768.jpg\" class=\"attachment-large size-large wp-image-6786\" alt=\"\" srcset=\"https:\/\/traxbike.com\/wp-content\/uploads\/2024\/06\/TRAX-PRO-IN-USE-3-scaled-1-1-1024x768.jpg 1024w, https:\/\/traxbike.com\/wp-content\/uploads\/2024\/06\/TRAX-PRO-IN-USE-3-scaled-1-1-300x225.jpg 300w, https:\/\/traxbike.com\/wp-content\/uploads\/2024\/06\/TRAX-PRO-IN-USE-3-scaled-1-1-768x576.jpg 768w, https:\/\/traxbike.com\/wp-content\/uploads\/2024\/06\/TRAX-PRO-IN-USE-3-scaled-1-1-1536x1152.jpg 1536w, https:\/\/traxbike.com\/wp-content\/uploads\/2024\/06\/TRAX-PRO-IN-USE-3-scaled-1-1-2048x1536.jpg 2048w, https:\/\/traxbike.com\/wp-content\/uploads\/2024\/06\/TRAX-PRO-IN-USE-3-scaled-1-1-1000x750.jpg 1000w\" sizes=\"(max-width: 1024px) 100vw, 1024px\" \/>\t\t\t\t\t\t\t\t\t\t\t\t\t\t\t<\/div>\n\t\t\t\t<\/div>\n\t\t\t\t<\/div>\n\t\t\t\t\t<\/div>\n\t\t\t\t<\/div>\n\t\t<div class=\"elementor-element elementor-element-598b891 e-flex e-con-boxed e-con e-parent\" data-id=\"598b891\" data-element_type=\"container\" data-e-type=\"container\" data-settings=\"{&quot;background_background&quot;:&quot;classic&quot;}\">\n\t\t\t\t\t<div class=\"e-con-inner\">\n\t\t\t\t<div class=\"elementor-element elementor-element-3a475c8 elementor-widget elementor-widget-heading\" data-id=\"3a475c8\" data-element_type=\"widget\" data-e-type=\"widget\" data-widget_type=\"heading.default\">\n\t\t\t\t<div class=\"elementor-widget-container\">\n\t\t\t\t\t<h2 class=\"elementor-heading-title elementor-size-default\">Partagez votre passion !\n<\/h2>\t\t\t\t<\/div>\n\t\t\t\t<\/div>\n\t\t\t\t<div class=\"elementor-element elementor-element-05355b0 elementor-widget elementor-widget-spacer\" data-id=\"05355b0\" data-element_type=\"widget\" data-e-type=\"widget\" data-widget_type=\"spacer.default\">\n\t\t\t\t<div class=\"elementor-widget-container\">\n\t\t\t\t\t\t\t<div class=\"elementor-spacer\">\n\t\t\t<div class=\"elementor-spacer-inner\"><\/div>\n\t\t<\/div>\n\t\t\t\t\t\t<\/div>\n\t\t\t\t<\/div>\n\t\t\t\t<div class=\"elementor-element elementor-element-bf27731 elementor-widget elementor-widget-spacer\" data-id=\"bf27731\" data-element_type=\"widget\" data-e-type=\"widget\" data-widget_type=\"spacer.default\">\n\t\t\t\t<div class=\"elementor-widget-container\">\n\t\t\t\t\t\t\t<div class=\"elementor-spacer\">\n\t\t\t<div class=\"elementor-spacer-inner\"><\/div>\n\t\t<\/div>\n\t\t\t\t\t\t<\/div>\n\t\t\t\t<\/div>\n\t\t\t\t<div class=\"elementor-element elementor-element-b216a36 elementor-align-center elementor-widget elementor-widget-button\" data-id=\"b216a36\" data-element_type=\"widget\" data-e-type=\"widget\" data-widget_type=\"button.default\">\n\t\t\t\t<div class=\"elementor-widget-container\">\n\t\t\t\t\t\t\t\t\t<div class=\"elementor-button-wrapper\">\n\t\t\t\t\t<a class=\"elementor-button elementor-button-link elementor-size-sm\" href=\"https:\/\/traxbike.com\/fr\/contactez-nous\/\">\n\t\t\t\t\t\t<span class=\"elementor-button-content-wrapper\">\n\t\t\t\t\t\t\t\t\t<span class=\"elementor-button-text\">contactez-nous<\/span>\n\t\t\t\t\t<\/span>\n\t\t\t\t\t<\/a>\n\t\t\t\t<\/div>\n\t\t\t\t\t\t\t\t<\/div>\n\t\t\t\t<\/div>\n\t\t\t\t\t<\/div>\n\t\t\t\t<\/div>\n\t\t\t\t<\/div>\n\t\t","protected":false},"excerpt":{"rendered":"<p>\u00c0 propos de TRAX BIKE SOLUTIONS Tout a commenc\u00e9 en 2018 \u00e0 Barcelone sur un parcours de VTT ensemble, normal, comme toujours&#8230; Ce jour-l\u00e0, nous avons r\u00e9alis\u00e9 que le temps que nous avons pass\u00e9 ensemble \u00e0 pratiquer le sport en plein air nous a rempli de positivit\u00e9 et d&#8217;exp\u00e9riences que nous n&#8217;oublierons jamais&#8230;. Ce sentiment [&hellip;]<\/p>\n","protected":false},"author":1,"featured_media":0,"parent":0,"menu_order":0,"comment_status":"closed","ping_status":"closed","template":"","meta":{"footnotes":""},"class_list":["post-6978","page","type-page","status-publish","hentry"],"yoast_head":"<!-- This site is optimized with the Yoast SEO plugin v27.4 - https:\/\/yoast.com\/product\/yoast-seo-wordpress\/ -->\n<title>A propos de nous | TraxBike | Les meilleurs syst\u00e8mes de remorquage de v\u00e9los<\/title>\n<meta name=\"description\" content=\"Trax Bike, votre syst\u00e8me de remorquage de v\u00e9los id\u00e9al. Transportez votre v\u00e9lo facilement et en toute s\u00e9curit\u00e9. D\u00e9couvrez notre large gamme de remorqueurs de haute qualit\u00e9 !\" \/>\n<meta name=\"robots\" content=\"index, follow, max-snippet:-1, max-image-preview:large, max-video-preview:-1\" \/>\n<link rel=\"canonical\" href=\"https:\/\/traxbike.com\/ca\/sobre-nosaltres\/\" \/>\n<meta property=\"og:locale\" content=\"fr_FR\" \/>\n<meta property=\"og:type\" content=\"article\" \/>\n<meta property=\"og:title\" content=\"A propos de nous | TraxBike | Les meilleurs syst\u00e8mes de remorquage de v\u00e9los\" \/>\n<meta property=\"og:description\" content=\"Trax Bike, votre syst\u00e8me de remorquage de v\u00e9los id\u00e9al. Transportez votre v\u00e9lo facilement et en toute s\u00e9curit\u00e9. D\u00e9couvrez notre large gamme de remorqueurs de haute qualit\u00e9 !\" \/>\n<meta property=\"og:url\" content=\"https:\/\/traxbike.com\/ca\/sobre-nosaltres\/\" \/>\n<meta property=\"og:site_name\" content=\"TraxBike\" \/>\n<meta property=\"article:modified_time\" content=\"2026-02-10T09:37:29+00:00\" \/>\n<meta property=\"og:image\" content=\"https:\/\/traxbike.com\/wp-content\/uploads\/2024\/06\/equip-1024x683.jpg\" \/>\n<meta name=\"twitter:card\" content=\"summary_large_image\" \/>\n<meta name=\"twitter:label1\" content=\"Dur\u00e9e de lecture estim\u00e9e\" \/>\n\t<meta name=\"twitter:data1\" content=\"3 minutes\" \/>\n<script type=\"application\/ld+json\" class=\"yoast-schema-graph\">{\"@context\":\"https:\\\/\\\/schema.org\",\"@graph\":[{\"@type\":\"WebPage\",\"@id\":\"https:\\\/\\\/traxbike.com\\\/ca\\\/sobre-nosaltres\\\/\",\"url\":\"https:\\\/\\\/traxbike.com\\\/ca\\\/sobre-nosaltres\\\/\",\"name\":\"A propos de nous | TraxBike | Les meilleurs syst\u00e8mes de remorquage de v\u00e9los\",\"isPartOf\":{\"@id\":\"https:\\\/\\\/traxbike.com\\\/#website\"},\"primaryImageOfPage\":{\"@id\":\"https:\\\/\\\/traxbike.com\\\/ca\\\/sobre-nosaltres\\\/#primaryimage\"},\"image\":{\"@id\":\"https:\\\/\\\/traxbike.com\\\/ca\\\/sobre-nosaltres\\\/#primaryimage\"},\"thumbnailUrl\":\"https:\\\/\\\/traxbike.com\\\/wp-content\\\/uploads\\\/2024\\\/06\\\/equip-1024x683.jpg\",\"datePublished\":\"2022-11-04T14:36:36+00:00\",\"dateModified\":\"2026-02-10T09:37:29+00:00\",\"description\":\"Trax Bike, votre syst\u00e8me de remorquage de v\u00e9los id\u00e9al. Transportez votre v\u00e9lo facilement et en toute s\u00e9curit\u00e9. D\u00e9couvrez notre large gamme de remorqueurs de haute qualit\u00e9 !\",\"breadcrumb\":{\"@id\":\"https:\\\/\\\/traxbike.com\\\/ca\\\/sobre-nosaltres\\\/#breadcrumb\"},\"inLanguage\":\"fr-FR\",\"potentialAction\":[{\"@type\":\"ReadAction\",\"target\":[\"https:\\\/\\\/traxbike.com\\\/ca\\\/sobre-nosaltres\\\/\"]}]},{\"@type\":\"ImageObject\",\"inLanguage\":\"fr-FR\",\"@id\":\"https:\\\/\\\/traxbike.com\\\/ca\\\/sobre-nosaltres\\\/#primaryimage\",\"url\":\"https:\\\/\\\/traxbike.com\\\/wp-content\\\/uploads\\\/2024\\\/06\\\/equip-1024x683.jpg\",\"contentUrl\":\"https:\\\/\\\/traxbike.com\\\/wp-content\\\/uploads\\\/2024\\\/06\\\/equip-1024x683.jpg\"},{\"@type\":\"BreadcrumbList\",\"@id\":\"https:\\\/\\\/traxbike.com\\\/ca\\\/sobre-nosaltres\\\/#breadcrumb\",\"itemListElement\":[{\"@type\":\"ListItem\",\"position\":1,\"name\":\"Portada\",\"item\":\"https:\\\/\\\/traxbike.com\\\/\"},{\"@type\":\"ListItem\",\"position\":2,\"name\":\"A propos de nous\"}]},{\"@type\":\"WebSite\",\"@id\":\"https:\\\/\\\/traxbike.com\\\/#website\",\"url\":\"https:\\\/\\\/traxbike.com\\\/\",\"name\":\"TraxBike\",\"description\":\"Experts in bicycle towing systems and family sports\",\"potentialAction\":[{\"@type\":\"SearchAction\",\"target\":{\"@type\":\"EntryPoint\",\"urlTemplate\":\"https:\\\/\\\/traxbike.com\\\/?s={search_term_string}\"},\"query-input\":{\"@type\":\"PropertyValueSpecification\",\"valueRequired\":true,\"valueName\":\"search_term_string\"}}],\"inLanguage\":\"fr-FR\"}]}<\/script>\n<!-- \/ Yoast SEO plugin. -->","yoast_head_json":{"title":"A propos de nous | TraxBike | Les meilleurs syst\u00e8mes de remorquage de v\u00e9los","description":"Trax Bike, votre syst\u00e8me de remorquage de v\u00e9los id\u00e9al. Transportez votre v\u00e9lo facilement et en toute s\u00e9curit\u00e9. D\u00e9couvrez notre large gamme de remorqueurs de haute qualit\u00e9 !","robots":{"index":"index","follow":"follow","max-snippet":"max-snippet:-1","max-image-preview":"max-image-preview:large","max-video-preview":"max-video-preview:-1"},"canonical":"https:\/\/traxbike.com\/ca\/sobre-nosaltres\/","og_locale":"fr_FR","og_type":"article","og_title":"A propos de nous | TraxBike | Les meilleurs syst\u00e8mes de remorquage de v\u00e9los","og_description":"Trax Bike, votre syst\u00e8me de remorquage de v\u00e9los id\u00e9al. Transportez votre v\u00e9lo facilement et en toute s\u00e9curit\u00e9. D\u00e9couvrez notre large gamme de remorqueurs de haute qualit\u00e9 !","og_url":"https:\/\/traxbike.com\/ca\/sobre-nosaltres\/","og_site_name":"TraxBike","article_modified_time":"2026-02-10T09:37:29+00:00","og_image":[{"url":"https:\/\/traxbike.com\/wp-content\/uploads\/2024\/06\/equip-1024x683.jpg","type":"","width":"","height":""}],"twitter_card":"summary_large_image","twitter_misc":{"Dur\u00e9e de lecture estim\u00e9e":"3 minutes"},"schema":{"@context":"https:\/\/schema.org","@graph":[{"@type":"WebPage","@id":"https:\/\/traxbike.com\/ca\/sobre-nosaltres\/","url":"https:\/\/traxbike.com\/ca\/sobre-nosaltres\/","name":"A propos de nous | TraxBike | Les meilleurs syst\u00e8mes de remorquage de v\u00e9los","isPartOf":{"@id":"https:\/\/traxbike.com\/#website"},"primaryImageOfPage":{"@id":"https:\/\/traxbike.com\/ca\/sobre-nosaltres\/#primaryimage"},"image":{"@id":"https:\/\/traxbike.com\/ca\/sobre-nosaltres\/#primaryimage"},"thumbnailUrl":"https:\/\/traxbike.com\/wp-content\/uploads\/2024\/06\/equip-1024x683.jpg","datePublished":"2022-11-04T14:36:36+00:00","dateModified":"2026-02-10T09:37:29+00:00","description":"Trax Bike, votre syst\u00e8me de remorquage de v\u00e9los id\u00e9al. Transportez votre v\u00e9lo facilement et en toute s\u00e9curit\u00e9. D\u00e9couvrez notre large gamme de remorqueurs de haute qualit\u00e9 !","breadcrumb":{"@id":"https:\/\/traxbike.com\/ca\/sobre-nosaltres\/#breadcrumb"},"inLanguage":"fr-FR","potentialAction":[{"@type":"ReadAction","target":["https:\/\/traxbike.com\/ca\/sobre-nosaltres\/"]}]},{"@type":"ImageObject","inLanguage":"fr-FR","@id":"https:\/\/traxbike.com\/ca\/sobre-nosaltres\/#primaryimage","url":"https:\/\/traxbike.com\/wp-content\/uploads\/2024\/06\/equip-1024x683.jpg","contentUrl":"https:\/\/traxbike.com\/wp-content\/uploads\/2024\/06\/equip-1024x683.jpg"},{"@type":"BreadcrumbList","@id":"https:\/\/traxbike.com\/ca\/sobre-nosaltres\/#breadcrumb","itemListElement":[{"@type":"ListItem","position":1,"name":"Portada","item":"https:\/\/traxbike.com\/"},{"@type":"ListItem","position":2,"name":"A propos de nous"}]},{"@type":"WebSite","@id":"https:\/\/traxbike.com\/#website","url":"https:\/\/traxbike.com\/","name":"TraxBike","description":"Experts in bicycle towing systems and family sports","potentialAction":[{"@type":"SearchAction","target":{"@type":"EntryPoint","urlTemplate":"https:\/\/traxbike.com\/?s={search_term_string}"},"query-input":{"@type":"PropertyValueSpecification","valueRequired":true,"valueName":"search_term_string"}}],"inLanguage":"fr-FR"}]}},"_links":{"self":[{"href":"https:\/\/traxbike.com\/fr\/wp-json\/wp\/v2\/pages\/6978","targetHints":{"allow":["GET"]}}],"collection":[{"href":"https:\/\/traxbike.com\/fr\/wp-json\/wp\/v2\/pages"}],"about":[{"href":"https:\/\/traxbike.com\/fr\/wp-json\/wp\/v2\/types\/page"}],"author":[{"embeddable":true,"href":"https:\/\/traxbike.com\/fr\/wp-json\/wp\/v2\/users\/1"}],"replies":[{"embeddable":true,"href":"https:\/\/traxbike.com\/fr\/wp-json\/wp\/v2\/comments?post=6978"}],"version-history":[{"count":15,"href":"https:\/\/traxbike.com\/fr\/wp-json\/wp\/v2\/pages\/6978\/revisions"}],"predecessor-version":[{"id":8770,"href":"https:\/\/traxbike.com\/fr\/wp-json\/wp\/v2\/pages\/6978\/revisions\/8770"}],"wp:attachment":[{"href":"https:\/\/traxbike.com\/fr\/wp-json\/wp\/v2\/media?parent=6978"}],"curies":[{"name":"wp","href":"https:\/\/api.w.org\/{rel}","templated":true}]}}