{"id":6920,"date":"2024-06-14T18:32:20","date_gmt":"2024-06-14T16:32:20","guid":{"rendered":"http:\/\/nova2024.traxbike.com\/conditions-dachat\/"},"modified":"2024-10-14T15:10:06","modified_gmt":"2024-10-14T13:10:06","slug":"conditions-dachat","status":"publish","type":"page","link":"https:\/\/traxbike.com\/fr\/conditions-dachat\/","title":{"rendered":"CONDITIONS D&#8217;ACHAT"},"content":{"rendered":"\t\t<div data-elementor-type=\"wp-page\" data-elementor-id=\"6920\" class=\"elementor elementor-6920 elementor-6514\" data-elementor-post-type=\"page\">\n\t\t\t\t<div class=\"elementor-element elementor-element-5d18707a e-flex e-con-boxed e-con e-parent\" data-id=\"5d18707a\" data-element_type=\"container\" data-e-type=\"container\">\n\t\t\t\t\t<div class=\"e-con-inner\">\n\t\t\t\t<div class=\"elementor-element elementor-element-2b6e4f7 elementor-widget elementor-widget-text-editor\" data-id=\"2b6e4f7\" data-element_type=\"widget\" data-e-type=\"widget\" data-widget_type=\"text-editor.default\">\n\t\t\t\t<div class=\"elementor-widget-container\">\n\t\t\t\t\t\t\t\t\t\n<h2 class=\"wp-block-heading\" style=\"text-align: justify;\">Conditions d&#8217;exp\u00e9dition<\/h2>\n\n\n\n<p style=\"text-align: justify;\">Notre boutique en ligne utilise des stocks qui sont toujours disponibles dans notre magasin ou notre entrep\u00f4t. Nous ne pouvons donc pas garantir les d\u00e9lais de livraison. En cas d&#8217;envoi standard, nous garantissons une livraison dans un d\u00e9lai maximum de 4 jours ouvrables. Si vous choisissez la livraison express, la livraison aura lieu dans les 24\/48 heures.<\/p>\n\n\n\n<p style=\"text-align: justify;\">Lorsque vous passez votre commande, indiquez clairement votre adresse. Si la livraison n\u00e9cessite une attention particuli\u00e8re (lieu, personne de contact, heure, etc.), n&#8217;oubliez pas de l&#8217;indiquer dans la section des observations. Nous les inclurons dans l&#8217;envoi pour faciliter leur livraison.<\/p>\n\n\n\n<p style=\"text-align: justify;\">Vous pouvez \u00e0 tout moment v\u00e9rifier l&#8217;\u00e9tat de votre commande via votre espace client sur notre site internet. En cas d&#8217;incidence, nous l&#8217;indiquerons dans votre section personnelle et nous mettrons en \u0153uvre les moyens n\u00e9cessaires pour r\u00e9soudre le probl\u00e8me dans les plus brefs d\u00e9lais.<\/p>\n\n\n\n<h2 class=\"wp-block-heading\" style=\"text-align: justify;\">Garantie de retour<\/h2>\n\n\n\n<p style=\"text-align: justify;\">TRAX BIKE, nous voulons vous donner le meilleur service et vous offrir un achat confortable, s\u00fbr et de qualit\u00e9. C&#8217;est pourquoi nous avons opt\u00e9 pour une politique de retour simple, sans questions, qui vous est toujours favorable.<\/p>\n\n\n\n<p style=\"text-align: justify;\">N&#8217;oubliez pas que vous disposez d&#8217;un d\u00e9lai de 30 jours \u00e0 compter de la r\u00e9ception du produit pour l&#8217;\u00e9changer. Si vous n&#8217;\u00eates pas satisfait de votre choix ou si vous ne r\u00e9pondez pas \u00e0 vos attentes, veuillez nous contacter et nous r\u00e9soudrons le probl\u00e8me. Vous pouvez l&#8217;\u00e9changer contre un autre article ou nous vous remboursons (cette garantie de remboursement n&#8217;est valable que pour les achats effectu\u00e9s dans la boutique en ligne tineda). En outre, vous pourrez g\u00e9rer vous-m\u00eame vos commandes et vos retours par l&#8217;interm\u00e9diaire de Mon compte.<\/p>\n\n\n\n<p style=\"text-align: justify;\">Les frais de port et de manutention en cas de retour injustifi\u00e9 sont \u00e0 la charge de l&#8217;acheteur.<\/p>\n\n\n\n<p style=\"text-align: justify;\">Dans tous les cas, il est n\u00e9cessaire que le produit soit en parfait \u00e9tat et dans son emballage d&#8217;origine. Apr\u00e8s v\u00e9rification de son \u00e9tat, nous vous paierons votre achat par le m\u00eame moyen de paiement que celui utilis\u00e9 \u00e0 l&#8217;origine.<\/p>\n\n\n\n<h2 class=\"wp-block-heading\" style=\"text-align: justify;\">Garantie<\/h2>\n\n\n\n<p style=\"text-align: justify;\">En cas de produit d\u00e9fectueux, TRAX BIKE s&#8217;engage \u00e0 le r\u00e9parer ou \u00e0 le remplacer gratuitement. Cette garantie est valable pendant deux ans \u00e0 compter de la date de livraison. L&#8217;utilisateur doit informer le vendeur du d\u00e9faut de conformit\u00e9 dans un d\u00e9lai de 2 mois \u00e0 compter de la date \u00e0 laquelle il en a eu connaissance.<\/p>\n\n\n\n<p style=\"text-align: justify;\">Si le d\u00e9faut du produit est d\u00fb \u00e0 une mauvaise utilisation du produit, TRAX ne s&#8217;engage pas \u00e0 traiter le retour ou la r\u00e9paration.<\/p>\n\n\n\n<h2 class=\"wp-block-heading\" style=\"text-align: justify;\">Livraison gratuite<\/h2>\n\n\n\n<p style=\"text-align: justify;\">Pour promouvoir le lancement de son site de vente en ligne, TRAX offre la gratuit\u00e9 des frais de port pour les commandes en provenance des pays europ\u00e9ens.<br \/>Dans les autres pays, les frais d&#8217;exp\u00e9dition et de manutention sont gratuits pour les commandes de plus de 50 \u20ac. Pour les commandes inf\u00e9rieures \u00e0 10 euros, un suppl\u00e9ment de 10 euros sera factur\u00e9.<\/p>\n\n\n\n<h2 class=\"wp-block-heading\" style=\"text-align: justify;\">Modes de paiement<\/h2>\n\n\n\n<p style=\"text-align: justify;\">Vous pouvez choisir l&#8217;un des modes de paiement suivants :<\/p>\n\n\n\n<ul class=\"wp-block-list\" style=\"text-align: justify;\">\n<li>Carte de cr\u00e9dit<\/li>\n\n\n\n<li>PayPal<\/li>\n\n\n\n<li>Transfert<\/li>\n<\/ul>\n\n\n\n<h3 class=\"wp-block-heading\" style=\"text-align: justify;\">Carte de cr\u00e9dit<\/h3>\n\n\n\n<p style=\"text-align: justify;\">Chez TRAX BIKE, nous nous soucions avant tout de votre s\u00e9curit\u00e9. Pour \u00e9viter l&#8217;utilisation frauduleuse des cartes, nous prenons des mesures pr\u00e9ventives au moment du paiement et effectuons un contr\u00f4le manuel imm\u00e9diatement apr\u00e8s le paiement. Si un incident est d\u00e9tect\u00e9, nous vous contacterons imm\u00e9diatement pour proc\u00e9der \u00e0 la v\u00e9rification correspondante.<br \/>Nous acceptons les cartes Visa et Mastercard.<\/p>\n\n\n\n<h3 class=\"wp-block-heading\" style=\"text-align: justify;\">Paypal<\/h3>\n\n\n\n<p style=\"text-align: justify;\">Nous parions sur l&#8217;avenir et sur les facilit\u00e9s de paiement. PayPal est le moyen rapide et s\u00fbr de payer en ligne. Vous pouvez facilement r\u00e9gler vos achats avec votre carte de d\u00e9bit, votre carte de cr\u00e9dit ou votre compte bancaire par l&#8217;interm\u00e9diaire de PayPal.<\/p>\n\n\n\n<ul class=\"wp-block-list\" style=\"text-align: justify;\">\n<li>PayPal est s\u00e9curis\u00e9 : PayPal stocke vos informations financi\u00e8res en toute s\u00e9curit\u00e9 et les prot\u00e8ge gr\u00e2ce \u00e0 des syst\u00e8mes de s\u00e9curit\u00e9 et de pr\u00e9vention des fraudes leaders sur le march\u00e9. De plus, vos donn\u00e9es financi\u00e8res ne sont jamais communiqu\u00e9es au vendeur.<\/li>\n\n\n\n<li>PayPal est rapide et facile &#8211; vous n&#8217;avez pas besoin de saisir les d\u00e9tails de votre carte ou de votre compte bancaire pour payer. Tout ce dont vous avez besoin, c&#8217;est de votre adresse \u00e9lectronique et d&#8217;un mot de passe. Le paiement de la commande est trait\u00e9 imm\u00e9diatement.<\/li>\n\n\n\n<li>PayPal est flexible : vous choisissez votre mode de paiement (carte de d\u00e9bit, carte de cr\u00e9dit ou compte bancaire).<\/li>\n<\/ul>\n\n\n\n<h3 class=\"wp-block-heading\" style=\"text-align: justify;\">Transfert<\/h3>\n\n\n\n<p style=\"text-align: justify;\">Lorsque vous choisissez le virement comme moyen de paiement, votre commande ne sera pas trait\u00e9e tant que nous n&#8217;aurons pas re\u00e7u la confirmation du d\u00e9p\u00f4t de la part de notre banque. A partir de ce moment, nous commencerons \u00e0 respecter les d\u00e9lais de livraison.<\/p>\n\n\n\n<p style=\"text-align: justify;\">Le compte sur lequel vous devez effectuer le transfert est le suivant :<\/p>\n\n\n\n<p style=\"text-align: justify;\"><strong>ES6300810082220001567362<\/strong><\/p>\n\n\n\n<p style=\"text-align: justify;\">Indiquez dans le virement votre nom et le num\u00e9ro de commande (par exemple, Carlos Rodr\u00edguez &#8211; N\u00ba 100000112).<\/p>\n\t\t\t\t\t\t\t\t<\/div>\n\t\t\t\t<\/div>\n\t\t\t\t\t<\/div>\n\t\t\t\t<\/div>\n\t\t\t\t<\/div>\n\t\t","protected":false},"excerpt":{"rendered":"<p>Conditions d&#8217;exp\u00e9dition Notre boutique en ligne utilise des stocks qui sont toujours disponibles dans notre magasin ou notre entrep\u00f4t. Nous ne pouvons donc pas garantir les d\u00e9lais de livraison. En cas d&#8217;envoi standard, nous garantissons une livraison dans un d\u00e9lai maximum de 4 jours ouvrables. Si vous choisissez la livraison express, la livraison aura lieu [&hellip;]<\/p>\n","protected":false},"author":1,"featured_media":0,"parent":0,"menu_order":0,"comment_status":"closed","ping_status":"closed","template":"","meta":{"footnotes":""},"class_list":["post-6920","page","type-page","status-publish","hentry"],"yoast_head":"<!-- This site is optimized with the Yoast SEO plugin v27.4 - https:\/\/yoast.com\/product\/yoast-seo-wordpress\/ -->\n<title>CONDITIONS D&#039;ACHAT - TraxBike<\/title>\n<meta name=\"robots\" content=\"index, follow, max-snippet:-1, max-image-preview:large, max-video-preview:-1\" \/>\n<link rel=\"canonical\" href=\"https:\/\/traxbike.com\/purchase-conditions\/\" \/>\n<meta property=\"og:locale\" content=\"fr_FR\" \/>\n<meta property=\"og:type\" content=\"article\" \/>\n<meta property=\"og:title\" content=\"CONDITIONS D&#039;ACHAT - TraxBike\" \/>\n<meta property=\"og:description\" content=\"Conditions d&#8217;exp\u00e9dition Notre boutique en ligne utilise des stocks qui sont toujours disponibles dans notre magasin ou notre entrep\u00f4t. Nous ne pouvons donc pas garantir les d\u00e9lais de livraison. En cas d&#8217;envoi standard, nous garantissons une livraison dans un d\u00e9lai maximum de 4 jours ouvrables. Si vous choisissez la livraison express, la livraison aura lieu [&hellip;]\" \/>\n<meta property=\"og:url\" content=\"https:\/\/traxbike.com\/purchase-conditions\/\" \/>\n<meta property=\"og:site_name\" content=\"TraxBike\" \/>\n<meta property=\"article:modified_time\" content=\"2024-10-14T13:10:06+00:00\" \/>\n<meta name=\"twitter:card\" content=\"summary_large_image\" \/>\n<meta name=\"twitter:label1\" content=\"Dur\u00e9e de lecture estim\u00e9e\" \/>\n\t<meta name=\"twitter:data1\" content=\"4 minutes\" \/>\n<script type=\"application\/ld+json\" class=\"yoast-schema-graph\">{\"@context\":\"https:\\\/\\\/schema.org\",\"@graph\":[{\"@type\":\"WebPage\",\"@id\":\"https:\\\/\\\/traxbike.com\\\/purchase-conditions\\\/\",\"url\":\"https:\\\/\\\/traxbike.com\\\/purchase-conditions\\\/\",\"name\":\"CONDITIONS D'ACHAT - TraxBike\",\"isPartOf\":{\"@id\":\"https:\\\/\\\/traxbike.com\\\/#website\"},\"datePublished\":\"2024-06-14T16:32:20+00:00\",\"dateModified\":\"2024-10-14T13:10:06+00:00\",\"breadcrumb\":{\"@id\":\"https:\\\/\\\/traxbike.com\\\/purchase-conditions\\\/#breadcrumb\"},\"inLanguage\":\"fr-FR\",\"potentialAction\":[{\"@type\":\"ReadAction\",\"target\":[\"https:\\\/\\\/traxbike.com\\\/purchase-conditions\\\/\"]}]},{\"@type\":\"BreadcrumbList\",\"@id\":\"https:\\\/\\\/traxbike.com\\\/purchase-conditions\\\/#breadcrumb\",\"itemListElement\":[{\"@type\":\"ListItem\",\"position\":1,\"name\":\"Portada\",\"item\":\"https:\\\/\\\/traxbike.com\\\/\"},{\"@type\":\"ListItem\",\"position\":2,\"name\":\"CONDITIONS D&#8217;ACHAT\"}]},{\"@type\":\"WebSite\",\"@id\":\"https:\\\/\\\/traxbike.com\\\/#website\",\"url\":\"https:\\\/\\\/traxbike.com\\\/\",\"name\":\"TraxBike\",\"description\":\"Experts in bicycle towing systems and family sports\",\"potentialAction\":[{\"@type\":\"SearchAction\",\"target\":{\"@type\":\"EntryPoint\",\"urlTemplate\":\"https:\\\/\\\/traxbike.com\\\/?s={search_term_string}\"},\"query-input\":{\"@type\":\"PropertyValueSpecification\",\"valueRequired\":true,\"valueName\":\"search_term_string\"}}],\"inLanguage\":\"fr-FR\"}]}<\/script>\n<!-- \/ Yoast SEO plugin. -->","yoast_head_json":{"title":"CONDITIONS D'ACHAT - TraxBike","robots":{"index":"index","follow":"follow","max-snippet":"max-snippet:-1","max-image-preview":"max-image-preview:large","max-video-preview":"max-video-preview:-1"},"canonical":"https:\/\/traxbike.com\/purchase-conditions\/","og_locale":"fr_FR","og_type":"article","og_title":"CONDITIONS D'ACHAT - TraxBike","og_description":"Conditions d&#8217;exp\u00e9dition Notre boutique en ligne utilise des stocks qui sont toujours disponibles dans notre magasin ou notre entrep\u00f4t. Nous ne pouvons donc pas garantir les d\u00e9lais de livraison. En cas d&#8217;envoi standard, nous garantissons une livraison dans un d\u00e9lai maximum de 4 jours ouvrables. Si vous choisissez la livraison express, la livraison aura lieu [&hellip;]","og_url":"https:\/\/traxbike.com\/purchase-conditions\/","og_site_name":"TraxBike","article_modified_time":"2024-10-14T13:10:06+00:00","twitter_card":"summary_large_image","twitter_misc":{"Dur\u00e9e de lecture estim\u00e9e":"4 minutes"},"schema":{"@context":"https:\/\/schema.org","@graph":[{"@type":"WebPage","@id":"https:\/\/traxbike.com\/purchase-conditions\/","url":"https:\/\/traxbike.com\/purchase-conditions\/","name":"CONDITIONS D'ACHAT - TraxBike","isPartOf":{"@id":"https:\/\/traxbike.com\/#website"},"datePublished":"2024-06-14T16:32:20+00:00","dateModified":"2024-10-14T13:10:06+00:00","breadcrumb":{"@id":"https:\/\/traxbike.com\/purchase-conditions\/#breadcrumb"},"inLanguage":"fr-FR","potentialAction":[{"@type":"ReadAction","target":["https:\/\/traxbike.com\/purchase-conditions\/"]}]},{"@type":"BreadcrumbList","@id":"https:\/\/traxbike.com\/purchase-conditions\/#breadcrumb","itemListElement":[{"@type":"ListItem","position":1,"name":"Portada","item":"https:\/\/traxbike.com\/"},{"@type":"ListItem","position":2,"name":"CONDITIONS D&#8217;ACHAT"}]},{"@type":"WebSite","@id":"https:\/\/traxbike.com\/#website","url":"https:\/\/traxbike.com\/","name":"TraxBike","description":"Experts in bicycle towing systems and family sports","potentialAction":[{"@type":"SearchAction","target":{"@type":"EntryPoint","urlTemplate":"https:\/\/traxbike.com\/?s={search_term_string}"},"query-input":{"@type":"PropertyValueSpecification","valueRequired":true,"valueName":"search_term_string"}}],"inLanguage":"fr-FR"}]}},"_links":{"self":[{"href":"https:\/\/traxbike.com\/fr\/wp-json\/wp\/v2\/pages\/6920","targetHints":{"allow":["GET"]}}],"collection":[{"href":"https:\/\/traxbike.com\/fr\/wp-json\/wp\/v2\/pages"}],"about":[{"href":"https:\/\/traxbike.com\/fr\/wp-json\/wp\/v2\/types\/page"}],"author":[{"embeddable":true,"href":"https:\/\/traxbike.com\/fr\/wp-json\/wp\/v2\/users\/1"}],"replies":[{"embeddable":true,"href":"https:\/\/traxbike.com\/fr\/wp-json\/wp\/v2\/comments?post=6920"}],"version-history":[{"count":6,"href":"https:\/\/traxbike.com\/fr\/wp-json\/wp\/v2\/pages\/6920\/revisions"}],"predecessor-version":[{"id":7721,"href":"https:\/\/traxbike.com\/fr\/wp-json\/wp\/v2\/pages\/6920\/revisions\/7721"}],"wp:attachment":[{"href":"https:\/\/traxbike.com\/fr\/wp-json\/wp\/v2\/media?parent=6920"}],"curies":[{"name":"wp","href":"https:\/\/api.w.org\/{rel}","templated":true}]}}