{"id":7257,"date":"2024-09-22T20:08:30","date_gmt":"2024-09-22T18:08:30","guid":{"rendered":"https:\/\/traxbike.com\/?post_type=product&#038;p=7257"},"modified":"2026-02-10T20:02:32","modified_gmt":"2026-02-10T19:02:32","slug":"camiseta-tecnica-trax-de-alto-rendimiento-modelo-motion","status":"publish","type":"product","link":"https:\/\/traxbike.com\/es\/producto\/camiseta-tecnica-trax-de-alto-rendimiento-modelo-motion\/","title":{"rendered":"Camiseta t\u00e9cnica TRAX de alto rendimiento modelo Motion"},"content":{"rendered":"","protected":false},"excerpt":{"rendered":"<p><span style=\"font-weight: 400;\">Tejido de m\u00e1xima calidad y patrones que buscan el m\u00e1ximo confort para la pr\u00e1ctica de deporte.<\/span><\/p>\n<p><span style=\"font-weight: 400;\">El tejido utilizado proviene <\/span><b>100% de hilo de poli\u00e9ster reciclado de botellas de pl\u00e1stico<\/b><span style=\"font-weight: 400;\"> buscando el m\u00e1ximo compromiso con el medio ambiente y consiguiendo al mismo tiempo un tejido extremadamente <\/span><b>ligero y transpirable<\/b><span style=\"font-weight: 400;\"> que da una sensaci\u00f3n de frescura y mantiene al deportista <\/span><b>fresco y seco<\/b><span style=\"font-weight: 400;\"> incluso en entrenamientos de alta intensidad.<\/span><\/p>\n<p><span style=\"font-weight: 400;\">Otros detalles importantes: Costuras anti rozaduras, Ajuste atl\u00e9tico, Cullo anti rozaduras 100% reciclado.<\/span><\/p>\n","protected":false},"featured_media":7266,"template":"","meta":[],"product_brand":[],"product_cat":[151],"product_tag":[],"class_list":{"0":"post-7257","1":"product","2":"type-product","3":"status-publish","4":"has-post-thumbnail","6":"product_cat-sin-categorizar","8":"first","9":"instock","10":"taxable","11":"shipping-taxable","12":"purchasable","13":"product-type-variable","14":"add-to-wishlist-after_add_to_cart"},"yoast_head":"<!-- This site is optimized with the Yoast SEO plugin v27.3 - https:\/\/yoast.com\/product\/yoast-seo-wordpress\/ -->\n<title>Camiseta t\u00e9cnica TRAX de alto rendimiento modelo Motion - TraxBike<\/title>\n<meta name=\"robots\" content=\"index, follow, max-snippet:-1, max-image-preview:large, max-video-preview:-1\" \/>\n<link rel=\"canonical\" href=\"https:\/\/traxbike.com\/es\/producto\/camiseta-tecnica-trax-de-alto-rendimiento-modelo-motion\/\" \/>\n<meta property=\"og:locale\" content=\"es_ES\" \/>\n<meta property=\"og:type\" content=\"article\" \/>\n<meta property=\"og:title\" content=\"Camiseta t\u00e9cnica TRAX de alto rendimiento modelo Motion - TraxBike\" \/>\n<meta property=\"og:description\" content=\"Tejido de m\u00e1xima calidad y patrones que buscan el m\u00e1ximo confort para la pr\u00e1ctica de deporte.  El tejido utilizado proviene 100% de hilo de poli\u00e9ster reciclado de botellas de pl\u00e1stico buscando el m\u00e1ximo compromiso con el medio ambiente y consiguiendo al mismo tiempo un tejido extremadamente ligero y transpirable que da una sensaci\u00f3n de frescura y mantiene al deportista fresco y seco incluso en entrenamientos de alta intensidad.  Otros detalles importantes: Costuras anti rozaduras, Ajuste atl\u00e9tico, Cullo anti rozaduras 100% reciclado.\" \/>\n<meta property=\"og:url\" content=\"https:\/\/traxbike.com\/es\/producto\/camiseta-tecnica-trax-de-alto-rendimiento-modelo-motion\/\" \/>\n<meta property=\"og:site_name\" content=\"TraxBike\" \/>\n<meta property=\"article:modified_time\" content=\"2026-02-10T19:02:32+00:00\" \/>\n<meta property=\"og:image\" content=\"https:\/\/traxbike.com\/wp-content\/uploads\/2024\/09\/3.jpg\" \/>\n\t<meta property=\"og:image:width\" content=\"1080\" \/>\n\t<meta property=\"og:image:height\" content=\"1080\" \/>\n\t<meta property=\"og:image:type\" content=\"image\/jpeg\" \/>\n<meta name=\"twitter:card\" content=\"summary_large_image\" \/>\n<meta name=\"twitter:label1\" content=\"Tiempo de lectura\" \/>\n\t<meta name=\"twitter:data1\" content=\"1 minuto\" \/>\n<script type=\"application\/ld+json\" class=\"yoast-schema-graph\">{\"@context\":\"https:\\\/\\\/schema.org\",\"@graph\":[{\"@type\":\"WebPage\",\"@id\":\"https:\\\/\\\/traxbike.com\\\/es\\\/producto\\\/camiseta-tecnica-trax-de-alto-rendimiento-modelo-motion\\\/\",\"url\":\"https:\\\/\\\/traxbike.com\\\/es\\\/producto\\\/camiseta-tecnica-trax-de-alto-rendimiento-modelo-motion\\\/\",\"name\":\"Camiseta t\u00e9cnica TRAX de alto rendimiento modelo Motion - TraxBike\",\"isPartOf\":{\"@id\":\"https:\\\/\\\/traxbike.com\\\/#website\"},\"primaryImageOfPage\":{\"@id\":\"https:\\\/\\\/traxbike.com\\\/es\\\/producto\\\/camiseta-tecnica-trax-de-alto-rendimiento-modelo-motion\\\/#primaryimage\"},\"image\":{\"@id\":\"https:\\\/\\\/traxbike.com\\\/es\\\/producto\\\/camiseta-tecnica-trax-de-alto-rendimiento-modelo-motion\\\/#primaryimage\"},\"thumbnailUrl\":\"https:\\\/\\\/traxbike.com\\\/wp-content\\\/uploads\\\/2024\\\/09\\\/3.jpg\",\"datePublished\":\"2024-09-22T18:08:30+00:00\",\"dateModified\":\"2026-02-10T19:02:32+00:00\",\"breadcrumb\":{\"@id\":\"https:\\\/\\\/traxbike.com\\\/es\\\/producto\\\/camiseta-tecnica-trax-de-alto-rendimiento-modelo-motion\\\/#breadcrumb\"},\"inLanguage\":\"es\",\"potentialAction\":[{\"@type\":\"ReadAction\",\"target\":[\"https:\\\/\\\/traxbike.com\\\/es\\\/producto\\\/camiseta-tecnica-trax-de-alto-rendimiento-modelo-motion\\\/\"]}]},{\"@type\":\"ImageObject\",\"inLanguage\":\"es\",\"@id\":\"https:\\\/\\\/traxbike.com\\\/es\\\/producto\\\/camiseta-tecnica-trax-de-alto-rendimiento-modelo-motion\\\/#primaryimage\",\"url\":\"https:\\\/\\\/traxbike.com\\\/wp-content\\\/uploads\\\/2024\\\/09\\\/3.jpg\",\"contentUrl\":\"https:\\\/\\\/traxbike.com\\\/wp-content\\\/uploads\\\/2024\\\/09\\\/3.jpg\",\"width\":1080,\"height\":1080},{\"@type\":\"BreadcrumbList\",\"@id\":\"https:\\\/\\\/traxbike.com\\\/es\\\/producto\\\/camiseta-tecnica-trax-de-alto-rendimiento-modelo-motion\\\/#breadcrumb\",\"itemListElement\":[{\"@type\":\"ListItem\",\"position\":1,\"name\":\"Portada\",\"item\":\"https:\\\/\\\/traxbike.com\\\/\"},{\"@type\":\"ListItem\",\"position\":2,\"name\":\"Tienda\",\"item\":\"https:\\\/\\\/traxbike.com\\\/shop-2\\\/\"},{\"@type\":\"ListItem\",\"position\":3,\"name\":\"Camiseta t\u00e9cnica TRAX de alto rendimiento modelo Motion\"}]},{\"@type\":\"WebSite\",\"@id\":\"https:\\\/\\\/traxbike.com\\\/#website\",\"url\":\"https:\\\/\\\/traxbike.com\\\/\",\"name\":\"TraxBike\",\"description\":\"Experts in bicycle towing systems and family sports\",\"potentialAction\":[{\"@type\":\"SearchAction\",\"target\":{\"@type\":\"EntryPoint\",\"urlTemplate\":\"https:\\\/\\\/traxbike.com\\\/?s={search_term_string}\"},\"query-input\":{\"@type\":\"PropertyValueSpecification\",\"valueRequired\":true,\"valueName\":\"search_term_string\"}}],\"inLanguage\":\"es\"}]}<\/script>\n<!-- \/ Yoast SEO plugin. -->","yoast_head_json":{"title":"Camiseta t\u00e9cnica TRAX de alto rendimiento modelo Motion - TraxBike","robots":{"index":"index","follow":"follow","max-snippet":"max-snippet:-1","max-image-preview":"max-image-preview:large","max-video-preview":"max-video-preview:-1"},"canonical":"https:\/\/traxbike.com\/es\/producto\/camiseta-tecnica-trax-de-alto-rendimiento-modelo-motion\/","og_locale":"es_ES","og_type":"article","og_title":"Camiseta t\u00e9cnica TRAX de alto rendimiento modelo Motion - TraxBike","og_description":"Tejido de m\u00e1xima calidad y patrones que buscan el m\u00e1ximo confort para la pr\u00e1ctica de deporte.  El tejido utilizado proviene 100% de hilo de poli\u00e9ster reciclado de botellas de pl\u00e1stico buscando el m\u00e1ximo compromiso con el medio ambiente y consiguiendo al mismo tiempo un tejido extremadamente ligero y transpirable que da una sensaci\u00f3n de frescura y mantiene al deportista fresco y seco incluso en entrenamientos de alta intensidad.  Otros detalles importantes: Costuras anti rozaduras, Ajuste atl\u00e9tico, Cullo anti rozaduras 100% reciclado.","og_url":"https:\/\/traxbike.com\/es\/producto\/camiseta-tecnica-trax-de-alto-rendimiento-modelo-motion\/","og_site_name":"TraxBike","article_modified_time":"2026-02-10T19:02:32+00:00","og_image":[{"width":1080,"height":1080,"url":"https:\/\/traxbike.com\/wp-content\/uploads\/2024\/09\/3.jpg","type":"image\/jpeg"}],"twitter_card":"summary_large_image","twitter_misc":{"Tiempo de lectura":"1 minuto"},"schema":{"@context":"https:\/\/schema.org","@graph":[{"@type":"WebPage","@id":"https:\/\/traxbike.com\/es\/producto\/camiseta-tecnica-trax-de-alto-rendimiento-modelo-motion\/","url":"https:\/\/traxbike.com\/es\/producto\/camiseta-tecnica-trax-de-alto-rendimiento-modelo-motion\/","name":"Camiseta t\u00e9cnica TRAX de alto rendimiento modelo Motion - TraxBike","isPartOf":{"@id":"https:\/\/traxbike.com\/#website"},"primaryImageOfPage":{"@id":"https:\/\/traxbike.com\/es\/producto\/camiseta-tecnica-trax-de-alto-rendimiento-modelo-motion\/#primaryimage"},"image":{"@id":"https:\/\/traxbike.com\/es\/producto\/camiseta-tecnica-trax-de-alto-rendimiento-modelo-motion\/#primaryimage"},"thumbnailUrl":"https:\/\/traxbike.com\/wp-content\/uploads\/2024\/09\/3.jpg","datePublished":"2024-09-22T18:08:30+00:00","dateModified":"2026-02-10T19:02:32+00:00","breadcrumb":{"@id":"https:\/\/traxbike.com\/es\/producto\/camiseta-tecnica-trax-de-alto-rendimiento-modelo-motion\/#breadcrumb"},"inLanguage":"es","potentialAction":[{"@type":"ReadAction","target":["https:\/\/traxbike.com\/es\/producto\/camiseta-tecnica-trax-de-alto-rendimiento-modelo-motion\/"]}]},{"@type":"ImageObject","inLanguage":"es","@id":"https:\/\/traxbike.com\/es\/producto\/camiseta-tecnica-trax-de-alto-rendimiento-modelo-motion\/#primaryimage","url":"https:\/\/traxbike.com\/wp-content\/uploads\/2024\/09\/3.jpg","contentUrl":"https:\/\/traxbike.com\/wp-content\/uploads\/2024\/09\/3.jpg","width":1080,"height":1080},{"@type":"BreadcrumbList","@id":"https:\/\/traxbike.com\/es\/producto\/camiseta-tecnica-trax-de-alto-rendimiento-modelo-motion\/#breadcrumb","itemListElement":[{"@type":"ListItem","position":1,"name":"Portada","item":"https:\/\/traxbike.com\/"},{"@type":"ListItem","position":2,"name":"Tienda","item":"https:\/\/traxbike.com\/shop-2\/"},{"@type":"ListItem","position":3,"name":"Camiseta t\u00e9cnica TRAX de alto rendimiento modelo Motion"}]},{"@type":"WebSite","@id":"https:\/\/traxbike.com\/#website","url":"https:\/\/traxbike.com\/","name":"TraxBike","description":"Experts in bicycle towing systems and family sports","potentialAction":[{"@type":"SearchAction","target":{"@type":"EntryPoint","urlTemplate":"https:\/\/traxbike.com\/?s={search_term_string}"},"query-input":{"@type":"PropertyValueSpecification","valueRequired":true,"valueName":"search_term_string"}}],"inLanguage":"es"}]}},"_links":{"self":[{"href":"https:\/\/traxbike.com\/es\/wp-json\/wp\/v2\/product\/7257","targetHints":{"allow":["GET"]}}],"collection":[{"href":"https:\/\/traxbike.com\/es\/wp-json\/wp\/v2\/product"}],"about":[{"href":"https:\/\/traxbike.com\/es\/wp-json\/wp\/v2\/types\/product"}],"wp:featuredmedia":[{"embeddable":true,"href":"https:\/\/traxbike.com\/es\/wp-json\/wp\/v2\/media\/7266"}],"wp:attachment":[{"href":"https:\/\/traxbike.com\/es\/wp-json\/wp\/v2\/media?parent=7257"}],"wp:term":[{"taxonomy":"product_brand","embeddable":true,"href":"https:\/\/traxbike.com\/es\/wp-json\/wp\/v2\/product_brand?post=7257"},{"taxonomy":"product_cat","embeddable":true,"href":"https:\/\/traxbike.com\/es\/wp-json\/wp\/v2\/product_cat?post=7257"},{"taxonomy":"product_tag","embeddable":true,"href":"https:\/\/traxbike.com\/es\/wp-json\/wp\/v2\/product_tag?post=7257"}],"curies":[{"name":"wp","href":"https:\/\/api.w.org\/{rel}","templated":true}]}}