{"id":7017,"date":"2023-06-10T15:44:22","date_gmt":"2023-06-10T08:44:22","guid":{"rendered":"http:\/\/nova2024.traxbike.com\/product\/trax-pro\/"},"modified":"2026-03-04T18:17:15","modified_gmt":"2026-03-04T17:17:15","slug":"trax-pro","status":"publish","type":"product","link":"https:\/\/traxbike.com\/es\/producto\/trax-pro\/","title":{"rendered":"TRAX PRO"},"content":{"rendered":"<h3 class=\"wpb_wrapper\">TRAX PRO es un dispositivo dise\u00f1ado para remolcar una bicicleta sobre otra bicicleta.<\/h3>\n<p>La tracci\u00f3n se realiza mediante un cable de polietileno de alta densidad recubierto de poli\u00e9ster y un sistema mec\u00e1nico que lo recoge autom\u00e1ticamente y al mismo tiempo evita la posibilidad de que se enrede en las ruedas al perder tensi\u00f3n.<\/p>\n<p>La TRAX PRO es la evoluci\u00f3n de su predecesora TRAX MTB. Est\u00e1 dise\u00f1ado para salidas en bicicleta con ni\u00f1os, familiares o amigos, independientemente de la diferencia de nivel de forma f\u00edsica. Se puede utilizar tanto con ni\u00f1os como con adultos e incluso con bicicletas el\u00e9ctricas. El peso m\u00e1ximo de remolque es de 130 kg.<\/p>\n<p><strong>INSTALACI\u00d3N:<\/strong><\/p>\n<p>El TRAX PRO est\u00e1 dise\u00f1ado para instalarse en diversas partes de la bicicleta sin necesidad de herramientas, mediante un sistema de correa textil con hebilla. Se puede instalar:<\/p>\n<p>En la bicicleta delantera: en la potencia del sill\u00edn o en el sill\u00edn.<br \/>\nEn la bicicleta trasera: en la potencia, en el manillar o en el lateral del cuadro.<\/p>\n<p><strong>ORIGEN:<\/strong><\/p>\n<p>TRAX PRO es la segunda versi\u00f3n de TRAX MTB. Una evoluci\u00f3n conseguida gracias al feedback de los clientes que han depositado su confianza en nosotros y nos han contado sus experiencias. TRAX te ofrece un sinf\u00edn de posibilidades que nunca antes habr\u00edas pensado con tu bicicleta y tus seres queridos.<\/p>\n<p>La sencillez del sistema TRAX PRO se traduce en un peso de s\u00f3lo 130 g. Este peso hace que pase desapercibido al andar en bicicleta, o te permite llevarlo en la mochila o maillot en caso de emergencia.<\/p>\n<p><strong>CARACTER\u00cdSTICAS T\u00c9CNICAS:<\/strong><\/p>\n<ul>\n<li>Peso del dispositivo: 130 g<\/li>\n<li>Longitud del cable: 2,2 m<\/li>\n<li>Peso m\u00e1ximo de remolque: 130 kg \u2013 265 libras<\/li>\n<li>Apto para bicicletas el\u00e9ctricas: S\u00ed<\/li>\n<li>Sistema de cierre: Correa textil con hebilla<\/li>\n<li>Apto para todas las bicicletas Dimensiones: 65 cm x 65 cm x 45 cm<\/li>\n<li>Velocidad m\u00e1xima recomendada: 10 km\/h \u2013 6 mph<\/li>\n<\/ul>\n","protected":false},"excerpt":{"rendered":"<p>TRAX PRO es el mejor remolcador de bicicletas del mercado. \u00a1La mejor opci\u00f3n para remolcar una bicicleta con otra en cualquier situaci\u00f3n, dise\u00f1ada para usar tanto con bicicletas el\u00e9ctricas como con bicicletas normales y para remolcar tanto a adultos como a ni\u00f1os!<\/p>\n<p><strong>\u00a1El sistema m\u00e1s c\u00f3modo, eficaz y pr\u00e1ctico para arrastrar una bicicleta con otra bicicleta, tanto para bicicletas el\u00e9ctricas como para bicicletas normales, para adultos y ni\u00f1os!<\/strong><br \/>\n<span style=\"display:inline-block; margin:0; padding:0; line-height:1;\"><br \/>\n  <a href=\"https:\/\/traxbike.com\/wp-content\/uploads\/2026\/03\/DIGITAL-MANUAL-TRAX-PRO_LR.pdf\" target=\"_blank\" style=\"\n    display:inline-block !important;\n    width:auto !important;\n    min-width:0 !important;\n    max-width:none !important;\n    height:auto !important;\n    min-height:0 !important;\n    margin:0 !important;\n    padding:15px 15px !important;\n    background:#000 !important;\n    color:#fff !important;\n    text-decoration:none !important;\n    font-family:Default !important;\n    font-size:18px !important;\n    font-weight:400 !important;\n    line-height:1.1 !important;\n    border:1px solid #000 !important;\n    border-radius:0 !important;\n    box-sizing:border-box !important;\n    text-align:center !important;\n    white-space:nowrap !important;\n    vertical-align:middle !important;\n  \">Descargar el manual Trax Pro<\/a><br \/>\n<\/span><\/p>\n","protected":false},"featured_media":6748,"template":"","meta":[],"product_brand":[],"product_cat":[169],"product_tag":[],"class_list":{"0":"post-7017","1":"product","2":"type-product","3":"status-publish","4":"has-post-thumbnail","6":"product_cat-trax-es","8":"first","9":"instock","10":"taxable","11":"shipping-taxable","12":"purchasable","13":"product-type-simple","14":"add-to-wishlist-after_add_to_cart"},"yoast_head":"<!-- This site is optimized with the Yoast SEO plugin v27.3 - https:\/\/yoast.com\/product\/yoast-seo-wordpress\/ -->\n<title>TRAX PRO | Sistema de remolque de bicicletas | TraxBike<\/title>\n<meta name=\"description\" content=\"Trax bike sistema de remolque de bicicletas. Descubre nuestro remolcador de bicicletas TRAX PRO para disfrutar de rutas en bicicleta.\" \/>\n<meta name=\"robots\" content=\"index, follow, max-snippet:-1, max-image-preview:large, max-video-preview:-1\" \/>\n<link rel=\"canonical\" href=\"https:\/\/traxbike.com\/es\/producto\/trax-pro\/\" \/>\n<meta property=\"og:locale\" content=\"es_ES\" \/>\n<meta property=\"og:type\" content=\"article\" \/>\n<meta property=\"og:title\" content=\"TRAX PRO | Sistema de remolque de bicicletas | TraxBike\" \/>\n<meta property=\"og:description\" content=\"Trax bike sistema de remolque de bicicletas. Descubre nuestro remolcador de bicicletas TRAX PRO para disfrutar de rutas en bicicleta.\" \/>\n<meta property=\"og:url\" content=\"https:\/\/traxbike.com\/es\/producto\/trax-pro\/\" \/>\n<meta property=\"og:site_name\" content=\"TraxBike\" \/>\n<meta property=\"article:modified_time\" content=\"2026-03-04T17:17:15+00:00\" \/>\n<meta property=\"og:image\" content=\"https:\/\/traxbike.com\/wp-content\/uploads\/2023\/06\/Traxpro-oficial-2.png\" \/>\n\t<meta property=\"og:image:width\" content=\"1080\" \/>\n\t<meta property=\"og:image:height\" content=\"1080\" \/>\n\t<meta property=\"og:image:type\" content=\"image\/png\" \/>\n<meta name=\"twitter:card\" content=\"summary_large_image\" \/>\n<meta name=\"twitter:label1\" content=\"Tiempo de lectura\" \/>\n\t<meta name=\"twitter:data1\" content=\"2 minutos\" \/>\n<script type=\"application\/ld+json\" class=\"yoast-schema-graph\">{\"@context\":\"https:\\\/\\\/schema.org\",\"@graph\":[{\"@type\":\"WebPage\",\"@id\":\"https:\\\/\\\/traxbike.com\\\/es\\\/producto\\\/trax-pro\\\/\",\"url\":\"https:\\\/\\\/traxbike.com\\\/es\\\/producto\\\/trax-pro\\\/\",\"name\":\"TRAX PRO | Sistema de remolque de bicicletas | TraxBike\",\"isPartOf\":{\"@id\":\"https:\\\/\\\/traxbike.com\\\/#website\"},\"primaryImageOfPage\":{\"@id\":\"https:\\\/\\\/traxbike.com\\\/es\\\/producto\\\/trax-pro\\\/#primaryimage\"},\"image\":{\"@id\":\"https:\\\/\\\/traxbike.com\\\/es\\\/producto\\\/trax-pro\\\/#primaryimage\"},\"thumbnailUrl\":\"https:\\\/\\\/traxbike.com\\\/wp-content\\\/uploads\\\/2023\\\/06\\\/Traxpro-oficial-2.png\",\"datePublished\":\"2023-06-10T08:44:22+00:00\",\"dateModified\":\"2026-03-04T17:17:15+00:00\",\"description\":\"Trax bike sistema de remolque de bicicletas. Descubre nuestro remolcador de bicicletas TRAX PRO para disfrutar de rutas en bicicleta.\",\"breadcrumb\":{\"@id\":\"https:\\\/\\\/traxbike.com\\\/es\\\/producto\\\/trax-pro\\\/#breadcrumb\"},\"inLanguage\":\"es\",\"potentialAction\":[{\"@type\":\"ReadAction\",\"target\":[\"https:\\\/\\\/traxbike.com\\\/es\\\/producto\\\/trax-pro\\\/\"]}]},{\"@type\":\"ImageObject\",\"inLanguage\":\"es\",\"@id\":\"https:\\\/\\\/traxbike.com\\\/es\\\/producto\\\/trax-pro\\\/#primaryimage\",\"url\":\"https:\\\/\\\/traxbike.com\\\/wp-content\\\/uploads\\\/2023\\\/06\\\/Traxpro-oficial-2.png\",\"contentUrl\":\"https:\\\/\\\/traxbike.com\\\/wp-content\\\/uploads\\\/2023\\\/06\\\/Traxpro-oficial-2.png\",\"width\":1080,\"height\":1080},{\"@type\":\"BreadcrumbList\",\"@id\":\"https:\\\/\\\/traxbike.com\\\/es\\\/producto\\\/trax-pro\\\/#breadcrumb\",\"itemListElement\":[{\"@type\":\"ListItem\",\"position\":1,\"name\":\"Portada\",\"item\":\"https:\\\/\\\/traxbike.com\\\/\"},{\"@type\":\"ListItem\",\"position\":2,\"name\":\"Tienda\",\"item\":\"https:\\\/\\\/traxbike.com\\\/shop-2\\\/\"},{\"@type\":\"ListItem\",\"position\":3,\"name\":\"TRAX PRO\"}]},{\"@type\":\"WebSite\",\"@id\":\"https:\\\/\\\/traxbike.com\\\/#website\",\"url\":\"https:\\\/\\\/traxbike.com\\\/\",\"name\":\"TraxBike\",\"description\":\"Experts in bicycle towing systems and family sports\",\"potentialAction\":[{\"@type\":\"SearchAction\",\"target\":{\"@type\":\"EntryPoint\",\"urlTemplate\":\"https:\\\/\\\/traxbike.com\\\/?s={search_term_string}\"},\"query-input\":{\"@type\":\"PropertyValueSpecification\",\"valueRequired\":true,\"valueName\":\"search_term_string\"}}],\"inLanguage\":\"es\"}]}<\/script>\n<!-- \/ Yoast SEO plugin. -->","yoast_head_json":{"title":"TRAX PRO | Sistema de remolque de bicicletas | TraxBike","description":"Trax bike sistema de remolque de bicicletas. Descubre nuestro remolcador de bicicletas TRAX PRO para disfrutar de rutas en bicicleta.","robots":{"index":"index","follow":"follow","max-snippet":"max-snippet:-1","max-image-preview":"max-image-preview:large","max-video-preview":"max-video-preview:-1"},"canonical":"https:\/\/traxbike.com\/es\/producto\/trax-pro\/","og_locale":"es_ES","og_type":"article","og_title":"TRAX PRO | Sistema de remolque de bicicletas | TraxBike","og_description":"Trax bike sistema de remolque de bicicletas. Descubre nuestro remolcador de bicicletas TRAX PRO para disfrutar de rutas en bicicleta.","og_url":"https:\/\/traxbike.com\/es\/producto\/trax-pro\/","og_site_name":"TraxBike","article_modified_time":"2026-03-04T17:17:15+00:00","og_image":[{"width":1080,"height":1080,"url":"https:\/\/traxbike.com\/wp-content\/uploads\/2023\/06\/Traxpro-oficial-2.png","type":"image\/png"}],"twitter_card":"summary_large_image","twitter_misc":{"Tiempo de lectura":"2 minutos"},"schema":{"@context":"https:\/\/schema.org","@graph":[{"@type":"WebPage","@id":"https:\/\/traxbike.com\/es\/producto\/trax-pro\/","url":"https:\/\/traxbike.com\/es\/producto\/trax-pro\/","name":"TRAX PRO | Sistema de remolque de bicicletas | TraxBike","isPartOf":{"@id":"https:\/\/traxbike.com\/#website"},"primaryImageOfPage":{"@id":"https:\/\/traxbike.com\/es\/producto\/trax-pro\/#primaryimage"},"image":{"@id":"https:\/\/traxbike.com\/es\/producto\/trax-pro\/#primaryimage"},"thumbnailUrl":"https:\/\/traxbike.com\/wp-content\/uploads\/2023\/06\/Traxpro-oficial-2.png","datePublished":"2023-06-10T08:44:22+00:00","dateModified":"2026-03-04T17:17:15+00:00","description":"Trax bike sistema de remolque de bicicletas. Descubre nuestro remolcador de bicicletas TRAX PRO para disfrutar de rutas en bicicleta.","breadcrumb":{"@id":"https:\/\/traxbike.com\/es\/producto\/trax-pro\/#breadcrumb"},"inLanguage":"es","potentialAction":[{"@type":"ReadAction","target":["https:\/\/traxbike.com\/es\/producto\/trax-pro\/"]}]},{"@type":"ImageObject","inLanguage":"es","@id":"https:\/\/traxbike.com\/es\/producto\/trax-pro\/#primaryimage","url":"https:\/\/traxbike.com\/wp-content\/uploads\/2023\/06\/Traxpro-oficial-2.png","contentUrl":"https:\/\/traxbike.com\/wp-content\/uploads\/2023\/06\/Traxpro-oficial-2.png","width":1080,"height":1080},{"@type":"BreadcrumbList","@id":"https:\/\/traxbike.com\/es\/producto\/trax-pro\/#breadcrumb","itemListElement":[{"@type":"ListItem","position":1,"name":"Portada","item":"https:\/\/traxbike.com\/"},{"@type":"ListItem","position":2,"name":"Tienda","item":"https:\/\/traxbike.com\/shop-2\/"},{"@type":"ListItem","position":3,"name":"TRAX PRO"}]},{"@type":"WebSite","@id":"https:\/\/traxbike.com\/#website","url":"https:\/\/traxbike.com\/","name":"TraxBike","description":"Experts in bicycle towing systems and family sports","potentialAction":[{"@type":"SearchAction","target":{"@type":"EntryPoint","urlTemplate":"https:\/\/traxbike.com\/?s={search_term_string}"},"query-input":{"@type":"PropertyValueSpecification","valueRequired":true,"valueName":"search_term_string"}}],"inLanguage":"es"}]}},"_links":{"self":[{"href":"https:\/\/traxbike.com\/es\/wp-json\/wp\/v2\/product\/7017","targetHints":{"allow":["GET"]}}],"collection":[{"href":"https:\/\/traxbike.com\/es\/wp-json\/wp\/v2\/product"}],"about":[{"href":"https:\/\/traxbike.com\/es\/wp-json\/wp\/v2\/types\/product"}],"wp:featuredmedia":[{"embeddable":true,"href":"https:\/\/traxbike.com\/es\/wp-json\/wp\/v2\/media\/6748"}],"wp:attachment":[{"href":"https:\/\/traxbike.com\/es\/wp-json\/wp\/v2\/media?parent=7017"}],"wp:term":[{"taxonomy":"product_brand","embeddable":true,"href":"https:\/\/traxbike.com\/es\/wp-json\/wp\/v2\/product_brand?post=7017"},{"taxonomy":"product_cat","embeddable":true,"href":"https:\/\/traxbike.com\/es\/wp-json\/wp\/v2\/product_cat?post=7017"},{"taxonomy":"product_tag","embeddable":true,"href":"https:\/\/traxbike.com\/es\/wp-json\/wp\/v2\/product_tag?post=7017"}],"curies":[{"name":"wp","href":"https:\/\/api.w.org\/{rel}","templated":true}]}}