{"id":6981,"date":"2022-11-04T15:36:36","date_gmt":"2022-11-04T14:36:36","guid":{"rendered":"http:\/\/nova2024.traxbike.com\/sobre-nosotros\/"},"modified":"2026-03-25T16:19:05","modified_gmt":"2026-03-25T15:19:05","slug":"sobre-nosotros","status":"publish","type":"page","link":"https:\/\/traxbike.com\/es\/sobre-nosotros\/","title":{"rendered":"Sobre nosotros"},"content":{"rendered":"\t\t<div data-elementor-type=\"wp-page\" data-elementor-id=\"6981\" class=\"elementor elementor-6981 elementor-5093\" data-elementor-post-type=\"page\">\n\t\t\t\t<div class=\"elementor-element elementor-element-19df130 e-flex e-con-boxed e-con e-parent\" data-id=\"19df130\" data-element_type=\"container\" data-e-type=\"container\">\n\t\t\t\t\t<div class=\"e-con-inner\">\n\t\t\t\t<div class=\"elementor-element elementor-element-6b26eee elementor-widget elementor-widget-heading\" data-id=\"6b26eee\" data-element_type=\"widget\" data-e-type=\"widget\" data-widget_type=\"heading.default\">\n\t\t\t\t<div class=\"elementor-widget-container\">\n\t\t\t\t\t<h2 class=\"elementor-heading-title elementor-size-default\">Acerca de TRAX BIKE SOLUTIONS<\/h2>\t\t\t\t<\/div>\n\t\t\t\t<\/div>\n\t\t\t\t<div class=\"elementor-element elementor-element-4a96844 elementor-widget__width-initial elementor-widget elementor-widget-text-editor\" data-id=\"4a96844\" data-element_type=\"widget\" data-e-type=\"widget\" data-widget_type=\"text-editor.default\">\n\t\t\t\t<div class=\"elementor-widget-container\">\n\t\t\t\t\t\t\t\t\t<p style=\"text-align: justify;\">Todo empez\u00f3 en 2018 en Barcelona en una ruta de BTT juntos, normal, como siempre&#8230; Ese d\u00eda nos dimos cuenta de que el tiempo que pas\u00e1bamos juntos practicando deporte al aire libre nos llenaba de positividad y de experiencias que nunca olvidar\u00edamos&#8230;<\/p>\t\t\t\t\t\t\t\t<\/div>\n\t\t\t\t<\/div>\n\t\t\t\t\t<\/div>\n\t\t\t\t<\/div>\n\t\t<div class=\"elementor-element elementor-element-84d6d60 e-flex e-con-boxed e-con e-parent\" data-id=\"84d6d60\" data-element_type=\"container\" data-e-type=\"container\">\n\t\t\t\t\t<div class=\"e-con-inner\">\n\t\t<div class=\"elementor-element elementor-element-df5da85 e-con-full e-flex e-con e-child\" data-id=\"df5da85\" data-element_type=\"container\" data-e-type=\"container\">\n\t\t\t\t<div class=\"elementor-element elementor-element-68d8c83 elementor-widget elementor-widget-image\" data-id=\"68d8c83\" data-element_type=\"widget\" data-e-type=\"widget\" data-widget_type=\"image.default\">\n\t\t\t\t<div class=\"elementor-widget-container\">\n\t\t\t\t\t\t\t\t\t\t\t\t\t\t\t<img fetchpriority=\"high\" decoding=\"async\" width=\"1024\" height=\"683\" src=\"https:\/\/traxbike.com\/wp-content\/uploads\/2024\/06\/equip-1024x683.jpg\" class=\"attachment-large size-large wp-image-6781\" alt=\"\" srcset=\"https:\/\/traxbike.com\/wp-content\/uploads\/2024\/06\/equip-1024x683.jpg 1024w, https:\/\/traxbike.com\/wp-content\/uploads\/2024\/06\/equip-300x200.jpg 300w, https:\/\/traxbike.com\/wp-content\/uploads\/2024\/06\/equip-768x512.jpg 768w, https:\/\/traxbike.com\/wp-content\/uploads\/2024\/06\/equip-1536x1024.jpg 1536w, https:\/\/traxbike.com\/wp-content\/uploads\/2024\/06\/equip-1000x667.jpg 1000w, https:\/\/traxbike.com\/wp-content\/uploads\/2024\/06\/equip.jpg 1600w\" sizes=\"(max-width: 1024px) 100vw, 1024px\" \/>\t\t\t\t\t\t\t\t\t\t\t\t\t\t\t<\/div>\n\t\t\t\t<\/div>\n\t\t\t\t<\/div>\n\t\t<div class=\"elementor-element elementor-element-bbeab9c e-con-full e-flex e-con e-child\" data-id=\"bbeab9c\" data-element_type=\"container\" data-e-type=\"container\">\n\t\t\t\t<div class=\"elementor-element elementor-element-9ef3237 elementor-widget elementor-widget-spacer\" data-id=\"9ef3237\" data-element_type=\"widget\" data-e-type=\"widget\" data-widget_type=\"spacer.default\">\n\t\t\t\t<div class=\"elementor-widget-container\">\n\t\t\t\t\t\t\t<div class=\"elementor-spacer\">\n\t\t\t<div class=\"elementor-spacer-inner\"><\/div>\n\t\t<\/div>\n\t\t\t\t\t\t<\/div>\n\t\t\t\t<\/div>\n\t\t\t\t<div class=\"elementor-element elementor-element-f9a1bb9 elementor-widget-tablet__width-initial elementor-widget elementor-widget-text-editor\" data-id=\"f9a1bb9\" data-element_type=\"widget\" data-e-type=\"widget\" data-widget_type=\"text-editor.default\">\n\t\t\t\t<div class=\"elementor-widget-container\">\n\t\t\t\t\t\t\t\t\t<p style=\"text-align: justify;\">Esta sensaci\u00f3n nos hizo pensar en un sistema para compartir experiencias sobre dos ruedas con las personas que m\u00e1s amamos del mundo y que, hasta entonces, no hab\u00edamos pensado que podr\u00edan hacerlo con nosotros por falta de experiencia o de forma f\u00edsica\u2026 Hijas , hijos, padres, madres , amigos?<\/p>\n<p style=\"text-align: justify;\">Bien, aqu\u00ed estamos, un sue\u00f1o hecho realidad. Somos Merc\u00e8 y Guillem y estamos encantados de poder aportar nuestro granito de arena a la misi\u00f3n de que el deporte al aire libre est\u00e9 al alcance de todos y que estos buenos momentos se puedan compartir con los que m\u00e1s amamos. Esperamos que todos puedan disfrutar de nuestros productos tanto como nosotros disfrutamos de usarlos y hacer que este proyecto sea una realidad.<\/p>\n<p style=\"text-align: justify;\">El equipo de TRAX BIKE SOLUTIONS dise\u00f1a, desarrolla y prueba nuestros productos con cuidado y experiencia en ingenier\u00eda, fabricamos todas las prendas con los mejores fabricantes locales disponibles y comprobamos cada producto individualmente.<\/p>\n<p style=\"text-align: justify;\">Pero sobre todo, lo hacemos todo desde la pasi\u00f3n por los deportes al aire libre y las ganas de compartir estos fant\u00e1sticos momentos de la vida con nuestros seres queridos.<\/p>\n<p style=\"text-align: justify;\"><em>&#8220;El placer de cualquier actividad se duplica cuando uno convive con otro que comparte la misma experiencia&#8221;<\/em><\/p>\t\t\t\t\t\t\t\t<\/div>\n\t\t\t\t<\/div>\n\t\t\t\t<div class=\"elementor-element elementor-element-2e2366c elementor-widget elementor-widget-spacer\" data-id=\"2e2366c\" data-element_type=\"widget\" data-e-type=\"widget\" data-widget_type=\"spacer.default\">\n\t\t\t\t<div class=\"elementor-widget-container\">\n\t\t\t\t\t\t\t<div class=\"elementor-spacer\">\n\t\t\t<div class=\"elementor-spacer-inner\"><\/div>\n\t\t<\/div>\n\t\t\t\t\t\t<\/div>\n\t\t\t\t<\/div>\n\t\t\t\t<\/div>\n\t\t\t\t\t<\/div>\n\t\t\t\t<\/div>\n\t\t<div class=\"elementor-element elementor-element-3f0b34a e-flex e-con-boxed e-con e-parent\" data-id=\"3f0b34a\" data-element_type=\"container\" data-e-type=\"container\">\n\t\t\t\t\t<div class=\"e-con-inner\">\n\t\t<div class=\"elementor-element elementor-element-e0864eb e-con-full e-flex e-con e-child\" data-id=\"e0864eb\" data-element_type=\"container\" data-e-type=\"container\">\n\t\t\t\t<div class=\"elementor-element elementor-element-ce0112e elementor-widget-tablet__width-initial elementor-widget elementor-widget-text-editor\" data-id=\"ce0112e\" data-element_type=\"widget\" data-e-type=\"widget\" data-widget_type=\"text-editor.default\">\n\t\t\t\t<div class=\"elementor-widget-container\">\n\t\t\t\t\t\t\t\t\t<p style=\"text-align: justify;\">Si, de alguna manera, obtiene un producto defectuoso, no se asuste. Aqu\u00ed tiene nuestra pol\u00edtica de garant\u00eda clara:\nSomos muy estrictos en nuestros controles de calidad, pero en ocasiones las cosas pueden ir mal. Si de alg\u00fan modo recibe un producto defectuoso, incluso meses despu\u00e9s de la instalaci\u00f3n, env\u00edenos un correo electr\u00f3nico y encontraremos la soluci\u00f3n. S\u00ed, trabajamos para un ratio de satisfacci\u00f3n del 100%.<\/p>\n<p style=\"text-align: justify;\">Si pidi\u00f3 el producto equivocado o el producto no es el que se esperaba, no se preocupe. Los art\u00edculos se pueden devolver dentro de los 30 d\u00edas siguientes a la recepci\u00f3n y se puede devolver el dinero.<\/p>\n<p style=\"text-align: justify;\">No se puede devolver ning\u00fan art\u00edculo despu\u00e9s de 30 d\u00edas (a menos que el producto sea defectuoso). Las devoluciones deben estar en condiciones nuevas y sin utilizar, con el embalaje, las etiquetas y las etiquetas de fabricaci\u00f3n originales adjuntados.<\/p>\n<p style=\"text-align: justify;\">El cliente pagar\u00e1 el env\u00edo del art\u00edculo devuelto. Son los responsables si el art\u00edculo no llega a nuestras instalaciones, por lo que le recomendamos que utilice una opci\u00f3n de env\u00edo con seguimiento si necesita devolver alg\u00fan producto.<\/p>\t\t\t\t\t\t\t\t<\/div>\n\t\t\t\t<\/div>\n\t\t\t\t<\/div>\n\t\t<div class=\"elementor-element elementor-element-ce611c1 e-con-full e-flex e-con e-child\" data-id=\"ce611c1\" data-element_type=\"container\" data-e-type=\"container\">\n\t\t\t\t<div class=\"elementor-element elementor-element-72366d3 elementor-widget elementor-widget-spacer\" data-id=\"72366d3\" data-element_type=\"widget\" data-e-type=\"widget\" data-widget_type=\"spacer.default\">\n\t\t\t\t<div class=\"elementor-widget-container\">\n\t\t\t\t\t\t\t<div class=\"elementor-spacer\">\n\t\t\t<div class=\"elementor-spacer-inner\"><\/div>\n\t\t<\/div>\n\t\t\t\t\t\t<\/div>\n\t\t\t\t<\/div>\n\t\t\t\t<div class=\"elementor-element elementor-element-fdedca8 elementor-widget elementor-widget-spacer\" data-id=\"fdedca8\" data-element_type=\"widget\" data-e-type=\"widget\" data-widget_type=\"spacer.default\">\n\t\t\t\t<div class=\"elementor-widget-container\">\n\t\t\t\t\t\t\t<div class=\"elementor-spacer\">\n\t\t\t<div class=\"elementor-spacer-inner\"><\/div>\n\t\t<\/div>\n\t\t\t\t\t\t<\/div>\n\t\t\t\t<\/div>\n\t\t\t\t<div class=\"elementor-element elementor-element-25a94ff elementor-widget elementor-widget-image\" data-id=\"25a94ff\" data-element_type=\"widget\" data-e-type=\"widget\" data-widget_type=\"image.default\">\n\t\t\t\t<div class=\"elementor-widget-container\">\n\t\t\t\t\t\t\t\t\t\t\t\t\t\t\t<img decoding=\"async\" width=\"1024\" height=\"768\" src=\"https:\/\/traxbike.com\/wp-content\/uploads\/2024\/06\/TRAX-PRO-IN-USE-3-scaled-1-1-1024x768.jpg\" class=\"attachment-large size-large wp-image-6787\" alt=\"\" srcset=\"https:\/\/traxbike.com\/wp-content\/uploads\/2024\/06\/TRAX-PRO-IN-USE-3-scaled-1-1-1024x768.jpg 1024w, https:\/\/traxbike.com\/wp-content\/uploads\/2024\/06\/TRAX-PRO-IN-USE-3-scaled-1-1-300x225.jpg 300w, https:\/\/traxbike.com\/wp-content\/uploads\/2024\/06\/TRAX-PRO-IN-USE-3-scaled-1-1-768x576.jpg 768w, https:\/\/traxbike.com\/wp-content\/uploads\/2024\/06\/TRAX-PRO-IN-USE-3-scaled-1-1-1536x1152.jpg 1536w, https:\/\/traxbike.com\/wp-content\/uploads\/2024\/06\/TRAX-PRO-IN-USE-3-scaled-1-1-2048x1536.jpg 2048w, https:\/\/traxbike.com\/wp-content\/uploads\/2024\/06\/TRAX-PRO-IN-USE-3-scaled-1-1-1000x750.jpg 1000w\" sizes=\"(max-width: 1024px) 100vw, 1024px\" \/>\t\t\t\t\t\t\t\t\t\t\t\t\t\t\t<\/div>\n\t\t\t\t<\/div>\n\t\t\t\t<\/div>\n\t\t\t\t\t<\/div>\n\t\t\t\t<\/div>\n\t\t<div class=\"elementor-element elementor-element-598b891 e-flex e-con-boxed e-con e-parent\" data-id=\"598b891\" data-element_type=\"container\" data-e-type=\"container\" data-settings=\"{&quot;background_background&quot;:&quot;classic&quot;}\">\n\t\t\t\t\t<div class=\"e-con-inner\">\n\t\t\t\t<div class=\"elementor-element elementor-element-3a475c8 elementor-widget elementor-widget-heading\" data-id=\"3a475c8\" data-element_type=\"widget\" data-e-type=\"widget\" data-widget_type=\"heading.default\">\n\t\t\t\t<div class=\"elementor-widget-container\">\n\t\t\t\t\t<h2 class=\"elementor-heading-title elementor-size-default\">\u00a1Comparte tu pasi\u00f3n!\n<\/h2>\t\t\t\t<\/div>\n\t\t\t\t<\/div>\n\t\t\t\t<div class=\"elementor-element elementor-element-05355b0 elementor-widget elementor-widget-spacer\" data-id=\"05355b0\" data-element_type=\"widget\" data-e-type=\"widget\" data-widget_type=\"spacer.default\">\n\t\t\t\t<div class=\"elementor-widget-container\">\n\t\t\t\t\t\t\t<div class=\"elementor-spacer\">\n\t\t\t<div class=\"elementor-spacer-inner\"><\/div>\n\t\t<\/div>\n\t\t\t\t\t\t<\/div>\n\t\t\t\t<\/div>\n\t\t\t\t<div class=\"elementor-element elementor-element-bf27731 elementor-widget elementor-widget-spacer\" data-id=\"bf27731\" data-element_type=\"widget\" data-e-type=\"widget\" data-widget_type=\"spacer.default\">\n\t\t\t\t<div class=\"elementor-widget-container\">\n\t\t\t\t\t\t\t<div class=\"elementor-spacer\">\n\t\t\t<div class=\"elementor-spacer-inner\"><\/div>\n\t\t<\/div>\n\t\t\t\t\t\t<\/div>\n\t\t\t\t<\/div>\n\t\t\t\t<div class=\"elementor-element elementor-element-b216a36 elementor-align-center elementor-widget elementor-widget-button\" data-id=\"b216a36\" data-element_type=\"widget\" data-e-type=\"widget\" data-widget_type=\"button.default\">\n\t\t\t\t<div class=\"elementor-widget-container\">\n\t\t\t\t\t\t\t\t\t<div class=\"elementor-button-wrapper\">\n\t\t\t\t\t<a class=\"elementor-button elementor-button-link elementor-size-sm\" href=\"https:\/\/traxbike.com\/es\/contacta-con-nosotros\/\">\n\t\t\t\t\t\t<span class=\"elementor-button-content-wrapper\">\n\t\t\t\t\t\t\t\t\t<span class=\"elementor-button-text\">contacta con nosotros<\/span>\n\t\t\t\t\t<\/span>\n\t\t\t\t\t<\/a>\n\t\t\t\t<\/div>\n\t\t\t\t\t\t\t\t<\/div>\n\t\t\t\t<\/div>\n\t\t\t\t\t<\/div>\n\t\t\t\t<\/div>\n\t\t\t\t<\/div>\n\t\t","protected":false},"excerpt":{"rendered":"<p>Acerca de TRAX BIKE SOLUTIONS Todo empez\u00f3 en 2018 en Barcelona en una ruta de BTT juntos, normal, como siempre&#8230; Ese d\u00eda nos dimos cuenta de que el tiempo que pas\u00e1bamos juntos practicando deporte al aire libre nos llenaba de positividad y de experiencias que nunca olvidar\u00edamos&#8230; Esta sensaci\u00f3n nos hizo pensar en un sistema [&hellip;]<\/p>\n","protected":false},"author":1,"featured_media":0,"parent":0,"menu_order":0,"comment_status":"closed","ping_status":"closed","template":"","meta":{"footnotes":""},"class_list":["post-6981","page","type-page","status-publish","hentry"],"yoast_head":"<!-- This site is optimized with the Yoast SEO plugin v27.3 - https:\/\/yoast.com\/product\/yoast-seo-wordpress\/ -->\n<title>Sobre nosotros | TraxBike | Los mejores sistemas de remolque de bicicletas<\/title>\n<meta name=\"description\" content=\"Conoce Traxbike, una marca nacida en Barcelona para hacer el ciclismo m\u00e1s accesible, inclusivo y compartido.\" \/>\n<meta name=\"robots\" content=\"index, follow, max-snippet:-1, max-image-preview:large, max-video-preview:-1\" \/>\n<link rel=\"canonical\" href=\"https:\/\/traxbike.com\/es\/sobre-nosotros\/\" \/>\n<meta property=\"og:locale\" content=\"es_ES\" \/>\n<meta property=\"og:type\" content=\"article\" \/>\n<meta property=\"og:title\" content=\"Sobre nosotros | TraxBike | Los mejores sistemas de remolque de bicicletas\" \/>\n<meta property=\"og:description\" content=\"Conoce Traxbike, una marca nacida en Barcelona para hacer el ciclismo m\u00e1s accesible, inclusivo y compartido.\" \/>\n<meta property=\"og:url\" content=\"https:\/\/traxbike.com\/es\/sobre-nosotros\/\" \/>\n<meta property=\"og:site_name\" content=\"TraxBike\" \/>\n<meta property=\"article:modified_time\" content=\"2026-03-25T15:19:05+00:00\" \/>\n<meta property=\"og:image\" content=\"https:\/\/traxbike.com\/wp-content\/uploads\/2024\/06\/equip-1024x683.jpg\" \/>\n<meta name=\"twitter:card\" content=\"summary_large_image\" \/>\n<meta name=\"twitter:label1\" content=\"Tiempo de lectura\" \/>\n\t<meta name=\"twitter:data1\" content=\"3 minutos\" \/>\n<script type=\"application\/ld+json\" class=\"yoast-schema-graph\">{\"@context\":\"https:\\\/\\\/schema.org\",\"@graph\":[{\"@type\":\"WebPage\",\"@id\":\"https:\\\/\\\/traxbike.com\\\/es\\\/sobre-nosotros\\\/\",\"url\":\"https:\\\/\\\/traxbike.com\\\/es\\\/sobre-nosotros\\\/\",\"name\":\"Sobre nosotros | TraxBike | Los mejores sistemas de remolque de bicicletas\",\"isPartOf\":{\"@id\":\"https:\\\/\\\/traxbike.com\\\/#website\"},\"primaryImageOfPage\":{\"@id\":\"https:\\\/\\\/traxbike.com\\\/es\\\/sobre-nosotros\\\/#primaryimage\"},\"image\":{\"@id\":\"https:\\\/\\\/traxbike.com\\\/es\\\/sobre-nosotros\\\/#primaryimage\"},\"thumbnailUrl\":\"https:\\\/\\\/traxbike.com\\\/wp-content\\\/uploads\\\/2024\\\/06\\\/equip-1024x683.jpg\",\"datePublished\":\"2022-11-04T14:36:36+00:00\",\"dateModified\":\"2026-03-25T15:19:05+00:00\",\"description\":\"Conoce Traxbike, una marca nacida en Barcelona para hacer el ciclismo m\u00e1s accesible, inclusivo y compartido.\",\"breadcrumb\":{\"@id\":\"https:\\\/\\\/traxbike.com\\\/es\\\/sobre-nosotros\\\/#breadcrumb\"},\"inLanguage\":\"es\",\"potentialAction\":[{\"@type\":\"ReadAction\",\"target\":[\"https:\\\/\\\/traxbike.com\\\/es\\\/sobre-nosotros\\\/\"]}]},{\"@type\":\"ImageObject\",\"inLanguage\":\"es\",\"@id\":\"https:\\\/\\\/traxbike.com\\\/es\\\/sobre-nosotros\\\/#primaryimage\",\"url\":\"https:\\\/\\\/traxbike.com\\\/wp-content\\\/uploads\\\/2024\\\/06\\\/equip-1024x683.jpg\",\"contentUrl\":\"https:\\\/\\\/traxbike.com\\\/wp-content\\\/uploads\\\/2024\\\/06\\\/equip-1024x683.jpg\"},{\"@type\":\"BreadcrumbList\",\"@id\":\"https:\\\/\\\/traxbike.com\\\/es\\\/sobre-nosotros\\\/#breadcrumb\",\"itemListElement\":[{\"@type\":\"ListItem\",\"position\":1,\"name\":\"Portada\",\"item\":\"https:\\\/\\\/traxbike.com\\\/\"},{\"@type\":\"ListItem\",\"position\":2,\"name\":\"Sobre nosotros\"}]},{\"@type\":\"WebSite\",\"@id\":\"https:\\\/\\\/traxbike.com\\\/#website\",\"url\":\"https:\\\/\\\/traxbike.com\\\/\",\"name\":\"TraxBike\",\"description\":\"Experts in bicycle towing systems and family sports\",\"potentialAction\":[{\"@type\":\"SearchAction\",\"target\":{\"@type\":\"EntryPoint\",\"urlTemplate\":\"https:\\\/\\\/traxbike.com\\\/?s={search_term_string}\"},\"query-input\":{\"@type\":\"PropertyValueSpecification\",\"valueRequired\":true,\"valueName\":\"search_term_string\"}}],\"inLanguage\":\"es\"}]}<\/script>\n<!-- \/ Yoast SEO plugin. -->","yoast_head_json":{"title":"Sobre nosotros | TraxBike | Los mejores sistemas de remolque de bicicletas","description":"Conoce Traxbike, una marca nacida en Barcelona para hacer el ciclismo m\u00e1s accesible, inclusivo y compartido.","robots":{"index":"index","follow":"follow","max-snippet":"max-snippet:-1","max-image-preview":"max-image-preview:large","max-video-preview":"max-video-preview:-1"},"canonical":"https:\/\/traxbike.com\/es\/sobre-nosotros\/","og_locale":"es_ES","og_type":"article","og_title":"Sobre nosotros | TraxBike | Los mejores sistemas de remolque de bicicletas","og_description":"Conoce Traxbike, una marca nacida en Barcelona para hacer el ciclismo m\u00e1s accesible, inclusivo y compartido.","og_url":"https:\/\/traxbike.com\/es\/sobre-nosotros\/","og_site_name":"TraxBike","article_modified_time":"2026-03-25T15:19:05+00:00","og_image":[{"url":"https:\/\/traxbike.com\/wp-content\/uploads\/2024\/06\/equip-1024x683.jpg","type":"","width":"","height":""}],"twitter_card":"summary_large_image","twitter_misc":{"Tiempo de lectura":"3 minutos"},"schema":{"@context":"https:\/\/schema.org","@graph":[{"@type":"WebPage","@id":"https:\/\/traxbike.com\/es\/sobre-nosotros\/","url":"https:\/\/traxbike.com\/es\/sobre-nosotros\/","name":"Sobre nosotros | TraxBike | Los mejores sistemas de remolque de bicicletas","isPartOf":{"@id":"https:\/\/traxbike.com\/#website"},"primaryImageOfPage":{"@id":"https:\/\/traxbike.com\/es\/sobre-nosotros\/#primaryimage"},"image":{"@id":"https:\/\/traxbike.com\/es\/sobre-nosotros\/#primaryimage"},"thumbnailUrl":"https:\/\/traxbike.com\/wp-content\/uploads\/2024\/06\/equip-1024x683.jpg","datePublished":"2022-11-04T14:36:36+00:00","dateModified":"2026-03-25T15:19:05+00:00","description":"Conoce Traxbike, una marca nacida en Barcelona para hacer el ciclismo m\u00e1s accesible, inclusivo y compartido.","breadcrumb":{"@id":"https:\/\/traxbike.com\/es\/sobre-nosotros\/#breadcrumb"},"inLanguage":"es","potentialAction":[{"@type":"ReadAction","target":["https:\/\/traxbike.com\/es\/sobre-nosotros\/"]}]},{"@type":"ImageObject","inLanguage":"es","@id":"https:\/\/traxbike.com\/es\/sobre-nosotros\/#primaryimage","url":"https:\/\/traxbike.com\/wp-content\/uploads\/2024\/06\/equip-1024x683.jpg","contentUrl":"https:\/\/traxbike.com\/wp-content\/uploads\/2024\/06\/equip-1024x683.jpg"},{"@type":"BreadcrumbList","@id":"https:\/\/traxbike.com\/es\/sobre-nosotros\/#breadcrumb","itemListElement":[{"@type":"ListItem","position":1,"name":"Portada","item":"https:\/\/traxbike.com\/"},{"@type":"ListItem","position":2,"name":"Sobre nosotros"}]},{"@type":"WebSite","@id":"https:\/\/traxbike.com\/#website","url":"https:\/\/traxbike.com\/","name":"TraxBike","description":"Experts in bicycle towing systems and family sports","potentialAction":[{"@type":"SearchAction","target":{"@type":"EntryPoint","urlTemplate":"https:\/\/traxbike.com\/?s={search_term_string}"},"query-input":{"@type":"PropertyValueSpecification","valueRequired":true,"valueName":"search_term_string"}}],"inLanguage":"es"}]}},"_links":{"self":[{"href":"https:\/\/traxbike.com\/es\/wp-json\/wp\/v2\/pages\/6981","targetHints":{"allow":["GET"]}}],"collection":[{"href":"https:\/\/traxbike.com\/es\/wp-json\/wp\/v2\/pages"}],"about":[{"href":"https:\/\/traxbike.com\/es\/wp-json\/wp\/v2\/types\/page"}],"author":[{"embeddable":true,"href":"https:\/\/traxbike.com\/es\/wp-json\/wp\/v2\/users\/1"}],"replies":[{"embeddable":true,"href":"https:\/\/traxbike.com\/es\/wp-json\/wp\/v2\/comments?post=6981"}],"version-history":[{"count":17,"href":"https:\/\/traxbike.com\/es\/wp-json\/wp\/v2\/pages\/6981\/revisions"}],"predecessor-version":[{"id":8758,"href":"https:\/\/traxbike.com\/es\/wp-json\/wp\/v2\/pages\/6981\/revisions\/8758"}],"wp:attachment":[{"href":"https:\/\/traxbike.com\/es\/wp-json\/wp\/v2\/media?parent=6981"}],"curies":[{"name":"wp","href":"https:\/\/api.w.org\/{rel}","templated":true}]}}