{"id":6900,"date":"2024-06-14T18:32:20","date_gmt":"2024-06-14T16:32:20","guid":{"rendered":"http:\/\/nova2024.traxbike.com\/condiciones-de-compra\/"},"modified":"2024-10-14T15:11:14","modified_gmt":"2024-10-14T13:11:14","slug":"condiciones-de-compra","status":"publish","type":"page","link":"https:\/\/traxbike.com\/es\/condiciones-de-compra\/","title":{"rendered":"CONDICIONES DE COMPRA"},"content":{"rendered":"\t\t<div data-elementor-type=\"wp-page\" data-elementor-id=\"6900\" class=\"elementor elementor-6900 elementor-6514\" data-elementor-post-type=\"page\">\n\t\t\t\t<div class=\"elementor-element elementor-element-7a78d420 e-flex e-con-boxed e-con e-parent\" data-id=\"7a78d420\" data-element_type=\"container\" data-e-type=\"container\">\n\t\t\t\t\t<div class=\"e-con-inner\">\n\t\t\t\t<div class=\"elementor-element elementor-element-1414a589 elementor-widget elementor-widget-text-editor\" data-id=\"1414a589\" data-element_type=\"widget\" data-e-type=\"widget\" data-widget_type=\"text-editor.default\">\n\t\t\t\t<div class=\"elementor-widget-container\">\n\t\t\t\t\t\t\t\t\t\n<h2 class=\"wp-block-heading\" style=\"text-align: justify;\">Condiciones de env\u00edo<\/h2>\n\n\n\n<p style=\"text-align: justify;\">Nuestra tienda online utiliza existencias que siempre est\u00e1n disponibles en nuestra tienda o almac\u00e9n. Por tanto, podemos garantizar los plazos de entrega. Con el env\u00edo est\u00e1ndar garantizamos la entrega en un m\u00e1ximo de 4 d\u00edas laborables. Si eliges la entrega urgente, la entrega se realizar\u00e1 en 24\/48 horas.<\/p>\n\n\n\n<p style=\"text-align: justify;\">Cuando hagas tu pedido, indica claramente tu direcci\u00f3n. Si la entrega requiere alguna consideraci\u00f3n especial (lugar, persona de contacto, hora, etc.), no olvides indicarlo en el apartado de observaciones. Los incluiremos en el env\u00edo para facilitar su entrega.<\/p>\n\n\n\n<p style=\"text-align: justify;\">Puedes comprobar en cualquier momento el estado de tu pedido a trav\u00e9s de tu \u00e1rea de cliente de nuestro sitio web. En caso de incidencia, te lo indicaremos en tu apartado personal y pondremos los medios necesarios para solucionarlo lo antes posible.<\/p>\n\n\n\n<h2 class=\"wp-block-heading\" style=\"text-align: justify;\">Garant\u00eda de devoluci\u00f3n<\/h2>\n\n\n\n<p style=\"text-align: justify;\">En TRAX BIKE queremos darte el mejor servicio y ofrecerte una compra c\u00f3moda, segura y de calidad. Por eso, optamos por una pol\u00edtica de devoluci\u00f3n sencilla, sin preguntas y que siempre te beneficia.<\/p>\n\n\n\n<p style=\"text-align: justify;\">Recuerda que tienes 30 d\u00edas desde la recepci\u00f3n del producto para cambiarlo. Si no est\u00e1s satisfecho con tu elecci\u00f3n o no cumple tus expectativas, ponte en contacto con nosotros y solucionaremos el problema. Puedes cambiarlo por otro art\u00edculo o te devolvemos el dinero (esta garant\u00eda de devoluci\u00f3n s\u00f3lo es v\u00e1lida para compras en la tineda on-line). Adem\u00e1s, t\u00fa mismo gestionar\u00e1s tus pedidos y devoluciones a trav\u00e9s de Mi Cuenta.<\/p>\n\n\n\n<p style=\"text-align: justify;\">Los gastos de env\u00edo en caso de devoluci\u00f3n injustificada correr\u00e1n a cargo del comprador.<\/p>\n\n\n\n<p style=\"text-align: justify;\">En cualquier caso, es necesario que el producto est\u00e9 en perfectas condiciones y con el embalaje original. Una vez comprobado su estado, te abonaremos tu compra por el mismo medio de pago original.<\/p>\n\n\n\n<h2 class=\"wp-block-heading\" style=\"text-align: justify;\">Garant\u00eda<\/h2>\n\n\n\n<p style=\"text-align: justify;\">En caso de producto defectuoso, TRAX BIKE se compromete a repararlo o sustituirlo gratuitamente. Esta garant\u00eda es v\u00e1lida durante dos a\u00f1os a partir del momento de la entrega. El usuario debe informar al vendedor de la falta de conformidad en el plazo de 2 meses desde que tuvo conocimiento de ella.<\/p>\n\n\n\n<p style=\"text-align: justify;\">Si el fallo del producto se debe a un mal uso del mismo, TRAX no se compromete a tramitar la devoluci\u00f3n o reparaci\u00f3n.<\/p>\n\n\n\n<h2 class=\"wp-block-heading\" style=\"text-align: justify;\">Env\u00edo gratuito<\/h2>\n\n\n\n<p style=\"text-align: justify;\">Para promocionar el lanzamiento de nuestra web de venta online, TRAX ofrece el env\u00edo gratuito de los pedidos desde los pa\u00edses europeos.<br \/>En otros pa\u00edses, los pedidos superiores a 50 \u20ac tienen gastos de env\u00edo gratuitos. Para pedidos inferiores a 10 euros, se cobrar\u00e1 un recargo de 10 euros.<\/p>\n\n\n\n<h2 class=\"wp-block-heading\" style=\"text-align: justify;\">Formas de pago<\/h2>\n\n\n\n<p style=\"text-align: justify;\">Puedes elegir cualquiera de las siguientes formas de pago:<\/p>\n\n\n\n<ul class=\"wp-block-list\" style=\"text-align: justify;\">\n<li>Tarjeta de cr\u00e9dito<\/li>\n\n\n\n<li>PayPal<\/li>\n\n\n\n<li>Transferencia<\/li>\n<\/ul>\n\n\n\n<h3 class=\"wp-block-heading\" style=\"text-align: justify;\">Tarjeta de cr\u00e9dito<\/h3>\n\n\n\n<p style=\"text-align: justify;\">En TRAX BIKE nos preocupamos ante todo por tu seguridad. Para evitar el uso fraudulento de tarjetas, tomamos medidas preventivas en el momento del pago y realizamos una supervisi\u00f3n manual inmediatamente despu\u00e9s del pago. Si se detecta alguna incidencia, nos pondremos en contacto contigo inmediatamente para realizar la comprobaci\u00f3n correspondiente.<br \/>Aceptamos Visa y Mastercard.<\/p>\n\n\n\n<h3 class=\"wp-block-heading\" style=\"text-align: justify;\">Paypal<\/h3>\n\n\n\n<p style=\"text-align: justify;\">Apostamos por el futuro y por las facilidades de pago. PayPal es la forma r\u00e1pida y segura de pagar en Internet. Puedes pagar f\u00e1cilmente tus compras con tarjeta de d\u00e9bito, tarjeta de cr\u00e9dito o cuenta bancaria a trav\u00e9s de PayPal.<\/p>\n\n\n\n<ul class=\"wp-block-list\" style=\"text-align: justify;\">\n<li>PayPal es seguro: PayPal almacena de forma segura tu informaci\u00f3n financiera y la protege con sistemas de seguridad y prevenci\u00f3n del fraude l\u00edderes en el mercado. Adem\u00e1s, tus datos financieros nunca se comparten con el vendedor.<\/li>\n\n\n\n<li>PayPal es r\u00e1pido y sencillo: no tienes que introducir los datos de tu tarjeta o cuenta bancaria para pagar. S\u00f3lo necesitas tu direcci\u00f3n de correo electr\u00f3nico y una contrase\u00f1a. El pago del pedido se procesa inmediatamente.<\/li>\n\n\n\n<li>PayPal es flexible: t\u00fa eliges c\u00f3mo pagar (tarjeta de d\u00e9bito, tarjeta de cr\u00e9dito o cuenta bancaria).<\/li>\n<\/ul>\n\n\n\n<h3 class=\"wp-block-heading\" style=\"text-align: justify;\">Transferencia<\/h3>\n\n\n\n<p style=\"text-align: justify;\">Cuando elijas la transferencia como medio de pago, tu pedido no se procesar\u00e1 hasta que recibamos la confirmaci\u00f3n del ingreso por parte de nuestro banco. A partir de ese momento, empezaremos a cumplir los plazos de entrega.<\/p>\n\n\n\n<p style=\"text-align: justify;\">La cuenta en la que debes realizar la transferencia es la siguiente:<\/p>\n\n\n\n<p style=\"text-align: justify;\"><strong>ES6300810082220001567362<\/strong><\/p>\n\n\n\n<p style=\"text-align: justify;\">Indica en la transferencia tu nombre y el n\u00famero de pedido (por ejemplo, Carlos Rodr\u00edguez &#8211; N\u00ba 100000112).<\/p>\n\t\t\t\t\t\t\t\t<\/div>\n\t\t\t\t<\/div>\n\t\t\t\t\t<\/div>\n\t\t\t\t<\/div>\n\t\t\t\t<\/div>\n\t\t","protected":false},"excerpt":{"rendered":"<p>Condiciones de env\u00edo Nuestra tienda online utiliza existencias que siempre est\u00e1n disponibles en nuestra tienda o almac\u00e9n. Por tanto, podemos garantizar los plazos de entrega. Con el env\u00edo est\u00e1ndar garantizamos la entrega en un m\u00e1ximo de 4 d\u00edas laborables. Si eliges la entrega urgente, la entrega se realizar\u00e1 en 24\/48 horas. Cuando hagas tu pedido, [&hellip;]<\/p>\n","protected":false},"author":1,"featured_media":0,"parent":0,"menu_order":0,"comment_status":"closed","ping_status":"closed","template":"","meta":{"footnotes":""},"class_list":["post-6900","page","type-page","status-publish","hentry"],"yoast_head":"<!-- This site is optimized with the Yoast SEO plugin v27.3 - https:\/\/yoast.com\/product\/yoast-seo-wordpress\/ -->\n<title>CONDICIONES DE COMPRA - TraxBike<\/title>\n<meta name=\"robots\" content=\"index, follow, max-snippet:-1, max-image-preview:large, max-video-preview:-1\" \/>\n<link rel=\"canonical\" href=\"https:\/\/traxbike.com\/purchase-conditions\/\" \/>\n<meta property=\"og:locale\" content=\"es_ES\" \/>\n<meta property=\"og:type\" content=\"article\" \/>\n<meta property=\"og:title\" content=\"CONDICIONES DE COMPRA - TraxBike\" \/>\n<meta property=\"og:description\" content=\"Condiciones de env\u00edo Nuestra tienda online utiliza existencias que siempre est\u00e1n disponibles en nuestra tienda o almac\u00e9n. Por tanto, podemos garantizar los plazos de entrega. Con el env\u00edo est\u00e1ndar garantizamos la entrega en un m\u00e1ximo de 4 d\u00edas laborables. Si eliges la entrega urgente, la entrega se realizar\u00e1 en 24\/48 horas. Cuando hagas tu pedido, [&hellip;]\" \/>\n<meta property=\"og:url\" content=\"https:\/\/traxbike.com\/purchase-conditions\/\" \/>\n<meta property=\"og:site_name\" content=\"TraxBike\" \/>\n<meta property=\"article:modified_time\" content=\"2024-10-14T13:11:14+00:00\" \/>\n<meta name=\"twitter:card\" content=\"summary_large_image\" \/>\n<meta name=\"twitter:label1\" content=\"Tiempo de lectura\" \/>\n\t<meta name=\"twitter:data1\" content=\"4 minutos\" \/>\n<script type=\"application\/ld+json\" class=\"yoast-schema-graph\">{\"@context\":\"https:\\\/\\\/schema.org\",\"@graph\":[{\"@type\":\"WebPage\",\"@id\":\"https:\\\/\\\/traxbike.com\\\/purchase-conditions\\\/\",\"url\":\"https:\\\/\\\/traxbike.com\\\/purchase-conditions\\\/\",\"name\":\"CONDICIONES DE COMPRA - TraxBike\",\"isPartOf\":{\"@id\":\"https:\\\/\\\/traxbike.com\\\/#website\"},\"datePublished\":\"2024-06-14T16:32:20+00:00\",\"dateModified\":\"2024-10-14T13:11:14+00:00\",\"breadcrumb\":{\"@id\":\"https:\\\/\\\/traxbike.com\\\/purchase-conditions\\\/#breadcrumb\"},\"inLanguage\":\"es\",\"potentialAction\":[{\"@type\":\"ReadAction\",\"target\":[\"https:\\\/\\\/traxbike.com\\\/purchase-conditions\\\/\"]}]},{\"@type\":\"BreadcrumbList\",\"@id\":\"https:\\\/\\\/traxbike.com\\\/purchase-conditions\\\/#breadcrumb\",\"itemListElement\":[{\"@type\":\"ListItem\",\"position\":1,\"name\":\"Portada\",\"item\":\"https:\\\/\\\/traxbike.com\\\/\"},{\"@type\":\"ListItem\",\"position\":2,\"name\":\"CONDICIONES DE COMPRA\"}]},{\"@type\":\"WebSite\",\"@id\":\"https:\\\/\\\/traxbike.com\\\/#website\",\"url\":\"https:\\\/\\\/traxbike.com\\\/\",\"name\":\"TraxBike\",\"description\":\"Experts in bicycle towing systems and family sports\",\"potentialAction\":[{\"@type\":\"SearchAction\",\"target\":{\"@type\":\"EntryPoint\",\"urlTemplate\":\"https:\\\/\\\/traxbike.com\\\/?s={search_term_string}\"},\"query-input\":{\"@type\":\"PropertyValueSpecification\",\"valueRequired\":true,\"valueName\":\"search_term_string\"}}],\"inLanguage\":\"es\"}]}<\/script>\n<!-- \/ Yoast SEO plugin. -->","yoast_head_json":{"title":"CONDICIONES DE COMPRA - TraxBike","robots":{"index":"index","follow":"follow","max-snippet":"max-snippet:-1","max-image-preview":"max-image-preview:large","max-video-preview":"max-video-preview:-1"},"canonical":"https:\/\/traxbike.com\/purchase-conditions\/","og_locale":"es_ES","og_type":"article","og_title":"CONDICIONES DE COMPRA - TraxBike","og_description":"Condiciones de env\u00edo Nuestra tienda online utiliza existencias que siempre est\u00e1n disponibles en nuestra tienda o almac\u00e9n. Por tanto, podemos garantizar los plazos de entrega. Con el env\u00edo est\u00e1ndar garantizamos la entrega en un m\u00e1ximo de 4 d\u00edas laborables. Si eliges la entrega urgente, la entrega se realizar\u00e1 en 24\/48 horas. Cuando hagas tu pedido, [&hellip;]","og_url":"https:\/\/traxbike.com\/purchase-conditions\/","og_site_name":"TraxBike","article_modified_time":"2024-10-14T13:11:14+00:00","twitter_card":"summary_large_image","twitter_misc":{"Tiempo de lectura":"4 minutos"},"schema":{"@context":"https:\/\/schema.org","@graph":[{"@type":"WebPage","@id":"https:\/\/traxbike.com\/purchase-conditions\/","url":"https:\/\/traxbike.com\/purchase-conditions\/","name":"CONDICIONES DE COMPRA - TraxBike","isPartOf":{"@id":"https:\/\/traxbike.com\/#website"},"datePublished":"2024-06-14T16:32:20+00:00","dateModified":"2024-10-14T13:11:14+00:00","breadcrumb":{"@id":"https:\/\/traxbike.com\/purchase-conditions\/#breadcrumb"},"inLanguage":"es","potentialAction":[{"@type":"ReadAction","target":["https:\/\/traxbike.com\/purchase-conditions\/"]}]},{"@type":"BreadcrumbList","@id":"https:\/\/traxbike.com\/purchase-conditions\/#breadcrumb","itemListElement":[{"@type":"ListItem","position":1,"name":"Portada","item":"https:\/\/traxbike.com\/"},{"@type":"ListItem","position":2,"name":"CONDICIONES DE COMPRA"}]},{"@type":"WebSite","@id":"https:\/\/traxbike.com\/#website","url":"https:\/\/traxbike.com\/","name":"TraxBike","description":"Experts in bicycle towing systems and family sports","potentialAction":[{"@type":"SearchAction","target":{"@type":"EntryPoint","urlTemplate":"https:\/\/traxbike.com\/?s={search_term_string}"},"query-input":{"@type":"PropertyValueSpecification","valueRequired":true,"valueName":"search_term_string"}}],"inLanguage":"es"}]}},"_links":{"self":[{"href":"https:\/\/traxbike.com\/es\/wp-json\/wp\/v2\/pages\/6900","targetHints":{"allow":["GET"]}}],"collection":[{"href":"https:\/\/traxbike.com\/es\/wp-json\/wp\/v2\/pages"}],"about":[{"href":"https:\/\/traxbike.com\/es\/wp-json\/wp\/v2\/types\/page"}],"author":[{"embeddable":true,"href":"https:\/\/traxbike.com\/es\/wp-json\/wp\/v2\/users\/1"}],"replies":[{"embeddable":true,"href":"https:\/\/traxbike.com\/es\/wp-json\/wp\/v2\/comments?post=6900"}],"version-history":[{"count":6,"href":"https:\/\/traxbike.com\/es\/wp-json\/wp\/v2\/pages\/6900\/revisions"}],"predecessor-version":[{"id":7724,"href":"https:\/\/traxbike.com\/es\/wp-json\/wp\/v2\/pages\/6900\/revisions\/7724"}],"wp:attachment":[{"href":"https:\/\/traxbike.com\/es\/wp-json\/wp\/v2\/media?parent=6900"}],"curies":[{"name":"wp","href":"https:\/\/api.w.org\/{rel}","templated":true}]}}