{"id":9389,"date":"2026-04-07T08:39:49","date_gmt":"2026-04-07T06:39:49","guid":{"rendered":"https:\/\/traxbike.com\/?post_type=product&#038;p=9389"},"modified":"2026-04-07T09:15:28","modified_gmt":"2026-04-07T07:15:28","slug":"accessori-sg-per-a-trax-pro-copy","status":"publish","type":"product","link":"https:\/\/traxbike.com\/ca\/producte\/accessori-sg-per-a-trax-pro-copy\/","title":{"rendered":"Accessori NOBOLT per TRAX PRO"},"content":{"rendered":"<p>Aquest ganxo \u00e9s un accessori per al TRAX PRO. Est\u00e0 dissenyat per utilitzar-lo quan la potencia de la bicicleta remolcada no t\u00e9 cargols ni un lloc on subjectar la baga del cable del TRAX PRO.<\/p>\n<p>En aquest cas, aquest ganxo permet crear una baga despr\u00e9s de passar el cable pel manillar, tal com es mostra a les imatges.<\/p>\n","protected":false},"excerpt":{"rendered":"<p>Aquest ganxo \u00e9s un accessori per al TRAX PRO. Est\u00e0 dissenyat per utilitzar-lo quan la potencia de la bicicleta remolcada no t\u00e9 cargols ni un lloc on subjectar la baga del cable del TRAX PRO.<\/p>\n<p>En aquest cas, aquest ganxo permet crear una baga despr\u00e9s de passar el cable pel manillar, tal com es mostra a les imatges.<\/p>\n","protected":false},"featured_media":9403,"template":"","meta":[],"product_brand":[],"product_cat":[149],"product_tag":[],"class_list":{"0":"post-9389","1":"product","2":"type-product","3":"status-publish","4":"has-post-thumbnail","6":"product_cat-uncategorized-ca","8":"first","9":"instock","10":"taxable","11":"shipping-taxable","12":"purchasable","13":"product-type-simple","14":"add-to-wishlist-after_add_to_cart"},"yoast_head":"<!-- This site is optimized with the Yoast SEO plugin v27.3 - https:\/\/yoast.com\/product\/yoast-seo-wordpress\/ -->\n<title>Accessori NOBOLT per TRAX PRO - TraxBike<\/title>\n<meta name=\"robots\" content=\"index, follow, max-snippet:-1, max-image-preview:large, max-video-preview:-1\" \/>\n<link rel=\"canonical\" href=\"https:\/\/traxbike.com\/ca\/producte\/accessori-sg-per-a-trax-pro-copy\/\" \/>\n<meta property=\"og:locale\" content=\"ca_ES\" \/>\n<meta property=\"og:type\" content=\"article\" \/>\n<meta property=\"og:title\" content=\"Accessori NOBOLT per TRAX PRO - TraxBike\" \/>\n<meta property=\"og:description\" content=\"Aquest ganxo \u00e9s un accessori per al TRAX PRO. Est\u00e0 dissenyat per utilitzar-lo quan la potencia de la bicicleta remolcada no t\u00e9 cargols ni un lloc on subjectar la baga del cable del TRAX PRO.  En aquest cas, aquest ganxo permet crear una baga despr\u00e9s de passar el cable pel manillar, tal com es mostra a les imatges.\" \/>\n<meta property=\"og:url\" content=\"https:\/\/traxbike.com\/ca\/producte\/accessori-sg-per-a-trax-pro-copy\/\" \/>\n<meta property=\"og:site_name\" content=\"TraxBike\" \/>\n<meta property=\"article:modified_time\" content=\"2026-04-07T07:15:28+00:00\" \/>\n<meta property=\"og:image\" content=\"https:\/\/traxbike.com\/wp-content\/uploads\/2026\/04\/NOBOLT-FOTO.jpg\" \/>\n\t<meta property=\"og:image:width\" content=\"436\" \/>\n\t<meta property=\"og:image:height\" content=\"566\" \/>\n\t<meta property=\"og:image:type\" content=\"image\/jpeg\" \/>\n<meta name=\"twitter:card\" content=\"summary_large_image\" \/>\n<meta name=\"twitter:label1\" content=\"Temps estimat de lectura\" \/>\n\t<meta name=\"twitter:data1\" content=\"1 minut\" \/>\n<script type=\"application\/ld+json\" class=\"yoast-schema-graph\">{\"@context\":\"https:\\\/\\\/schema.org\",\"@graph\":[{\"@type\":\"WebPage\",\"@id\":\"https:\\\/\\\/traxbike.com\\\/ca\\\/producte\\\/accessori-sg-per-a-trax-pro-copy\\\/\",\"url\":\"https:\\\/\\\/traxbike.com\\\/ca\\\/producte\\\/accessori-sg-per-a-trax-pro-copy\\\/\",\"name\":\"Accessori NOBOLT per TRAX PRO - TraxBike\",\"isPartOf\":{\"@id\":\"https:\\\/\\\/traxbike.com\\\/#website\"},\"primaryImageOfPage\":{\"@id\":\"https:\\\/\\\/traxbike.com\\\/ca\\\/producte\\\/accessori-sg-per-a-trax-pro-copy\\\/#primaryimage\"},\"image\":{\"@id\":\"https:\\\/\\\/traxbike.com\\\/ca\\\/producte\\\/accessori-sg-per-a-trax-pro-copy\\\/#primaryimage\"},\"thumbnailUrl\":\"https:\\\/\\\/traxbike.com\\\/wp-content\\\/uploads\\\/2026\\\/04\\\/NOBOLT-FOTO-PER-WEB.jpg\",\"datePublished\":\"2026-04-07T06:39:49+00:00\",\"dateModified\":\"2026-04-07T07:15:28+00:00\",\"breadcrumb\":{\"@id\":\"https:\\\/\\\/traxbike.com\\\/ca\\\/producte\\\/accessori-sg-per-a-trax-pro-copy\\\/#breadcrumb\"},\"inLanguage\":\"ca\",\"potentialAction\":[{\"@type\":\"ReadAction\",\"target\":[\"https:\\\/\\\/traxbike.com\\\/ca\\\/producte\\\/accessori-sg-per-a-trax-pro-copy\\\/\"]}]},{\"@type\":\"ImageObject\",\"inLanguage\":\"ca\",\"@id\":\"https:\\\/\\\/traxbike.com\\\/ca\\\/producte\\\/accessori-sg-per-a-trax-pro-copy\\\/#primaryimage\",\"url\":\"https:\\\/\\\/traxbike.com\\\/wp-content\\\/uploads\\\/2026\\\/04\\\/NOBOLT-FOTO-PER-WEB.jpg\",\"contentUrl\":\"https:\\\/\\\/traxbike.com\\\/wp-content\\\/uploads\\\/2026\\\/04\\\/NOBOLT-FOTO-PER-WEB.jpg\",\"width\":709,\"height\":992},{\"@type\":\"BreadcrumbList\",\"@id\":\"https:\\\/\\\/traxbike.com\\\/ca\\\/producte\\\/accessori-sg-per-a-trax-pro-copy\\\/#breadcrumb\",\"itemListElement\":[{\"@type\":\"ListItem\",\"position\":1,\"name\":\"Portada\",\"item\":\"https:\\\/\\\/traxbike.com\\\/\"},{\"@type\":\"ListItem\",\"position\":2,\"name\":\"Shop\",\"item\":\"https:\\\/\\\/traxbike.com\\\/ca\\\/shop\\\/\"},{\"@type\":\"ListItem\",\"position\":3,\"name\":\"Accessori NOBOLT per TRAX PRO\"}]},{\"@type\":\"WebSite\",\"@id\":\"https:\\\/\\\/traxbike.com\\\/#website\",\"url\":\"https:\\\/\\\/traxbike.com\\\/\",\"name\":\"TraxBike\",\"description\":\"Experts in bicycle towing systems and family sports\",\"potentialAction\":[{\"@type\":\"SearchAction\",\"target\":{\"@type\":\"EntryPoint\",\"urlTemplate\":\"https:\\\/\\\/traxbike.com\\\/?s={search_term_string}\"},\"query-input\":{\"@type\":\"PropertyValueSpecification\",\"valueRequired\":true,\"valueName\":\"search_term_string\"}}],\"inLanguage\":\"ca\"}]}<\/script>\n<!-- \/ Yoast SEO plugin. -->","yoast_head_json":{"title":"Accessori NOBOLT per TRAX PRO - TraxBike","robots":{"index":"index","follow":"follow","max-snippet":"max-snippet:-1","max-image-preview":"max-image-preview:large","max-video-preview":"max-video-preview:-1"},"canonical":"https:\/\/traxbike.com\/ca\/producte\/accessori-sg-per-a-trax-pro-copy\/","og_locale":"ca_ES","og_type":"article","og_title":"Accessori NOBOLT per TRAX PRO - TraxBike","og_description":"Aquest ganxo \u00e9s un accessori per al TRAX PRO. Est\u00e0 dissenyat per utilitzar-lo quan la potencia de la bicicleta remolcada no t\u00e9 cargols ni un lloc on subjectar la baga del cable del TRAX PRO.  En aquest cas, aquest ganxo permet crear una baga despr\u00e9s de passar el cable pel manillar, tal com es mostra a les imatges.","og_url":"https:\/\/traxbike.com\/ca\/producte\/accessori-sg-per-a-trax-pro-copy\/","og_site_name":"TraxBike","article_modified_time":"2026-04-07T07:15:28+00:00","og_image":[{"width":436,"height":566,"url":"https:\/\/traxbike.com\/wp-content\/uploads\/2026\/04\/NOBOLT-FOTO.jpg","type":"image\/jpeg"}],"twitter_card":"summary_large_image","twitter_misc":{"Temps estimat de lectura":"1 minut"},"schema":{"@context":"https:\/\/schema.org","@graph":[{"@type":"WebPage","@id":"https:\/\/traxbike.com\/ca\/producte\/accessori-sg-per-a-trax-pro-copy\/","url":"https:\/\/traxbike.com\/ca\/producte\/accessori-sg-per-a-trax-pro-copy\/","name":"Accessori NOBOLT per TRAX PRO - TraxBike","isPartOf":{"@id":"https:\/\/traxbike.com\/#website"},"primaryImageOfPage":{"@id":"https:\/\/traxbike.com\/ca\/producte\/accessori-sg-per-a-trax-pro-copy\/#primaryimage"},"image":{"@id":"https:\/\/traxbike.com\/ca\/producte\/accessori-sg-per-a-trax-pro-copy\/#primaryimage"},"thumbnailUrl":"https:\/\/traxbike.com\/wp-content\/uploads\/2026\/04\/NOBOLT-FOTO-PER-WEB.jpg","datePublished":"2026-04-07T06:39:49+00:00","dateModified":"2026-04-07T07:15:28+00:00","breadcrumb":{"@id":"https:\/\/traxbike.com\/ca\/producte\/accessori-sg-per-a-trax-pro-copy\/#breadcrumb"},"inLanguage":"ca","potentialAction":[{"@type":"ReadAction","target":["https:\/\/traxbike.com\/ca\/producte\/accessori-sg-per-a-trax-pro-copy\/"]}]},{"@type":"ImageObject","inLanguage":"ca","@id":"https:\/\/traxbike.com\/ca\/producte\/accessori-sg-per-a-trax-pro-copy\/#primaryimage","url":"https:\/\/traxbike.com\/wp-content\/uploads\/2026\/04\/NOBOLT-FOTO-PER-WEB.jpg","contentUrl":"https:\/\/traxbike.com\/wp-content\/uploads\/2026\/04\/NOBOLT-FOTO-PER-WEB.jpg","width":709,"height":992},{"@type":"BreadcrumbList","@id":"https:\/\/traxbike.com\/ca\/producte\/accessori-sg-per-a-trax-pro-copy\/#breadcrumb","itemListElement":[{"@type":"ListItem","position":1,"name":"Portada","item":"https:\/\/traxbike.com\/"},{"@type":"ListItem","position":2,"name":"Shop","item":"https:\/\/traxbike.com\/ca\/shop\/"},{"@type":"ListItem","position":3,"name":"Accessori NOBOLT per TRAX PRO"}]},{"@type":"WebSite","@id":"https:\/\/traxbike.com\/#website","url":"https:\/\/traxbike.com\/","name":"TraxBike","description":"Experts in bicycle towing systems and family sports","potentialAction":[{"@type":"SearchAction","target":{"@type":"EntryPoint","urlTemplate":"https:\/\/traxbike.com\/?s={search_term_string}"},"query-input":{"@type":"PropertyValueSpecification","valueRequired":true,"valueName":"search_term_string"}}],"inLanguage":"ca"}]}},"_links":{"self":[{"href":"https:\/\/traxbike.com\/ca\/wp-json\/wp\/v2\/product\/9389","targetHints":{"allow":["GET"]}}],"collection":[{"href":"https:\/\/traxbike.com\/ca\/wp-json\/wp\/v2\/product"}],"about":[{"href":"https:\/\/traxbike.com\/ca\/wp-json\/wp\/v2\/types\/product"}],"wp:featuredmedia":[{"embeddable":true,"href":"https:\/\/traxbike.com\/ca\/wp-json\/wp\/v2\/media\/9403"}],"wp:attachment":[{"href":"https:\/\/traxbike.com\/ca\/wp-json\/wp\/v2\/media?parent=9389"}],"wp:term":[{"taxonomy":"product_brand","embeddable":true,"href":"https:\/\/traxbike.com\/ca\/wp-json\/wp\/v2\/product_brand?post=9389"},{"taxonomy":"product_cat","embeddable":true,"href":"https:\/\/traxbike.com\/ca\/wp-json\/wp\/v2\/product_cat?post=9389"},{"taxonomy":"product_tag","embeddable":true,"href":"https:\/\/traxbike.com\/ca\/wp-json\/wp\/v2\/product_tag?post=9389"}],"curies":[{"name":"wp","href":"https:\/\/api.w.org\/{rel}","templated":true}]}}