{"id":9122,"date":"2026-03-30T19:37:47","date_gmt":"2026-03-30T17:37:47","guid":{"rendered":"https:\/\/traxbike.com\/product\/trax-balance\/"},"modified":"2026-04-02T17:40:13","modified_gmt":"2026-04-02T15:40:13","slug":"trax-balance","status":"publish","type":"product","link":"https:\/\/traxbike.com\/ca\/producte\/trax-balance\/","title":{"rendered":"TRAX BALANCE"},"content":{"rendered":"<h2>\u00bfHas so\u00f1ado alguna vez que volv\u00edas a ser ni\u00f1o?<\/h2>\n<p><b><i>\u00a1Pues el equipo de TRAX BIKE tambi\u00e9n y la TRAX BALANCE la hemos dise\u00f1ado al despertar de este sue\u00f1o!<br \/>\n<\/i><\/b>El dise\u00f1o de la TRAX BALANCE, a simple vista, puede parecer casual o simplemente est\u00e9tico. Pero cuando hablamos de cuidar cada detalle nos referimos a todas las premisas que nos hemos propuesto para lograr \u201cLa Balance Bike de cuando so\u00f1amos que volv\u00edamos a ser ni\u00f1os\u201d \ud83d\ude09<\/p>\n<p><img decoding=\"async\" class=\"aligncenter\" style=\"text-align: -webkit-right;\" src=\"https:\/\/traxbike.com\/wp-content\/uploads\/2026\/03\/Gemini_Generated_Image_bmkc4fbmkc4fbmkc-1.png\" alt=\"TRAX BALANCE\" width=\"600\" \/><\/p>\n<table border=\"0\" width=\"100%\" cellpadding=\"6\">\n<tbody>\n<tr>\n<td bgcolor=\"#dddddd\"><b>DISE\u00d1O DEL CUADRO Y LA ORQUILLA<\/b><\/td>\n<\/tr>\n<\/tbody>\n<\/table>\n<p>En el dise\u00f1o del cuadro, a parte de buscar las geometr\u00edas \u00f3ptimas para hacer la TRAX BALANCE lo m\u00e1s funcional posible, hemos buscado una est\u00e9tica que recuerde una bicicleta de adulto, porqu\u00e9 aparte de que est\u00e9ticamente es BRUTAL, a todos los peques les gusta montar en una bici como las de sus referentes.<br \/>\nA parte, se ha trabajado bajo las siguientes premisas que se justifican en los siguientes puntos: Peso contenido entorno a los 3 kg, paso de rueda para neum\u00e1ticos de hasta 2.3 de ancho, posibilidad de montar freno trasero V-Brake, cableado del cable de freno interno, soporte para estriberas y direcci\u00f3n a-headset con sistema anti-crossing system.<\/p>\n<p><img decoding=\"async\" class=\"aligncenter\" style=\"text-align: -webkit-right;\" src=\"https:\/\/traxbike.com\/wp-content\/uploads\/2026\/03\/Gemini_Generated_Image_9li0uc9li0uc9li0-1.png\" alt=\"Frame and fork design\" width=\"600\" \/><\/p>\n<table border=\"0\" width=\"100%\" cellpadding=\"6\">\n<tbody>\n<tr>\n<td bgcolor=\"#dddddd\"><b>RUEDAS DE 2.25 CON C\u00c1MARA DE AIRE<\/b><\/td>\n<\/tr>\n<\/tbody>\n<\/table>\n<p>La elecci\u00f3n de este ancho de neum\u00e1tico, no es solamente est\u00e9tica (que tambi\u00e9n), sino que tiene otros motivos de mucha m\u00e1s importancia:<\/p>\n<p>&gt; <strong>Fisiol\u00f3gico:<\/strong><br \/>\nEn una balance bike solamente hay 2 puntos de contacto entre la bicicleta y el\/la ni\u00f1@. El manillar y el sill\u00edn. Y durante el estudio previo al dise\u00f1o, nos dimos cuenta de la existencia de casos en los que aparecen problemas derivados del contacto intensivo del ni\u00f1o con el sill\u00edn. En algunos casos solamente molestias, pero en otros casos, la prescripci\u00f3n m\u00e9dica de interrumpir temporalmente el uso de la \u201cbalance bike\u201d para sanar una lesi\u00f3n provocada en este punto.<br \/>\nCon los neum\u00e1ticos de 2.25 e hinch\u00e1ndolos a la presi\u00f3n correcta, se consigue un efecto de amortiguaci\u00f3n que ayuda a prevenir este tipo de molestias y lesiones.<\/p>\n<p>&gt; <b><i>Funcional:<\/i><\/b><\/p>\n<p>La TRAX BALANCE ha sido dise\u00f1ada para aquell@s ni\u00f1@s que quieran ampliar el rango de aprendizajes en la 1a fase de contacto con las dos ruedas. El neum\u00e1tico de 2.25 hinchado a la presi\u00f3n correcta, permite que la rueda de 12\u201d fluya mucho mejor en todos los terrenos. Sobre todo cuando empezamos a enfrentarnos al terreno off-road o a escalones\/bordillos de los recorridos del d\u00eda a d\u00eda.<\/p>\n<p><img decoding=\"async\" class=\"aligncenter\" style=\"text-align: -webkit-right;\" src=\"https:\/\/traxbike.com\/wp-content\/uploads\/2026\/03\/Gemini_Generated_Image_gzit9wgzit9wgzit-1.png\" alt=\"2.25-inch tyre\" width=\"600\" \/><\/p>\n<table border=\"0\" width=\"100%\" cellpadding=\"6\">\n<tbody>\n<tr>\n<td bgcolor=\"#dddddd\"><b>FRENO TRASERO<\/b><\/td>\n<\/tr>\n<\/tbody>\n<\/table>\n<p>La incorporaci\u00f3n de freno trasero a la TRAX BALANCE la hemos hecho por 2 motivos principalmente:<br \/>\n&gt; <strong>Introducci\u00f3n a la frenada<\/strong>: A partir de los 3 a\u00f1os aproximadamente, l@s peques ya entienden el concepto \u201cfrenar\u201d y por lo tanto pueden ya empezar a integrar la acci\u00f3n de accionar el freno para detener la balance. Esto es un nuevo aprendizaje que pueden adelantar antes de hacer el salto a la bicicleta a pedales.<\/p>\n<p>&gt; <strong>Nuevas aventuras<\/strong>: Adem\u00e1s, la TRAX BALANCE, gracias a su dise\u00f1o y neum\u00e1ticos, les permite empezar a aventurarse en alguna bajada off-road y en este caso, el freno trasero se convierte en el aliado perfecto. Se ha optado por un sistema de freno V-Brake por el compromiso entre potencia de frenado y seguridad. Durante la fase de dise\u00f1o se consider\u00f3 incorporar freno de disco pero se descart\u00f3 por el riesgo de cizallamiento de los dedos cuando l@s peques jueguen a mec\u00e1nic@s con la Balance.<\/p>\n<p><img decoding=\"async\" class=\"aligncenter\" style=\"text-align: -webkit-right;\" src=\"https:\/\/traxbike.com\/wp-content\/uploads\/2026\/03\/Rear-brake.png\" alt=\"Rear brake\" width=\"600\" \/><\/p>\n<table border=\"0\" width=\"100%\" cellpadding=\"6\">\n<tbody>\n<tr>\n<td bgcolor=\"#dddddd\"><b>CABLEADO INTERNO<\/b><\/td>\n<\/tr>\n<\/tbody>\n<\/table>\n<p>Una balance bike con cableado interno puede parecer que durante el dise\u00f1o hayamos ido ya demasiado lejos, y en parte es as\u00ed, principalmente lo hemos hecho porque nospareci\u00f3 que \u201cmolaba\u201d, pero una vez incorporado nos hemos dado cuenta que tiene una funci\u00f3n muy buena para mantener el cable y los componentes del freno en su sitio y a salvo de manipulaciones inesperadas.<\/p>\n<p><img fetchpriority=\"high\" decoding=\"async\" class=\"aligncenter\" style=\"text-align: -webkit-right;\" src=\"https:\/\/traxbike.com\/wp-content\/uploads\/2026\/03\/internal-cable-routing.png\" alt=\"Internal cable routing\" width=\"565\" height=\"516\" \/><\/p>\n<table border=\"0\" width=\"100%\" cellpadding=\"6\">\n<tbody>\n<tr>\n<td bgcolor=\"#dddddd\"><b>DIRECCI\u00d3N A-HEADSET<\/b><\/td>\n<\/tr>\n<\/tbody>\n<\/table>\n<p>Hemos optado por un sistema de direcci\u00f3n A-headset como una bicicleta de adulto para asegurar el funcionamiento y la durabilidad de la direcci\u00f3n. Adem\u00e1s, esto le da rigidez incluso para que los padres y madre m\u00e1s atrevidos puedan montarse a la bicicleta y ense\u00f1ar sus habilidades a sus hij@s!<\/p>\n<table border=\"0\" width=\"100%\" cellpadding=\"6\">\n<tbody>\n<tr>\n<td bgcolor=\"#dddddd\"><b>ESTRIBOS \/ REPOSAPI\u00c9S<\/b><\/td>\n<\/tr>\n<\/tbody>\n<\/table>\n<p>Las estriberas en la TRAX BALANCE lo consideramos un esencial ya que cuando l@s peques empiezan a dominar el equilibrio (2 a\u00f1os), pueden inmediatamente empezar a subir los pies e incluso a montar de pi\u00e9 sobre la BALANCE. Esto es una habilidad esencial que los futuros mountainbikers van a aprovechar segur\u00edsimo!<\/p>\n<p><img decoding=\"async\" class=\"aligncenter\" style=\"text-align: -webkit-right;\" src=\"https:\/\/traxbike.com\/wp-content\/uploads\/2026\/03\/footrests.png\" alt=\"Footrests\" width=\"600\" \/><\/p>\n<table border=\"0\" width=\"100%\" cellpadding=\"6\">\n<tbody>\n<tr>\n<td bgcolor=\"#dddddd\"><b>SISTEMA ANTI-CROSSING<\/b><\/td>\n<\/tr>\n<\/tbody>\n<\/table>\n<p>Hemos incorporado un Sistema en la direcci\u00f3n para evitar que el manillar pueda girar m\u00e1s de 90o. Este sistema evita que el cable de freno pueda quedar enredado en la direcci\u00f3n.<\/p>\n<table border=\"0\" width=\"100%\" cellpadding=\"6\">\n<tbody>\n<tr>\n<td valign=\"top\" width=\"58%\">\n<table border=\"0\" width=\"100%\" cellpadding=\"6\">\n<tbody>\n<tr>\n<td bgcolor=\"#dddddd\"><b>SILL\u00cdN EXTRA-SOFT\u00a0<\/b><\/td>\n<\/tr>\n<\/tbody>\n<\/table>\n<\/td>\n<\/tr>\n<\/tbody>\n<\/table>\n<p>Hemos escogido la espuma m\u00e1s blanda posible para el sill\u00edn ya que en este tipo de bicics los puntos de contacto principales entre l@s peques y la bicic son el manillar y el sill\u00edn. Igual que en el 1r punto de la elecci\u00f3n del neum\u00e1tico con alto volumen y c\u00e1mara, tambi\u00e9n con un motivo m\u00e9dico y de seguridad hemos cre\u00eddo oportuno tener muy en cuenta este punto.<\/p>\n<p><img decoding=\"async\" class=\"aligncenter\" style=\"text-align: -webkit-right;\" src=\"https:\/\/traxbike.com\/wp-content\/uploads\/2026\/03\/anti-crossing-system.png\" alt=\"Xtra-soft saddle\" width=\"600\" \/><\/p>\n<table border=\"0\" width=\"100%\" cellpadding=\"6\">\n<tbody>\n<tr>\n<td valign=\"top\" width=\"58%\">\n<table border=\"0\" width=\"100%\" cellpadding=\"6\">\n<tbody>\n<tr>\n<td bgcolor=\"#dddddd\"><b>PU\u00d1OS CON PROTECCI\u00d3N LATERAL\u00a0<\/b><\/td>\n<\/tr>\n<\/tbody>\n<\/table>\n<\/td>\n<\/tr>\n<\/tbody>\n<\/table>\n<p>Los pu\u00f1os que se han elegido tambi\u00e9n son especiales para la edad inicial. La protecci\u00f3n lateral previene el primer golpe de la mano en el suelo cuando a\u00fan no se ha desarrollado el acto reflejo de soltar el manillar en caso de ca\u00edda.<\/p>\n<p><img decoding=\"async\" class=\"aligncenter\" style=\"text-align: -webkit-right;\" src=\"https:\/\/traxbike.com\/wp-content\/uploads\/2026\/03\/handlebar-grips-with-side-protection.png\" alt=\"Handlebar grips with side protection\" width=\"600\" \/><\/p>\n<h2>\u00bfQu\u00e9 incluye la TRAX BALANCE?<\/h2>\n<p>\u00b7 Bicicleta 95% montada y 100% ajustada.<br \/>\n\u00b7 Llave Allen para montaje de la rueda delantera.<br \/>\n\u00b7 Libro para colorear Trax Balance World.<br \/>\n\u00b7 Protector de espuma para la potencia.<\/p>\n<table border=\"0\" width=\"100%\" cellspacing=\"0\" cellpadding=\"6\">\n<tbody>\n<tr>\n<td colspan=\"2\" bgcolor=\"#dddddd\"><strong>ESPECIFICACIONES T\u00c9CNICAS<\/strong><\/td>\n<\/tr>\n<tr>\n<td colspan=\"2\">\n<hr \/>\n<\/td>\n<\/tr>\n<tr>\n<td width=\"40%\"><b>\u00b7 Cuadro y horquilla<\/b><\/td>\n<td width=\"60%\">AL6061 muy ligero con un espacio libre para neum\u00e1ticos de hasta 2.3<\/td>\n<\/tr>\n<tr>\n<td colspan=\"2\">\n<hr \/>\n<\/td>\n<\/tr>\n<tr>\n<td><b>\u00b7 Reposapi\u00e9s<\/b><\/td>\n<td>ABS TRAX Grip.<\/td>\n<\/tr>\n<tr>\n<td colspan=\"2\">\n<hr \/>\n<\/td>\n<\/tr>\n<tr>\n<td><b>\u00b7 Altura m\u00ednima del sill\u00edn al suelo<\/b><\/td>\n<td>33cm<\/td>\n<\/tr>\n<tr>\n<td colspan=\"2\">\n<hr \/>\n<\/td>\n<\/tr>\n<tr>\n<td><b>\u00b7 Sill\u00edn<\/b><\/td>\n<td>TRAX \u201cespuma extra suave\u201d<\/td>\n<\/tr>\n<tr>\n<td colspan=\"2\">\n<hr \/>\n<\/td>\n<\/tr>\n<tr>\n<td><b>\u00b7 Freno trasero<\/b><\/td>\n<td>Freno V-brake con palanca ergon\u00f3mica para ni\u00f1os<\/td>\n<\/tr>\n<tr>\n<td colspan=\"2\">\n<hr \/>\n<\/td>\n<\/tr>\n<tr>\n<td><b>\u00b7 Ruedas<\/b><\/td>\n<td>12\u201d con bujes y llantas de aluminio<\/td>\n<\/tr>\n<tr>\n<td colspan=\"2\">\n<hr \/>\n<\/td>\n<\/tr>\n<tr>\n<td><b>\u00b7 Llantas<\/b><\/td>\n<td>12&#215;2.25 MTB<\/td>\n<\/tr>\n<tr>\n<td colspan=\"2\">\n<hr \/>\n<\/td>\n<\/tr>\n<tr>\n<td><b>\u00b7 Direcci\u00f3n<\/b><\/td>\n<td>Unos auriculares con sistema antienredos<\/td>\n<\/tr>\n<tr>\n<td colspan=\"2\">\n<hr \/>\n<\/td>\n<\/tr>\n<tr>\n<td><b>\u00b7 Empu\u00f1aduras<\/b><\/td>\n<td>Con protecci\u00f3n lateral<\/td>\n<\/tr>\n<tr>\n<td colspan=\"2\">\n<hr \/>\n<\/td>\n<\/tr>\n<\/tbody>\n<\/table>\n<p>&nbsp;<\/p>\n","protected":false},"excerpt":{"rendered":"<p>La bicicleta sin pedales TRAX BALANCE no es una bicicleta sin pedales cualquiera. Est\u00e1 dise\u00f1ada con el ADN de TRAX, con el objetivo de llevar el desarrollo de los ni\u00f1os sobre dos ruedas un paso m\u00e1s all\u00e1.<br \/>\nLas bicicletas sin pedales han marcado el comienzo de una nueva era en el proceso de aprendizaje del ciclismo y han dejado pr\u00e1cticamente obsoletas las cl\u00e1sicas rueditas de apoyo.<\/p>\n<p>Actualmente, este tipo de bicicleta es adecuada para ni\u00f1os de entre 2 y 5 a\u00f1os aproximadamente. A los 2 a\u00f1os, los ni\u00f1os comienzan a comprender c\u00f3mo mantener el equilibrio sobre dos ruedas, y entre los 4 y los 5 a\u00f1os empiezan a combinar la bicicleta sin pedales con la bicicleta con pedales, aunque durante bastante tiempo los ni\u00f1os siguen disfrutando de la bicicleta sin pedales debido a la confianza adicional que les proporciona.<\/p>\n<p>La TRAX BALANCE se env\u00eda 95% montada y 100% ajustada por nuestro equipo. \u00a1Podr\u00e1s empezar a utilizarla en menos de un minuto nada m\u00e1s abrir la caja! Puedes verlo en el siguiente enlace: <span style=\"text-decoration: underline;\"><strong><a href=\"https:\/\/youtu.be\/jodQo3JSMaI\">UNBOXING TRAX BALANCE<\/a><\/strong><\/span><\/p>\n","protected":false},"featured_media":8999,"template":"","meta":[],"product_brand":[],"product_cat":[149],"product_tag":[],"class_list":{"0":"post-9122","1":"product","2":"type-product","3":"status-publish","4":"has-post-thumbnail","6":"product_cat-uncategorized-ca","8":"first","9":"instock","10":"taxable","11":"shipping-taxable","12":"purchasable","13":"product-type-simple","14":"add-to-wishlist-after_add_to_cart"},"yoast_head":"<!-- This site is optimized with the Yoast SEO plugin v27.4 - https:\/\/yoast.com\/product\/yoast-seo-wordpress\/ -->\n<title>TRAX BALANCE - TraxBike<\/title>\n<meta name=\"robots\" content=\"index, follow, max-snippet:-1, max-image-preview:large, max-video-preview:-1\" \/>\n<link rel=\"canonical\" href=\"https:\/\/traxbike.com\/ca\/producte\/trax-balance\/\" \/>\n<meta property=\"og:locale\" content=\"ca_ES\" \/>\n<meta property=\"og:type\" content=\"article\" \/>\n<meta property=\"og:title\" content=\"TRAX BALANCE - TraxBike\" \/>\n<meta property=\"og:description\" content=\"La bicicleta sin pedales TRAX BALANCE no es una bicicleta sin pedales cualquiera. Est\u00e1 dise\u00f1ada con el ADN de TRAX, con el objetivo de llevar el desarrollo de los ni\u00f1os sobre dos ruedas un paso m\u00e1s all\u00e1. Las bicicletas sin pedales han marcado el comienzo de una nueva era en el proceso de aprendizaje del ciclismo y han dejado pr\u00e1cticamente obsoletas las cl\u00e1sicas rueditas de apoyo.  Actualmente, este tipo de bicicleta es adecuada para ni\u00f1os de entre 2 y 5 a\u00f1os aproximadamente. A los 2 a\u00f1os, los ni\u00f1os comienzan a comprender c\u00f3mo mantener el equilibrio sobre dos ruedas, y entre los 4 y los 5 a\u00f1os empiezan a combinar la bicicleta sin pedales con la bicicleta con pedales, aunque durante bastante tiempo los ni\u00f1os siguen disfrutando de la bicicleta sin pedales debido a la confianza adicional que les proporciona.  La TRAX BALANCE se env\u00eda 95% montada y 100% ajustada por nuestro equipo. \u00a1Podr\u00e1s empezar a utilizarla en menos de un minuto nada m\u00e1s abrir la caja! Puedes verlo en el siguiente enlace: UNBOXING TRAX BALANCE\" \/>\n<meta property=\"og:url\" content=\"https:\/\/traxbike.com\/ca\/producte\/trax-balance\/\" \/>\n<meta property=\"og:site_name\" content=\"TraxBike\" \/>\n<meta property=\"article:modified_time\" content=\"2026-04-02T15:40:13+00:00\" \/>\n<meta property=\"og:image\" content=\"https:\/\/traxbike.com\/wp-content\/uploads\/2026\/03\/1.png\" \/>\n\t<meta property=\"og:image:width\" content=\"1080\" \/>\n\t<meta property=\"og:image:height\" content=\"1350\" \/>\n\t<meta property=\"og:image:type\" content=\"image\/png\" \/>\n<meta name=\"twitter:card\" content=\"summary_large_image\" \/>\n<meta name=\"twitter:label1\" content=\"Temps estimat de lectura\" \/>\n\t<meta name=\"twitter:data1\" content=\"1 minut\" \/>\n<script type=\"application\/ld+json\" class=\"yoast-schema-graph\">{\"@context\":\"https:\\\/\\\/schema.org\",\"@graph\":[{\"@type\":\"WebPage\",\"@id\":\"https:\\\/\\\/traxbike.com\\\/ca\\\/producte\\\/trax-balance\\\/\",\"url\":\"https:\\\/\\\/traxbike.com\\\/ca\\\/producte\\\/trax-balance\\\/\",\"name\":\"TRAX BALANCE - TraxBike\",\"isPartOf\":{\"@id\":\"https:\\\/\\\/traxbike.com\\\/#website\"},\"primaryImageOfPage\":{\"@id\":\"https:\\\/\\\/traxbike.com\\\/ca\\\/producte\\\/trax-balance\\\/#primaryimage\"},\"image\":{\"@id\":\"https:\\\/\\\/traxbike.com\\\/ca\\\/producte\\\/trax-balance\\\/#primaryimage\"},\"thumbnailUrl\":\"https:\\\/\\\/traxbike.com\\\/wp-content\\\/uploads\\\/2026\\\/03\\\/1.png\",\"datePublished\":\"2026-03-30T17:37:47+00:00\",\"dateModified\":\"2026-04-02T15:40:13+00:00\",\"breadcrumb\":{\"@id\":\"https:\\\/\\\/traxbike.com\\\/ca\\\/producte\\\/trax-balance\\\/#breadcrumb\"},\"inLanguage\":\"ca\",\"potentialAction\":[{\"@type\":\"ReadAction\",\"target\":[\"https:\\\/\\\/traxbike.com\\\/ca\\\/producte\\\/trax-balance\\\/\"]}]},{\"@type\":\"ImageObject\",\"inLanguage\":\"ca\",\"@id\":\"https:\\\/\\\/traxbike.com\\\/ca\\\/producte\\\/trax-balance\\\/#primaryimage\",\"url\":\"https:\\\/\\\/traxbike.com\\\/wp-content\\\/uploads\\\/2026\\\/03\\\/1.png\",\"contentUrl\":\"https:\\\/\\\/traxbike.com\\\/wp-content\\\/uploads\\\/2026\\\/03\\\/1.png\",\"width\":1080,\"height\":1350},{\"@type\":\"BreadcrumbList\",\"@id\":\"https:\\\/\\\/traxbike.com\\\/ca\\\/producte\\\/trax-balance\\\/#breadcrumb\",\"itemListElement\":[{\"@type\":\"ListItem\",\"position\":1,\"name\":\"Portada\",\"item\":\"https:\\\/\\\/traxbike.com\\\/\"},{\"@type\":\"ListItem\",\"position\":2,\"name\":\"Shop\",\"item\":\"https:\\\/\\\/traxbike.com\\\/ca\\\/shop\\\/\"},{\"@type\":\"ListItem\",\"position\":3,\"name\":\"TRAX BALANCE\"}]},{\"@type\":\"WebSite\",\"@id\":\"https:\\\/\\\/traxbike.com\\\/#website\",\"url\":\"https:\\\/\\\/traxbike.com\\\/\",\"name\":\"TraxBike\",\"description\":\"Experts in bicycle towing systems and family sports\",\"potentialAction\":[{\"@type\":\"SearchAction\",\"target\":{\"@type\":\"EntryPoint\",\"urlTemplate\":\"https:\\\/\\\/traxbike.com\\\/?s={search_term_string}\"},\"query-input\":{\"@type\":\"PropertyValueSpecification\",\"valueRequired\":true,\"valueName\":\"search_term_string\"}}],\"inLanguage\":\"ca\"}]}<\/script>\n<!-- \/ Yoast SEO plugin. -->","yoast_head_json":{"title":"TRAX BALANCE - TraxBike","robots":{"index":"index","follow":"follow","max-snippet":"max-snippet:-1","max-image-preview":"max-image-preview:large","max-video-preview":"max-video-preview:-1"},"canonical":"https:\/\/traxbike.com\/ca\/producte\/trax-balance\/","og_locale":"ca_ES","og_type":"article","og_title":"TRAX BALANCE - TraxBike","og_description":"La bicicleta sin pedales TRAX BALANCE no es una bicicleta sin pedales cualquiera. Est\u00e1 dise\u00f1ada con el ADN de TRAX, con el objetivo de llevar el desarrollo de los ni\u00f1os sobre dos ruedas un paso m\u00e1s all\u00e1. Las bicicletas sin pedales han marcado el comienzo de una nueva era en el proceso de aprendizaje del ciclismo y han dejado pr\u00e1cticamente obsoletas las cl\u00e1sicas rueditas de apoyo.  Actualmente, este tipo de bicicleta es adecuada para ni\u00f1os de entre 2 y 5 a\u00f1os aproximadamente. A los 2 a\u00f1os, los ni\u00f1os comienzan a comprender c\u00f3mo mantener el equilibrio sobre dos ruedas, y entre los 4 y los 5 a\u00f1os empiezan a combinar la bicicleta sin pedales con la bicicleta con pedales, aunque durante bastante tiempo los ni\u00f1os siguen disfrutando de la bicicleta sin pedales debido a la confianza adicional que les proporciona.  La TRAX BALANCE se env\u00eda 95% montada y 100% ajustada por nuestro equipo. \u00a1Podr\u00e1s empezar a utilizarla en menos de un minuto nada m\u00e1s abrir la caja! Puedes verlo en el siguiente enlace: UNBOXING TRAX BALANCE","og_url":"https:\/\/traxbike.com\/ca\/producte\/trax-balance\/","og_site_name":"TraxBike","article_modified_time":"2026-04-02T15:40:13+00:00","og_image":[{"width":1080,"height":1350,"url":"https:\/\/traxbike.com\/wp-content\/uploads\/2026\/03\/1.png","type":"image\/png"}],"twitter_card":"summary_large_image","twitter_misc":{"Temps estimat de lectura":"1 minut"},"schema":{"@context":"https:\/\/schema.org","@graph":[{"@type":"WebPage","@id":"https:\/\/traxbike.com\/ca\/producte\/trax-balance\/","url":"https:\/\/traxbike.com\/ca\/producte\/trax-balance\/","name":"TRAX BALANCE - TraxBike","isPartOf":{"@id":"https:\/\/traxbike.com\/#website"},"primaryImageOfPage":{"@id":"https:\/\/traxbike.com\/ca\/producte\/trax-balance\/#primaryimage"},"image":{"@id":"https:\/\/traxbike.com\/ca\/producte\/trax-balance\/#primaryimage"},"thumbnailUrl":"https:\/\/traxbike.com\/wp-content\/uploads\/2026\/03\/1.png","datePublished":"2026-03-30T17:37:47+00:00","dateModified":"2026-04-02T15:40:13+00:00","breadcrumb":{"@id":"https:\/\/traxbike.com\/ca\/producte\/trax-balance\/#breadcrumb"},"inLanguage":"ca","potentialAction":[{"@type":"ReadAction","target":["https:\/\/traxbike.com\/ca\/producte\/trax-balance\/"]}]},{"@type":"ImageObject","inLanguage":"ca","@id":"https:\/\/traxbike.com\/ca\/producte\/trax-balance\/#primaryimage","url":"https:\/\/traxbike.com\/wp-content\/uploads\/2026\/03\/1.png","contentUrl":"https:\/\/traxbike.com\/wp-content\/uploads\/2026\/03\/1.png","width":1080,"height":1350},{"@type":"BreadcrumbList","@id":"https:\/\/traxbike.com\/ca\/producte\/trax-balance\/#breadcrumb","itemListElement":[{"@type":"ListItem","position":1,"name":"Portada","item":"https:\/\/traxbike.com\/"},{"@type":"ListItem","position":2,"name":"Shop","item":"https:\/\/traxbike.com\/ca\/shop\/"},{"@type":"ListItem","position":3,"name":"TRAX BALANCE"}]},{"@type":"WebSite","@id":"https:\/\/traxbike.com\/#website","url":"https:\/\/traxbike.com\/","name":"TraxBike","description":"Experts in bicycle towing systems and family sports","potentialAction":[{"@type":"SearchAction","target":{"@type":"EntryPoint","urlTemplate":"https:\/\/traxbike.com\/?s={search_term_string}"},"query-input":{"@type":"PropertyValueSpecification","valueRequired":true,"valueName":"search_term_string"}}],"inLanguage":"ca"}]}},"_links":{"self":[{"href":"https:\/\/traxbike.com\/ca\/wp-json\/wp\/v2\/product\/9122","targetHints":{"allow":["GET"]}}],"collection":[{"href":"https:\/\/traxbike.com\/ca\/wp-json\/wp\/v2\/product"}],"about":[{"href":"https:\/\/traxbike.com\/ca\/wp-json\/wp\/v2\/types\/product"}],"wp:featuredmedia":[{"embeddable":true,"href":"https:\/\/traxbike.com\/ca\/wp-json\/wp\/v2\/media\/8999"}],"wp:attachment":[{"href":"https:\/\/traxbike.com\/ca\/wp-json\/wp\/v2\/media?parent=9122"}],"wp:term":[{"taxonomy":"product_brand","embeddable":true,"href":"https:\/\/traxbike.com\/ca\/wp-json\/wp\/v2\/product_brand?post=9122"},{"taxonomy":"product_cat","embeddable":true,"href":"https:\/\/traxbike.com\/ca\/wp-json\/wp\/v2\/product_cat?post=9122"},{"taxonomy":"product_tag","embeddable":true,"href":"https:\/\/traxbike.com\/ca\/wp-json\/wp\/v2\/product_tag?post=9122"}],"curies":[{"name":"wp","href":"https:\/\/api.w.org\/{rel}","templated":true}]}}