{"id":7281,"date":"2024-09-22T20:11:44","date_gmt":"2024-09-22T18:11:44","guid":{"rendered":"https:\/\/traxbike.com\/product\/samarreta-tecnica-trax-dalt-rendiment-model-ozone\/"},"modified":"2025-11-16T14:15:33","modified_gmt":"2025-11-16T13:15:33","slug":"samarreta-tecnica-trax-dalt-rendiment-model-ozone","status":"publish","type":"product","link":"https:\/\/traxbike.com\/ca\/producte\/samarreta-tecnica-trax-dalt-rendiment-model-ozone\/","title":{"rendered":"Samarreta t\u00e8cnica TRAX d&#8217;alt rendiment model Ozone."},"content":{"rendered":"<p><br data-mce-bogus=\"1\"><\/p>\n","protected":false},"excerpt":{"rendered":"<p>Teixit de m\u00e0xima qualitat i patrons que busquen el m\u00e0xim confort per a la pr\u00e0ctica esportiva.<\/p>\n<p>El teixit utilitzat prov\u00e9 100% de fil de poli\u00e8ster reciclat d&#8217;ampolles de pl\u00e0stic buscant el m\u00e0xim comprom\u00eds amb el medi ambient i aconseguint alhora un teixit extremadament lleuger i transpirable que d\u00f3na una sensaci\u00f3 de frescor i mant\u00e9 l&#8217;esportista fresc i sec fins i tot en entrenaments d\u00b4alta intensitat.<\/p>\n<p>Altres detalls importants: Costures anti rascades, Ajust atl\u00e8tic, Cull anti rascades 100% reciclat.<\/p>\n","protected":false},"featured_media":7263,"template":"","meta":[],"product_brand":[],"product_cat":[149],"product_tag":[],"class_list":{"0":"post-7281","1":"product","2":"type-product","3":"status-publish","4":"has-post-thumbnail","6":"product_cat-uncategorized-ca","8":"first","9":"instock","10":"taxable","11":"shipping-taxable","12":"purchasable","13":"product-type-variable","14":"add-to-wishlist-after_add_to_cart"},"yoast_head":"<!-- This site is optimized with the Yoast SEO plugin v27.3 - https:\/\/yoast.com\/product\/yoast-seo-wordpress\/ -->\n<title>Samarreta t\u00e8cnica TRAX d&#039;alt rendiment model Ozone. - TraxBike<\/title>\n<meta name=\"robots\" content=\"index, follow, max-snippet:-1, max-image-preview:large, max-video-preview:-1\" \/>\n<link rel=\"canonical\" href=\"https:\/\/traxbike.com\/ca\/producte\/samarreta-tecnica-trax-dalt-rendiment-model-ozone\/\" \/>\n<meta property=\"og:locale\" content=\"ca_ES\" \/>\n<meta property=\"og:type\" content=\"article\" \/>\n<meta property=\"og:title\" content=\"Samarreta t\u00e8cnica TRAX d&#039;alt rendiment model Ozone. - TraxBike\" \/>\n<meta property=\"og:description\" content=\"Teixit de m\u00e0xima qualitat i patrons que busquen el m\u00e0xim confort per a la pr\u00e0ctica esportiva.El teixit utilitzat prov\u00e9 100% de fil de poli\u00e8ster reciclat d&#039;ampolles de pl\u00e0stic buscant el m\u00e0xim comprom\u00eds amb el medi ambient i aconseguint alhora un teixit extremadament lleuger i transpirable que d\u00f3na una sensaci\u00f3 de frescor i mant\u00e9 l&#039;esportista fresc i sec fins i tot en entrenaments d\u00b4alta intensitat.Altres detalls importants: Costures anti rascades, Ajust atl\u00e8tic, Cull anti rascades 100% reciclat.\" \/>\n<meta property=\"og:url\" content=\"https:\/\/traxbike.com\/ca\/producte\/samarreta-tecnica-trax-dalt-rendiment-model-ozone\/\" \/>\n<meta property=\"og:site_name\" content=\"TraxBike\" \/>\n<meta property=\"article:modified_time\" content=\"2025-11-16T13:15:33+00:00\" \/>\n<meta property=\"og:image\" content=\"https:\/\/traxbike.com\/wp-content\/uploads\/2024\/09\/2.jpg\" \/>\n\t<meta property=\"og:image:width\" content=\"1080\" \/>\n\t<meta property=\"og:image:height\" content=\"1080\" \/>\n\t<meta property=\"og:image:type\" content=\"image\/jpeg\" \/>\n<meta name=\"twitter:card\" content=\"summary_large_image\" \/>\n<script type=\"application\/ld+json\" class=\"yoast-schema-graph\">{\"@context\":\"https:\\\/\\\/schema.org\",\"@graph\":[{\"@type\":\"WebPage\",\"@id\":\"https:\\\/\\\/traxbike.com\\\/ca\\\/producte\\\/samarreta-tecnica-trax-dalt-rendiment-model-ozone\\\/\",\"url\":\"https:\\\/\\\/traxbike.com\\\/ca\\\/producte\\\/samarreta-tecnica-trax-dalt-rendiment-model-ozone\\\/\",\"name\":\"Samarreta t\u00e8cnica TRAX d'alt rendiment model Ozone. - TraxBike\",\"isPartOf\":{\"@id\":\"https:\\\/\\\/traxbike.com\\\/#website\"},\"primaryImageOfPage\":{\"@id\":\"https:\\\/\\\/traxbike.com\\\/ca\\\/producte\\\/samarreta-tecnica-trax-dalt-rendiment-model-ozone\\\/#primaryimage\"},\"image\":{\"@id\":\"https:\\\/\\\/traxbike.com\\\/ca\\\/producte\\\/samarreta-tecnica-trax-dalt-rendiment-model-ozone\\\/#primaryimage\"},\"thumbnailUrl\":\"https:\\\/\\\/traxbike.com\\\/wp-content\\\/uploads\\\/2024\\\/09\\\/2.jpg\",\"datePublished\":\"2024-09-22T18:11:44+00:00\",\"dateModified\":\"2025-11-16T13:15:33+00:00\",\"breadcrumb\":{\"@id\":\"https:\\\/\\\/traxbike.com\\\/ca\\\/producte\\\/samarreta-tecnica-trax-dalt-rendiment-model-ozone\\\/#breadcrumb\"},\"inLanguage\":\"ca\",\"potentialAction\":[{\"@type\":\"ReadAction\",\"target\":[\"https:\\\/\\\/traxbike.com\\\/ca\\\/producte\\\/samarreta-tecnica-trax-dalt-rendiment-model-ozone\\\/\"]}]},{\"@type\":\"ImageObject\",\"inLanguage\":\"ca\",\"@id\":\"https:\\\/\\\/traxbike.com\\\/ca\\\/producte\\\/samarreta-tecnica-trax-dalt-rendiment-model-ozone\\\/#primaryimage\",\"url\":\"https:\\\/\\\/traxbike.com\\\/wp-content\\\/uploads\\\/2024\\\/09\\\/2.jpg\",\"contentUrl\":\"https:\\\/\\\/traxbike.com\\\/wp-content\\\/uploads\\\/2024\\\/09\\\/2.jpg\",\"width\":1080,\"height\":1080},{\"@type\":\"BreadcrumbList\",\"@id\":\"https:\\\/\\\/traxbike.com\\\/ca\\\/producte\\\/samarreta-tecnica-trax-dalt-rendiment-model-ozone\\\/#breadcrumb\",\"itemListElement\":[{\"@type\":\"ListItem\",\"position\":1,\"name\":\"Portada\",\"item\":\"https:\\\/\\\/traxbike.com\\\/\"},{\"@type\":\"ListItem\",\"position\":2,\"name\":\"Shop\",\"item\":\"https:\\\/\\\/traxbike.com\\\/ca\\\/shop\\\/\"},{\"@type\":\"ListItem\",\"position\":3,\"name\":\"Samarreta t\u00e8cnica TRAX d&#8217;alt rendiment model Ozone.\"}]},{\"@type\":\"WebSite\",\"@id\":\"https:\\\/\\\/traxbike.com\\\/#website\",\"url\":\"https:\\\/\\\/traxbike.com\\\/\",\"name\":\"TraxBike\",\"description\":\"Experts in bicycle towing systems and family sports\",\"potentialAction\":[{\"@type\":\"SearchAction\",\"target\":{\"@type\":\"EntryPoint\",\"urlTemplate\":\"https:\\\/\\\/traxbike.com\\\/?s={search_term_string}\"},\"query-input\":{\"@type\":\"PropertyValueSpecification\",\"valueRequired\":true,\"valueName\":\"search_term_string\"}}],\"inLanguage\":\"ca\"}]}<\/script>\n<!-- \/ Yoast SEO plugin. -->","yoast_head_json":{"title":"Samarreta t\u00e8cnica TRAX d'alt rendiment model Ozone. - TraxBike","robots":{"index":"index","follow":"follow","max-snippet":"max-snippet:-1","max-image-preview":"max-image-preview:large","max-video-preview":"max-video-preview:-1"},"canonical":"https:\/\/traxbike.com\/ca\/producte\/samarreta-tecnica-trax-dalt-rendiment-model-ozone\/","og_locale":"ca_ES","og_type":"article","og_title":"Samarreta t\u00e8cnica TRAX d'alt rendiment model Ozone. - TraxBike","og_description":"Teixit de m\u00e0xima qualitat i patrons que busquen el m\u00e0xim confort per a la pr\u00e0ctica esportiva.El teixit utilitzat prov\u00e9 100% de fil de poli\u00e8ster reciclat d'ampolles de pl\u00e0stic buscant el m\u00e0xim comprom\u00eds amb el medi ambient i aconseguint alhora un teixit extremadament lleuger i transpirable que d\u00f3na una sensaci\u00f3 de frescor i mant\u00e9 l'esportista fresc i sec fins i tot en entrenaments d\u00b4alta intensitat.Altres detalls importants: Costures anti rascades, Ajust atl\u00e8tic, Cull anti rascades 100% reciclat.","og_url":"https:\/\/traxbike.com\/ca\/producte\/samarreta-tecnica-trax-dalt-rendiment-model-ozone\/","og_site_name":"TraxBike","article_modified_time":"2025-11-16T13:15:33+00:00","og_image":[{"width":1080,"height":1080,"url":"https:\/\/traxbike.com\/wp-content\/uploads\/2024\/09\/2.jpg","type":"image\/jpeg"}],"twitter_card":"summary_large_image","schema":{"@context":"https:\/\/schema.org","@graph":[{"@type":"WebPage","@id":"https:\/\/traxbike.com\/ca\/producte\/samarreta-tecnica-trax-dalt-rendiment-model-ozone\/","url":"https:\/\/traxbike.com\/ca\/producte\/samarreta-tecnica-trax-dalt-rendiment-model-ozone\/","name":"Samarreta t\u00e8cnica TRAX d'alt rendiment model Ozone. - TraxBike","isPartOf":{"@id":"https:\/\/traxbike.com\/#website"},"primaryImageOfPage":{"@id":"https:\/\/traxbike.com\/ca\/producte\/samarreta-tecnica-trax-dalt-rendiment-model-ozone\/#primaryimage"},"image":{"@id":"https:\/\/traxbike.com\/ca\/producte\/samarreta-tecnica-trax-dalt-rendiment-model-ozone\/#primaryimage"},"thumbnailUrl":"https:\/\/traxbike.com\/wp-content\/uploads\/2024\/09\/2.jpg","datePublished":"2024-09-22T18:11:44+00:00","dateModified":"2025-11-16T13:15:33+00:00","breadcrumb":{"@id":"https:\/\/traxbike.com\/ca\/producte\/samarreta-tecnica-trax-dalt-rendiment-model-ozone\/#breadcrumb"},"inLanguage":"ca","potentialAction":[{"@type":"ReadAction","target":["https:\/\/traxbike.com\/ca\/producte\/samarreta-tecnica-trax-dalt-rendiment-model-ozone\/"]}]},{"@type":"ImageObject","inLanguage":"ca","@id":"https:\/\/traxbike.com\/ca\/producte\/samarreta-tecnica-trax-dalt-rendiment-model-ozone\/#primaryimage","url":"https:\/\/traxbike.com\/wp-content\/uploads\/2024\/09\/2.jpg","contentUrl":"https:\/\/traxbike.com\/wp-content\/uploads\/2024\/09\/2.jpg","width":1080,"height":1080},{"@type":"BreadcrumbList","@id":"https:\/\/traxbike.com\/ca\/producte\/samarreta-tecnica-trax-dalt-rendiment-model-ozone\/#breadcrumb","itemListElement":[{"@type":"ListItem","position":1,"name":"Portada","item":"https:\/\/traxbike.com\/"},{"@type":"ListItem","position":2,"name":"Shop","item":"https:\/\/traxbike.com\/ca\/shop\/"},{"@type":"ListItem","position":3,"name":"Samarreta t\u00e8cnica TRAX d&#8217;alt rendiment model Ozone."}]},{"@type":"WebSite","@id":"https:\/\/traxbike.com\/#website","url":"https:\/\/traxbike.com\/","name":"TraxBike","description":"Experts in bicycle towing systems and family sports","potentialAction":[{"@type":"SearchAction","target":{"@type":"EntryPoint","urlTemplate":"https:\/\/traxbike.com\/?s={search_term_string}"},"query-input":{"@type":"PropertyValueSpecification","valueRequired":true,"valueName":"search_term_string"}}],"inLanguage":"ca"}]}},"_links":{"self":[{"href":"https:\/\/traxbike.com\/ca\/wp-json\/wp\/v2\/product\/7281","targetHints":{"allow":["GET"]}}],"collection":[{"href":"https:\/\/traxbike.com\/ca\/wp-json\/wp\/v2\/product"}],"about":[{"href":"https:\/\/traxbike.com\/ca\/wp-json\/wp\/v2\/types\/product"}],"wp:featuredmedia":[{"embeddable":true,"href":"https:\/\/traxbike.com\/ca\/wp-json\/wp\/v2\/media\/7263"}],"wp:attachment":[{"href":"https:\/\/traxbike.com\/ca\/wp-json\/wp\/v2\/media?parent=7281"}],"wp:term":[{"taxonomy":"product_brand","embeddable":true,"href":"https:\/\/traxbike.com\/ca\/wp-json\/wp\/v2\/product_brand?post=7281"},{"taxonomy":"product_cat","embeddable":true,"href":"https:\/\/traxbike.com\/ca\/wp-json\/wp\/v2\/product_cat?post=7281"},{"taxonomy":"product_tag","embeddable":true,"href":"https:\/\/traxbike.com\/ca\/wp-json\/wp\/v2\/product_tag?post=7281"}],"curies":[{"name":"wp","href":"https:\/\/api.w.org\/{rel}","templated":true}]}}