{"id":7015,"date":"2023-06-10T15:44:22","date_gmt":"2023-06-10T08:44:22","guid":{"rendered":"http:\/\/nova2024.traxbike.com\/product\/trax-pro\/"},"modified":"2026-03-04T18:16:27","modified_gmt":"2026-03-04T17:16:27","slug":"trax-pro","status":"publish","type":"product","link":"https:\/\/traxbike.com\/ca\/producte\/trax-pro\/","title":{"rendered":"TRAX PRO"},"content":{"rendered":"<h3 class=\"wpb_wrapper\"><strong>TRAX PRO \u00e9s un dispositiu dissenyat per remolcar una bicicleta amb una altra.<\/strong><\/h3>\n<p>TRAX PRO \u00e9s un dispositiu dissenyat per remolcar una bicicleta amb una altra.<br \/>\nLa tracci\u00f3 es realitza mitjan\u00e7ant un cable de polietil\u00e8 d\u2019alta densitat recobert de poli\u00e8ster i un sistema mec\u00e0nic que el recull autom\u00e0ticament i alhora evita la possibilitat que s\u2019emboliqui a les rodes quan perd tensi\u00f3.<\/p>\n<p>El TRAX PRO \u00e9s l\u2019evoluci\u00f3 del seu predecessor TRAX MTB. Est\u00e0 dissenyat per a excursions en bicicleta amb nens, fam\u00edlia o amics, independentment de la difer\u00e8ncia de nivell i de forma f\u00edsica. Es pot utilitzar amb nens i adults i fins i tot amb bicicletes el\u00e8ctriques. El pes m\u00e0xim de remolc \u00e9s de 130 kg.<\/p>\n<p><strong>INSTAL\u00b7LACI\u00d3:<\/strong><br \/>\nEl TRAX PRO est\u00e0 dissenyat per instal\u00b7lar-se en diverses parts de la bicicleta sense utilitzar cap eina, mitjan\u00e7ant un sistema de corretja t\u00e8xtil amb sivella. Es pot instal\u00b7lar:<br \/>\nA la bicicleta davantera: a la tija del seient o al sell\u00f3.<br \/>\nA la bicicleta del darrere: a la pot\u00e8ncia, al manillar o al costat del quadre.<\/p>\n<p><strong>ORIGEN:<\/strong><br \/>\nTRAX PRO \u00e9s la segona versi\u00f3 de TRAX MTB Una evoluci\u00f3 aconseguida gr\u00e0cies al feedback dels clients que han dipositat la seva confian\u00e7a en nosaltres i ens han explicat les seves experi\u00e8ncies. TRAX t\u2019ofereix infinitat de possibilitats que mai no hauries pensat abans amb la teva bicicleta i els teus \u00e9ssers estimats.<br \/>\nLa senzillesa del sistema TRAX PRO dona com a resultat un pes de nom\u00e9s 130 g. Aquest pes fa que no es noti a l\u2019hora de muntar la bicicleta, i permet portar-lo a la motxilla o el mallot en cas d\u2019emerg\u00e8ncia.<\/p>\n<p><strong>CARACTER\u00cdSTIQUES T\u00c8CNIQUES:<\/strong><\/p>\n<ul>\n<li>Pes del dispositiu: 130 g<\/li>\n<li>Longitud del cable: 2,2 m<\/li>\n<li>Pes m\u00e0xim de remolc: 130 kg &#8211; 265 lliures<\/li>\n<li>Apte per a bicicletes el\u00e8ctriques: S\u00ed<\/li>\n<li>Sistema de tancament: Corretja t\u00e8xtil amb sivella<\/li>\n<li>Apte per a totes les bicicletes Mides: 65cm x 65cm x 45cm<\/li>\n<li>Velocitat m\u00e0xima recomanada: 10 km\/h \u2013 6 mph<\/li>\n<\/ul>\n","protected":false},"excerpt":{"rendered":"<p>TRAX PRO \u00e9s el millor remolcador de bicicletes del mercat. La millor opci\u00f3 per remolcar una bicicleta amb una altra en qualsevol situaci\u00f3, dissenyada tant per a bicicletes el\u00e8ctriques com amb bicicletes normals i per remolcar tant adults com nens!<\/p>\n<p><strong>El sistema m\u00e9s c\u00f2mode, eficient i pr\u00e0ctic per remolcar una bicicleta amb una altra!<\/strong><br \/>\n<span style=\"display:inline-block; margin:0; padding:0; line-height:1;\"><br \/>\n  <a href=\"https:\/\/traxbike.com\/wp-content\/uploads\/2026\/03\/DIGITAL-MANUAL-TRAX-PRO_LR.pdf\" target=\"_blank\" style=\"\n    display:inline-block !important;\n    width:auto !important;\n    min-width:0 !important;\n    max-width:none !important;\n    height:auto !important;\n    min-height:0 !important;\n    margin:0 !important;\n    padding:15px 15px !important;\n    background:#000 !important;\n    color:#fff !important;\n    text-decoration:none !important;\n    font-family:Default !important;\n    font-size:18px !important;\n    font-weight:400 !important;\n    line-height:1.1 !important;\n    border:1px solid #000 !important;\n    border-radius:0 !important;\n    box-sizing:border-box !important;\n    text-align:center !important;\n    white-space:nowrap !important;\n    vertical-align:middle !important;\n  \">Descarrega el manual Trax Pro<\/a><br \/>\n<\/span><\/p>\n","protected":false},"featured_media":6746,"template":"","meta":[],"product_brand":[],"product_cat":[167],"product_tag":[],"class_list":{"0":"post-7015","1":"product","2":"type-product","3":"status-publish","4":"has-post-thumbnail","6":"product_cat-trax-ca","8":"first","9":"instock","10":"taxable","11":"shipping-taxable","12":"purchasable","13":"product-type-simple","14":"add-to-wishlist-after_add_to_cart"},"yoast_head":"<!-- This site is optimized with the Yoast SEO plugin v27.4 - https:\/\/yoast.com\/product\/yoast-seo-wordpress\/ -->\n<title>TRAX PRO | Els millors sistemes de remolc de bicicletes | TraxBike<\/title>\n<meta name=\"description\" content=\"Trax bike els millors sistemes de remolc de bicicletes. Descobreix la nostra gamma de remolcadors d&#039;alta qualitat amb el sistema de remolcadors TRAX PRO\" \/>\n<meta name=\"robots\" content=\"index, follow, max-snippet:-1, max-image-preview:large, max-video-preview:-1\" \/>\n<link rel=\"canonical\" href=\"https:\/\/traxbike.com\/ca\/producte\/trax-pro\/\" \/>\n<meta property=\"og:locale\" content=\"ca_ES\" \/>\n<meta property=\"og:type\" content=\"article\" \/>\n<meta property=\"og:title\" content=\"TRAX PRO | Els millors sistemes de remolc de bicicletes | TraxBike\" \/>\n<meta property=\"og:description\" content=\"Trax bike els millors sistemes de remolc de bicicletes. Descobreix la nostra gamma de remolcadors d&#039;alta qualitat amb el sistema de remolcadors TRAX PRO\" \/>\n<meta property=\"og:url\" content=\"https:\/\/traxbike.com\/ca\/producte\/trax-pro\/\" \/>\n<meta property=\"og:site_name\" content=\"TraxBike\" \/>\n<meta property=\"article:modified_time\" content=\"2026-03-04T17:16:27+00:00\" \/>\n<meta property=\"og:image\" content=\"https:\/\/traxbike.com\/wp-content\/uploads\/2023\/06\/Traxpro-oficial-2.png\" \/>\n\t<meta property=\"og:image:width\" content=\"1080\" \/>\n\t<meta property=\"og:image:height\" content=\"1080\" \/>\n\t<meta property=\"og:image:type\" content=\"image\/png\" \/>\n<meta name=\"twitter:card\" content=\"summary_large_image\" \/>\n<meta name=\"twitter:label1\" content=\"Temps estimat de lectura\" \/>\n\t<meta name=\"twitter:data1\" content=\"2 minuts\" \/>\n<script type=\"application\/ld+json\" class=\"yoast-schema-graph\">{\"@context\":\"https:\\\/\\\/schema.org\",\"@graph\":[{\"@type\":\"WebPage\",\"@id\":\"https:\\\/\\\/traxbike.com\\\/ca\\\/producte\\\/trax-pro\\\/\",\"url\":\"https:\\\/\\\/traxbike.com\\\/ca\\\/producte\\\/trax-pro\\\/\",\"name\":\"TRAX PRO | Els millors sistemes de remolc de bicicletes | TraxBike\",\"isPartOf\":{\"@id\":\"https:\\\/\\\/traxbike.com\\\/#website\"},\"primaryImageOfPage\":{\"@id\":\"https:\\\/\\\/traxbike.com\\\/ca\\\/producte\\\/trax-pro\\\/#primaryimage\"},\"image\":{\"@id\":\"https:\\\/\\\/traxbike.com\\\/ca\\\/producte\\\/trax-pro\\\/#primaryimage\"},\"thumbnailUrl\":\"https:\\\/\\\/traxbike.com\\\/wp-content\\\/uploads\\\/2023\\\/06\\\/Traxpro-oficial-2.png\",\"datePublished\":\"2023-06-10T08:44:22+00:00\",\"dateModified\":\"2026-03-04T17:16:27+00:00\",\"description\":\"Trax bike els millors sistemes de remolc de bicicletes. Descobreix la nostra gamma de remolcadors d'alta qualitat amb el sistema de remolcadors TRAX PRO\",\"breadcrumb\":{\"@id\":\"https:\\\/\\\/traxbike.com\\\/ca\\\/producte\\\/trax-pro\\\/#breadcrumb\"},\"inLanguage\":\"ca\",\"potentialAction\":[{\"@type\":\"ReadAction\",\"target\":[\"https:\\\/\\\/traxbike.com\\\/ca\\\/producte\\\/trax-pro\\\/\"]}]},{\"@type\":\"ImageObject\",\"inLanguage\":\"ca\",\"@id\":\"https:\\\/\\\/traxbike.com\\\/ca\\\/producte\\\/trax-pro\\\/#primaryimage\",\"url\":\"https:\\\/\\\/traxbike.com\\\/wp-content\\\/uploads\\\/2023\\\/06\\\/Traxpro-oficial-2.png\",\"contentUrl\":\"https:\\\/\\\/traxbike.com\\\/wp-content\\\/uploads\\\/2023\\\/06\\\/Traxpro-oficial-2.png\",\"width\":1080,\"height\":1080},{\"@type\":\"BreadcrumbList\",\"@id\":\"https:\\\/\\\/traxbike.com\\\/ca\\\/producte\\\/trax-pro\\\/#breadcrumb\",\"itemListElement\":[{\"@type\":\"ListItem\",\"position\":1,\"name\":\"Portada\",\"item\":\"https:\\\/\\\/traxbike.com\\\/\"},{\"@type\":\"ListItem\",\"position\":2,\"name\":\"Shop\",\"item\":\"https:\\\/\\\/traxbike.com\\\/ca\\\/shop\\\/\"},{\"@type\":\"ListItem\",\"position\":3,\"name\":\"TRAX PRO\"}]},{\"@type\":\"WebSite\",\"@id\":\"https:\\\/\\\/traxbike.com\\\/#website\",\"url\":\"https:\\\/\\\/traxbike.com\\\/\",\"name\":\"TraxBike\",\"description\":\"Experts in bicycle towing systems and family sports\",\"potentialAction\":[{\"@type\":\"SearchAction\",\"target\":{\"@type\":\"EntryPoint\",\"urlTemplate\":\"https:\\\/\\\/traxbike.com\\\/?s={search_term_string}\"},\"query-input\":{\"@type\":\"PropertyValueSpecification\",\"valueRequired\":true,\"valueName\":\"search_term_string\"}}],\"inLanguage\":\"ca\"}]}<\/script>\n<!-- \/ Yoast SEO plugin. -->","yoast_head_json":{"title":"TRAX PRO | Els millors sistemes de remolc de bicicletes | TraxBike","description":"Trax bike els millors sistemes de remolc de bicicletes. Descobreix la nostra gamma de remolcadors d'alta qualitat amb el sistema de remolcadors TRAX PRO","robots":{"index":"index","follow":"follow","max-snippet":"max-snippet:-1","max-image-preview":"max-image-preview:large","max-video-preview":"max-video-preview:-1"},"canonical":"https:\/\/traxbike.com\/ca\/producte\/trax-pro\/","og_locale":"ca_ES","og_type":"article","og_title":"TRAX PRO | Els millors sistemes de remolc de bicicletes | TraxBike","og_description":"Trax bike els millors sistemes de remolc de bicicletes. Descobreix la nostra gamma de remolcadors d'alta qualitat amb el sistema de remolcadors TRAX PRO","og_url":"https:\/\/traxbike.com\/ca\/producte\/trax-pro\/","og_site_name":"TraxBike","article_modified_time":"2026-03-04T17:16:27+00:00","og_image":[{"width":1080,"height":1080,"url":"https:\/\/traxbike.com\/wp-content\/uploads\/2023\/06\/Traxpro-oficial-2.png","type":"image\/png"}],"twitter_card":"summary_large_image","twitter_misc":{"Temps estimat de lectura":"2 minuts"},"schema":{"@context":"https:\/\/schema.org","@graph":[{"@type":"WebPage","@id":"https:\/\/traxbike.com\/ca\/producte\/trax-pro\/","url":"https:\/\/traxbike.com\/ca\/producte\/trax-pro\/","name":"TRAX PRO | Els millors sistemes de remolc de bicicletes | TraxBike","isPartOf":{"@id":"https:\/\/traxbike.com\/#website"},"primaryImageOfPage":{"@id":"https:\/\/traxbike.com\/ca\/producte\/trax-pro\/#primaryimage"},"image":{"@id":"https:\/\/traxbike.com\/ca\/producte\/trax-pro\/#primaryimage"},"thumbnailUrl":"https:\/\/traxbike.com\/wp-content\/uploads\/2023\/06\/Traxpro-oficial-2.png","datePublished":"2023-06-10T08:44:22+00:00","dateModified":"2026-03-04T17:16:27+00:00","description":"Trax bike els millors sistemes de remolc de bicicletes. Descobreix la nostra gamma de remolcadors d'alta qualitat amb el sistema de remolcadors TRAX PRO","breadcrumb":{"@id":"https:\/\/traxbike.com\/ca\/producte\/trax-pro\/#breadcrumb"},"inLanguage":"ca","potentialAction":[{"@type":"ReadAction","target":["https:\/\/traxbike.com\/ca\/producte\/trax-pro\/"]}]},{"@type":"ImageObject","inLanguage":"ca","@id":"https:\/\/traxbike.com\/ca\/producte\/trax-pro\/#primaryimage","url":"https:\/\/traxbike.com\/wp-content\/uploads\/2023\/06\/Traxpro-oficial-2.png","contentUrl":"https:\/\/traxbike.com\/wp-content\/uploads\/2023\/06\/Traxpro-oficial-2.png","width":1080,"height":1080},{"@type":"BreadcrumbList","@id":"https:\/\/traxbike.com\/ca\/producte\/trax-pro\/#breadcrumb","itemListElement":[{"@type":"ListItem","position":1,"name":"Portada","item":"https:\/\/traxbike.com\/"},{"@type":"ListItem","position":2,"name":"Shop","item":"https:\/\/traxbike.com\/ca\/shop\/"},{"@type":"ListItem","position":3,"name":"TRAX PRO"}]},{"@type":"WebSite","@id":"https:\/\/traxbike.com\/#website","url":"https:\/\/traxbike.com\/","name":"TraxBike","description":"Experts in bicycle towing systems and family sports","potentialAction":[{"@type":"SearchAction","target":{"@type":"EntryPoint","urlTemplate":"https:\/\/traxbike.com\/?s={search_term_string}"},"query-input":{"@type":"PropertyValueSpecification","valueRequired":true,"valueName":"search_term_string"}}],"inLanguage":"ca"}]}},"_links":{"self":[{"href":"https:\/\/traxbike.com\/ca\/wp-json\/wp\/v2\/product\/7015","targetHints":{"allow":["GET"]}}],"collection":[{"href":"https:\/\/traxbike.com\/ca\/wp-json\/wp\/v2\/product"}],"about":[{"href":"https:\/\/traxbike.com\/ca\/wp-json\/wp\/v2\/types\/product"}],"wp:featuredmedia":[{"embeddable":true,"href":"https:\/\/traxbike.com\/ca\/wp-json\/wp\/v2\/media\/6746"}],"wp:attachment":[{"href":"https:\/\/traxbike.com\/ca\/wp-json\/wp\/v2\/media?parent=7015"}],"wp:term":[{"taxonomy":"product_brand","embeddable":true,"href":"https:\/\/traxbike.com\/ca\/wp-json\/wp\/v2\/product_brand?post=7015"},{"taxonomy":"product_cat","embeddable":true,"href":"https:\/\/traxbike.com\/ca\/wp-json\/wp\/v2\/product_cat?post=7015"},{"taxonomy":"product_tag","embeddable":true,"href":"https:\/\/traxbike.com\/ca\/wp-json\/wp\/v2\/product_tag?post=7015"}],"curies":[{"name":"wp","href":"https:\/\/api.w.org\/{rel}","templated":true}]}}