{"id":7012,"date":"2024-06-14T18:07:42","date_gmt":"2024-06-14T16:07:42","guid":{"rendered":"http:\/\/nova2024.traxbike.com\/product\/trax-flex\/"},"modified":"2024-10-14T11:37:26","modified_gmt":"2024-10-14T09:37:26","slug":"trax-flex","status":"publish","type":"product","link":"https:\/\/traxbike.com\/ca\/producte\/trax-flex\/","title":{"rendered":"TRAX FLEX"},"content":{"rendered":"<h3 class=\"wpb_wrapper\"><strong>TRAX FLEX \u00e9s una corretja el\u00e0stica dissenyada per remolcar una bicicleta amb una altra.<\/strong><\/h3>\n<p class=\"wpb_wrapper\">El producte \u00e9s un cord\u00f3 el\u00e0stic amb dos lla\u00e7os (un a cada extrem), un per subjectar-se al sell\u00f3 de la bicicleta remolcada i l\u2019altre a la pot\u00e8ncia o manillar de la bicicleta remolcada, de manera que es pugui adaptar a qualsevol model de bicicleta.<\/p>\n<p class=\"wpb_wrapper\"><strong>TRAX FLEX<\/strong> est\u00e0 fet de fibres d\u2019alta tecnologia que el fan molt lleuger i compacte. Tant \u00e9s aix\u00ed que es pot emmagatzemar a qualsevol butxaca de samarreta o pantalons sense que es noti. Nom\u00e9s pesa 50 g.<\/p>\n<p class=\"wpb_wrapper\"><strong>TRAX FLEX<\/strong> t\u00e9 una longitud aproximada d\u20191 metre quan no s\u2019utilitza i s\u2019est\u00e9n fins a 2,5 metres quan est\u00e0 en tensi\u00f3. Aix\u00f2 evita completament que s\u2019enganxi a les rodes o altres parts m\u00f2bils de la bicicleta mentre est\u00e0 en \u00fas.<\/p>\n<h2 class=\"yikes-custom-woo-tab-title yikes-custom-woo-tab-title-technical-features\">Caracter\u00edstiques t\u00e8cniques<\/h2>\n<ul>\n<li>Pes del dispositiu: 50 g<\/li>\n<li>Longitud del cable: 1m a 2,5m<\/li>\n<li>Pes m\u00e0xim per remolcar: 200 kg &#8211; 450 lliures<\/li>\n<li>Apte per a bicicletes el\u00e8ctriques: S\u00ed<\/li>\n<li>Apte per a qualsevol bicicleta<\/li>\n<li>Mesures: Cap en una butxaca molt petita<\/li>\n<li>Velocitat m\u00e0xima recomanada: 10 km\/h \u2013 6 mph<\/li>\n<\/ul>\n","protected":false},"excerpt":{"rendered":"<p>Corretja el\u00e0stica dissenyada per remolcar una bicicleta amb una altra. Tant per a adults com per a nens, aix\u00ed com per a ebikes.<\/p>\n<p><strong>Porta el TRAX FLEX sempre amb tu i remolca qui vulguis i quan vulguis amb la teva bicicleta. Un sistema infal\u00b7lible, vers\u00e0til i molt f\u00e0cil d\u2019utilitzar!<\/strong><\/p>\n","protected":false},"featured_media":6788,"template":"","meta":[],"product_brand":[],"product_cat":[167],"product_tag":[],"class_list":{"0":"post-7012","1":"product","2":"type-product","3":"status-publish","4":"has-post-thumbnail","6":"product_cat-trax-ca","8":"first","9":"instock","10":"taxable","11":"shipping-taxable","12":"purchasable","13":"product-type-simple","14":"add-to-wishlist-after_add_to_cart"},"yoast_head":"<!-- This site is optimized with the Yoast SEO plugin v27.3 - https:\/\/yoast.com\/product\/yoast-seo-wordpress\/ -->\n<title>TRAX FLEX - TraxBike<\/title>\n<meta name=\"robots\" content=\"index, follow, max-snippet:-1, max-image-preview:large, max-video-preview:-1\" \/>\n<link rel=\"canonical\" href=\"https:\/\/traxbike.com\/ca\/producte\/trax-flex\/\" \/>\n<meta property=\"og:locale\" content=\"ca_ES\" \/>\n<meta property=\"og:type\" content=\"article\" \/>\n<meta property=\"og:title\" content=\"TRAX FLEX - TraxBike\" \/>\n<meta property=\"og:description\" content=\"Corretja el\u00e0stica dissenyada per remolcar una bicicleta amb una altra. Tant per a adults com per a nens, aix\u00ed com per a ebikes.  Porta el TRAX FLEX sempre amb tu i remolca qui vulguis i quan vulguis amb la teva bicicleta. Un sistema infal\u00b7lible, vers\u00e0til i molt f\u00e0cil d\u2019utilitzar!\" \/>\n<meta property=\"og:url\" content=\"https:\/\/traxbike.com\/ca\/producte\/trax-flex\/\" \/>\n<meta property=\"og:site_name\" content=\"TraxBike\" \/>\n<meta property=\"article:modified_time\" content=\"2024-10-14T09:37:26+00:00\" \/>\n<meta property=\"og:image\" content=\"https:\/\/traxbike.com\/wp-content\/uploads\/2024\/06\/TraxFLEXoficial.png\" \/>\n\t<meta property=\"og:image:width\" content=\"1080\" \/>\n\t<meta property=\"og:image:height\" content=\"1080\" \/>\n\t<meta property=\"og:image:type\" content=\"image\/png\" \/>\n<meta name=\"twitter:card\" content=\"summary_large_image\" \/>\n<meta name=\"twitter:label1\" content=\"Temps estimat de lectura\" \/>\n\t<meta name=\"twitter:data1\" content=\"1 minut\" \/>\n<script type=\"application\/ld+json\" class=\"yoast-schema-graph\">{\"@context\":\"https:\\\/\\\/schema.org\",\"@graph\":[{\"@type\":\"WebPage\",\"@id\":\"https:\\\/\\\/traxbike.com\\\/ca\\\/producte\\\/trax-flex\\\/\",\"url\":\"https:\\\/\\\/traxbike.com\\\/ca\\\/producte\\\/trax-flex\\\/\",\"name\":\"TRAX FLEX - TraxBike\",\"isPartOf\":{\"@id\":\"https:\\\/\\\/traxbike.com\\\/#website\"},\"primaryImageOfPage\":{\"@id\":\"https:\\\/\\\/traxbike.com\\\/ca\\\/producte\\\/trax-flex\\\/#primaryimage\"},\"image\":{\"@id\":\"https:\\\/\\\/traxbike.com\\\/ca\\\/producte\\\/trax-flex\\\/#primaryimage\"},\"thumbnailUrl\":\"https:\\\/\\\/traxbike.com\\\/wp-content\\\/uploads\\\/2024\\\/06\\\/TraxFLEXoficial.png\",\"datePublished\":\"2024-06-14T16:07:42+00:00\",\"dateModified\":\"2024-10-14T09:37:26+00:00\",\"breadcrumb\":{\"@id\":\"https:\\\/\\\/traxbike.com\\\/ca\\\/producte\\\/trax-flex\\\/#breadcrumb\"},\"inLanguage\":\"ca\",\"potentialAction\":[{\"@type\":\"ReadAction\",\"target\":[\"https:\\\/\\\/traxbike.com\\\/ca\\\/producte\\\/trax-flex\\\/\"]}]},{\"@type\":\"ImageObject\",\"inLanguage\":\"ca\",\"@id\":\"https:\\\/\\\/traxbike.com\\\/ca\\\/producte\\\/trax-flex\\\/#primaryimage\",\"url\":\"https:\\\/\\\/traxbike.com\\\/wp-content\\\/uploads\\\/2024\\\/06\\\/TraxFLEXoficial.png\",\"contentUrl\":\"https:\\\/\\\/traxbike.com\\\/wp-content\\\/uploads\\\/2024\\\/06\\\/TraxFLEXoficial.png\",\"width\":1080,\"height\":1080},{\"@type\":\"BreadcrumbList\",\"@id\":\"https:\\\/\\\/traxbike.com\\\/ca\\\/producte\\\/trax-flex\\\/#breadcrumb\",\"itemListElement\":[{\"@type\":\"ListItem\",\"position\":1,\"name\":\"Portada\",\"item\":\"https:\\\/\\\/traxbike.com\\\/\"},{\"@type\":\"ListItem\",\"position\":2,\"name\":\"Shop\",\"item\":\"https:\\\/\\\/traxbike.com\\\/ca\\\/shop\\\/\"},{\"@type\":\"ListItem\",\"position\":3,\"name\":\"TRAX FLEX\"}]},{\"@type\":\"WebSite\",\"@id\":\"https:\\\/\\\/traxbike.com\\\/#website\",\"url\":\"https:\\\/\\\/traxbike.com\\\/\",\"name\":\"TraxBike\",\"description\":\"Experts in bicycle towing systems and family sports\",\"potentialAction\":[{\"@type\":\"SearchAction\",\"target\":{\"@type\":\"EntryPoint\",\"urlTemplate\":\"https:\\\/\\\/traxbike.com\\\/?s={search_term_string}\"},\"query-input\":{\"@type\":\"PropertyValueSpecification\",\"valueRequired\":true,\"valueName\":\"search_term_string\"}}],\"inLanguage\":\"ca\"}]}<\/script>\n<!-- \/ Yoast SEO plugin. -->","yoast_head_json":{"title":"TRAX FLEX - TraxBike","robots":{"index":"index","follow":"follow","max-snippet":"max-snippet:-1","max-image-preview":"max-image-preview:large","max-video-preview":"max-video-preview:-1"},"canonical":"https:\/\/traxbike.com\/ca\/producte\/trax-flex\/","og_locale":"ca_ES","og_type":"article","og_title":"TRAX FLEX - TraxBike","og_description":"Corretja el\u00e0stica dissenyada per remolcar una bicicleta amb una altra. Tant per a adults com per a nens, aix\u00ed com per a ebikes.  Porta el TRAX FLEX sempre amb tu i remolca qui vulguis i quan vulguis amb la teva bicicleta. Un sistema infal\u00b7lible, vers\u00e0til i molt f\u00e0cil d\u2019utilitzar!","og_url":"https:\/\/traxbike.com\/ca\/producte\/trax-flex\/","og_site_name":"TraxBike","article_modified_time":"2024-10-14T09:37:26+00:00","og_image":[{"width":1080,"height":1080,"url":"https:\/\/traxbike.com\/wp-content\/uploads\/2024\/06\/TraxFLEXoficial.png","type":"image\/png"}],"twitter_card":"summary_large_image","twitter_misc":{"Temps estimat de lectura":"1 minut"},"schema":{"@context":"https:\/\/schema.org","@graph":[{"@type":"WebPage","@id":"https:\/\/traxbike.com\/ca\/producte\/trax-flex\/","url":"https:\/\/traxbike.com\/ca\/producte\/trax-flex\/","name":"TRAX FLEX - TraxBike","isPartOf":{"@id":"https:\/\/traxbike.com\/#website"},"primaryImageOfPage":{"@id":"https:\/\/traxbike.com\/ca\/producte\/trax-flex\/#primaryimage"},"image":{"@id":"https:\/\/traxbike.com\/ca\/producte\/trax-flex\/#primaryimage"},"thumbnailUrl":"https:\/\/traxbike.com\/wp-content\/uploads\/2024\/06\/TraxFLEXoficial.png","datePublished":"2024-06-14T16:07:42+00:00","dateModified":"2024-10-14T09:37:26+00:00","breadcrumb":{"@id":"https:\/\/traxbike.com\/ca\/producte\/trax-flex\/#breadcrumb"},"inLanguage":"ca","potentialAction":[{"@type":"ReadAction","target":["https:\/\/traxbike.com\/ca\/producte\/trax-flex\/"]}]},{"@type":"ImageObject","inLanguage":"ca","@id":"https:\/\/traxbike.com\/ca\/producte\/trax-flex\/#primaryimage","url":"https:\/\/traxbike.com\/wp-content\/uploads\/2024\/06\/TraxFLEXoficial.png","contentUrl":"https:\/\/traxbike.com\/wp-content\/uploads\/2024\/06\/TraxFLEXoficial.png","width":1080,"height":1080},{"@type":"BreadcrumbList","@id":"https:\/\/traxbike.com\/ca\/producte\/trax-flex\/#breadcrumb","itemListElement":[{"@type":"ListItem","position":1,"name":"Portada","item":"https:\/\/traxbike.com\/"},{"@type":"ListItem","position":2,"name":"Shop","item":"https:\/\/traxbike.com\/ca\/shop\/"},{"@type":"ListItem","position":3,"name":"TRAX FLEX"}]},{"@type":"WebSite","@id":"https:\/\/traxbike.com\/#website","url":"https:\/\/traxbike.com\/","name":"TraxBike","description":"Experts in bicycle towing systems and family sports","potentialAction":[{"@type":"SearchAction","target":{"@type":"EntryPoint","urlTemplate":"https:\/\/traxbike.com\/?s={search_term_string}"},"query-input":{"@type":"PropertyValueSpecification","valueRequired":true,"valueName":"search_term_string"}}],"inLanguage":"ca"}]}},"_links":{"self":[{"href":"https:\/\/traxbike.com\/ca\/wp-json\/wp\/v2\/product\/7012","targetHints":{"allow":["GET"]}}],"collection":[{"href":"https:\/\/traxbike.com\/ca\/wp-json\/wp\/v2\/product"}],"about":[{"href":"https:\/\/traxbike.com\/ca\/wp-json\/wp\/v2\/types\/product"}],"wp:featuredmedia":[{"embeddable":true,"href":"https:\/\/traxbike.com\/ca\/wp-json\/wp\/v2\/media\/6788"}],"wp:attachment":[{"href":"https:\/\/traxbike.com\/ca\/wp-json\/wp\/v2\/media?parent=7012"}],"wp:term":[{"taxonomy":"product_brand","embeddable":true,"href":"https:\/\/traxbike.com\/ca\/wp-json\/wp\/v2\/product_brand?post=7012"},{"taxonomy":"product_cat","embeddable":true,"href":"https:\/\/traxbike.com\/ca\/wp-json\/wp\/v2\/product_cat?post=7012"},{"taxonomy":"product_tag","embeddable":true,"href":"https:\/\/traxbike.com\/ca\/wp-json\/wp\/v2\/product_tag?post=7012"}],"curies":[{"name":"wp","href":"https:\/\/api.w.org\/{rel}","templated":true}]}}