{"id":7761,"date":"2024-06-14T18:33:04","date_gmt":"2024-06-14T16:33:04","guid":{"rendered":"https:\/\/traxbike.com\/politica-de-cookies\/"},"modified":"2024-10-18T17:47:22","modified_gmt":"2024-10-18T15:47:22","slug":"politica-de-cookies","status":"publish","type":"page","link":"https:\/\/traxbike.com\/ca\/politica-de-cookies\/","title":{"rendered":"POL\u00cdTICA DE COOKIES"},"content":{"rendered":"\n<h1 class=\"wp-block-heading\">POL\u00cdTICA DE COOKIES<\/h1>\n\n<p>Una galeta \u00e9s un petit fitxer de text que s&#8217;emmagatzema al vostre navegador quan visiteu gaireb\u00e9 qualsevol p\u00e0gina web. La seva utilitat \u00e9s que la web \u00e9s capa\u00e7 de recordar la vostra visita quan torneu a navegar per aquesta p\u00e0gina. Les cookies solen emmagatzemar informaci\u00f3 de car\u00e0cter t\u00e8cnic, prefer\u00e8ncies personals, personalitzaci\u00f3 de continguts, estad\u00edstiques d&#8217;\u00fas, enlla\u00e7os a xarxes socials, acc\u00e9s a comptes d&#8217;usuari, etc. La finalitat de la cookie \u00e9s adaptar el contingut de la web al seu perfil i necessitats, sense cookies els serveis oferts per qualsevol p\u00e0gina es veurien redu\u00efts significativament. Si voleu consultar m\u00e9s informaci\u00f3 sobre qu\u00e8 s\u00f3n les cookies, qu\u00e8 emmagatzemen, com eliminar-les, desactivar-les, etc.,\u00a0<a href=\"https:\/\/traxbike.com\/more-information-about-cookies\/\"> aneu a aquest enlla\u00e7.<\/a><\/p>\n\n<h2 class=\"wp-block-heading\">Cookies utilitzades en aquest lloc web<\/h2>\n\n<p>Seguint les directrius de l&#8217;Ag\u00e8ncia Espanyola de Protecci\u00f3 de Dades procedim a detallar l&#8217;\u00fas de cookies que fa aquest lloc web per tal d&#8217;informar-te amb la m\u00e0xima precisi\u00f3 possible.<\/p>\n\n<p>Aquest lloc web utilitza les\u00a0<strong>galetes pr\u00f2pies<\/strong> seg\u00fcents:<\/p>\n\n<ul class=\"wp-block-list\">\n<li>Cookies de sessi\u00f3, per garantir que els usuaris que escriuen comentaris al bloc s\u00f3n humans i no aplicacions automatitzades. D&#8217;aquesta manera, es combat el correu brossa.<\/li>\n<\/ul>\n\n<p>Aquest lloc web utilitza les\u00a0<strong>galetes de tercers seg\u00fcents:<\/strong><\/p>\n\n<ul class=\"wp-block-list\">\n<li>Google Analytics: Emmagatzema cookies per poder elaborar estad\u00edstiques de tr\u00e0nsit i volum de visites a aquest lloc web. En utilitzar aquest lloc web, esteu consentint el tractament de la vostra informaci\u00f3 per part de Google. Per tant, l&#8217;exercici de qualsevol dret en aquest sentit ho ha de fer comunicant-se directament amb Google.<\/li>\n\n\n\n<li>Xarxes socials: Cada xarxa social utilitza les seves pr\u00f2pies galetes perqu\u00e8 pugueu fer clic als botons M&#8217;agrada o Compartir.<\/li>\n<\/ul>\n\n<h2 class=\"wp-block-heading\">Desactivaci\u00f3 o eliminaci\u00f3 de cookies<\/h2>\n\n<p>En qualsevol moment pot exercir el seu dret a desactivar o eliminar les cookies d&#8217;aquest lloc web. Aquestes accions es realitzen de manera diferent segons el navegador que utilitzeu.<a href=\"https:\/\/traxbike.com\/more-information-about-cookies\/\">Aqu\u00ed teniu una guia r\u00e0pida per als navegadors m\u00e9s populars.<\/a><\/p>\n\n<h2 class=\"wp-block-heading\">Notes addicionals<\/h2>\n\n<ul class=\"wp-block-list\">\n<li>Ni aquest lloc web ni els seus representants legals es fan responsables del contingut ni de la veracitat de les pol\u00edtiques de privacitat que puguin tenir els tercers esmentats en aquesta pol\u00edtica de cookies.<\/li>\n\n\n\n<li>Els navegadors web s\u00f3n les eines encarregades d&#8217;emmagatzemar\u00a0<em>cookies<\/em>\u00a0i des d&#8217;aquest lloc has d&#8217;exercir el teu dret a eliminar-les o desactivar-les. Ni aquest lloc web ni els seus representants legals poden garantir la correcta o incorrecta manipulaci\u00f3 de les\u00a0<em>cookies<\/em>\u00a0per part dels navegadors esmentats.<\/li>\n\n\n\n<li>En alguns casos \u00e9s necessari instal\u00b7lar\u00a0<em>cookies<\/em>\u00a0per tal que el navegador no oblidi la seva decisi\u00f3 de no acceptar-les.<\/li>\n\n\n\n<li>En el cas de les\u00a0<em>cookies<\/em> de Google Analytics, aquesta empresa emmagatzema\u00a0<em>cookies<\/em>\u00a0en servidors ubicats als Estats Units i es compromet a no compartir-les amb tercers, excepte en els casos en qu\u00e8 sigui necessari. per al funcionament del sistema o quan la llei exigeixi aquest efecte. Segons Google no guarda la teva adre\u00e7a IP. Google Inc. \u00e9s una empresa adherida a l&#8217;Acord de port segur que garanteix que totes les dades transferides seran tractades amb un nivell de protecci\u00f3 d&#8217;acord amb la normativa europea. Pots consultar informaci\u00f3 detallada al respecte\u00a0<a href=\"http:\/\/safeharbor.export.gov\/companyinfo.aspx?id=16626\">en aquest enlla\u00e7<\/a>. Si vols informaci\u00f3 sobre l&#8217;\u00fas que Google d\u00f3na a les cookies\u00a0<a href=\"https:\/\/developers.google.com\/analytics\/devguides\/collection\/analyticsjs\/cookie-usage?hl=es&amp;csw=1\">adjuntem aquest altre enlla\u00e7.<\/a><\/li>\n\n\n\n<li>Per a qualsevol dubte o consulta sobre aquesta pol\u00edtica de cookies, no dubteu a posar-vos en contacte amb nosaltres a trav\u00e9s de l&#8217;apartat de contacte.<\/li>\n<\/ul>\n","protected":false},"excerpt":{"rendered":"<p>POL\u00cdTICA DE COOKIES Una galeta \u00e9s un petit fitxer de text que s&#8217;emmagatzema al vostre navegador quan visiteu gaireb\u00e9 qualsevol p\u00e0gina web. La seva utilitat \u00e9s que la web \u00e9s capa\u00e7 de recordar la vostra visita quan torneu a navegar per aquesta p\u00e0gina. Les cookies solen emmagatzemar informaci\u00f3 de car\u00e0cter t\u00e8cnic, prefer\u00e8ncies personals, personalitzaci\u00f3 de [&hellip;]<\/p>\n","protected":false},"author":1,"featured_media":0,"parent":0,"menu_order":0,"comment_status":"closed","ping_status":"closed","template":"","meta":{"footnotes":""},"class_list":["post-7761","page","type-page","status-publish","hentry"],"yoast_head":"<!-- This site is optimized with the Yoast SEO plugin v27.3 - https:\/\/yoast.com\/product\/yoast-seo-wordpress\/ -->\n<title>POL\u00cdTICA DE COOKIES - TraxBike<\/title>\n<meta name=\"robots\" content=\"index, follow, max-snippet:-1, max-image-preview:large, max-video-preview:-1\" \/>\n<link rel=\"canonical\" href=\"https:\/\/traxbike.com\/ca\/politica-de-cookies\/\" \/>\n<meta property=\"og:locale\" content=\"ca_ES\" \/>\n<meta property=\"og:type\" content=\"article\" \/>\n<meta property=\"og:title\" content=\"POL\u00cdTICA DE COOKIES - TraxBike\" \/>\n<meta property=\"og:description\" content=\"POL\u00cdTICA DE COOKIES Una galeta \u00e9s un petit fitxer de text que s&#8217;emmagatzema al vostre navegador quan visiteu gaireb\u00e9 qualsevol p\u00e0gina web. La seva utilitat \u00e9s que la web \u00e9s capa\u00e7 de recordar la vostra visita quan torneu a navegar per aquesta p\u00e0gina. Les cookies solen emmagatzemar informaci\u00f3 de car\u00e0cter t\u00e8cnic, prefer\u00e8ncies personals, personalitzaci\u00f3 de [&hellip;]\" \/>\n<meta property=\"og:url\" content=\"https:\/\/traxbike.com\/ca\/politica-de-cookies\/\" \/>\n<meta property=\"og:site_name\" content=\"TraxBike\" \/>\n<meta property=\"article:modified_time\" content=\"2024-10-18T15:47:22+00:00\" \/>\n<meta name=\"twitter:card\" content=\"summary_large_image\" \/>\n<meta name=\"twitter:label1\" content=\"Temps estimat de lectura\" \/>\n\t<meta name=\"twitter:data1\" content=\"3 minuts\" \/>\n<script type=\"application\/ld+json\" class=\"yoast-schema-graph\">{\"@context\":\"https:\\\/\\\/schema.org\",\"@graph\":[{\"@type\":\"WebPage\",\"@id\":\"https:\\\/\\\/traxbike.com\\\/ca\\\/politica-de-cookies\\\/\",\"url\":\"https:\\\/\\\/traxbike.com\\\/ca\\\/politica-de-cookies\\\/\",\"name\":\"POL\u00cdTICA DE COOKIES - TraxBike\",\"isPartOf\":{\"@id\":\"https:\\\/\\\/traxbike.com\\\/#website\"},\"datePublished\":\"2024-06-14T16:33:04+00:00\",\"dateModified\":\"2024-10-18T15:47:22+00:00\",\"breadcrumb\":{\"@id\":\"https:\\\/\\\/traxbike.com\\\/ca\\\/politica-de-cookies\\\/#breadcrumb\"},\"inLanguage\":\"ca\",\"potentialAction\":[{\"@type\":\"ReadAction\",\"target\":[\"https:\\\/\\\/traxbike.com\\\/ca\\\/politica-de-cookies\\\/\"]}]},{\"@type\":\"BreadcrumbList\",\"@id\":\"https:\\\/\\\/traxbike.com\\\/ca\\\/politica-de-cookies\\\/#breadcrumb\",\"itemListElement\":[{\"@type\":\"ListItem\",\"position\":1,\"name\":\"Portada\",\"item\":\"https:\\\/\\\/traxbike.com\\\/\"},{\"@type\":\"ListItem\",\"position\":2,\"name\":\"POL\u00cdTICA DE COOKIES\"}]},{\"@type\":\"WebSite\",\"@id\":\"https:\\\/\\\/traxbike.com\\\/#website\",\"url\":\"https:\\\/\\\/traxbike.com\\\/\",\"name\":\"TraxBike\",\"description\":\"Experts in bicycle towing systems and family sports\",\"potentialAction\":[{\"@type\":\"SearchAction\",\"target\":{\"@type\":\"EntryPoint\",\"urlTemplate\":\"https:\\\/\\\/traxbike.com\\\/?s={search_term_string}\"},\"query-input\":{\"@type\":\"PropertyValueSpecification\",\"valueRequired\":true,\"valueName\":\"search_term_string\"}}],\"inLanguage\":\"ca\"}]}<\/script>\n<!-- \/ Yoast SEO plugin. -->","yoast_head_json":{"title":"POL\u00cdTICA DE COOKIES - TraxBike","robots":{"index":"index","follow":"follow","max-snippet":"max-snippet:-1","max-image-preview":"max-image-preview:large","max-video-preview":"max-video-preview:-1"},"canonical":"https:\/\/traxbike.com\/ca\/politica-de-cookies\/","og_locale":"ca_ES","og_type":"article","og_title":"POL\u00cdTICA DE COOKIES - TraxBike","og_description":"POL\u00cdTICA DE COOKIES Una galeta \u00e9s un petit fitxer de text que s&#8217;emmagatzema al vostre navegador quan visiteu gaireb\u00e9 qualsevol p\u00e0gina web. La seva utilitat \u00e9s que la web \u00e9s capa\u00e7 de recordar la vostra visita quan torneu a navegar per aquesta p\u00e0gina. Les cookies solen emmagatzemar informaci\u00f3 de car\u00e0cter t\u00e8cnic, prefer\u00e8ncies personals, personalitzaci\u00f3 de [&hellip;]","og_url":"https:\/\/traxbike.com\/ca\/politica-de-cookies\/","og_site_name":"TraxBike","article_modified_time":"2024-10-18T15:47:22+00:00","twitter_card":"summary_large_image","twitter_misc":{"Temps estimat de lectura":"3 minuts"},"schema":{"@context":"https:\/\/schema.org","@graph":[{"@type":"WebPage","@id":"https:\/\/traxbike.com\/ca\/politica-de-cookies\/","url":"https:\/\/traxbike.com\/ca\/politica-de-cookies\/","name":"POL\u00cdTICA DE COOKIES - TraxBike","isPartOf":{"@id":"https:\/\/traxbike.com\/#website"},"datePublished":"2024-06-14T16:33:04+00:00","dateModified":"2024-10-18T15:47:22+00:00","breadcrumb":{"@id":"https:\/\/traxbike.com\/ca\/politica-de-cookies\/#breadcrumb"},"inLanguage":"ca","potentialAction":[{"@type":"ReadAction","target":["https:\/\/traxbike.com\/ca\/politica-de-cookies\/"]}]},{"@type":"BreadcrumbList","@id":"https:\/\/traxbike.com\/ca\/politica-de-cookies\/#breadcrumb","itemListElement":[{"@type":"ListItem","position":1,"name":"Portada","item":"https:\/\/traxbike.com\/"},{"@type":"ListItem","position":2,"name":"POL\u00cdTICA DE COOKIES"}]},{"@type":"WebSite","@id":"https:\/\/traxbike.com\/#website","url":"https:\/\/traxbike.com\/","name":"TraxBike","description":"Experts in bicycle towing systems and family sports","potentialAction":[{"@type":"SearchAction","target":{"@type":"EntryPoint","urlTemplate":"https:\/\/traxbike.com\/?s={search_term_string}"},"query-input":{"@type":"PropertyValueSpecification","valueRequired":true,"valueName":"search_term_string"}}],"inLanguage":"ca"}]}},"_links":{"self":[{"href":"https:\/\/traxbike.com\/ca\/wp-json\/wp\/v2\/pages\/7761","targetHints":{"allow":["GET"]}}],"collection":[{"href":"https:\/\/traxbike.com\/ca\/wp-json\/wp\/v2\/pages"}],"about":[{"href":"https:\/\/traxbike.com\/ca\/wp-json\/wp\/v2\/types\/page"}],"author":[{"embeddable":true,"href":"https:\/\/traxbike.com\/ca\/wp-json\/wp\/v2\/users\/1"}],"replies":[{"embeddable":true,"href":"https:\/\/traxbike.com\/ca\/wp-json\/wp\/v2\/comments?post=7761"}],"version-history":[{"count":1,"href":"https:\/\/traxbike.com\/ca\/wp-json\/wp\/v2\/pages\/7761\/revisions"}],"predecessor-version":[{"id":7762,"href":"https:\/\/traxbike.com\/ca\/wp-json\/wp\/v2\/pages\/7761\/revisions\/7762"}],"wp:attachment":[{"href":"https:\/\/traxbike.com\/ca\/wp-json\/wp\/v2\/media?parent=7761"}],"curies":[{"name":"wp","href":"https:\/\/api.w.org\/{rel}","templated":true}]}}