{"id":7757,"date":"2024-06-14T18:32:45","date_gmt":"2024-06-14T16:32:45","guid":{"rendered":"https:\/\/traxbike.com\/politica-de-privacitat\/"},"modified":"2024-10-18T17:41:17","modified_gmt":"2024-10-18T15:41:17","slug":"politica-de-privacitat","status":"publish","type":"page","link":"https:\/\/traxbike.com\/ca\/politica-de-privacitat\/","title":{"rendered":"POL\u00cdTICA DE PRIVACITAT"},"content":{"rendered":"\n<h2 class=\"wp-block-heading\">Qui som<\/h2>\n\n<p>TRAX BIKE SOLUTIONS S.L.U.<br\/>ESB01911353<br\/>Joan Rigual 25<br\/>08470 Sant Celoni<br\/>Espa\u00f1a<\/p>\n\n<p>L&#8217;adre\u00e7a del nostre lloc web \u00e9s: https:\/\/traxbike.com.<\/p>\n\n<h2 class=\"wp-block-heading\">Quines dades personals recollim i per qu\u00e8 les recollim<\/h2>\n\n<h3 class=\"wp-block-heading\">Comentaris<\/h3>\n\n<p>Quan els visitants deixen comentaris al web, recollim les dades que es mostren al formulari de comentaris, aix\u00ed com l&#8217;adre\u00e7a IP del visitant i la cadena d&#8217;agents d&#8217;usuari del navegador per ajudar a detectar el correu brossa.<\/p>\n\n<p>Es pot proporcionar una cadena an\u00f2nima creada a partir de la vostra adre\u00e7a de correu electr\u00f2nic (tamb\u00e9 anomenada hash) al servei Gravatar per veure si l&#8217;est\u00e0s utilitzant. La pol\u00edtica de privadesa del servei Gravatar est\u00e0 disponible aqu\u00ed: https:\/\/automattic.com\/privacy\/. Despr\u00e9s de l&#8217;aprovaci\u00f3 del teu comentari, la imatge del teu perfil \u00e9s visible per al p\u00fablic en el context del teu comentari.<\/p>\n\n<h3 class=\"wp-block-heading\">Media<\/h3>\n\n<p>Si carregueu imatges al web, heu d&#8217;evitar penjar imatges amb dades d&#8217;ubicaci\u00f3 (GPS EXIF) incloses. Els visitants web poden descarregar i extreure qualsevol dada d&#8217;ubicaci\u00f3 de les imatges web.<\/p>\n\n<h3 class=\"wp-block-heading\">Formularis de contacte<\/h3>\n\n<h3 class=\"wp-block-heading\">Cookies<\/h3>\n\n<p>Si deixeu un comentari al nostre lloc, podeu optar per desar el vostre nom, adre\u00e7a de correu electr\u00f2nic i lloc web a les galetes. Aix\u00f2 \u00e9s per a la vostra comoditat, de manera que no haureu d&#8217;omplir les vostres dades de nou quan deixeu un altre comentari. Aquestes galetes duraran un any.<\/p>\n\n<p>Si teniu un compte i connecteu-vos a aquest lloc, instal\u00b7larem una galeta temporal per determinar si el vostre navegador accepta cookies. Aquesta cookie no cont\u00e9 dades personals i s&#8217;elimina quan es tanca el navegador.<\/p>\n\n<p>Quan inicieu sessi\u00f3, tamb\u00e9 instal\u00b7larem diverses galetes per desar la vostra informaci\u00f3 d&#8217;inici de sessi\u00f3 i les opcions de visualitzaci\u00f3 de la pantalla. Les galetes d&#8217;inici de sessi\u00f3 duren dos dies i les galetes d&#8217;opcions de pantalla un any. Si seleccioneu &#8220;Recorda&#8217;m&#8221;, el vostre inici de sessi\u00f3 durar\u00e0 dues setmanes. Si deixeu el vostre compte, les galetes d&#8217;inici de sessi\u00f3 s&#8217;eliminaran.<\/p>\n\n<p>Si editeu o publiqueu un article es desar\u00e0 una galeta addicional al vostre navegador. Aquesta cookie no inclou dades personals i simplement indica l&#8217;ID de l&#8217;article que acabeu d&#8217;editar. Caduca al cap d&#8217;1 dia.<\/p>\n\n<h3 class=\"wp-block-heading\">Contingut incrustat d&#8217;altres llocs web<\/h3>\n\n<p>Els articles d&#8217;aquest lloc poden incloure contingut incrustat (per exemple, v\u00eddeos, imatges, articles, etc.). El contingut incrustat d&#8217;altres llocs web es comporta exactament de la mateixa manera que si el visitant hagu\u00e9s visitat l&#8217;altre lloc web.<\/p>\n\n<p>Aquests llocs web poden recopilar dades sobre vost\u00e8, utilitzar galetes, incrustar un seguiment addicional de tercers i supervisar la seva interacci\u00f3 amb aquest contingut incrustat, incl\u00f2s el seguiment de la seva interacci\u00f3 amb el contingut incrustat si teniu un compte i esteu connectat a aquest lloc web.<\/p>\n\n<h3 class=\"wp-block-heading\">Anal\u00edtiques<\/h3>\n\n<h2 class=\"wp-block-heading\">Amb qui compartim les teves dades<\/h2>\n\n<h2 class=\"wp-block-heading\">Quant de temps conservem les teves dades<\/h2>\n\n<p>Si deixeu un comentari, el comentari i les seves metadades es conserven indefinidament. Aix\u00f2 \u00e9s perqu\u00e8 puguem recon\u00e8ixer i aprovar comentaris successius autom\u00e0ticament en lloc de mantenir-los en una cua de moderaci\u00f3.<\/p>\n\n<p>Dels usuaris que es registren al nostre lloc web (si n&#8217;hi ha), tamb\u00e9 emmagatzemem la informaci\u00f3 personal que proporcionen al seu perfil d&#8217;usuari. Tots els usuaris poden veure, editar o esborrar la seva informaci\u00f3 personal en qualsevol moment (excepte que no poden canviar el seu nom d&#8217;usuari). Els administradors web tamb\u00e9 poden veure i editar aquesta informaci\u00f3.<\/p>\n\n<h2 class=\"wp-block-heading\">Quins drets tens sobre les teves dades<\/h2>\n\n<p>Si teniu un compte o heu deixat comentaris en aquest lloc web, podeu sol\u00b7licitar rebre un fitxer d&#8217;exportaci\u00f3 de les dades personals que tenim sobre vosaltres, inclosa la informaci\u00f3 que h\u00e0giu proporcionat. Tamb\u00e9 pots sol\u00b7licitar que eliminem qualsevol informaci\u00f3 personal que tinguem sobre tu. Aix\u00f2 no inclou cap dada que estem obligats a conservar amb finalitats administratives, legals o de seguretat.<\/p>\n\n<h2 class=\"wp-block-heading\">On enviem les teves dades<\/h2>\n\n<p>Els comentaris dels visitants poden ser revisats per un servei autom\u00e0tic de detecci\u00f3 de correu brossa.<\/p>\n","protected":false},"excerpt":{"rendered":"<p>Qui som TRAX BIKE SOLUTIONS S.L.U.ESB01911353Joan Rigual 2508470 Sant CeloniEspa\u00f1a L&#8217;adre\u00e7a del nostre lloc web \u00e9s: https:\/\/traxbike.com. Quines dades personals recollim i per qu\u00e8 les recollim Comentaris Quan els visitants deixen comentaris al web, recollim les dades que es mostren al formulari de comentaris, aix\u00ed com l&#8217;adre\u00e7a IP del visitant i la cadena d&#8217;agents d&#8217;usuari [&hellip;]<\/p>\n","protected":false},"author":1,"featured_media":0,"parent":0,"menu_order":0,"comment_status":"closed","ping_status":"closed","template":"","meta":{"footnotes":""},"class_list":["post-7757","page","type-page","status-publish","hentry"],"yoast_head":"<!-- This site is optimized with the Yoast SEO plugin v27.3 - https:\/\/yoast.com\/product\/yoast-seo-wordpress\/ -->\n<title>POL\u00cdTICA DE PRIVACITAT - TraxBike<\/title>\n<meta name=\"robots\" content=\"index, follow, max-snippet:-1, max-image-preview:large, max-video-preview:-1\" \/>\n<link rel=\"canonical\" href=\"https:\/\/traxbike.com\/ca\/politica-de-privacitat\/\" \/>\n<meta property=\"og:locale\" content=\"ca_ES\" \/>\n<meta property=\"og:type\" content=\"article\" \/>\n<meta property=\"og:title\" content=\"POL\u00cdTICA DE PRIVACITAT - TraxBike\" \/>\n<meta property=\"og:description\" content=\"Qui som TRAX BIKE SOLUTIONS S.L.U.ESB01911353Joan Rigual 2508470 Sant CeloniEspa\u00f1a L&#8217;adre\u00e7a del nostre lloc web \u00e9s: https:\/\/traxbike.com. Quines dades personals recollim i per qu\u00e8 les recollim Comentaris Quan els visitants deixen comentaris al web, recollim les dades que es mostren al formulari de comentaris, aix\u00ed com l&#8217;adre\u00e7a IP del visitant i la cadena d&#8217;agents d&#8217;usuari [&hellip;]\" \/>\n<meta property=\"og:url\" content=\"https:\/\/traxbike.com\/ca\/politica-de-privacitat\/\" \/>\n<meta property=\"og:site_name\" content=\"TraxBike\" \/>\n<meta property=\"article:modified_time\" content=\"2024-10-18T15:41:17+00:00\" \/>\n<meta name=\"twitter:card\" content=\"summary_large_image\" \/>\n<meta name=\"twitter:label1\" content=\"Temps estimat de lectura\" \/>\n\t<meta name=\"twitter:data1\" content=\"3 minuts\" \/>\n<script type=\"application\/ld+json\" class=\"yoast-schema-graph\">{\"@context\":\"https:\\\/\\\/schema.org\",\"@graph\":[{\"@type\":\"WebPage\",\"@id\":\"https:\\\/\\\/traxbike.com\\\/ca\\\/politica-de-privacitat\\\/\",\"url\":\"https:\\\/\\\/traxbike.com\\\/ca\\\/politica-de-privacitat\\\/\",\"name\":\"POL\u00cdTICA DE PRIVACITAT - TraxBike\",\"isPartOf\":{\"@id\":\"https:\\\/\\\/traxbike.com\\\/#website\"},\"datePublished\":\"2024-06-14T16:32:45+00:00\",\"dateModified\":\"2024-10-18T15:41:17+00:00\",\"breadcrumb\":{\"@id\":\"https:\\\/\\\/traxbike.com\\\/ca\\\/politica-de-privacitat\\\/#breadcrumb\"},\"inLanguage\":\"ca\",\"potentialAction\":[{\"@type\":\"ReadAction\",\"target\":[\"https:\\\/\\\/traxbike.com\\\/ca\\\/politica-de-privacitat\\\/\"]}]},{\"@type\":\"BreadcrumbList\",\"@id\":\"https:\\\/\\\/traxbike.com\\\/ca\\\/politica-de-privacitat\\\/#breadcrumb\",\"itemListElement\":[{\"@type\":\"ListItem\",\"position\":1,\"name\":\"Portada\",\"item\":\"https:\\\/\\\/traxbike.com\\\/\"},{\"@type\":\"ListItem\",\"position\":2,\"name\":\"POL\u00cdTICA DE PRIVACITAT\"}]},{\"@type\":\"WebSite\",\"@id\":\"https:\\\/\\\/traxbike.com\\\/#website\",\"url\":\"https:\\\/\\\/traxbike.com\\\/\",\"name\":\"TraxBike\",\"description\":\"Experts in bicycle towing systems and family sports\",\"potentialAction\":[{\"@type\":\"SearchAction\",\"target\":{\"@type\":\"EntryPoint\",\"urlTemplate\":\"https:\\\/\\\/traxbike.com\\\/?s={search_term_string}\"},\"query-input\":{\"@type\":\"PropertyValueSpecification\",\"valueRequired\":true,\"valueName\":\"search_term_string\"}}],\"inLanguage\":\"ca\"}]}<\/script>\n<!-- \/ Yoast SEO plugin. -->","yoast_head_json":{"title":"POL\u00cdTICA DE PRIVACITAT - TraxBike","robots":{"index":"index","follow":"follow","max-snippet":"max-snippet:-1","max-image-preview":"max-image-preview:large","max-video-preview":"max-video-preview:-1"},"canonical":"https:\/\/traxbike.com\/ca\/politica-de-privacitat\/","og_locale":"ca_ES","og_type":"article","og_title":"POL\u00cdTICA DE PRIVACITAT - TraxBike","og_description":"Qui som TRAX BIKE SOLUTIONS S.L.U.ESB01911353Joan Rigual 2508470 Sant CeloniEspa\u00f1a L&#8217;adre\u00e7a del nostre lloc web \u00e9s: https:\/\/traxbike.com. Quines dades personals recollim i per qu\u00e8 les recollim Comentaris Quan els visitants deixen comentaris al web, recollim les dades que es mostren al formulari de comentaris, aix\u00ed com l&#8217;adre\u00e7a IP del visitant i la cadena d&#8217;agents d&#8217;usuari [&hellip;]","og_url":"https:\/\/traxbike.com\/ca\/politica-de-privacitat\/","og_site_name":"TraxBike","article_modified_time":"2024-10-18T15:41:17+00:00","twitter_card":"summary_large_image","twitter_misc":{"Temps estimat de lectura":"3 minuts"},"schema":{"@context":"https:\/\/schema.org","@graph":[{"@type":"WebPage","@id":"https:\/\/traxbike.com\/ca\/politica-de-privacitat\/","url":"https:\/\/traxbike.com\/ca\/politica-de-privacitat\/","name":"POL\u00cdTICA DE PRIVACITAT - TraxBike","isPartOf":{"@id":"https:\/\/traxbike.com\/#website"},"datePublished":"2024-06-14T16:32:45+00:00","dateModified":"2024-10-18T15:41:17+00:00","breadcrumb":{"@id":"https:\/\/traxbike.com\/ca\/politica-de-privacitat\/#breadcrumb"},"inLanguage":"ca","potentialAction":[{"@type":"ReadAction","target":["https:\/\/traxbike.com\/ca\/politica-de-privacitat\/"]}]},{"@type":"BreadcrumbList","@id":"https:\/\/traxbike.com\/ca\/politica-de-privacitat\/#breadcrumb","itemListElement":[{"@type":"ListItem","position":1,"name":"Portada","item":"https:\/\/traxbike.com\/"},{"@type":"ListItem","position":2,"name":"POL\u00cdTICA DE PRIVACITAT"}]},{"@type":"WebSite","@id":"https:\/\/traxbike.com\/#website","url":"https:\/\/traxbike.com\/","name":"TraxBike","description":"Experts in bicycle towing systems and family sports","potentialAction":[{"@type":"SearchAction","target":{"@type":"EntryPoint","urlTemplate":"https:\/\/traxbike.com\/?s={search_term_string}"},"query-input":{"@type":"PropertyValueSpecification","valueRequired":true,"valueName":"search_term_string"}}],"inLanguage":"ca"}]}},"_links":{"self":[{"href":"https:\/\/traxbike.com\/ca\/wp-json\/wp\/v2\/pages\/7757","targetHints":{"allow":["GET"]}}],"collection":[{"href":"https:\/\/traxbike.com\/ca\/wp-json\/wp\/v2\/pages"}],"about":[{"href":"https:\/\/traxbike.com\/ca\/wp-json\/wp\/v2\/types\/page"}],"author":[{"embeddable":true,"href":"https:\/\/traxbike.com\/ca\/wp-json\/wp\/v2\/users\/1"}],"replies":[{"embeddable":true,"href":"https:\/\/traxbike.com\/ca\/wp-json\/wp\/v2\/comments?post=7757"}],"version-history":[{"count":1,"href":"https:\/\/traxbike.com\/ca\/wp-json\/wp\/v2\/pages\/7757\/revisions"}],"predecessor-version":[{"id":7758,"href":"https:\/\/traxbike.com\/ca\/wp-json\/wp\/v2\/pages\/7757\/revisions\/7758"}],"wp:attachment":[{"href":"https:\/\/traxbike.com\/ca\/wp-json\/wp\/v2\/media?parent=7757"}],"curies":[{"name":"wp","href":"https:\/\/api.w.org\/{rel}","templated":true}]}}