{"id":6991,"date":"2022-11-04T15:36:36","date_gmt":"2022-11-04T14:36:36","guid":{"rendered":"http:\/\/nova2024.traxbike.com\/sobre-nosaltres\/"},"modified":"2026-03-25T16:05:00","modified_gmt":"2026-03-25T15:05:00","slug":"sobre-nosaltres","status":"publish","type":"page","link":"https:\/\/traxbike.com\/ca\/sobre-nosaltres\/","title":{"rendered":"Sobre nosaltres"},"content":{"rendered":"\t\t<div data-elementor-type=\"wp-page\" data-elementor-id=\"6991\" class=\"elementor elementor-6991 elementor-5093\" data-elementor-post-type=\"page\">\n\t\t\t\t<div class=\"elementor-element elementor-element-19df130 e-flex e-con-boxed e-con e-parent\" data-id=\"19df130\" data-element_type=\"container\" data-e-type=\"container\">\n\t\t\t\t\t<div class=\"e-con-inner\">\n\t\t\t\t<div class=\"elementor-element elementor-element-6b26eee elementor-widget elementor-widget-heading\" data-id=\"6b26eee\" data-element_type=\"widget\" data-e-type=\"widget\" data-widget_type=\"heading.default\">\n\t\t\t\t<div class=\"elementor-widget-container\">\n\t\t\t\t\t<h1 class=\"elementor-heading-title elementor-size-default\">Sobre TRAX BIKE  SOLUTIONS<\/h1>\t\t\t\t<\/div>\n\t\t\t\t<\/div>\n\t\t\t\t<div class=\"elementor-element elementor-element-4a96844 elementor-widget__width-initial elementor-widget elementor-widget-text-editor\" data-id=\"4a96844\" data-element_type=\"widget\" data-e-type=\"widget\" data-widget_type=\"text-editor.default\">\n\t\t\t\t<div class=\"elementor-widget-container\">\n\t\t\t\t\t\t\t\t\t<p style=\"text-align: justify;\">Tot va comen\u00e7ar l&#8217;any 2018 a Barcelona en una ruta de BTT junts, normal, com sempre&#8230; Aquell dia ens vam adonar que el temps que vam passar junts practicant esport a l&#8217;aire lliure ens va omplir de positivitat i experi\u00e8ncies que mai oblidarem&#8230;<\/p>\t\t\t\t\t\t\t\t<\/div>\n\t\t\t\t<\/div>\n\t\t\t\t\t<\/div>\n\t\t\t\t<\/div>\n\t\t<div class=\"elementor-element elementor-element-84d6d60 e-flex e-con-boxed e-con e-parent\" data-id=\"84d6d60\" data-element_type=\"container\" data-e-type=\"container\">\n\t\t\t\t\t<div class=\"e-con-inner\">\n\t\t<div class=\"elementor-element elementor-element-df5da85 e-con-full e-flex e-con e-child\" data-id=\"df5da85\" data-element_type=\"container\" data-e-type=\"container\">\n\t\t\t\t<div class=\"elementor-element elementor-element-68d8c83 elementor-widget elementor-widget-image\" data-id=\"68d8c83\" data-element_type=\"widget\" data-e-type=\"widget\" data-widget_type=\"image.default\">\n\t\t\t\t<div class=\"elementor-widget-container\">\n\t\t\t\t\t\t\t\t\t\t\t\t\t\t\t<img fetchpriority=\"high\" decoding=\"async\" width=\"1024\" height=\"683\" src=\"https:\/\/traxbike.com\/wp-content\/uploads\/2024\/06\/equip-1024x683.jpg\" class=\"attachment-large size-large wp-image-6779\" alt=\"\" srcset=\"https:\/\/traxbike.com\/wp-content\/uploads\/2024\/06\/equip-1024x683.jpg 1024w, https:\/\/traxbike.com\/wp-content\/uploads\/2024\/06\/equip-300x200.jpg 300w, https:\/\/traxbike.com\/wp-content\/uploads\/2024\/06\/equip-768x512.jpg 768w, https:\/\/traxbike.com\/wp-content\/uploads\/2024\/06\/equip-1536x1024.jpg 1536w, https:\/\/traxbike.com\/wp-content\/uploads\/2024\/06\/equip-1000x667.jpg 1000w, https:\/\/traxbike.com\/wp-content\/uploads\/2024\/06\/equip.jpg 1600w\" sizes=\"(max-width: 1024px) 100vw, 1024px\" \/>\t\t\t\t\t\t\t\t\t\t\t\t\t\t\t<\/div>\n\t\t\t\t<\/div>\n\t\t\t\t<\/div>\n\t\t<div class=\"elementor-element elementor-element-bbeab9c e-con-full e-flex e-con e-child\" data-id=\"bbeab9c\" data-element_type=\"container\" data-e-type=\"container\">\n\t\t\t\t<div class=\"elementor-element elementor-element-9ef3237 elementor-widget elementor-widget-spacer\" data-id=\"9ef3237\" data-element_type=\"widget\" data-e-type=\"widget\" data-widget_type=\"spacer.default\">\n\t\t\t\t<div class=\"elementor-widget-container\">\n\t\t\t\t\t\t\t<div class=\"elementor-spacer\">\n\t\t\t<div class=\"elementor-spacer-inner\"><\/div>\n\t\t<\/div>\n\t\t\t\t\t\t<\/div>\n\t\t\t\t<\/div>\n\t\t\t\t<div class=\"elementor-element elementor-element-f9a1bb9 elementor-widget-tablet__width-initial elementor-widget elementor-widget-text-editor\" data-id=\"f9a1bb9\" data-element_type=\"widget\" data-e-type=\"widget\" data-widget_type=\"text-editor.default\">\n\t\t\t\t<div class=\"elementor-widget-container\">\n\t\t\t\t\t\t\t\t\t<p style=\"text-align: justify;\">Aquesta sensaci\u00f3 ens va fer pensar en un sistema per compartir experi\u00e8ncies sobre dues rodes amb les persones que m\u00e9s estimem del m\u00f3n i que, fins llavors, no hav\u00edem pensat que podrien fer-ho amb nosaltres per falta d\u2019experi\u00e8ncia o de forma f\u00edsica\u2026 Filles, fills, pares, mares , amics?<\/p><p style=\"text-align: justify;\">B\u00e9, aqu\u00ed estem, un somni fet realitat. Som la Merc\u00e8 i el Guillem i estem encantats de poder aportar el nostre granet de sorra a la missi\u00f3 que l\u2019esport a l\u2019aire lliure estigui a l\u2019abast de tothom i que aquests bons moments es puguin compartir amb els que m\u00e9s estimem. Esperem que tots pugueu gaudir dels nostres productes tant com nosaltres gaudim d\u2019usar-los i fer que aquest projecte sigui una realitat.<\/p><p style=\"text-align: justify;\">L\u2019equip de TRAX BIKE SOLUTIONS dissenya, desenvolupa i prova els nostres productes amb cura i experi\u00e8ncia en enginyeria, fabriquem totes les peces amb els millors fabricants locals disponibles i comprovem cada producte individualment.<\/p><p style=\"text-align: justify;\">Per\u00f2 sobretot, ho fem tot des de la passi\u00f3 pels esports a l\u2019aire lliure i les ganes de compartir aquests fant\u00e0stics moments de la vida amb els nostres \u00e9ssers estimats.<\/p><p style=\"text-align: justify;\"><em><span style=\"font-weight: 400;\">\u201cEl plaer de qualsevol activitat es duplica quan un conviu amb un altre que comparteix la mateixa experi\u00e8ncia\u201d<\/span><\/em><\/p>\t\t\t\t\t\t\t\t<\/div>\n\t\t\t\t<\/div>\n\t\t\t\t<div class=\"elementor-element elementor-element-2e2366c elementor-widget elementor-widget-spacer\" data-id=\"2e2366c\" data-element_type=\"widget\" data-e-type=\"widget\" data-widget_type=\"spacer.default\">\n\t\t\t\t<div class=\"elementor-widget-container\">\n\t\t\t\t\t\t\t<div class=\"elementor-spacer\">\n\t\t\t<div class=\"elementor-spacer-inner\"><\/div>\n\t\t<\/div>\n\t\t\t\t\t\t<\/div>\n\t\t\t\t<\/div>\n\t\t\t\t<\/div>\n\t\t\t\t\t<\/div>\n\t\t\t\t<\/div>\n\t\t<div class=\"elementor-element elementor-element-3f0b34a e-flex e-con-boxed e-con e-parent\" data-id=\"3f0b34a\" data-element_type=\"container\" data-e-type=\"container\">\n\t\t\t\t\t<div class=\"e-con-inner\">\n\t\t<div class=\"elementor-element elementor-element-e0864eb e-con-full e-flex e-con e-child\" data-id=\"e0864eb\" data-element_type=\"container\" data-e-type=\"container\">\n\t\t\t\t<div class=\"elementor-element elementor-element-ce0112e elementor-widget-tablet__width-initial elementor-widget elementor-widget-text-editor\" data-id=\"ce0112e\" data-element_type=\"widget\" data-e-type=\"widget\" data-widget_type=\"text-editor.default\">\n\t\t\t\t<div class=\"elementor-widget-container\">\n\t\t\t\t\t\t\t\t\t<p style=\"text-align: justify;\">Si, d\u2019alguna manera, obteniu un producte defectu\u00f3s, no us espanteu. Aqu\u00ed teniu la nostra pol\u00edtica de garantia clara:<br \/>Som molt estrictes en els nostres controls de qualitat, per\u00f2 de vegades les coses poden anar malament. Si d\u2019alguna manera rebeu un producte defectu\u00f3s, fins i tot mesos despr\u00e9s de la instal\u00b7laci\u00f3, envieu-nos un correu electr\u00f2nic i trobarem la soluci\u00f3. S\u00ed, treballem per a una r\u00e0tio de satisfacci\u00f3 del 100%.<\/p><p style=\"text-align: justify;\">Si vau demanar el producte equivocat o el producte no \u00e9s el que s\u2019esperava, no us preocupeu. Els articles es poden retornar dins dels 30 dies seg\u00fcents a la recepci\u00f3 i es poden retornar els diners.<\/p><p style=\"text-align: justify;\">No es pot retornar cap article despr\u00e9s de 30 dies (tret que el producte sigui defectu\u00f3s). Les devolucions han d\u2019estar en condicions noves i sense utilitzar, amb l\u2019embalatge, les etiquetes i les etiquetes de fabricaci\u00f3 originals adjuntats.<\/p><p style=\"text-align: justify;\">El client pagar\u00e0 l\u2019enviament de l\u2019article retornat. Sou els responsables si l\u2019article no arriba a les nostres instal\u00b7lacions, per la qual cosa us recomanem que utilitzeu una opci\u00f3 d\u2019enviament amb seguiment si necessiteu tornar algun producte.<\/p>\t\t\t\t\t\t\t\t<\/div>\n\t\t\t\t<\/div>\n\t\t\t\t<\/div>\n\t\t<div class=\"elementor-element elementor-element-ce611c1 e-con-full e-flex e-con e-child\" data-id=\"ce611c1\" data-element_type=\"container\" data-e-type=\"container\">\n\t\t\t\t<div class=\"elementor-element elementor-element-72366d3 elementor-widget elementor-widget-spacer\" data-id=\"72366d3\" data-element_type=\"widget\" data-e-type=\"widget\" data-widget_type=\"spacer.default\">\n\t\t\t\t<div class=\"elementor-widget-container\">\n\t\t\t\t\t\t\t<div class=\"elementor-spacer\">\n\t\t\t<div class=\"elementor-spacer-inner\"><\/div>\n\t\t<\/div>\n\t\t\t\t\t\t<\/div>\n\t\t\t\t<\/div>\n\t\t\t\t<div class=\"elementor-element elementor-element-fdedca8 elementor-widget elementor-widget-spacer\" data-id=\"fdedca8\" data-element_type=\"widget\" data-e-type=\"widget\" data-widget_type=\"spacer.default\">\n\t\t\t\t<div class=\"elementor-widget-container\">\n\t\t\t\t\t\t\t<div class=\"elementor-spacer\">\n\t\t\t<div class=\"elementor-spacer-inner\"><\/div>\n\t\t<\/div>\n\t\t\t\t\t\t<\/div>\n\t\t\t\t<\/div>\n\t\t\t\t<div class=\"elementor-element elementor-element-25a94ff elementor-widget elementor-widget-image\" data-id=\"25a94ff\" data-element_type=\"widget\" data-e-type=\"widget\" data-widget_type=\"image.default\">\n\t\t\t\t<div class=\"elementor-widget-container\">\n\t\t\t\t\t\t\t\t\t\t\t\t\t\t\t<img decoding=\"async\" width=\"1024\" height=\"768\" src=\"https:\/\/traxbike.com\/wp-content\/uploads\/2024\/06\/TRAX-PRO-IN-USE-3-scaled-1-1-1024x768.jpg\" class=\"attachment-large size-large wp-image-6785\" alt=\"\" srcset=\"https:\/\/traxbike.com\/wp-content\/uploads\/2024\/06\/TRAX-PRO-IN-USE-3-scaled-1-1-1024x768.jpg 1024w, https:\/\/traxbike.com\/wp-content\/uploads\/2024\/06\/TRAX-PRO-IN-USE-3-scaled-1-1-300x225.jpg 300w, https:\/\/traxbike.com\/wp-content\/uploads\/2024\/06\/TRAX-PRO-IN-USE-3-scaled-1-1-768x576.jpg 768w, https:\/\/traxbike.com\/wp-content\/uploads\/2024\/06\/TRAX-PRO-IN-USE-3-scaled-1-1-1536x1152.jpg 1536w, https:\/\/traxbike.com\/wp-content\/uploads\/2024\/06\/TRAX-PRO-IN-USE-3-scaled-1-1-2048x1536.jpg 2048w, https:\/\/traxbike.com\/wp-content\/uploads\/2024\/06\/TRAX-PRO-IN-USE-3-scaled-1-1-1000x750.jpg 1000w\" sizes=\"(max-width: 1024px) 100vw, 1024px\" \/>\t\t\t\t\t\t\t\t\t\t\t\t\t\t\t<\/div>\n\t\t\t\t<\/div>\n\t\t\t\t<\/div>\n\t\t\t\t\t<\/div>\n\t\t\t\t<\/div>\n\t\t<div class=\"elementor-element elementor-element-598b891 e-flex e-con-boxed e-con e-parent\" data-id=\"598b891\" data-element_type=\"container\" data-e-type=\"container\" data-settings=\"{&quot;background_background&quot;:&quot;classic&quot;}\">\n\t\t\t\t\t<div class=\"e-con-inner\">\n\t\t\t\t<div class=\"elementor-element elementor-element-3a475c8 elementor-widget elementor-widget-heading\" data-id=\"3a475c8\" data-element_type=\"widget\" data-e-type=\"widget\" data-widget_type=\"heading.default\">\n\t\t\t\t<div class=\"elementor-widget-container\">\n\t\t\t\t\t<h3 class=\"elementor-heading-title elementor-size-default\">Comparteix la teva passi\u00f3!\n<\/h3>\t\t\t\t<\/div>\n\t\t\t\t<\/div>\n\t\t\t\t<div class=\"elementor-element elementor-element-05355b0 elementor-widget elementor-widget-spacer\" data-id=\"05355b0\" data-element_type=\"widget\" data-e-type=\"widget\" data-widget_type=\"spacer.default\">\n\t\t\t\t<div class=\"elementor-widget-container\">\n\t\t\t\t\t\t\t<div class=\"elementor-spacer\">\n\t\t\t<div class=\"elementor-spacer-inner\"><\/div>\n\t\t<\/div>\n\t\t\t\t\t\t<\/div>\n\t\t\t\t<\/div>\n\t\t\t\t<div class=\"elementor-element elementor-element-bf27731 elementor-widget elementor-widget-spacer\" data-id=\"bf27731\" data-element_type=\"widget\" data-e-type=\"widget\" data-widget_type=\"spacer.default\">\n\t\t\t\t<div class=\"elementor-widget-container\">\n\t\t\t\t\t\t\t<div class=\"elementor-spacer\">\n\t\t\t<div class=\"elementor-spacer-inner\"><\/div>\n\t\t<\/div>\n\t\t\t\t\t\t<\/div>\n\t\t\t\t<\/div>\n\t\t\t\t<div class=\"elementor-element elementor-element-b216a36 elementor-align-center elementor-widget elementor-widget-button\" data-id=\"b216a36\" data-element_type=\"widget\" data-e-type=\"widget\" data-widget_type=\"button.default\">\n\t\t\t\t<div class=\"elementor-widget-container\">\n\t\t\t\t\t\t\t\t\t<div class=\"elementor-button-wrapper\">\n\t\t\t\t\t<a class=\"elementor-button elementor-button-link elementor-size-sm\" href=\"https:\/\/traxbike.com\/ca\/contacta-amb-nosaltres\/\">\n\t\t\t\t\t\t<span class=\"elementor-button-content-wrapper\">\n\t\t\t\t\t\t\t\t\t<span class=\"elementor-button-text\">contacta amb nosaltres<\/span>\n\t\t\t\t\t<\/span>\n\t\t\t\t\t<\/a>\n\t\t\t\t<\/div>\n\t\t\t\t\t\t\t\t<\/div>\n\t\t\t\t<\/div>\n\t\t\t\t\t<\/div>\n\t\t\t\t<\/div>\n\t\t\t\t<\/div>\n\t\t","protected":false},"excerpt":{"rendered":"<p>Sobre TRAX BIKE SOLUTIONS Tot va comen\u00e7ar l&#8217;any 2018 a Barcelona en una ruta de BTT junts, normal, com sempre&#8230; Aquell dia ens vam adonar que el temps que vam passar junts practicant esport a l&#8217;aire lliure ens va omplir de positivitat i experi\u00e8ncies que mai oblidarem&#8230; Aquesta sensaci\u00f3 ens va fer pensar en un [&hellip;]<\/p>\n","protected":false},"author":1,"featured_media":0,"parent":0,"menu_order":0,"comment_status":"closed","ping_status":"closed","template":"","meta":{"footnotes":""},"class_list":["post-6991","page","type-page","status-publish","hentry"],"yoast_head":"<!-- This site is optimized with the Yoast SEO plugin v27.3 - https:\/\/yoast.com\/product\/yoast-seo-wordpress\/ -->\n<title>Sobre nosaltres | TraxBike | Els millors remolcadors de bicicleta TraxBike<\/title>\n<meta name=\"description\" content=\"Trax Bike, el teu sistema ideal de remolc de bicicletes. Transporta la teva bicicleta amb seguretat i facilitat.\" \/>\n<meta name=\"robots\" content=\"index, follow, max-snippet:-1, max-image-preview:large, max-video-preview:-1\" \/>\n<link rel=\"canonical\" href=\"https:\/\/traxbike.com\/ca\/sobre-nosaltres\/\" \/>\n<meta property=\"og:locale\" content=\"ca_ES\" \/>\n<meta property=\"og:type\" content=\"article\" \/>\n<meta property=\"og:title\" content=\"Sobre nosaltres | TraxBike | Els millors remolcadors de bicicleta TraxBike\" \/>\n<meta property=\"og:description\" content=\"Trax Bike, el teu sistema ideal de remolc de bicicletes. Transporta la teva bicicleta amb seguretat i facilitat.\" \/>\n<meta property=\"og:url\" content=\"https:\/\/traxbike.com\/ca\/sobre-nosaltres\/\" \/>\n<meta property=\"og:site_name\" content=\"TraxBike\" \/>\n<meta property=\"article:modified_time\" content=\"2026-03-25T15:05:00+00:00\" \/>\n<meta property=\"og:image\" content=\"https:\/\/traxbike.com\/wp-content\/uploads\/2024\/06\/equip-1024x683.jpg\" \/>\n<meta name=\"twitter:card\" content=\"summary_large_image\" \/>\n<meta name=\"twitter:label1\" content=\"Temps estimat de lectura\" \/>\n\t<meta name=\"twitter:data1\" content=\"3 minuts\" \/>\n<script type=\"application\/ld+json\" class=\"yoast-schema-graph\">{\"@context\":\"https:\\\/\\\/schema.org\",\"@graph\":[{\"@type\":\"WebPage\",\"@id\":\"https:\\\/\\\/traxbike.com\\\/ca\\\/sobre-nosaltres\\\/\",\"url\":\"https:\\\/\\\/traxbike.com\\\/ca\\\/sobre-nosaltres\\\/\",\"name\":\"Sobre nosaltres | TraxBike | Els millors remolcadors de bicicleta TraxBike\",\"isPartOf\":{\"@id\":\"https:\\\/\\\/traxbike.com\\\/#website\"},\"primaryImageOfPage\":{\"@id\":\"https:\\\/\\\/traxbike.com\\\/ca\\\/sobre-nosaltres\\\/#primaryimage\"},\"image\":{\"@id\":\"https:\\\/\\\/traxbike.com\\\/ca\\\/sobre-nosaltres\\\/#primaryimage\"},\"thumbnailUrl\":\"https:\\\/\\\/traxbike.com\\\/wp-content\\\/uploads\\\/2024\\\/06\\\/equip-1024x683.jpg\",\"datePublished\":\"2022-11-04T14:36:36+00:00\",\"dateModified\":\"2026-03-25T15:05:00+00:00\",\"description\":\"Trax Bike, el teu sistema ideal de remolc de bicicletes. Transporta la teva bicicleta amb seguretat i facilitat.\",\"breadcrumb\":{\"@id\":\"https:\\\/\\\/traxbike.com\\\/ca\\\/sobre-nosaltres\\\/#breadcrumb\"},\"inLanguage\":\"ca\",\"potentialAction\":[{\"@type\":\"ReadAction\",\"target\":[\"https:\\\/\\\/traxbike.com\\\/ca\\\/sobre-nosaltres\\\/\"]}]},{\"@type\":\"ImageObject\",\"inLanguage\":\"ca\",\"@id\":\"https:\\\/\\\/traxbike.com\\\/ca\\\/sobre-nosaltres\\\/#primaryimage\",\"url\":\"https:\\\/\\\/traxbike.com\\\/wp-content\\\/uploads\\\/2024\\\/06\\\/equip-1024x683.jpg\",\"contentUrl\":\"https:\\\/\\\/traxbike.com\\\/wp-content\\\/uploads\\\/2024\\\/06\\\/equip-1024x683.jpg\"},{\"@type\":\"BreadcrumbList\",\"@id\":\"https:\\\/\\\/traxbike.com\\\/ca\\\/sobre-nosaltres\\\/#breadcrumb\",\"itemListElement\":[{\"@type\":\"ListItem\",\"position\":1,\"name\":\"Portada\",\"item\":\"https:\\\/\\\/traxbike.com\\\/\"},{\"@type\":\"ListItem\",\"position\":2,\"name\":\"Sobre nosaltres\"}]},{\"@type\":\"WebSite\",\"@id\":\"https:\\\/\\\/traxbike.com\\\/#website\",\"url\":\"https:\\\/\\\/traxbike.com\\\/\",\"name\":\"TraxBike\",\"description\":\"Experts in bicycle towing systems and family sports\",\"potentialAction\":[{\"@type\":\"SearchAction\",\"target\":{\"@type\":\"EntryPoint\",\"urlTemplate\":\"https:\\\/\\\/traxbike.com\\\/?s={search_term_string}\"},\"query-input\":{\"@type\":\"PropertyValueSpecification\",\"valueRequired\":true,\"valueName\":\"search_term_string\"}}],\"inLanguage\":\"ca\"}]}<\/script>\n<!-- \/ Yoast SEO plugin. -->","yoast_head_json":{"title":"Sobre nosaltres | TraxBike | Els millors remolcadors de bicicleta TraxBike","description":"Trax Bike, el teu sistema ideal de remolc de bicicletes. Transporta la teva bicicleta amb seguretat i facilitat.","robots":{"index":"index","follow":"follow","max-snippet":"max-snippet:-1","max-image-preview":"max-image-preview:large","max-video-preview":"max-video-preview:-1"},"canonical":"https:\/\/traxbike.com\/ca\/sobre-nosaltres\/","og_locale":"ca_ES","og_type":"article","og_title":"Sobre nosaltres | TraxBike | Els millors remolcadors de bicicleta TraxBike","og_description":"Trax Bike, el teu sistema ideal de remolc de bicicletes. Transporta la teva bicicleta amb seguretat i facilitat.","og_url":"https:\/\/traxbike.com\/ca\/sobre-nosaltres\/","og_site_name":"TraxBike","article_modified_time":"2026-03-25T15:05:00+00:00","og_image":[{"url":"https:\/\/traxbike.com\/wp-content\/uploads\/2024\/06\/equip-1024x683.jpg","type":"","width":"","height":""}],"twitter_card":"summary_large_image","twitter_misc":{"Temps estimat de lectura":"3 minuts"},"schema":{"@context":"https:\/\/schema.org","@graph":[{"@type":"WebPage","@id":"https:\/\/traxbike.com\/ca\/sobre-nosaltres\/","url":"https:\/\/traxbike.com\/ca\/sobre-nosaltres\/","name":"Sobre nosaltres | TraxBike | Els millors remolcadors de bicicleta TraxBike","isPartOf":{"@id":"https:\/\/traxbike.com\/#website"},"primaryImageOfPage":{"@id":"https:\/\/traxbike.com\/ca\/sobre-nosaltres\/#primaryimage"},"image":{"@id":"https:\/\/traxbike.com\/ca\/sobre-nosaltres\/#primaryimage"},"thumbnailUrl":"https:\/\/traxbike.com\/wp-content\/uploads\/2024\/06\/equip-1024x683.jpg","datePublished":"2022-11-04T14:36:36+00:00","dateModified":"2026-03-25T15:05:00+00:00","description":"Trax Bike, el teu sistema ideal de remolc de bicicletes. Transporta la teva bicicleta amb seguretat i facilitat.","breadcrumb":{"@id":"https:\/\/traxbike.com\/ca\/sobre-nosaltres\/#breadcrumb"},"inLanguage":"ca","potentialAction":[{"@type":"ReadAction","target":["https:\/\/traxbike.com\/ca\/sobre-nosaltres\/"]}]},{"@type":"ImageObject","inLanguage":"ca","@id":"https:\/\/traxbike.com\/ca\/sobre-nosaltres\/#primaryimage","url":"https:\/\/traxbike.com\/wp-content\/uploads\/2024\/06\/equip-1024x683.jpg","contentUrl":"https:\/\/traxbike.com\/wp-content\/uploads\/2024\/06\/equip-1024x683.jpg"},{"@type":"BreadcrumbList","@id":"https:\/\/traxbike.com\/ca\/sobre-nosaltres\/#breadcrumb","itemListElement":[{"@type":"ListItem","position":1,"name":"Portada","item":"https:\/\/traxbike.com\/"},{"@type":"ListItem","position":2,"name":"Sobre nosaltres"}]},{"@type":"WebSite","@id":"https:\/\/traxbike.com\/#website","url":"https:\/\/traxbike.com\/","name":"TraxBike","description":"Experts in bicycle towing systems and family sports","potentialAction":[{"@type":"SearchAction","target":{"@type":"EntryPoint","urlTemplate":"https:\/\/traxbike.com\/?s={search_term_string}"},"query-input":{"@type":"PropertyValueSpecification","valueRequired":true,"valueName":"search_term_string"}}],"inLanguage":"ca"}]}},"_links":{"self":[{"href":"https:\/\/traxbike.com\/ca\/wp-json\/wp\/v2\/pages\/6991","targetHints":{"allow":["GET"]}}],"collection":[{"href":"https:\/\/traxbike.com\/ca\/wp-json\/wp\/v2\/pages"}],"about":[{"href":"https:\/\/traxbike.com\/ca\/wp-json\/wp\/v2\/types\/page"}],"author":[{"embeddable":true,"href":"https:\/\/traxbike.com\/ca\/wp-json\/wp\/v2\/users\/1"}],"replies":[{"embeddable":true,"href":"https:\/\/traxbike.com\/ca\/wp-json\/wp\/v2\/comments?post=6991"}],"version-history":[{"count":23,"href":"https:\/\/traxbike.com\/ca\/wp-json\/wp\/v2\/pages\/6991\/revisions"}],"predecessor-version":[{"id":8964,"href":"https:\/\/traxbike.com\/ca\/wp-json\/wp\/v2\/pages\/6991\/revisions\/8964"}],"wp:attachment":[{"href":"https:\/\/traxbike.com\/ca\/wp-json\/wp\/v2\/media?parent=6991"}],"curies":[{"name":"wp","href":"https:\/\/api.w.org\/{rel}","templated":true}]}}