{"id":6908,"date":"2024-06-14T18:32:20","date_gmt":"2024-06-14T16:32:20","guid":{"rendered":"http:\/\/nova2024.traxbike.com\/condicions-de-compra\/"},"modified":"2024-10-14T15:04:52","modified_gmt":"2024-10-14T13:04:52","slug":"condicions-de-compra","status":"publish","type":"page","link":"https:\/\/traxbike.com\/ca\/condicions-de-compra\/","title":{"rendered":"CONDICIONS DE COMPRA"},"content":{"rendered":"\t\t<div data-elementor-type=\"wp-page\" data-elementor-id=\"6908\" class=\"elementor elementor-6908 elementor-6514\" data-elementor-post-type=\"page\">\n\t\t\t\t<div class=\"elementor-element elementor-element-15032259 e-flex e-con-boxed e-con e-parent\" data-id=\"15032259\" data-element_type=\"container\" data-e-type=\"container\">\n\t\t\t\t\t<div class=\"e-con-inner\">\n\t\t\t\t<div class=\"elementor-element elementor-element-1f96a2af elementor-widget elementor-widget-text-editor\" data-id=\"1f96a2af\" data-element_type=\"widget\" data-e-type=\"widget\" data-widget_type=\"text-editor.default\">\n\t\t\t\t<div class=\"elementor-widget-container\">\n\t\t\t\t\t\t\t\t\t\n<h2 class=\"wp-block-heading\">Condicions d&#8217;enviament<\/h2>\n\n\n\n<p class=\"has-text-align-justify\" style=\"text-align: justify;\">La nostra botiga en l\u00ednia utilitza estoc que sempre est\u00e0 disponible a la nostra botiga o magatzem. Per tant, podem garantir els terminis de lliurament. Amb l&#8217;enviament est\u00e0ndard garantim el lliurament en un m\u00e0xim de 4 dies h\u00e0bils. Si trieu el lliurament expr\u00e9s, el lliurament es far\u00e0 en 24\/48 hores.<\/p>\n\n\n\n<p class=\"has-text-align-justify\" style=\"text-align: justify;\">Quan feu la vostra comanda, indiqueu clarament la vostra adre\u00e7a. Si el lliurament requereix una consideraci\u00f3 especial (lloc, persona de contacte, hora, etc.), no oblideu indicar-ho a l&#8217;apartat d&#8217;observacions. Els inclourem en l&#8217;enviament per facilitar-ne el lliurament.<\/p>\n\n\n\n<p class=\"has-text-align-justify\" style=\"text-align: justify;\">Pots consultar en qualsevol moment l&#8217;estat de la teva comanda a trav\u00e9s de la teva \u00e0rea de clients del nostre lloc web. En cas d&#8217;incid\u00e8ncia, ho indicarem en el seu apartat personal i posarem els mitjans necessaris per solucionar-ho com m\u00e9s aviat millor..<\/p>\n\n\n\n<h2 class=\"wp-block-heading\" style=\"text-align: justify;\">Garantia de devoluci\u00f3<\/h2>\n\n\n\n<p style=\"text-align: justify;\">TRAX BIKE volem donar-te el millor servei i oferir-te una compra c\u00f2moda, segura i de qualitat. Per aix\u00f2, hem optat per una pol\u00edtica de devoluci\u00f3 senzilla, sense preguntes i que sempre et beneficia.<\/p>\n\n\n\n<p style=\"text-align: justify;\">Recorda que tens 30 dies des de la recepci\u00f3 del producte per canviar-lo. Si no est\u00e0 satisfet amb la seva elecci\u00f3 o no compleix les seves expectatives, poseu-vos en contacte amb nosaltres i resoldrem el problema. Pots canviar-lo per un altre article o et retornem els diners (aquesta garantia de devoluci\u00f3 nom\u00e9s \u00e9s v\u00e0lida per a compres a la botiga en l\u00ednia). A m\u00e9s, gestionar\u00e0s les teves comandes i els teus retorns a trav\u00e9s del meu compte.<\/p>\n\n\n\n<p style=\"text-align: justify;\">Les despeses d&#8217;enviament i gesti\u00f3 en cas de devolucions injustificades aniran a c\u00e0rrec del comprador.<\/p>\n\n\n\n<p style=\"text-align: justify;\">En tot cas, cal que el producte estigui en perfecte estat i amb l&#8217;embalatge original. Un cop comprovat el seu estat, li pagarem la compra pel mateix mitj\u00e0 de pagament original.<\/p>\n\n\n\n<h2 class=\"wp-block-heading\" style=\"text-align: justify;\">Garantia<\/h2>\n\n\n\n<p style=\"text-align: justify;\">En el cas d&#8217;un producte defectu\u00f3s, TRAX BIKE es compromet a reparar-lo o substituir-lo gratu\u00eftament. Aquesta garantia \u00e9s v\u00e0lida dins dels dos anys des del moment del lliurament. L&#8217;usuari ha d&#8217;informar el venedor de la falta de conformitat en un termini de 2 mesos des del moment en qu\u00e8 en tingui coneixement.<\/p>\n\n\n\n<p style=\"text-align: justify;\">Si l&#8217;avaria del producte \u00e9s causada per un mal \u00fas del producte, TRAX no es compromet a tramitar la devoluci\u00f3 o reparaci\u00f3.<\/p>\n\n\n\n<h2 class=\"wp-block-heading\" style=\"text-align: justify;\">Enviament gratu\u00eft<\/h2>\n\n\n\n<p style=\"text-align: justify;\">Per promoure el llan\u00e7ament del nostre lloc web de vendes en l\u00ednia, TRAX ofereix enviament gratu\u00eft de comandes des de pa\u00efsos europeus.<br \/>En altres pa\u00efsos, les comandes superiors a 50 \u20ac tenen despeses d&#8217;enviament i manipulaci\u00f3 gratu\u00eftes. Per a comandes inferiors a 10 \u20ac, hi haur\u00e0 un c\u00e0rrec addicional de 10 \u20ac.<\/p>\n\n\n\n<h2 class=\"wp-block-heading\" style=\"text-align: justify;\">M\u00e8todes de Pagament<\/h2>\n\n\n\n<p style=\"text-align: justify;\">Podeu triar qualsevol de les seg\u00fcents formes de pagament:<\/p>\n\n\n\n<ul class=\"wp-block-list\" style=\"text-align: justify;\">\n<li>Targeta de cr\u00e8dit<\/li>\n\n\n\n<li>PayPal<\/li>\n\n\n\n<li>Transfer\u00e8ncia<\/li>\n<\/ul>\n\n\n\n<h3 class=\"wp-block-heading\" style=\"text-align: justify;\">Targeta de cr\u00e8dit<\/h3>\n\n\n\n<p style=\"text-align: justify;\">A TRAX BIKE ens preocupem abans que res per la teva seguretat. Per evitar l&#8217;\u00fas fraudulent de les targetes, prenem mesures preventives en el moment del pagament i fem una supervisi\u00f3 manual immediatament despr\u00e9s del pagament. Si es detecta alguna incid\u00e8ncia, ens posarem en contacte immediatament amb vost\u00e8 per fer la verificaci\u00f3 corresponent.<br \/>Acceptem Visa i Mastercard.<\/p>\n\n\n\n<h3 class=\"wp-block-heading\" style=\"text-align: justify;\">Paypal<\/h3>\n\n\n\n<p style=\"text-align: justify;\">Apostem pel futur i per les facilitats de pagament. PayPal \u00e9s la forma r\u00e0pida i segura de pagar en l\u00ednia. Podeu pagar f\u00e0cilment les vostres compres amb la vostra targeta de d\u00e8bit, targeta de cr\u00e8dit o compte bancari mitjan\u00e7ant PayPal.<\/p>\n\n\n\n<ul class=\"wp-block-list\" style=\"text-align: justify;\">\n<li>PayPal \u00e9s segur: PayPal emmagatzema de manera segura la vostra informaci\u00f3 financera i la protegeix amb sistemes de seguretat i prevenci\u00f3 de fraus l\u00edders en el mercat. A m\u00e9s, les vostres dades financeres mai es comparteixen amb el venedor.<\/li>\n\n\n\n<li>PayPal \u00e9s r\u00e0pid i f\u00e0cil: no cal que introdu\u00efu les dades de la vostra targeta o compte bancari per pagar. Tot el que necessiteu \u00e9s la vostra adre\u00e7a de correu electr\u00f2nic i una contrasenya. El pagament de la comanda es processa immediatament.<\/li>\n\n\n\n<li>PayPal \u00e9s flexible: tu tries com pagar (targeta de d\u00e8bit, targeta de cr\u00e8dit o compte bancari).<\/li>\n<\/ul>\n\n\n\n<h3 class=\"wp-block-heading\" style=\"text-align: justify;\">Transfer\u00e8ncia<\/h3>\n\n\n\n<p style=\"text-align: justify;\">Quan trieu la transfer\u00e8ncia com a mitj\u00e0 de pagament, la vostra comanda no es processar\u00e0 fins que rebem la confirmaci\u00f3 de l&#8217;ingr\u00e9s del nostre banc. A partir d&#8217;aquest moment, comen\u00e7arem a complir els terminis de lliurament.<\/p>\n\n\n\n<p style=\"text-align: justify;\">El compte en qu\u00e8 heu de fer la transfer\u00e8ncia \u00e9s el seg\u00fcent:<\/p>\n\n\n\n<p style=\"text-align: justify;\">ES6300810082220001567362<\/p>\n\n\n\n<p style=\"text-align: justify;\">Indiqueu a la transfer\u00e8ncia el vostre nom i el n\u00famero de comanda (p. ex. Carlos Rodr\u00edguez \u2013 N\u00ba 100000112).<\/p>\n\n\n\n<p style=\"text-align: justify;\">\u00a0<\/p>\n\t\t\t\t\t\t\t\t<\/div>\n\t\t\t\t<\/div>\n\t\t\t\t\t<\/div>\n\t\t\t\t<\/div>\n\t\t\t\t<\/div>\n\t\t","protected":false},"excerpt":{"rendered":"<p>Condicions d&#8217;enviament La nostra botiga en l\u00ednia utilitza estoc que sempre est\u00e0 disponible a la nostra botiga o magatzem. Per tant, podem garantir els terminis de lliurament. Amb l&#8217;enviament est\u00e0ndard garantim el lliurament en un m\u00e0xim de 4 dies h\u00e0bils. Si trieu el lliurament expr\u00e9s, el lliurament es far\u00e0 en 24\/48 hores. Quan feu la [&hellip;]<\/p>\n","protected":false},"author":1,"featured_media":0,"parent":0,"menu_order":0,"comment_status":"closed","ping_status":"closed","template":"","meta":{"footnotes":""},"class_list":["post-6908","page","type-page","status-publish","hentry"],"yoast_head":"<!-- This site is optimized with the Yoast SEO plugin v27.4 - https:\/\/yoast.com\/product\/yoast-seo-wordpress\/ -->\n<title>CONDICIONS DE COMPRA - TraxBike<\/title>\n<meta name=\"robots\" content=\"index, follow, max-snippet:-1, max-image-preview:large, max-video-preview:-1\" \/>\n<link rel=\"canonical\" href=\"https:\/\/traxbike.com\/ca\/condicions-de-compra\/\" \/>\n<meta property=\"og:locale\" content=\"ca_ES\" \/>\n<meta property=\"og:type\" content=\"article\" \/>\n<meta property=\"og:title\" content=\"CONDICIONS DE COMPRA - TraxBike\" \/>\n<meta property=\"og:description\" content=\"Condicions d&#8217;enviament La nostra botiga en l\u00ednia utilitza estoc que sempre est\u00e0 disponible a la nostra botiga o magatzem. Per tant, podem garantir els terminis de lliurament. Amb l&#8217;enviament est\u00e0ndard garantim el lliurament en un m\u00e0xim de 4 dies h\u00e0bils. Si trieu el lliurament expr\u00e9s, el lliurament es far\u00e0 en 24\/48 hores. Quan feu la [&hellip;]\" \/>\n<meta property=\"og:url\" content=\"https:\/\/traxbike.com\/ca\/condicions-de-compra\/\" \/>\n<meta property=\"og:site_name\" content=\"TraxBike\" \/>\n<meta property=\"article:modified_time\" content=\"2024-10-14T13:04:52+00:00\" \/>\n<meta name=\"twitter:card\" content=\"summary_large_image\" \/>\n<meta name=\"twitter:label1\" content=\"Temps estimat de lectura\" \/>\n\t<meta name=\"twitter:data1\" content=\"4 minuts\" \/>\n<script type=\"application\/ld+json\" class=\"yoast-schema-graph\">{\"@context\":\"https:\\\/\\\/schema.org\",\"@graph\":[{\"@type\":\"WebPage\",\"@id\":\"https:\\\/\\\/traxbike.com\\\/ca\\\/condicions-de-compra\\\/\",\"url\":\"https:\\\/\\\/traxbike.com\\\/ca\\\/condicions-de-compra\\\/\",\"name\":\"CONDICIONS DE COMPRA - TraxBike\",\"isPartOf\":{\"@id\":\"https:\\\/\\\/traxbike.com\\\/#website\"},\"datePublished\":\"2024-06-14T16:32:20+00:00\",\"dateModified\":\"2024-10-14T13:04:52+00:00\",\"breadcrumb\":{\"@id\":\"https:\\\/\\\/traxbike.com\\\/ca\\\/condicions-de-compra\\\/#breadcrumb\"},\"inLanguage\":\"ca\",\"potentialAction\":[{\"@type\":\"ReadAction\",\"target\":[\"https:\\\/\\\/traxbike.com\\\/ca\\\/condicions-de-compra\\\/\"]}]},{\"@type\":\"BreadcrumbList\",\"@id\":\"https:\\\/\\\/traxbike.com\\\/ca\\\/condicions-de-compra\\\/#breadcrumb\",\"itemListElement\":[{\"@type\":\"ListItem\",\"position\":1,\"name\":\"Portada\",\"item\":\"https:\\\/\\\/traxbike.com\\\/\"},{\"@type\":\"ListItem\",\"position\":2,\"name\":\"CONDICIONS DE COMPRA\"}]},{\"@type\":\"WebSite\",\"@id\":\"https:\\\/\\\/traxbike.com\\\/#website\",\"url\":\"https:\\\/\\\/traxbike.com\\\/\",\"name\":\"TraxBike\",\"description\":\"Experts in bicycle towing systems and family sports\",\"potentialAction\":[{\"@type\":\"SearchAction\",\"target\":{\"@type\":\"EntryPoint\",\"urlTemplate\":\"https:\\\/\\\/traxbike.com\\\/?s={search_term_string}\"},\"query-input\":{\"@type\":\"PropertyValueSpecification\",\"valueRequired\":true,\"valueName\":\"search_term_string\"}}],\"inLanguage\":\"ca\"}]}<\/script>\n<!-- \/ Yoast SEO plugin. -->","yoast_head_json":{"title":"CONDICIONS DE COMPRA - TraxBike","robots":{"index":"index","follow":"follow","max-snippet":"max-snippet:-1","max-image-preview":"max-image-preview:large","max-video-preview":"max-video-preview:-1"},"canonical":"https:\/\/traxbike.com\/ca\/condicions-de-compra\/","og_locale":"ca_ES","og_type":"article","og_title":"CONDICIONS DE COMPRA - TraxBike","og_description":"Condicions d&#8217;enviament La nostra botiga en l\u00ednia utilitza estoc que sempre est\u00e0 disponible a la nostra botiga o magatzem. Per tant, podem garantir els terminis de lliurament. Amb l&#8217;enviament est\u00e0ndard garantim el lliurament en un m\u00e0xim de 4 dies h\u00e0bils. Si trieu el lliurament expr\u00e9s, el lliurament es far\u00e0 en 24\/48 hores. Quan feu la [&hellip;]","og_url":"https:\/\/traxbike.com\/ca\/condicions-de-compra\/","og_site_name":"TraxBike","article_modified_time":"2024-10-14T13:04:52+00:00","twitter_card":"summary_large_image","twitter_misc":{"Temps estimat de lectura":"4 minuts"},"schema":{"@context":"https:\/\/schema.org","@graph":[{"@type":"WebPage","@id":"https:\/\/traxbike.com\/ca\/condicions-de-compra\/","url":"https:\/\/traxbike.com\/ca\/condicions-de-compra\/","name":"CONDICIONS DE COMPRA - TraxBike","isPartOf":{"@id":"https:\/\/traxbike.com\/#website"},"datePublished":"2024-06-14T16:32:20+00:00","dateModified":"2024-10-14T13:04:52+00:00","breadcrumb":{"@id":"https:\/\/traxbike.com\/ca\/condicions-de-compra\/#breadcrumb"},"inLanguage":"ca","potentialAction":[{"@type":"ReadAction","target":["https:\/\/traxbike.com\/ca\/condicions-de-compra\/"]}]},{"@type":"BreadcrumbList","@id":"https:\/\/traxbike.com\/ca\/condicions-de-compra\/#breadcrumb","itemListElement":[{"@type":"ListItem","position":1,"name":"Portada","item":"https:\/\/traxbike.com\/"},{"@type":"ListItem","position":2,"name":"CONDICIONS DE COMPRA"}]},{"@type":"WebSite","@id":"https:\/\/traxbike.com\/#website","url":"https:\/\/traxbike.com\/","name":"TraxBike","description":"Experts in bicycle towing systems and family sports","potentialAction":[{"@type":"SearchAction","target":{"@type":"EntryPoint","urlTemplate":"https:\/\/traxbike.com\/?s={search_term_string}"},"query-input":{"@type":"PropertyValueSpecification","valueRequired":true,"valueName":"search_term_string"}}],"inLanguage":"ca"}]}},"_links":{"self":[{"href":"https:\/\/traxbike.com\/ca\/wp-json\/wp\/v2\/pages\/6908","targetHints":{"allow":["GET"]}}],"collection":[{"href":"https:\/\/traxbike.com\/ca\/wp-json\/wp\/v2\/pages"}],"about":[{"href":"https:\/\/traxbike.com\/ca\/wp-json\/wp\/v2\/types\/page"}],"author":[{"embeddable":true,"href":"https:\/\/traxbike.com\/ca\/wp-json\/wp\/v2\/users\/1"}],"replies":[{"embeddable":true,"href":"https:\/\/traxbike.com\/ca\/wp-json\/wp\/v2\/comments?post=6908"}],"version-history":[{"count":6,"href":"https:\/\/traxbike.com\/ca\/wp-json\/wp\/v2\/pages\/6908\/revisions"}],"predecessor-version":[{"id":7715,"href":"https:\/\/traxbike.com\/ca\/wp-json\/wp\/v2\/pages\/6908\/revisions\/7715"}],"wp:attachment":[{"href":"https:\/\/traxbike.com\/ca\/wp-json\/wp\/v2\/media?parent=6908"}],"curies":[{"name":"wp","href":"https:\/\/api.w.org\/{rel}","templated":true}]}}